{"id":4672,"date":"2023-11-11T14:33:46","date_gmt":"2023-11-11T13:33:46","guid":{"rendered":"https:\/\/vetomshop.hu\/termek\/aqua-medal\/"},"modified":"2023-11-11T14:33:46","modified_gmt":"2023-11-11T13:33:46","slug":"aqua-medal","status":"publish","type":"product","link":"https:\/\/vetomshop.hu\/pl\/produkt\/aqua-medal\/","title":{"rendered":"Aqua Medal"},"content":{"rendered":"<p><strong>Aqua Medal<\/strong> - \u017cyciodajna woda jest \u017cyciodajna, o\u017cywcza, podtrzymuj\u0105ca \u017cycie i aktywuj\u0105ca \u017cycie, przywracaj\u0105ca energi\u0119 \u017cyciow\u0105.<\/p>\n<p>Taki jest w\u0142a\u015bnie cel autonomicznego no\u015bnika informacji AQUA -BioTrEM. Dzi\u0119ki ekskluzywnej technologii BioTrEM, p\u00f3\u0142przewodnik urz\u0105dzenia zawiera zakodowan\u0105 informacj\u0119 o dynamicznym charakterze, kt\u00f3ra pozwala na osi\u0105gni\u0119cie wymienionego efektu. Podobna w\u0142a\u015bciwo\u015b\u0107 wyst\u0119puje w zasobach, kt\u00f3re niestety staj\u0105 si\u0119 coraz rzadsze na Ziemi i w cudowny spos\u00f3b zachowuj\u0105 swoj\u0105 czysto\u015b\u0107.<\/p>\n<div class=\"su-spoiler su-spoiler-style-defoult su-spoiler-icon-caret su-spoiler-closed\" data-scroll-offset=\"0\" data-anchor-in-url=\"no\"><div class=\"su-spoiler-title\" tabindex=\"0\" role=\"button\"><span class=\"su-spoiler-icon\"><\/span>Wszystkie<\/div><div class=\"su-spoiler-content su-u-clearfix su-u-trim\">\n<p>Rozw\u00f3j urz\u0105dzenia by\u0142 konieczny ze wzgl\u0119du na zmieniaj\u0105ce si\u0119 warunki naszych czas\u00f3w. W ostatnich latach sektor zdrowia by\u0142 zaniepokojony wzrostem zachorowalno\u015bci i \u015bmiertelno\u015bci, nie tylko w\u015br\u00f3d dzieci i os\u00f3b starszych, ale tak\u017ce w\u015br\u00f3d os\u00f3b pracuj\u0105cych. Niestety, jeste\u015bmy \u015bwiadkami os\u0142abienia uk\u0142adu odporno\u015bciowego i utraty energii \u017cyciowej, kt\u00f3ra jest niezb\u0119dna do zwalczania chor\u00f3b i rehabilitacji. Innymi s\u0142owy, niezb\u0119dne programy adaptacji do zmienionego \u015brodowiska i samoregeneracji zosta\u0142y uszkodzone lub zreorganizowane. Nasilaj\u0105ce si\u0119 zmiany kosmofizyczne wymagaj\u0105 szybkiej regeneracji i zdolno\u015bci naprawczych uszkodzonych adaptacyjnych i samouzdrawiaj\u0105cych program\u00f3w genetycznych. W przeciwnym razie przetrwanie jednostki, a nawet ca\u0142ej ludzko\u015bci, mo\u017ce by\u0107 zagro\u017cone.<\/p>\n<p>Woda - kolebka \u017cycia, kt\u00f3ra od dawna zachowuje pierwotn\u0105 matryc\u0119 \u017cycia i orientacj\u0119 jego zmian w odpowiedzi na wp\u0142ywy \u015brodowiska. Woda dostosowuje si\u0119 i przekszta\u0142ca szybciej w odpowiedzi na wp\u0142ywy i wymagania \u015brodowiska ni\u017c organizmy biologiczne, \u015brodowisko biologiczne. Otoczka wodna Ziemi zawsze zachowywa\u0142a pierwotne programy samoregeneracji i ich potencja\u0142 do realizacji, kt\u00f3re oddzia\u0142ywa\u0142y z wodnym \u015brodowiskiem organizm\u00f3w, aby zacz\u0105\u0107 dzia\u0142a\u0107. Jednocze\u015bnie ekolodzy zaobserwowali, \u017ce w\u0142a\u015bciwo\u015bci strukturalno-informacyjne naturalnych w\u00f3d, kt\u00f3re zasila\u0142y wodn\u0105 otoczk\u0119 Ziemi, zosta\u0142y naruszone. Uszkodzenie to by\u0142o spowodowane nie tylko zmianami kosmofizycznymi, ale tak\u017ce destrukcyjnymi dzia\u0142aniami gatunku ludzkiego. To w\u0142a\u015bnie zapobiega zachodzeniu istotnych zmian ewolucyjnych, kontynuacji \u017cycia na Ziemi.<\/p>\n<p>Z\u0142o\u017cone wielop\u0142aszczyznowe pole no\u015bnika informacji AQUA zosta\u0142o zaprojektowane jako odniesienie do adaptacji do nowych zmian o wysokiej cz\u0119stotliwo\u015bci w \u015brodowisku i uruchomienia program\u00f3w niezb\u0119dnych do przej\u015bcia przez wod\u0119. Urz\u0105dzenie strukturyzuje pole wody, a woda, rezonuj\u0105c z wodnym medium organizmu (krew, limfa, ch\u0142onka, p\u0142yn mi\u0119dzykom\u00f3rkowy, p\u0142yn w kom\u00f3rkach), strukturyzuje je \u201ena sw\u00f3j obraz\u201d. Gdy tylko wewn\u0119trzna regularno\u015b\u0107 wody wzro\u015bnie powy\u017cej 60%, uruchamiany jest samoregeneruj\u0105cy si\u0119 program genetyczny organizmu.<br \/>\n<\/div><\/div>","protected":false},"excerpt":{"rendered":"<p>Aqua Med\u00e1l \u2013 az \u00e9letalkot\u00f3 v\u00edz \u00e9letet ad, \u00e9l\u00e9nk\u00edt, \u00e9letmeg\u00f3v\u00f3, valamint aktiv\u00e1l\u00f3, \u00e9letenergi\u00e1t vissza\u00e1ll\u00edt\u00f3 hat\u00e1ssal b\u00edr. \u00c9ppen ezt a c\u00e9lt szolg\u00e1lja az AQUA \u2013BioTrEM \u00f6n\u00e1ll\u00f3 inform\u00e1ci\u00f3hordoz\u00f3 alkalmaz\u00e1sa. Az exkluz\u00edv BioTrEM-technol\u00f3gi\u00e1nak k\u00f6sz\u00f6nhet\u0151en a k\u00e9sz\u00fcl\u00e9k f\u00e9lvezet\u0151je olyan k\u00f3dolt inform\u00e1ci\u00f3t tartalmaz, mely dinamikus term\u00e9szettel b\u00edr \u00e9s seg\u00edts\u00e9g\u00e9vel a felsorolt hat\u00e1s el\u00e9rhet\u0151v\u00e9 v\u00e1lik. Hasonl\u00f3 tulajdons\u00e1ggal rendelkeznek a F\u00f6ld\u00f6n sajnos [&hellip;]<\/p>\n","protected":false},"featured_media":4671,"comment_status":"open","ping_status":"closed","template":"","meta":[],"product_brand":[],"product_cat":[33,32],"product_tag":[],"class_list":{"0":"post-4672","1":"product","2":"type-product","3":"status-publish","4":"has-post-thumbnail","6":"product_cat-egeszseg-medalok","7":"product_cat-triomed","9":"first","10":"instock","11":"taxable","12":"shipping-taxable","13":"purchasable","14":"product-type-simple"},"_links":{"self":[{"href":"https:\/\/vetomshop.hu\/pl\/wp-json\/wp\/v2\/product\/4672","targetHints":{"allow":["GET"]}}],"collection":[{"href":"https:\/\/vetomshop.hu\/pl\/wp-json\/wp\/v2\/product"}],"about":[{"href":"https:\/\/vetomshop.hu\/pl\/wp-json\/wp\/v2\/types\/product"}],"replies":[{"embeddable":true,"href":"https:\/\/vetomshop.hu\/pl\/wp-json\/wp\/v2\/comments?post=4672"}],"wp:featuredmedia":[{"embeddable":true,"href":"https:\/\/vetomshop.hu\/pl\/wp-json\/wp\/v2\/media\/4671"}],"wp:attachment":[{"href":"https:\/\/vetomshop.hu\/pl\/wp-json\/wp\/v2\/media?parent=4672"}],"wp:term":[{"taxonomy":"product_brand","embeddable":true,"href":"https:\/\/vetomshop.hu\/pl\/wp-json\/wp\/v2\/product_brand?post=4672"},{"taxonomy":"product_cat","embeddable":true,"href":"https:\/\/vetomshop.hu\/pl\/wp-json\/wp\/v2\/product_cat?post=4672"},{"taxonomy":"product_tag","embeddable":true,"href":"https:\/\/vetomshop.hu\/pl\/wp-json\/wp\/v2\/product_tag?post=4672"}],"curies":[{"name":"wp","href":"https:\/\/api.w.org\/{rel}","templated":true}]}}