{"id":4674,"date":"2023-11-11T14:33:46","date_gmt":"2023-11-11T13:33:46","guid":{"rendered":"https:\/\/vetomshop.hu\/termek\/artro-medal\/"},"modified":"2026-03-30T09:26:16","modified_gmt":"2026-03-30T07:26:16","slug":"artro-medal","status":"publish","type":"product","link":"https:\/\/vetomshop.hu\/pl\/produkt\/artro-medal\/","title":{"rendered":"Wisiorek Artro"},"content":{"rendered":"<p>Zawieszka zdrowotna \u00abARTRO\u00bb to urz\u0105dzenie do biofizycznego dostrajania proces\u00f3w przeciwzapalnych, immunomoduluj\u0105cych, regeneracyjnych i odbudowuj\u0105cych w tkankach uk\u0142adu podporowego i narz\u0105du ruchu.<\/p>\n<p><strong>Cel.<\/strong> \u015arodek wspomagaj\u0105cy popraw\u0119 kondycji uk\u0142adu narz\u0105d\u00f3w podporowych i ruchu, aktywuj\u0105cy procesy regeneracyjne.<\/p>\n<div class=\"su-spoiler su-spoiler-style-defoult su-spoiler-icon-caret su-spoiler-closed\" data-scroll-offset=\"0\" data-anchor-in-url=\"no\"><div class=\"su-spoiler-title\" tabindex=\"0\" role=\"button\"><span class=\"su-spoiler-icon\"><\/span>Wszystkie<\/div><div class=\"su-spoiler-content su-u-clearfix su-u-trim\">\n<strong>Efekty:<\/strong><\/p>\n<ul>\n<li>normalizuje kr\u0105\u017cenie krwi, stan odporno\u015bci i procesy metaboliczne w uk\u0142adzie ruchu, zapobiegaj\u0105c rozwojowi chor\u00f3b;<\/li>\n<li>pomaga poprawi\u0107 funkcje uk\u0142adu narz\u0105d\u00f3w podporowych i ruchu;<\/li>\n<li>zmniejsza stan zapalny i przekrwienie uk\u0142adu mi\u0119\u015bniowo-szkieletowego;<\/li>\n<li>pomaga przyspieszy\u0107 procesy regeneracji i odbudowy tkanek uk\u0142adu narz\u0105d\u00f3w podporowych i ruchu;<\/li>\n<li>pomaga wyeliminowa\u0107 stany zapalne staw\u00f3w, b\u0142on stawowych i torebek stawowych, mi\u0119\u015bni;<\/li>\n<li>pomaga zapobiega\u0107 lub kompensowa\u0107 deformacj\u0119 lub zanik ko\u015bci i kompleksu mi\u0119\u015bniowo-stawowego.<\/li>\n<\/ul>\n<\/div><\/div>","protected":false},"excerpt":{"rendered":"<p>Az \u00abARTRO\u00bb eg\u00e9szs\u00e9g med\u00e1l a t\u00e1maszt\u00e1s \u00e9s mozgat\u00e1s szervrendszer sz\u00f6veteiben l\u00e9v\u0151 gyullad\u00e1selleni, immunmodul\u00e1l\u00f3, regener\u00e1l\u00f3 \u00e9s helyre\u00e1ll\u00edt\u00f3 folyamatok biofizikai finomhangol\u00e1s\u00e1ra szolg\u00e1l\u00f3 eszk\u00f6z. Rendeltet\u00e9se. A t\u00e1maszt\u00e1s \u00e9s mozgat\u00e1s szervrendszer \u00e1llapot\u00e1nak jav\u00edt\u00e1s\u00e1ra, a helyre\u00e1ll\u00edt\u00f3 folyamatok aktiviz\u00e1l\u00e1s\u00e1ra szolg\u00e1l\u00f3 seg\u00e9deszk\u00f6z.<\/p>","protected":false},"featured_media":4673,"comment_status":"open","ping_status":"closed","template":"","meta":[],"product_brand":[],"product_cat":[33,32],"product_tag":[],"class_list":{"0":"post-4674","1":"product","2":"type-product","3":"status-publish","4":"has-post-thumbnail","6":"product_cat-egeszseg-medalok","7":"product_cat-triomed","9":"first","10":"instock","11":"taxable","12":"shipping-taxable","13":"purchasable","14":"product-type-simple"},"_links":{"self":[{"href":"https:\/\/vetomshop.hu\/pl\/wp-json\/wp\/v2\/product\/4674","targetHints":{"allow":["GET"]}}],"collection":[{"href":"https:\/\/vetomshop.hu\/pl\/wp-json\/wp\/v2\/product"}],"about":[{"href":"https:\/\/vetomshop.hu\/pl\/wp-json\/wp\/v2\/types\/product"}],"replies":[{"embeddable":true,"href":"https:\/\/vetomshop.hu\/pl\/wp-json\/wp\/v2\/comments?post=4674"}],"wp:featuredmedia":[{"embeddable":true,"href":"https:\/\/vetomshop.hu\/pl\/wp-json\/wp\/v2\/media\/4673"}],"wp:attachment":[{"href":"https:\/\/vetomshop.hu\/pl\/wp-json\/wp\/v2\/media?parent=4674"}],"wp:term":[{"taxonomy":"product_brand","embeddable":true,"href":"https:\/\/vetomshop.hu\/pl\/wp-json\/wp\/v2\/product_brand?post=4674"},{"taxonomy":"product_cat","embeddable":true,"href":"https:\/\/vetomshop.hu\/pl\/wp-json\/wp\/v2\/product_cat?post=4674"},{"taxonomy":"product_tag","embeddable":true,"href":"https:\/\/vetomshop.hu\/pl\/wp-json\/wp\/v2\/product_tag?post=4674"}],"curies":[{"name":"wp","href":"https:\/\/api.w.org\/{rel}","templated":true}]}}