{"id":4676,"date":"2023-11-11T14:33:47","date_gmt":"2023-11-11T13:33:47","guid":{"rendered":"https:\/\/vetomshop.hu\/termek\/beauty-medal\/"},"modified":"2023-11-11T14:33:47","modified_gmt":"2023-11-11T13:33:47","slug":"beauty-medal","status":"publish","type":"product","link":"https:\/\/vetomshop.hu\/pl\/produkt\/beauty-medal\/","title":{"rendered":"Beauty Pendant"},"content":{"rendered":"<h4>Beauty Pendant<\/h4>\n<p>Dzi\u0119ki technologii BioTrEM mo\u017cliwe jest teraz tworzenie wzoru widmowego o okre\u015blonej naturze na specjalnym krysztale. Gdy dowolne kwanty energii - nawet ciep\u0142a - wchodz\u0105 w kontakt z powierzchni\u0105 kryszta\u0142u, generator emituje niezwykle s\u0142abe sygna\u0142y zapisanego na nim wzoru widmowego. W mi\u0119dzyczasie promieniowanie elektromagnetyczne z wisiorka wchodzi w interakcj\u0119 z \u017cywym organizmem.<\/p>\n<p>G\u0142\u00f3wnym celem Medalu \u201eBEAUTY\u201d jest przywr\u00f3cenie prawid\u0142owych proces\u00f3w fizjologicznych w kom\u00f3rkach i tkankach sk\u00f3ry, zwi\u0119kszaj\u0105c odporno\u015b\u0107 na niekorzystne czynniki \u015brodowiskowe.<\/p>\n<p>Narz\u0119dzie to ma pozytywny wp\u0142yw na sk\u00f3r\u0119 twarzy i cia\u0142a, w\u0142osy i paznokcie.<\/p>\n<div class=\"su-spoiler su-spoiler-style-defoult su-spoiler-icon-caret su-spoiler-closed\" data-scroll-offset=\"0\" data-anchor-in-url=\"no\"><div class=\"su-spoiler-title\" tabindex=\"0\" role=\"button\"><span class=\"su-spoiler-icon\"><\/span>Wszystkie<\/div><div class=\"su-spoiler-content su-u-clearfix su-u-trim\">\nEfekty:<\/p>\n<ul>\n<li>Pomaga przywr\u00f3ci\u0107 uszkodzony metabolizm wewn\u0105trzkom\u00f3rkowy sk\u00f3ry.<\/li>\n<li>Stymuluje naturaln\u0105 produkcj\u0119 kolagenu i elastyny.<\/li>\n<li>Zapobiega os\u0142abieniu tkanek sk\u00f3ry.<\/li>\n<li>Poprawia mikrokr\u0105\u017cenie i elastyczno\u015b\u0107 sk\u00f3ry.<\/li>\n<li>Poprawia i wzmacnia tkank\u0119 sk\u00f3rn\u0105.<\/li>\n<li>Spowalnia starzenie, odm\u0142adza sk\u00f3r\u0119.<\/li>\n<li>Poprawia cer\u0119 i koloryt sk\u00f3ry.<\/li>\n<li>Pomaga wzmocni\u0107 w\u0142osy i paznokcie.<\/li>\n<\/ul>\n<\/div><\/div>","protected":false},"excerpt":{"rendered":"<p>Beauty Med\u00e1l A BioTrEM-technol\u00f3gi\u00e1nak k\u00f6sz\u00f6nhet\u0151en lehets\u00e9gess\u00e9 v\u00e1lt l\u00e9trehozni a speci\u00e1lis krist\u00e1lyon egy adott term\u00e9szet\u0171 spektr\u00e1lis mint\u00e1t. Amikor tetsz\u0151leges energiakvantumok \u2013 ak\u00e1r h\u0151 &#8211; \u00e9rintkezik a krist\u00e1ly fel\u00fclet\u00e9vel, a gener\u00e1tor a rajta r\u00f6gz\u00edtett spektr\u00e1lis minta extr\u00e9m gyenge jeleit bocs\u00e1jtja ki. Ek\u00f6zben a med\u00e1l elektrom\u00e1gneses sug\u00e1rz\u00e1sa k\u00f6lcs\u00f6nhat\u00e1sba ker\u00fcl az \u00e9l\u0151 szervezettel. A &#8222;BEAUTY&#8221; Med\u00e1l f\u0151 c\u00e9lja a [&hellip;]<\/p>\n","protected":false},"featured_media":4675,"comment_status":"open","ping_status":"closed","template":"","meta":[],"product_brand":[],"product_cat":[33,32],"product_tag":[],"class_list":{"0":"post-4676","1":"product","2":"type-product","3":"status-publish","4":"has-post-thumbnail","6":"product_cat-egeszseg-medalok","7":"product_cat-triomed","9":"first","10":"instock","11":"taxable","12":"shipping-taxable","13":"purchasable","14":"product-type-simple"},"_links":{"self":[{"href":"https:\/\/vetomshop.hu\/pl\/wp-json\/wp\/v2\/product\/4676","targetHints":{"allow":["GET"]}}],"collection":[{"href":"https:\/\/vetomshop.hu\/pl\/wp-json\/wp\/v2\/product"}],"about":[{"href":"https:\/\/vetomshop.hu\/pl\/wp-json\/wp\/v2\/types\/product"}],"replies":[{"embeddable":true,"href":"https:\/\/vetomshop.hu\/pl\/wp-json\/wp\/v2\/comments?post=4676"}],"wp:featuredmedia":[{"embeddable":true,"href":"https:\/\/vetomshop.hu\/pl\/wp-json\/wp\/v2\/media\/4675"}],"wp:attachment":[{"href":"https:\/\/vetomshop.hu\/pl\/wp-json\/wp\/v2\/media?parent=4676"}],"wp:term":[{"taxonomy":"product_brand","embeddable":true,"href":"https:\/\/vetomshop.hu\/pl\/wp-json\/wp\/v2\/product_brand?post=4676"},{"taxonomy":"product_cat","embeddable":true,"href":"https:\/\/vetomshop.hu\/pl\/wp-json\/wp\/v2\/product_cat?post=4676"},{"taxonomy":"product_tag","embeddable":true,"href":"https:\/\/vetomshop.hu\/pl\/wp-json\/wp\/v2\/product_tag?post=4676"}],"curies":[{"name":"wp","href":"https:\/\/api.w.org\/{rel}","templated":true}]}}