{"id":4682,"date":"2023-11-11T14:33:48","date_gmt":"2023-11-11T13:33:48","guid":{"rendered":"https:\/\/vetomshop.hu\/termek\/delfin-medal\/"},"modified":"2023-11-11T14:33:48","modified_gmt":"2023-11-11T13:33:48","slug":"delfin-medal","status":"publish","type":"product","link":"https:\/\/vetomshop.hu\/pl\/produkt\/delfin-medal\/","title":{"rendered":"Wisiorek z delfinem"},"content":{"rendered":"<h4>Medal Zdrowia Delfin\u00f3w<\/h4>\n<p><strong>G\u0142\u00f3wna funkcja:<\/strong><\/p>\n<p>Uzupe\u0142niaj\u0105ce narz\u0119dzie harmonizuj\u0105ce system regulacyjny organizmu i wspieraj\u0105ce funkcjonowanie centralnego uk\u0142adu nerwowego.<\/p>\n<p><strong>Obs\u0142ugiwane przez:<\/strong><\/p>\n<ul>\n<li>dzia\u0142anie \u015brodk\u00f3w przeciwb\u00f3lowych,<\/li>\n<li>normalizacja sfery emocjonalnej, pomagaj\u0105ca zmniejszy\u0107 niepok\u00f3j,<\/li>\n<li>procesy my\u015blowe,<\/li>\n<li>umiej\u0119tno\u015bci uczenia si\u0119 i poznawcze, rozw\u00f3j pami\u0119ci,<\/li>\n<li>wzrost odporno\u015bci na stres.<\/li>\n<\/ul>\n<div class=\"su-spoiler su-spoiler-style-defoult su-spoiler-icon-caret su-spoiler-closed\" data-scroll-offset=\"0\" data-anchor-in-url=\"no\"><div class=\"su-spoiler-title\" tabindex=\"0\" role=\"button\"><span class=\"su-spoiler-icon\"><\/span>Wszystkie<\/div><div class=\"su-spoiler-content su-u-clearfix su-u-trim\">\n<p><strong>Kiedy zalecany jest wisiorek Dolphin Health?<\/strong><\/p>\n<p>Delfin ma pozytywny wp\u0142yw na stan funkcjonalny organizmu i mo\u017ce by\u0107 stosowany jako narz\u0119dzie zapobiegawcze i uzupe\u0142niaj\u0105ce inne metody, jako narz\u0119dzie koryguj\u0105ce, aby pom\u00f3c organizmowi optymalnie funkcjonowa\u0107 w nast\u0119puj\u0105cych przypadkach:<\/p>\n<ul>\n<li>organiczne uszkodzenia o\u015brodkowego uk\u0142adu nerwowego, skutkuj\u0105ce upo\u015bledzeniem funkcji poznawczych i\/lub uszkodzeniem sfery emocjonalnej,<\/li>\n<li>zaburzenie czynno\u015bciowe uk\u0142adu nerwowego, kt\u00f3re wi\u0105\u017ce si\u0119 z przeci\u0105\u017ceniem psychicznym, bezsenno\u015bci\u0105, nerwowo\u015bci\u0105, zaburzeniami funkcji poznawczych,<\/li>\n<li>zesp\u00f3\u0142 przewlek\u0142ego stresu (nauka, ekstremalne i niebezpieczne prace, zarz\u0105dzanie itp.).<\/li>\n<\/ul>\n<\/div><\/div>","protected":false},"excerpt":{"rendered":"<p>Delfin Eg\u00e9szs\u00e9g Med\u00e1l F\u0151 funkci\u00f3ja: Kieg\u00e9sz\u00edt\u0151 eszk\u00f6z a szervezet szab\u00e1lyz\u00f3 rendszer\u00e9nek harmoniz\u00e1l\u00e1s\u00e1nak \u00e9s a k\u00f6zponti idegrendszer m\u0171k\u00f6d\u00e9s\u00e9nek t\u00e1mogat\u00e1s\u00e1ra. T\u00e1mogatja: a f\u00e1jdalomcsillap\u00edt\u00f3k hat\u00e1s\u00e1t, az \u00e9rzelmi szf\u00e9ra normaliz\u00e1l\u00e1s\u00e1t, seg\u00edt cs\u00f6kkenteni az izgatotts\u00e1got, a gondolkod\u00e1si folyamatokat, a tanul\u00e1si \u00e9s kognit\u00edv k\u00e9pess\u00e9geket, a mem\u00f3ria fejleszt\u00e9s\u00e9t, a stressz ellen\u00e1ll\u00f3 k\u00e9pess\u00e9g n\u00f6veked\u00e9s\u00e9t.<\/p>","protected":false},"featured_media":4681,"comment_status":"open","ping_status":"closed","template":"","meta":[],"product_brand":[],"product_cat":[33,32],"product_tag":[],"class_list":{"0":"post-4682","1":"product","2":"type-product","3":"status-publish","4":"has-post-thumbnail","6":"product_cat-egeszseg-medalok","7":"product_cat-triomed","9":"first","10":"instock","11":"taxable","12":"shipping-taxable","13":"purchasable","14":"product-type-simple"},"_links":{"self":[{"href":"https:\/\/vetomshop.hu\/pl\/wp-json\/wp\/v2\/product\/4682","targetHints":{"allow":["GET"]}}],"collection":[{"href":"https:\/\/vetomshop.hu\/pl\/wp-json\/wp\/v2\/product"}],"about":[{"href":"https:\/\/vetomshop.hu\/pl\/wp-json\/wp\/v2\/types\/product"}],"replies":[{"embeddable":true,"href":"https:\/\/vetomshop.hu\/pl\/wp-json\/wp\/v2\/comments?post=4682"}],"wp:featuredmedia":[{"embeddable":true,"href":"https:\/\/vetomshop.hu\/pl\/wp-json\/wp\/v2\/media\/4681"}],"wp:attachment":[{"href":"https:\/\/vetomshop.hu\/pl\/wp-json\/wp\/v2\/media?parent=4682"}],"wp:term":[{"taxonomy":"product_brand","embeddable":true,"href":"https:\/\/vetomshop.hu\/pl\/wp-json\/wp\/v2\/product_brand?post=4682"},{"taxonomy":"product_cat","embeddable":true,"href":"https:\/\/vetomshop.hu\/pl\/wp-json\/wp\/v2\/product_cat?post=4682"},{"taxonomy":"product_tag","embeddable":true,"href":"https:\/\/vetomshop.hu\/pl\/wp-json\/wp\/v2\/product_tag?post=4682"}],"curies":[{"name":"wp","href":"https:\/\/api.w.org\/{rel}","templated":true}]}}