{"id":4684,"date":"2023-11-11T14:33:48","date_gmt":"2023-11-11T13:33:48","guid":{"rendered":"https:\/\/vetomshop.hu\/termek\/detox-medal\/"},"modified":"2023-11-11T14:33:48","modified_gmt":"2023-11-11T13:33:48","slug":"detox-medal","status":"publish","type":"product","link":"https:\/\/vetomshop.hu\/pl\/produkt\/detox-medal\/","title":{"rendered":"Medalion Detox"},"content":{"rendered":"<h4>Detox Medal jest przeznaczony dla tych, kt\u00f3rzy chc\u0105 delikatnie zharmonizowa\u0107 swoje cia\u0142o.<\/p>\n<p>Sygna\u0142 spektralny zarejestrowany na Detox Medallion wspomaga bioenergetyczne funkcjonowanie narz\u0105d\u00f3w i uk\u0142ad\u00f3w narz\u0105d\u00f3w.<\/h4>\n<p>Najwi\u0119kszym wrogiem m\u0142odo\u015bci i zdrowia jest cia\u0142o pe\u0142ne odpad\u00f3w. Nasze cia\u0142o jest samoreguluj\u0105cym si\u0119 systemem biologicznym, kt\u00f3rego jedn\u0105 z najwa\u017cniejszych funkcji jest detoksykacja - eliminacja substancji, kt\u00f3rych organizm nie potrzebuje. Jednak natura nie jest przygotowana na tak\u0105 cywilizacj\u0119, tak ogromne ilo\u015bci sztucznych chemikali\u00f3w w \u017cywno\u015bci, wodzie i powietrzu. Zwierz\u0119ta karmione s\u0105 hormonami wzrostu i antybiotykami, kt\u00f3re dostaj\u0105 si\u0119 r\u00f3wnie\u017c do naszych organizm\u00f3w. W tkankach i kom\u00f3rkach gromadz\u0105 si\u0119 metale ci\u0119\u017ckie, azotyny, azotany, substancje radioaktywne, dioksyny, pozosta\u0142o\u015bci lek\u00f3w.<\/p>\n<div class=\"su-spoiler su-spoiler-style-defoult su-spoiler-icon-caret su-spoiler-closed\" data-scroll-offset=\"0\" data-anchor-in-url=\"no\"><div class=\"su-spoiler-title\" tabindex=\"0\" role=\"button\"><span class=\"su-spoiler-icon\"><\/span>Wszystkie<\/div><div class=\"su-spoiler-content su-u-clearfix su-u-trim\">\n<p>Substancje toksyczne mog\u0105 pochodzi\u0107 ze \u017ar\u00f3d\u0142a zewn\u0119trznego, ale mog\u0105 to by\u0107 r\u00f3wnie\u017c toksyny z wewn\u0119trznych proces\u00f3w rozpadu w wyniku problem\u00f3w metabolicznych. Je\u015bli do tego dochodzi siedz\u0105cy tryb \u017cycia, procesy zachodz\u0105ce w organizmie s\u0105 jeszcze bardziej spowolnione.<\/p>\n<p>Wysoki poziom stresu mo\u017ce r\u00f3wnie\u017c wyczerpa\u0107 organy zaanga\u017cowane w detoksykacj\u0119. Na pocz\u0105tku tylko dyskomfort jest oznak\u0105 problemu, ale p\u00f3\u017aniej sytuacja mo\u017ce si\u0119 pogorszy\u0107. Mog\u0105 rozwin\u0105\u0107 si\u0119 przewlek\u0142e choroby, kt\u00f3re mog\u0105 mie\u0107 du\u017cy wp\u0142yw na jako\u015b\u0107 naszego \u017cycia.<br \/>\n<\/div><\/div>","protected":false},"excerpt":{"rendered":"<p>Detox Med\u00e1l azok sz\u00e1m\u00e1ra k\u00e9sz\u00fclt, akik l\u00e1gyan szeretn\u00e9k a szervezet\u00fcket harmoniz\u00e1lni. A spektr\u00e1lis jel, mely a Detox Med\u00e1lon r\u00f6gz\u00edt\u00e9sre ker\u00fclt, t\u00e1mogatja a szervek \u00e9s szervrendszerek bioenergetikai m\u0171k\u00f6d\u00e9s\u00e9t. A fiatals\u00e1g \u00e9s az eg\u00e9szs\u00e9g legnagyobb ellens\u00e9ge a salakanyagokkal tel\u00edtett szervezet. Szervezet\u00fcnk egy \u00f6nszab\u00e1lyoz\u00f3 biol\u00f3giai rendszer, melynek egyik legfontosabb funkci\u00f3ja a m\u00e9regtelen\u00edt\u00e9s \u2013 kivezet\u00e9se azoknak az anyagoknak, melyekre [&hellip;]<\/p>\n","protected":false},"featured_media":4683,"comment_status":"open","ping_status":"closed","template":"","meta":[],"product_brand":[],"product_cat":[33,32],"product_tag":[],"class_list":{"0":"post-4684","1":"product","2":"type-product","3":"status-publish","4":"has-post-thumbnail","6":"product_cat-egeszseg-medalok","7":"product_cat-triomed","9":"first","10":"instock","11":"taxable","12":"shipping-taxable","13":"purchasable","14":"product-type-simple"},"_links":{"self":[{"href":"https:\/\/vetomshop.hu\/pl\/wp-json\/wp\/v2\/product\/4684","targetHints":{"allow":["GET"]}}],"collection":[{"href":"https:\/\/vetomshop.hu\/pl\/wp-json\/wp\/v2\/product"}],"about":[{"href":"https:\/\/vetomshop.hu\/pl\/wp-json\/wp\/v2\/types\/product"}],"replies":[{"embeddable":true,"href":"https:\/\/vetomshop.hu\/pl\/wp-json\/wp\/v2\/comments?post=4684"}],"wp:featuredmedia":[{"embeddable":true,"href":"https:\/\/vetomshop.hu\/pl\/wp-json\/wp\/v2\/media\/4683"}],"wp:attachment":[{"href":"https:\/\/vetomshop.hu\/pl\/wp-json\/wp\/v2\/media?parent=4684"}],"wp:term":[{"taxonomy":"product_brand","embeddable":true,"href":"https:\/\/vetomshop.hu\/pl\/wp-json\/wp\/v2\/product_brand?post=4684"},{"taxonomy":"product_cat","embeddable":true,"href":"https:\/\/vetomshop.hu\/pl\/wp-json\/wp\/v2\/product_cat?post=4684"},{"taxonomy":"product_tag","embeddable":true,"href":"https:\/\/vetomshop.hu\/pl\/wp-json\/wp\/v2\/product_tag?post=4684"}],"curies":[{"name":"wp","href":"https:\/\/api.w.org\/{rel}","templated":true}]}}