{"id":4688,"date":"2023-11-11T14:33:49","date_gmt":"2023-11-11T13:33:49","guid":{"rendered":"https:\/\/vetomshop.hu\/termek\/eros-medal-feriaknak\/"},"modified":"2023-11-11T14:33:49","modified_gmt":"2023-11-11T13:33:49","slug":"eros-medal-feriaknak","status":"publish","type":"product","link":"https:\/\/vetomshop.hu\/pl\/produkt\/eros-medal-feriaknak\/","title":{"rendered":"Wisiorek Eros dla m\u0119\u017cczyzn"},"content":{"rendered":"<p><strong>G\u0142\u00f3wna funkcja:<\/strong><\/p>\n<p>Uzupe\u0142niaj\u0105ce narz\u0119dzie do zapobiegania i leczenia zaburze\u0144 kopulacji, uzupe\u0142niaj\u0105cego leczenia utraty po\u017c\u0105dania seksualnego, zaburze\u0144 emocjonalno-psychologicznych zwi\u0105zanych ze stosunkiem seksualnym, narz\u0119dzie do aktywacji proces\u00f3w regeneracyjnych w uzupe\u0142niaj\u0105cym leczeniu chor\u00f3b wp\u0142ywaj\u0105cych na sfer\u0119 narz\u0105d\u00f3w p\u0142ciowych. Jest zalecany do stosowania w po\u0142\u0105czeniu z terapi\u0105 zalecan\u0105 przez specjalist\u0119 (androloga, seksuologa, endokrynologa).<\/p>\n<p><strong>Obs\u0142ugiwane przez:<\/strong><\/p>\n<ul>\n<li>kr\u0105\u017cenie krwi, uk\u0142ad odporno\u015bciowy i metabolizm, zapobiegaj\u0105c w ten spos\u00f3b rozwojowi chor\u00f3b<\/li>\n<li>wspiera jako\u015bciow\u0105 popraw\u0119 do\u015bwiadcze\u0144 seksualnych,<\/li>\n<li>wspiera procesy regeneracji.<\/li>\n<\/ul>\n<div class=\"su-spoiler su-spoiler-style-defoult su-spoiler-icon-caret su-spoiler-closed\" data-scroll-offset=\"0\" data-anchor-in-url=\"no\"><div class=\"su-spoiler-title\" tabindex=\"0\" role=\"button\"><span class=\"su-spoiler-icon\"><\/span>Wszystkie<\/div><div class=\"su-spoiler-content su-u-clearfix su-u-trim\">\n<p><strong>Kiedy u\u017cywa\u0107 Eros Health Pendant?<\/strong><\/p>\n<p>Urz\u0105dzenie ma pozytywny wp\u0142yw na funkcjonalne funkcjonowanie organizmu i mo\u017ce by\u0107 stosowane jako og\u00f3lna metoda promocji zdrowia, optymalizacji i uzupe\u0142niaj\u0105cej metody korekcyjnej, w po\u0142\u0105czeniu z innymi metodami, w celu uzupe\u0142niaj\u0105cego leczenia i zapobiegania nast\u0119puj\u0105cym problemom:<\/p>\n<ul>\n<li>problemy z erekcj\u0105,<\/li>\n<li>zaburzenia endokrynologiczne wp\u0142ywaj\u0105ce na sfer\u0119 seksualn\u0105 (cukrzyca, niewydolno\u015b\u0107 podwzg\u00f3rza, niewydolno\u015b\u0107 gonad)<\/li>\n<li>zesp\u00f3\u0142 przewlek\u0142ego zm\u0119czenia (CFS)<\/li>\n<li>zesp\u00f3\u0142 metaboliczny<\/li>\n<li>obni\u017cenie poziomu emocjonalnego i nastroju.<\/li>\n<\/ul>\n<\/div><\/div>","protected":false},"excerpt":{"rendered":"<p>F\u0151 funkci\u00f3ja: Kieg\u00e9sz\u00edt\u0151 eszk\u00f6z a kopul\u00e1ci\u00f3s rendelleness\u00e9gek megel\u0151z\u00e9s\u00e9re \u00e9s kezel\u00e9s\u00e9re, a nemi v\u00e1gy cs\u00f6kken\u00e9s\u00e9nek, a szexu\u00e1lis aktussal kapcsolatos \u00e9rzelmi-pszich\u00e9s rendelleness\u00e9gek kieg\u00e9sz\u00edt\u0151 kezel\u00e9s\u00e9re, a regener\u00e1ci\u00f3s folyamatok aktiv\u00e1l\u00e1s\u00e1t seg\u00edt\u0151 eszk\u00f6z a nemi szf\u00e9r\u00e1t \u00e9rint\u0151 betegs\u00e9gek kieg\u00e9sz\u00edt\u0151 kezel\u00e9s\u00e9ben. Aj\u00e1nlott a szakorvos (androl\u00f3gus, szexol\u00f3gus, endokrinol\u00f3gus) \u00e1ltal javasolt ter\u00e1pia melletti alkalmaz\u00e1sa. T\u00e1mogatja: a v\u00e9rkering\u00e9st, az immunrendszer munk\u00e1j\u00e1t, az anyagcser\u00e9t, megel\u0151zve [&hellip;]<\/p>\n","protected":false},"featured_media":4687,"comment_status":"open","ping_status":"closed","template":"","meta":[],"product_brand":[],"product_cat":[33,32],"product_tag":[],"class_list":{"0":"post-4688","1":"product","2":"type-product","3":"status-publish","4":"has-post-thumbnail","6":"product_cat-egeszseg-medalok","7":"product_cat-triomed","9":"first","10":"instock","11":"taxable","12":"shipping-taxable","13":"purchasable","14":"product-type-simple"},"_links":{"self":[{"href":"https:\/\/vetomshop.hu\/pl\/wp-json\/wp\/v2\/product\/4688","targetHints":{"allow":["GET"]}}],"collection":[{"href":"https:\/\/vetomshop.hu\/pl\/wp-json\/wp\/v2\/product"}],"about":[{"href":"https:\/\/vetomshop.hu\/pl\/wp-json\/wp\/v2\/types\/product"}],"replies":[{"embeddable":true,"href":"https:\/\/vetomshop.hu\/pl\/wp-json\/wp\/v2\/comments?post=4688"}],"wp:featuredmedia":[{"embeddable":true,"href":"https:\/\/vetomshop.hu\/pl\/wp-json\/wp\/v2\/media\/4687"}],"wp:attachment":[{"href":"https:\/\/vetomshop.hu\/pl\/wp-json\/wp\/v2\/media?parent=4688"}],"wp:term":[{"taxonomy":"product_brand","embeddable":true,"href":"https:\/\/vetomshop.hu\/pl\/wp-json\/wp\/v2\/product_brand?post=4688"},{"taxonomy":"product_cat","embeddable":true,"href":"https:\/\/vetomshop.hu\/pl\/wp-json\/wp\/v2\/product_cat?post=4688"},{"taxonomy":"product_tag","embeddable":true,"href":"https:\/\/vetomshop.hu\/pl\/wp-json\/wp\/v2\/product_tag?post=4688"}],"curies":[{"name":"wp","href":"https:\/\/api.w.org\/{rel}","templated":true}]}}