{"id":4690,"date":"2023-11-11T14:33:49","date_gmt":"2023-11-11T13:33:49","guid":{"rendered":"https:\/\/vetomshop.hu\/termek\/elast-medal\/"},"modified":"2023-11-11T14:33:49","modified_gmt":"2023-11-11T13:33:49","slug":"elast-medal","status":"publish","type":"product","link":"https:\/\/vetomshop.hu\/pl\/produkt\/elast-medal\/","title":{"rendered":"Elast Medal"},"content":{"rendered":"<p>Uzupe\u0142niaj\u0105ce narz\u0119dzie do zapobiegania i leczenia chor\u00f3b wi\u0119zade\u0142, aktywacji proces\u00f3w regeneracyjnych i uzupe\u0142niaj\u0105cego leczenia przewlek\u0142ych chor\u00f3b wi\u0119zade\u0142.<\/p>\n<p>Dzia\u0142anie \u201eELAST\u201d Medal ma na celu przywr\u00f3cenie prawid\u0142owych proces\u00f3w metabolicznych w kom\u00f3rkach i tkankach wi\u0119zade\u0142, spowalniaj\u0105c proces starzenia.<\/p>\n<p>Narz\u0119dzie to ma pozytywny wp\u0142yw na stan funkcji organizmu i mo\u017ce by\u0107 stosowane w po\u0142\u0105czeniu z innymi metodami jako narz\u0119dzie do optymalizacji i korekty:<\/p>\n<ul>\n<li>zwi\u0119ksza elastyczno\u015b\u0107 wi\u0119zade\u0142 i zwi\u0119ksza amplitud\u0119 ruchu staw\u00f3w w odpowiedzi na zmiany zwi\u0105zane z wiekiem<\/li>\n<li>zmniejsza prawdopodobie\u0144stwo uraz\u00f3w \u015bci\u0119gien i wi\u0119zade\u0142<\/li>\n<li>skr\u00f3cenie czasu gojenia po uszkodzeniu wi\u0119zade\u0142 (skr\u0119cenia, naderwania)<\/li>\n<li>spowolnienie zwi\u0105zanych z wiekiem zmian w stawach<\/li>\n<li>wzmocnienie wi\u0119zade\u0142 narz\u0105d\u00f3w wewn\u0119trznych, zapobieganie ich wypadaniu (macica, jelita, nerki, \u017co\u0142\u0105dek)<\/li>\n<\/ul>\n<div class=\"su-spoiler su-spoiler-style-defoult su-spoiler-icon-caret su-spoiler-closed\" data-scroll-offset=\"0\" data-anchor-in-url=\"no\"><div class=\"su-spoiler-title\" tabindex=\"0\" role=\"button\"><span class=\"su-spoiler-icon\"><\/span>Wszystkie<\/div><div class=\"su-spoiler-content su-u-clearfix su-u-trim\">\n<strong>Efekty:<\/strong><\/p>\n<ul>\n<li>naprawa proces\u00f3w metabolicznych w tkankach \u0142\u0105cznych staw\u00f3w i narz\u0105d\u00f3w wewn\u0119trznych, w tym przykurcz Dupuytrena (przykurcz: skr\u00f3cenie \u015bci\u0119gien i\/lub mi\u0119\u015bni, skurcz powoduj\u0105cy deformacj\u0119 i\/lub ograniczenie)<\/li>\n<li>spowolnienie zwi\u0105zanych z wiekiem zmian w uk\u0142adzie mi\u0119\u015bniowo-szkieletowym<\/li>\n<li>poprawia elastyczno\u015b\u0107 mi\u0119\u015bni i wi\u0119zade\u0142<\/li>\n<li>przyspiesza regeneracj\u0119 po urazach i zabiegach chirurgicznych, zapobiegaj\u0105c powstawaniu szorstkich blizn.<\/li>\n<\/ul>\n<\/div><\/div>","protected":false},"excerpt":{"rendered":"<p>Kieg\u00e9sz\u00edt\u0151 eszk\u00f6z a ligamentum betegs\u00e9geinek megel\u0151z\u00e9s\u00e9re \u00e9s kezel\u00e9s\u00e9re, regener\u00e1ci\u00f3s folyamatok aktiv\u00e1l\u00e1s\u00e1ra \u00e9s a ligamentum kr\u00f3nikus betegs\u00e9geinek kieg\u00e9sz\u00edt\u0151 kezel\u00e9s\u00e9re. A &#8222;ELAST&#8221; Med\u00e1l hat\u00e1sa a norm\u00e1lis anyagcsere-folyamatok helyre\u00e1ll\u00edt\u00e1s\u00e1ra ir\u00e1nyul a ligamentumok sejtjeiben \u00e9s sz\u00f6veteiben, lass\u00edtva az \u00f6reged\u00e9si folyamatokat is. Ez az eszk\u00f6z pozit\u00edv hat\u00e1ssal van a testfunkci\u00f3k \u00e1llapot\u00e1ra, az optimaliz\u00e1l\u00e1s \u00e9s korrekci\u00f3 eszk\u00f6zek\u00e9nt haszn\u00e1lhat\u00f3 egy\u00e9b m\u00f3dszerekkel is [&hellip;]<\/p>\n","protected":false},"featured_media":4689,"comment_status":"open","ping_status":"closed","template":"","meta":[],"product_brand":[],"product_cat":[33,32],"product_tag":[],"class_list":{"0":"post-4690","1":"product","2":"type-product","3":"status-publish","4":"has-post-thumbnail","6":"product_cat-egeszseg-medalok","7":"product_cat-triomed","9":"first","10":"instock","11":"taxable","12":"shipping-taxable","13":"purchasable","14":"product-type-simple"},"_links":{"self":[{"href":"https:\/\/vetomshop.hu\/pl\/wp-json\/wp\/v2\/product\/4690","targetHints":{"allow":["GET"]}}],"collection":[{"href":"https:\/\/vetomshop.hu\/pl\/wp-json\/wp\/v2\/product"}],"about":[{"href":"https:\/\/vetomshop.hu\/pl\/wp-json\/wp\/v2\/types\/product"}],"replies":[{"embeddable":true,"href":"https:\/\/vetomshop.hu\/pl\/wp-json\/wp\/v2\/comments?post=4690"}],"wp:featuredmedia":[{"embeddable":true,"href":"https:\/\/vetomshop.hu\/pl\/wp-json\/wp\/v2\/media\/4689"}],"wp:attachment":[{"href":"https:\/\/vetomshop.hu\/pl\/wp-json\/wp\/v2\/media?parent=4690"}],"wp:term":[{"taxonomy":"product_brand","embeddable":true,"href":"https:\/\/vetomshop.hu\/pl\/wp-json\/wp\/v2\/product_brand?post=4690"},{"taxonomy":"product_cat","embeddable":true,"href":"https:\/\/vetomshop.hu\/pl\/wp-json\/wp\/v2\/product_cat?post=4690"},{"taxonomy":"product_tag","embeddable":true,"href":"https:\/\/vetomshop.hu\/pl\/wp-json\/wp\/v2\/product_tag?post=4690"}],"curies":[{"name":"wp","href":"https:\/\/api.w.org\/{rel}","templated":true}]}}