{"id":4708,"date":"2023-11-11T14:33:53","date_gmt":"2023-11-11T13:33:53","guid":{"rendered":"https:\/\/vetomshop.hu\/termek\/omega-medal\/"},"modified":"2023-11-11T14:33:53","modified_gmt":"2023-11-11T13:33:53","slug":"omega-medal","status":"publish","type":"product","link":"https:\/\/vetomshop.hu\/pl\/produkt\/omega-medal\/","title":{"rendered":"Medal Omega"},"content":{"rendered":"<h4>Medal Omega<\/h4>\n<p>Codzienne stosowanie medali Triomed mo\u017ce pom\u00f3c w osi\u0105gni\u0119ciu d\u0142ugiego, szcz\u0119\u015bliwego i zdrowego \u017cycia. Delikatnie harmonizuj\u0105 cia\u0142o i mog\u0105 przyczyni\u0107 si\u0119 do korekty informacji energetycznych.<\/p>\n<p>Dla kogo jest zalecany?<\/p>\n<p>Dla wszystkich, kt\u00f3rzy cierpi\u0105 na wysokie ci\u015bnienie krwi, problemy z kr\u0105\u017ceniem.<\/p>\n<p><strong>Wa\u017cne ostrze\u017cenie:<\/strong><\/p>\n<p>W przypadku chor\u00f3b uk\u0142adu sercowo-naczyniowego nale\u017cy zawsze skonsultowa\u0107 si\u0119 z lekarzem. Opr\u00f3cz leczenia zaleconego przez lekarza mo\u017cna r\u00f3wnie\u017c stosowa\u0107 Triomed Omega Medal w celu wspomagania gojenia i przyspieszenia procesu regeneracji.<\/p>\n<p>Dzieci poni\u017cej 6 roku \u017cycia powinny korzysta\u0107 z urz\u0105dzenia wy\u0142\u0105cznie pod nadzorem rodzic\u00f3w!<\/p>\n<p>Triomed Pendants s\u0105 wodoodporne i mog\u0105 by\u0107 umieszczane w wodzie.<\/p>\n<p>Wszystkie medale Triomed przechodz\u0105 specjalny test spektralny - fotometryczny - przed wprowadzeniem do sprzeda\u017cy, co zapewnia jako\u015b\u0107 i sp\u00f3jno\u015b\u0107 sygna\u0142\u00f3w.<\/p>","protected":false},"excerpt":{"rendered":"<p>Omega Med\u00e1l A Triomed Med\u00e1lok napi szinten t\u00f6rt\u00e9n\u0151 alkalmaz\u00e1sa t\u00e1mogathatja a hossz\u00fa, boldog, eg\u00e9szs\u00e9ges \u00e9let el\u00e9r\u00e9s\u00e9t. L\u00e1gyan harmoniz\u00e1lj\u00e1k a szervezetet, hozz\u00e1j\u00e1rulhatnak az energia-inform\u00e1ci\u00f3s korrekci\u00f3hoz. Kiknek aj\u00e1nljuk? Mindazoknak, akik magas v\u00e9rnyom\u00e1st\u00f3l, kering\u00e9si probl\u00e9m\u00e1kt\u00f3l szenvednek. Fontos figyelmeztet\u00e9s: A sz\u00edv-\u00e9s \u00e9rrendszer megbeteged\u00e9sein\u00e9l mindig forduljon orvoshoz. Az orvos \u00e1ltal el\u0151\u00edrt kezel\u00e9s mellett p\u00e1rhuzamosan alkalmazhatja a Triomed Omega Med\u00e1lt a [&hellip;]<\/p>\n","protected":false},"featured_media":4707,"comment_status":"open","ping_status":"closed","template":"","meta":[],"product_brand":[],"product_cat":[33,32],"product_tag":[],"class_list":{"0":"post-4708","1":"product","2":"type-product","3":"status-publish","4":"has-post-thumbnail","6":"product_cat-egeszseg-medalok","7":"product_cat-triomed","9":"first","10":"instock","11":"taxable","12":"shipping-taxable","13":"purchasable","14":"product-type-simple"},"_links":{"self":[{"href":"https:\/\/vetomshop.hu\/pl\/wp-json\/wp\/v2\/product\/4708","targetHints":{"allow":["GET"]}}],"collection":[{"href":"https:\/\/vetomshop.hu\/pl\/wp-json\/wp\/v2\/product"}],"about":[{"href":"https:\/\/vetomshop.hu\/pl\/wp-json\/wp\/v2\/types\/product"}],"replies":[{"embeddable":true,"href":"https:\/\/vetomshop.hu\/pl\/wp-json\/wp\/v2\/comments?post=4708"}],"wp:featuredmedia":[{"embeddable":true,"href":"https:\/\/vetomshop.hu\/pl\/wp-json\/wp\/v2\/media\/4707"}],"wp:attachment":[{"href":"https:\/\/vetomshop.hu\/pl\/wp-json\/wp\/v2\/media?parent=4708"}],"wp:term":[{"taxonomy":"product_brand","embeddable":true,"href":"https:\/\/vetomshop.hu\/pl\/wp-json\/wp\/v2\/product_brand?post=4708"},{"taxonomy":"product_cat","embeddable":true,"href":"https:\/\/vetomshop.hu\/pl\/wp-json\/wp\/v2\/product_cat?post=4708"},{"taxonomy":"product_tag","embeddable":true,"href":"https:\/\/vetomshop.hu\/pl\/wp-json\/wp\/v2\/product_tag?post=4708"}],"curies":[{"name":"wp","href":"https:\/\/api.w.org\/{rel}","templated":true}]}}