{"id":4710,"date":"2023-11-11T14:33:53","date_gmt":"2023-11-11T13:33:53","guid":{"rendered":"https:\/\/vetomshop.hu\/termek\/prunus-cerasus-meggy-medal\/"},"modified":"2023-11-11T14:33:53","modified_gmt":"2023-11-11T13:33:53","slug":"prunus-cerasus-meggy-medal","status":"publish","type":"product","link":"https:\/\/vetomshop.hu\/pl\/produkt\/prunus-cerasus-meggy-medal\/","title":{"rendered":"Prunus cerasus - Meggy Pendant"},"content":{"rendered":"<h4>Prunus cerasus - Meggy Medal-Streptococcus, Staphylococcus do dodatkowego leczenia infekcji<\/h4>\n<p>Streptococcus pyogenes, znany r\u00f3wnie\u017c jako paciorkowiec typu A, jest niezwykle powszechn\u0105 bakteri\u0105: prawie nikt nigdy nie mia\u0142 b\u00f3lu gard\u0142a bez tej przewa\u017cnie nieszkodliwej bakterii, kt\u00f3ra osiada w gardle. Ale ta sama bakteria zamieszkuj\u0105ca gard\u0142o jest r\u00f3wnie\u017c przyczyn\u0105 szkarlatyny, choroby wieku dzieci\u0119cego z gor\u0105czk\u0105 i wysypk\u0105 na ca\u0142ym ciele, poprzez jej toksyny wydzielane do krwiobiegu. W rzeczywisto\u015bci przed\u0142u\u017caj\u0105ce si\u0119 nieleczone infekcje paciorkowcami mog\u0105 prowadzi\u0107 do gor\u0105czki reumatycznej, powa\u017cnej choroby atakuj\u0105cej stawy i serce.<\/p>\n<p>Staphylococcus aureus jest podobnie powszechn\u0105 bakteri\u0105 wyst\u0119puj\u0105c\u0105 na prawie ca\u0142ej naszej sk\u00f3rze i jest jednym z czynnik\u00f3w wywo\u0142uj\u0105cych tr\u0105dzik krostkowy i krosty. Podczas gdy te zmiany sk\u00f3rne mog\u0105 by\u0107 uwa\u017cane za co najwy\u017cej nieprzyjemne, uporczywe choroby sk\u00f3ry, szczeg\u00f3lnie u dzieci, takie jak czyraki lub ropnie na r\u00f3\u017cnych cz\u0119\u015bciach cia\u0142a, mog\u0105 powodowa\u0107 powa\u017cne problemy, nie wspominaj\u0105c o powa\u017cnych i potencjalnie \u015bmiertelnych infekcjach, takich jak zapalenie p\u0142uc, zapalenie opon m\u00f3zgowych, zapalenie ko\u015bci i szpiku lub zapalenie osierdzia. Gronkowce, kt\u00f3re w wi\u0119kszo\u015bci kolonizuj\u0105 nasz\u0105 sk\u00f3r\u0119, mog\u0105 powodowa\u0107 wszystkie te infekcje, je\u015bli tylko damy im szans\u0119.<\/p>\n<div class=\"su-spoiler su-spoiler-style-defoult su-spoiler-icon-caret su-spoiler-closed\" data-scroll-offset=\"0\" data-anchor-in-url=\"no\"><div class=\"su-spoiler-title\" tabindex=\"0\" role=\"button\"><span class=\"su-spoiler-icon\"><\/span>Wszystkie<\/div><div class=\"su-spoiler-content su-u-clearfix su-u-trim\">\n<h5>Co mog\u0105 powodowa\u0107 codzienne mikroby w niew\u0142a\u015bciwym miejscu?<\/h5>\n<p>Lekcja jest taka, \u017ce pozornie nieszkodliwa bakteria jest wzgl\u0119dnie nieszkodliwa tylko do momentu, gdy znajdzie si\u0119 w miejscu, w kt\u00f3rym nie ma prawa bytu: szczeg\u00f3lnie w g\u0142\u0119bokich tkankach i w innych miejscach.<br \/>\ndo krwiobiegu. Na przyk\u0142ad, je\u015bli paciorkowce lub gronkowce dotr\u0105 do tkanek podsk\u00f3rnych przez uszkodzenie, mog\u0105 rozprzestrzenia\u0107 si\u0119 niezwykle szybko i destrukcyjnie wzd\u0142u\u017c powi\u0119zi tkanki \u0142\u0105cznej, kt\u00f3ra otacza mi\u0119\u015bnie i nerwy - potocznie znane jako \u201ezjadaj\u0105ce cia\u0142o\u201d. Wystarczy uk\u0142ucie ig\u0142\u0105, ugryzienie owada, siniak, aby przedosta\u0142y si\u0119 przez sk\u00f3r\u0119 - nie musi to by\u0107 katastrofa, wystarczy ledwo widoczna rana. Istnieje zwi\u0119kszone ryzyko, je\u015bli sk\u00f3ra jest ju\u017c zraniona - na przyk\u0142ad po operacji, ostrej wysypce spowodowanej infekcj\u0105 wirusow\u0105 lub jako powik\u0142anie cukrzycy - lub je\u015bli uk\u0142ad odporno\u015bciowy jest os\u0142abiony.<\/p>\n<h5>\u201eCzy bakteria \u017cywi\u0105ca si\u0119 mi\u0119sem \u201dje mi\u0119so\"?<\/h5>\n<p>\u201eMi\u0119so\u017cerne bakterie\u201d nie stanowi\u0105 przera\u017caj\u0105cej i egzotycznej grupy patogen\u00f3w: w wi\u0119kszo\u015bci przypadk\u00f3w zwyk\u0142e mikroby, umieszczone w niew\u0142a\u015bciwym miejscu, s\u0105 przyczyn\u0105 powa\u017cnych chor\u00f3b.<br \/>\nproces obejmuj\u0105cy niszczenie tkanek, kt\u00f3ry bezpo\u015brednio zagra\u017ca \u017cyciu.<\/p>\n<h5>Jak dzia\u0142a ten proces?<\/h5>\n<p>\u201eInfekcja po\u017ceraj\u0105ca cia\u0142o\u201d, formalnie znana jako martwicze zapalenie powi\u0119zi (martwicze zapalenie powi\u0119zi), zaczyna si\u0119 od kilku charakterystycznych objaw\u00f3w: obrz\u0119ku, zaczerwienienia, b\u00f3lu i ewentualnie p\u0119cherzy w dotkni\u0119tym obszarze. Poniewa\u017c proces ten jest g\u0142\u0119boko zakorzeniony, do czasu powstania fioletowo odbarwionych obszar\u00f3w sk\u00f3ry, krwawych p\u0119cherzy, dochodzi ju\u017c do masowego zniszczenia podsk\u00f3rnych tkanek mi\u0119kkich.<\/p>\n<\/div><\/div>","protected":false},"excerpt":{"rendered":"<p>Prunus cerasus \u2013 Meggy Med\u00e1l-Streptococcus, Staphylococcus fert\u0151z\u00e9sek kieg\u00e9sz\u00edt\u0151 kezel\u00e9s\u00e9re A Streptococcus pyogenes, m\u00e1s nev\u00e9n az A-t\u00edpus\u00fa sztreptokokkusz rendk\u00edv\u00fcl k\u00f6z\u00f6ns\u00e9ges bakt\u00e9rium: aligha akad, akinek ne okozott volna m\u00e9g torokf\u00e1j\u00e1st ez a garatban megteleped\u0151, jobb\u00e1ra \u00e1rtalmatlan k\u00f3rokoz\u00f3. \u00c1m ugyanez a toroklak\u00f3 bakt\u00e9rium &#8211; a v\u00e9r\u00e1ramba kiv\u00e1lasztott m\u00e9reganyagai r\u00e9v\u00e9n &#8211; a skarl\u00e1t, a l\u00e1zzal \u00e9s a teljes testet [&hellip;]<\/p>\n","protected":false},"featured_media":4709,"comment_status":"open","ping_status":"closed","template":"","meta":[],"product_brand":[],"product_cat":[33,32],"product_tag":[],"class_list":{"0":"post-4710","1":"product","2":"type-product","3":"status-publish","4":"has-post-thumbnail","6":"product_cat-egeszseg-medalok","7":"product_cat-triomed","9":"first","10":"instock","11":"taxable","12":"shipping-taxable","13":"purchasable","14":"product-type-simple"},"_links":{"self":[{"href":"https:\/\/vetomshop.hu\/pl\/wp-json\/wp\/v2\/product\/4710","targetHints":{"allow":["GET"]}}],"collection":[{"href":"https:\/\/vetomshop.hu\/pl\/wp-json\/wp\/v2\/product"}],"about":[{"href":"https:\/\/vetomshop.hu\/pl\/wp-json\/wp\/v2\/types\/product"}],"replies":[{"embeddable":true,"href":"https:\/\/vetomshop.hu\/pl\/wp-json\/wp\/v2\/comments?post=4710"}],"wp:featuredmedia":[{"embeddable":true,"href":"https:\/\/vetomshop.hu\/pl\/wp-json\/wp\/v2\/media\/4709"}],"wp:attachment":[{"href":"https:\/\/vetomshop.hu\/pl\/wp-json\/wp\/v2\/media?parent=4710"}],"wp:term":[{"taxonomy":"product_brand","embeddable":true,"href":"https:\/\/vetomshop.hu\/pl\/wp-json\/wp\/v2\/product_brand?post=4710"},{"taxonomy":"product_cat","embeddable":true,"href":"https:\/\/vetomshop.hu\/pl\/wp-json\/wp\/v2\/product_cat?post=4710"},{"taxonomy":"product_tag","embeddable":true,"href":"https:\/\/vetomshop.hu\/pl\/wp-json\/wp\/v2\/product_tag?post=4710"}],"curies":[{"name":"wp","href":"https:\/\/api.w.org\/{rel}","templated":true}]}}