{"id":4712,"date":"2023-11-11T14:33:54","date_gmt":"2023-11-11T13:33:54","guid":{"rendered":"https:\/\/vetomshop.hu\/termek\/biotrem-active\/"},"modified":"2023-11-11T14:33:54","modified_gmt":"2023-11-11T13:33:54","slug":"biotrem-active","status":"publish","type":"product","link":"https:\/\/vetomshop.hu\/pl\/produkt\/biotrem-active\/","title":{"rendered":"BioTrEM aktywny"},"content":{"rendered":"<p>\u0410 <strong>\u201eBioTrEM ACTIVE\u201d<\/strong> Urz\u0105dzenie do terapii EMF-IK Model 1 (zwane dalej urz\u0105dzeniem) jest przeno\u015bnym urz\u0105dzeniem do fizjoterapii i refleksoterapii przeznaczonym do zapobiegania chorobom staw\u00f3w, leczenia i rehabilitacji pacjent\u00f3w cierpi\u0105cych na schorzenia uk\u0142adu mi\u0119\u015bniowo-szkieletowego poprzez zastosowanie p\u00f3l elektromagnetycznych o niskiej intensywno\u015bci w zakresie ekstremalnie wysokich cz\u0119stotliwo\u015bci do cz\u0119\u015bci powierzchni ludzkiej sk\u00f3ry.<\/p>\n<p>Urz\u0105dzenie \u0410 mo\u017ce by\u0107 stosowane w z\u0142o\u017conych programach profilaktycznych i leczniczych w celu przywr\u00f3cenia normalnych proces\u00f3w fizjologicznych w kom\u00f3rkach i tkankach uk\u0142adu narz\u0105d\u00f3w podporowych i ruchu w przypadku chor\u00f3b uk\u0142adu narz\u0105d\u00f3w podporowych i ruchu, w celu zmniejszenia b\u00f3lu i poprawy funkcji podporowych i ruchowych.<\/p>\n<div class=\"su-spoiler su-spoiler-style-defoult su-spoiler-icon-caret su-spoiler-closed\" data-scroll-offset=\"0\" data-anchor-in-url=\"no\"><div class=\"su-spoiler-title\" tabindex=\"0\" role=\"button\"><span class=\"su-spoiler-icon\"><\/span>Wszystkie<\/div><div class=\"su-spoiler-content su-u-clearfix su-u-trim\">\n<p>Efekty korzystania z urz\u0105dzenia:<\/p>\n<ul>\n<li>normalizuje kr\u0105\u017cenie krwi, stan odporno\u015bci i procesy metaboliczne w narz\u0105dach\/uk\u0142adach ruchu, zapobiegaj\u0105c rozwojowi chor\u00f3b;<\/li>\n<li>pomaga poprawi\u0107 funkcje wsparcia i mobilno\u015bci;<\/li>\n<li>zmniejsza objawy zapalenia i przekrwienia narz\u0105d\u00f3w ruchu;<\/li>\n<li>pomaga przyspieszy\u0107 procesy regeneracji i naprawy tkanek uk\u0142adu podporowego i narz\u0105d\u00f3w ruchu;<\/li>\n<li>pomaga wyeliminowa\u0107 stany zapalne staw\u00f3w, b\u0142on stawowych i \u201ework\u00f3w\u201d stawowych, mi\u0119\u015bni,<\/li>\n<li>pomaga wyeliminowa\u0107 lub zrekompensowa\u0107 deformacj\u0119 i atrofi\u0119 ko\u015bci, wi\u0119zade\u0142 i kompleksu mi\u0119\u015bniowo-stawowego.<\/li>\n<\/ul>\n<\/div><\/div>","protected":false},"excerpt":{"rendered":"<p>\u0410 \u201eBioTrEM ACTIVE\u201d modell EMF-IK ter\u00e1pi\u00e1s k\u00e9sz\u00fcl\u00e9k (a tov\u00e1bbiakban k\u00e9sz\u00fcl\u00e9k) egy hordozhat\u00f3 fizikoter\u00e1pi\u00e1s \u00e9s reflexter\u00e1pi\u00e1s eszk\u00f6z, amelynek rendeltet\u00e9se az \u00edz\u00fcleti megbeteged\u00e9sek megel\u0151z\u00e9s\u00e9re, a t\u00e1maszt\u00e1s \u00e9s mozg\u00e1s szervrendszeri betegs\u00e9gekben szenved\u0151 p\u00e1ciensek kezel\u00e9se \u00e9s rehabilit\u00e1ci\u00f3ja az ember b\u0151rfel\u00fclet\u00e9nek r\u00e9szeire ir\u00e1nyul\u00f3 extr\u00e9m magas frekvenci\u00e1s tartom\u00e1nyban m\u0171k\u00f6d\u0151 alacsonyintenzit\u00e1s\u00fa elektrom\u00e1gneses r\u00e1hat\u00e1s r\u00e9v\u00e9n. \u0410 k\u00e9sz\u00fcl\u00e9k komplex megel\u0151z\u0151 \u00e9s gy\u00f3gyul\u00e1st el\u0151seg\u00edt\u0151 programokban [&hellip;]<\/p>\n","protected":false},"featured_media":4711,"comment_status":"open","ping_status":"closed","template":"","meta":[],"product_brand":[],"product_cat":[34,32],"product_tag":[],"class_list":{"0":"post-4712","1":"product","2":"type-product","3":"status-publish","4":"has-post-thumbnail","6":"product_cat-keszulekek","7":"product_cat-triomed","9":"first","10":"instock","11":"taxable","12":"shipping-taxable","13":"purchasable","14":"product-type-simple"},"_links":{"self":[{"href":"https:\/\/vetomshop.hu\/pl\/wp-json\/wp\/v2\/product\/4712","targetHints":{"allow":["GET"]}}],"collection":[{"href":"https:\/\/vetomshop.hu\/pl\/wp-json\/wp\/v2\/product"}],"about":[{"href":"https:\/\/vetomshop.hu\/pl\/wp-json\/wp\/v2\/types\/product"}],"replies":[{"embeddable":true,"href":"https:\/\/vetomshop.hu\/pl\/wp-json\/wp\/v2\/comments?post=4712"}],"wp:featuredmedia":[{"embeddable":true,"href":"https:\/\/vetomshop.hu\/pl\/wp-json\/wp\/v2\/media\/4711"}],"wp:attachment":[{"href":"https:\/\/vetomshop.hu\/pl\/wp-json\/wp\/v2\/media?parent=4712"}],"wp:term":[{"taxonomy":"product_brand","embeddable":true,"href":"https:\/\/vetomshop.hu\/pl\/wp-json\/wp\/v2\/product_brand?post=4712"},{"taxonomy":"product_cat","embeddable":true,"href":"https:\/\/vetomshop.hu\/pl\/wp-json\/wp\/v2\/product_cat?post=4712"},{"taxonomy":"product_tag","embeddable":true,"href":"https:\/\/vetomshop.hu\/pl\/wp-json\/wp\/v2\/product_tag?post=4712"}],"curies":[{"name":"wp","href":"https:\/\/api.w.org\/{rel}","templated":true}]}}