{"id":4718,"date":"2023-11-11T14:33:56","date_gmt":"2023-11-11T13:33:56","guid":{"rendered":"https:\/\/vetomshop.hu\/termek\/antidiabetikus-jelado\/"},"modified":"2023-11-11T14:33:56","modified_gmt":"2023-11-11T13:33:56","slug":"antidiabetikus-jelado","status":"publish","type":"product","link":"https:\/\/vetomshop.hu\/pl\/produkt\/antidiabetikus-jelado\/","title":{"rendered":"Sygnalizator przeciwcukrzycowy"},"content":{"rendered":"<h4>Ch\u0142odnica przeciwcukrzycowa \u21167.<\/h4>\n<p>Czas pracy: 13 minut.<\/p>\n<p>Jego cz\u0119stotliwo\u015b\u0107 odpowiada cz\u0119stotliwo\u015bci p\u00f3l receptorowych w kom\u00f3rkach trzustki i tkankach zale\u017cnych od insuliny.<\/p>\n<p>Mo\u017ce by\u0107 stosowany w kompleksowych programach zapobiegania cukrzycy i leczenia cukrzycy typu I i II w celu zapobiegania rozwojowi powik\u0142a\u0144.<\/p>\n<ul>\n<li>Wspomaga optymalizacj\u0119 proces\u00f3w metabolicznych (w\u0119glowodany, lipidy, bia\u0142ka, minera\u0142y).<\/li>\n<li>Poprawia metabolizm (procesy metaboliczne) w kom\u00f3rkach trzustki.<\/li>\n<li>Optymalizuje produkcj\u0119 insuliny przez kom\u00f3rki trzustki.<\/li>\n<li>Zwi\u0119ksza wra\u017cliwo\u015b\u0107 tkanek na insulin\u0119.<\/li>\n<li>Poprawia stan receptor\u00f3w kom\u00f3rek w tkankach zale\u017cnych od insuliny<\/li>\n<li>Zapobiega obrz\u0119kom<\/li>\n<li>Przyspiesza regeneracj\u0119 i napraw\u0119 kom\u00f3rek trzustki.<\/li>\n<li>Ma dzia\u0142anie prozapalne.<\/li>\n<li>Poprawia kr\u0105\u017cenie krwi.<\/li>\n<li>Zapobiega rozwojowi cukrzycy.<\/li>\n<li>Zapobiega rozwojowi powik\u0142a\u0144 cukrzycy.<\/li>\n<\/ul>\n<div class=\"su-spoiler su-spoiler-style-defoult su-spoiler-icon-caret su-spoiler-closed\" data-scroll-offset=\"0\" data-anchor-in-url=\"no\"><div class=\"su-spoiler-title\" tabindex=\"0\" role=\"button\"><span class=\"su-spoiler-icon\"><\/span>Wszystkie<\/div><div class=\"su-spoiler-content su-u-clearfix su-u-trim\">\nZalecane obszary zabiegowe: w biologicznie aktywnych punktach i strefach. Zalecane zabiegi mo\u017cna powtarza\u0107 2-3 razy w roku, po minimum 3 miesi\u0105cach, a\u017c do poprawy stanu i mo\u017cna je uzupe\u0142nia\u0107 innymi zabiegami bioinformatycznymi.<\/p>\n<\/div><\/div>","protected":false},"excerpt":{"rendered":"<p>Antidiabetikus sug\u00e1rz\u00f3 \u21167. M\u0171k\u00f6d\u00e9si ideje: 13 perc. Frekvenci\u00e1ja a hasny\u00e1lmirigy sejtjei \u00e9s az inzulinf\u00fcgg\u0151 sz\u00f6vetek receptormez\u0151i frekvenci\u00e1j\u00e1nak felel meg. A cukorbetegs\u00e9g megel\u0151z\u00e9s\u00e9nek, valamint az I. \u00e9s II. tipus\u00fa cukorbetegs\u00e9g kezel\u00e9s\u00e9nek komplex programjaiban, a sz\u00f6v\u0151dm\u00e9nyek kialakul\u00e1sa megel\u0151z\u00e9s\u00e9nek c\u00e9lj\u00e1b\u00f3l alkalmazhat\u00f3. Az anyagcsere folyamatok (sz\u00e9nhidr\u00e1t, lipid, feh\u00e9rje, \u00e1sv\u00e1nyi anyagok) optimaliz\u00e1ci\u00f3j\u00e1t seg\u00edti el\u0151. Jav\u00edtja a metabolizmus (anyagcsere) folyamatait a [&hellip;]<\/p>\n","protected":false},"featured_media":4717,"comment_status":"open","ping_status":"closed","template":"","meta":[],"product_brand":[],"product_cat":[35,32],"product_tag":[],"class_list":{"0":"post-4718","1":"product","2":"type-product","3":"status-publish","4":"has-post-thumbnail","6":"product_cat-csatlakoztathato-jeladok","7":"product_cat-triomed","9":"first","10":"instock","11":"taxable","12":"shipping-taxable","13":"purchasable","14":"product-type-simple"},"_links":{"self":[{"href":"https:\/\/vetomshop.hu\/pl\/wp-json\/wp\/v2\/product\/4718","targetHints":{"allow":["GET"]}}],"collection":[{"href":"https:\/\/vetomshop.hu\/pl\/wp-json\/wp\/v2\/product"}],"about":[{"href":"https:\/\/vetomshop.hu\/pl\/wp-json\/wp\/v2\/types\/product"}],"replies":[{"embeddable":true,"href":"https:\/\/vetomshop.hu\/pl\/wp-json\/wp\/v2\/comments?post=4718"}],"wp:featuredmedia":[{"embeddable":true,"href":"https:\/\/vetomshop.hu\/pl\/wp-json\/wp\/v2\/media\/4717"}],"wp:attachment":[{"href":"https:\/\/vetomshop.hu\/pl\/wp-json\/wp\/v2\/media?parent=4718"}],"wp:term":[{"taxonomy":"product_brand","embeddable":true,"href":"https:\/\/vetomshop.hu\/pl\/wp-json\/wp\/v2\/product_brand?post=4718"},{"taxonomy":"product_cat","embeddable":true,"href":"https:\/\/vetomshop.hu\/pl\/wp-json\/wp\/v2\/product_cat?post=4718"},{"taxonomy":"product_tag","embeddable":true,"href":"https:\/\/vetomshop.hu\/pl\/wp-json\/wp\/v2\/product_tag?post=4718"}],"curies":[{"name":"wp","href":"https:\/\/api.w.org\/{rel}","templated":true}]}}