{"id":4722,"date":"2023-11-11T14:33:56","date_gmt":"2023-11-11T13:33:56","guid":{"rendered":"https:\/\/vetomshop.hu\/termek\/egeszseges-vese-jelado\/"},"modified":"2023-11-11T14:33:56","modified_gmt":"2023-11-11T13:33:56","slug":"egeszseges-vese-jelado","status":"publish","type":"product","link":"https:\/\/vetomshop.hu\/pl\/produkt\/egeszseges-vese-jelado\/","title":{"rendered":"Sygnalizator zdrowych nerek"},"content":{"rendered":"<h4>Zdrowa nerka promieniuj\u0105ca 15 s.<\/h4>\n<p>Czas pracy emitera 11 minut<br \/>\nOdpowiada cz\u0119stotliwo\u015bci nerek i dr\u00f3g moczowych.<\/p>\n<p>Jego stosowanie jest zalecane w profilaktyce i leczeniu uzupe\u0142niaj\u0105cym chor\u00f3b nerek i dr\u00f3g moczowych<br \/>\nPoprawia kr\u0105\u017cenie krwi i metabolizm w nefronach (jednostkach funkcjonalnych nerek) i drogach moczowych.<\/p>\n<ul>\n<li>Poprawia reabsorpcj\u0119 nerkow\u0105, filtracj\u0119, syntez\u0119, regulacj\u0119 jon\u00f3w, detoksykacj\u0119 i procesy metaboliczne.<\/li>\n<li>Stymuluje procesy regeneracji i naprawy tkanki nerek i dr\u00f3g moczowych.<\/li>\n<li>Dzia\u0142anie przeciwskurczowe.<\/li>\n<li>Dzia\u0142anie przeciwb\u00f3lowe.<\/li>\n<li>Dzia\u0142anie przeciwzapalne.<\/li>\n<li>Zapobiega powstawaniu zmian sklerotycznych.<\/li>\n<\/ul>\n<p>Zaleca si\u0119 stosowanie w biologicznie aktywnych punktach i strefach.<\/p>\n<div class=\"su-spoiler su-spoiler-style-defoult su-spoiler-icon-caret su-spoiler-closed\" data-scroll-offset=\"0\" data-anchor-in-url=\"no\"><div class=\"su-spoiler-title\" tabindex=\"0\" role=\"button\"><span class=\"su-spoiler-icon\"><\/span>Wszystkie<\/div><div class=\"su-spoiler-content su-u-clearfix su-u-trim\">\n<p>Radioterapia jest zalecana w profilaktyce i leczeniu uzupe\u0142niaj\u0105cym nast\u0119puj\u0105cych chor\u00f3b:<\/p>\n<ul>\n<li>ostre i przewlek\u0142e zapalenie nerek, zapalenie p\u0119cherza moczowego, choroby zapalne dr\u00f3g moczowych,<\/li>\n<li>zaburzenia metaboliczne (w tym tworzenie si\u0119 kamieni nerkowych),<\/li>\n<li>w chorobach autoimmunologicznych - gdy dotkni\u0119te s\u0105 nerki oraz w autoimmunologicznej chorobie nerek,<\/li>\n<li>w przypadku choroby nerek spowodowanej substancjami toksycznymi<\/li>\n<\/ul>\n<\/div><\/div>","protected":false},"excerpt":{"rendered":"<p>Eg\u00e9szs\u00e9ges vese sug\u00e1rz\u00f3 15 sz. A sug\u00e1rz\u00f3 m\u0171k\u00f6d\u00e9si ideje 11 perc Megfelel a vesesz\u00f6vet \u00e9s a h\u00fagyutak frekvenci\u00e1j\u00e1nak. Alkalmaz\u00e1sa javasolt a vesebetegs\u00e9gek \u00e9s a h\u00fagyutak megbeteged\u00e9seinek megel\u0151z\u00e9s\u00e9ben \u00e9s kieg\u00e9sz\u00edt\u0151 kezel\u00e9s\u00e9ben Jav\u00edtja a nefronok (a vese funkcion\u00e1lis egys\u00e9geinek) \u00e9s a h\u00fagyutak v\u00e9rkering\u00e9s\u00e9t \u00e9s anyagcsere folyamatait. Jav\u00edtja a vese reabszorbci\u00f3s, filtr\u00e1ci\u00f3s, szintetikus, ionszab\u00e1lyz\u00f3, m\u00e9regtelen\u00edt\u0151 \u00e9s metabolikus folyamatait. [&hellip;]<\/p>\n","protected":false},"featured_media":4721,"comment_status":"open","ping_status":"closed","template":"","meta":[],"product_brand":[],"product_cat":[35,32],"product_tag":[],"class_list":{"0":"post-4722","1":"product","2":"type-product","3":"status-publish","4":"has-post-thumbnail","6":"product_cat-csatlakoztathato-jeladok","7":"product_cat-triomed","9":"first","10":"instock","11":"taxable","12":"shipping-taxable","13":"purchasable","14":"product-type-simple"},"_links":{"self":[{"href":"https:\/\/vetomshop.hu\/pl\/wp-json\/wp\/v2\/product\/4722","targetHints":{"allow":["GET"]}}],"collection":[{"href":"https:\/\/vetomshop.hu\/pl\/wp-json\/wp\/v2\/product"}],"about":[{"href":"https:\/\/vetomshop.hu\/pl\/wp-json\/wp\/v2\/types\/product"}],"replies":[{"embeddable":true,"href":"https:\/\/vetomshop.hu\/pl\/wp-json\/wp\/v2\/comments?post=4722"}],"wp:featuredmedia":[{"embeddable":true,"href":"https:\/\/vetomshop.hu\/pl\/wp-json\/wp\/v2\/media\/4721"}],"wp:attachment":[{"href":"https:\/\/vetomshop.hu\/pl\/wp-json\/wp\/v2\/media?parent=4722"}],"wp:term":[{"taxonomy":"product_brand","embeddable":true,"href":"https:\/\/vetomshop.hu\/pl\/wp-json\/wp\/v2\/product_brand?post=4722"},{"taxonomy":"product_cat","embeddable":true,"href":"https:\/\/vetomshop.hu\/pl\/wp-json\/wp\/v2\/product_cat?post=4722"},{"taxonomy":"product_tag","embeddable":true,"href":"https:\/\/vetomshop.hu\/pl\/wp-json\/wp\/v2\/product_tag?post=4722"}],"curies":[{"name":"wp","href":"https:\/\/api.w.org\/{rel}","templated":true}]}}