{"id":4724,"date":"2023-11-11T14:33:57","date_gmt":"2023-11-11T13:33:57","guid":{"rendered":"https:\/\/vetomshop.hu\/termek\/gyulladascsokkento-jelado\/"},"modified":"2023-11-11T14:33:57","modified_gmt":"2023-11-11T13:33:57","slug":"gyulladascsokkento-jelado","status":"publish","type":"product","link":"https:\/\/vetomshop.hu\/pl\/produkt\/gyulladascsokkento-jelado\/","title":{"rendered":"Sygnalizator przeciwzapalny"},"content":{"rendered":"<h4>Grzejnik przeciwzapalny, nr 26.<\/h4>\n<p>Czas pracy: 13 minut<\/p>\n<p><strong>Wp\u0142yw:<\/strong><\/p>\n<p>Dzia\u0142a na uk\u0142ad odporno\u015bciowy z cz\u0119stotliwo\u015bci\u0105 odpowiadaj\u0105c\u0105 cz\u0119stotliwo\u015bci uk\u0142adu limfatycznego i niekt\u00f3rych struktur autonomicznego uk\u0142adu nerwowego (\u0142a\u0144cuchy obwodowe, segmentalne, suprasegmentalne).<\/p>\n<ul>\n<li>Poprawia kr\u0105\u017cenie limfatyczne,<\/li>\n<li>jako\u015b\u0107 limfocyt\u00f3w,<\/li>\n<li>przyspiesza eliminacj\u0119 substancji toksycznych z p\u0142ynu mi\u0119dzykom\u00f3rkowego,<\/li>\n<li>przyspiesza gojenie si\u0119 ran, regeneracj\u0119 kom\u00f3rek i tkanek,<\/li>\n<li>pomaga w detoksykacji organizmu,<\/li>\n<li>ma dzia\u0142anie przeciwobrz\u0119kowe,<\/li>\n<li>dzia\u0142anie przeciwb\u00f3lowe,<\/li>\n<li>dzia\u0142anie wzmacniaj\u0105ce uk\u0142ad odporno\u015bciowy,<\/li>\n<li>dzia\u0142anie przeciwzapalne,<\/li>\n<li>eliminuje blizny,<\/li>\n<li>aktywuje funkcj\u0119 szpiku kostnego,<\/li>\n<li>zwi\u0119ksza odporno\u015b\u0107 organizmu,<\/li>\n<li>struktury wodne.<\/li>\n<\/ul>\n<div class=\"su-spoiler su-spoiler-style-defoult su-spoiler-icon-caret su-spoiler-closed\" data-scroll-offset=\"0\" data-anchor-in-url=\"no\"><div class=\"su-spoiler-title\" tabindex=\"0\" role=\"button\"><span class=\"su-spoiler-icon\"><\/span>Wszystkie<\/div><div class=\"su-spoiler-content su-u-clearfix su-u-trim\">\n<p>Zalecane obszary zastosowania: strefy powierzchni limfatycznych, projekcje w\u0119z\u0142\u00f3w ch\u0142onnych, powierzchnie ran, miejsca biologicznie aktywne (BAT).<\/p>\n<p>Dotyczy:<\/p>\n<ul>\n<li>detoksykacja organizmu<\/li>\n<li>przyspiesza proces regeneracji po zabiegach chirurgicznych lub z\u0142amaniach<\/li>\n<li>normalizacja morfologii krwi po chemioterapii i radioterapii<\/li>\n<li>w fazie rehabilitacji po powa\u017cnych chorobach i wysi\u0142ku fizycznym<\/li>\n<li>regulacja uk\u0142adu odporno\u015bciowego w ostrych i przewlek\u0142ych chorobach<\/li>\n<li>spowolnienie kr\u0105\u017cenia limfatycznego r\u00f3\u017cnego pochodzenia (w tym obrz\u0119k), procesy zapalne<\/li>\n<li>w kosmetyce: poprawa kr\u0105\u017cenia limfatycznego sk\u00f3ry<\/li>\n<li>eliminacja zatrucia z r\u00f3\u017cnych przyczyn (alkohol, narkotyki, \u017cywno\u015b\u0107, chemikalia, powa\u017cna choroba)<\/li>\n<li>w reakcjach alergicznych.<\/li>\n<\/ul>\n<\/div><\/div>","protected":false},"excerpt":{"rendered":"<p>Gyullad\u00e1scs\u00f6kkent\u0151 sug\u00e1rz\u00f3, 26. sz. M\u0171k\u00f6d\u00e9s\u00e9nek ideje: 13 perc Hat\u00e1sa: Hat az immunrendszerre, rezg\u00e9se megegyezik a nyirokrendszer frekvenci\u00e1j\u00e1val, valamint a vegetat\u00edv idegrendszer n\u00e9h\u00e1ny strukt\u00far\u00e1j\u00e1val (perif\u00e9ri\u00e1s, szegment\u00e1lis, szegmens feletti l\u00e1ncok). Jav\u00edtja a nyirokkering\u00e9st, a limfocit\u00e1k min\u0151s\u00e9g\u00e9t, gyors\u00edtja a toxikus anyagok ki\u00fcr\u00edt\u00e9s\u00e9t a sejtk\u00f6zti folyad\u00e9kb\u00f3l, gyors\u00edtja a sebek begy\u00f3gyul\u00e1s\u00e1t, a sejtek \u00e9s sz\u00f6vetek regener\u00e1l\u00f3d\u00e1s\u00e1t, el\u0151seg\u00edti a szervezet m\u00e9regtelen\u00edt\u00e9s\u00e9t, [&hellip;]<\/p>\n","protected":false},"featured_media":4723,"comment_status":"open","ping_status":"closed","template":"","meta":[],"product_brand":[],"product_cat":[35,32],"product_tag":[],"class_list":{"0":"post-4724","1":"product","2":"type-product","3":"status-publish","4":"has-post-thumbnail","6":"product_cat-csatlakoztathato-jeladok","7":"product_cat-triomed","9":"first","10":"instock","11":"taxable","12":"shipping-taxable","13":"purchasable","14":"product-type-simple"},"_links":{"self":[{"href":"https:\/\/vetomshop.hu\/pl\/wp-json\/wp\/v2\/product\/4724","targetHints":{"allow":["GET"]}}],"collection":[{"href":"https:\/\/vetomshop.hu\/pl\/wp-json\/wp\/v2\/product"}],"about":[{"href":"https:\/\/vetomshop.hu\/pl\/wp-json\/wp\/v2\/types\/product"}],"replies":[{"embeddable":true,"href":"https:\/\/vetomshop.hu\/pl\/wp-json\/wp\/v2\/comments?post=4724"}],"wp:featuredmedia":[{"embeddable":true,"href":"https:\/\/vetomshop.hu\/pl\/wp-json\/wp\/v2\/media\/4723"}],"wp:attachment":[{"href":"https:\/\/vetomshop.hu\/pl\/wp-json\/wp\/v2\/media?parent=4724"}],"wp:term":[{"taxonomy":"product_brand","embeddable":true,"href":"https:\/\/vetomshop.hu\/pl\/wp-json\/wp\/v2\/product_brand?post=4724"},{"taxonomy":"product_cat","embeddable":true,"href":"https:\/\/vetomshop.hu\/pl\/wp-json\/wp\/v2\/product_cat?post=4724"},{"taxonomy":"product_tag","embeddable":true,"href":"https:\/\/vetomshop.hu\/pl\/wp-json\/wp\/v2\/product_tag?post=4724"}],"curies":[{"name":"wp","href":"https:\/\/api.w.org\/{rel}","templated":true}]}}