{"id":4726,"date":"2023-11-11T14:33:58","date_gmt":"2023-11-11T13:33:58","guid":{"rendered":"https:\/\/vetomshop.hu\/termek\/infravoros-jelado\/"},"modified":"2023-11-11T14:33:58","modified_gmt":"2023-11-11T13:33:58","slug":"infravoros-jelado","status":"publish","type":"product","link":"https:\/\/vetomshop.hu\/pl\/produkt\/infravoros-jelado\/","title":{"rendered":"Sygnalizator podczerwieni"},"content":{"rendered":"<h4>Emiter podczerwieni IV<\/h4>\n<p>Promieniowanie podczerwone (promieniowanie IV) - promieniowanie elektromagnetyczne, cz\u0119\u015b\u0107 promieni s\u0142onecznych. Promienie IV maj\u0105 dzia\u0142anie przeciwzapalne, przeciwskurczowe, rozpraszaj\u0105ce (absorpcyjne), przeciwb\u00f3lowe.<\/p>\n<p><strong>Zalety ch\u0142odnicy Triomed Universal IV:<\/strong><\/p>\n<p>Dzi\u0119ki nowym materia\u0142om i technologiom uda\u0142o nam si\u0119 stworzy\u0107 impulsowe, modulowane \u017ar\u00f3d\u0142o promieniowania IV o niskiej intensywno\u015bci, dzia\u0142aj\u0105ce w okre\u015blonym programie, kt\u00f3re mo\u017ce by\u0107 wykorzystywane do wywierania efektu energetycznego przede wszystkim na poziomie kom\u00f3rkowym - i na poziomie sk\u0142adnik\u00f3w kom\u00f3rki.<\/p>\n<p>Dostarcza kom\u00f3rce energii poprzez rezonans, kt\u00f3ry aktywuje procesy metaboliczne i zwi\u0119ksza poziom energii w przypadku niedoboru tlenu.<br \/>\nProcesy te, opr\u00f3cz tego, \u017ce same w sobie s\u0105 pozytywne, pomagaj\u0105 organizmowi w terapii milimetrowej i w wielu przypadkach zwi\u0119kszaj\u0105 jej skuteczno\u015b\u0107.<\/p>\n<p>Stosowanie radioterapii do\u017cylnej jest wskazane w przypadku: przewlek\u0142ych i podostrych (przedostrych) nieropnych zapalnych chor\u00f3b narz\u0105d\u00f3w wewn\u0119trznych, s\u0142abo goj\u0105cych si\u0119 ran i ran spowodowanych zakrzepic\u0105, bolesnych chor\u00f3b obwodowego uk\u0142adu nerwowego, pooperacyjnego leczenia oparze\u0144 i odmro\u017ce\u0144, dysfunkcji wegetatywnych, sympatykolgii.<\/p>\n<p>Przeciwwskazania do stosowania radioterapii do\u017cylnej: \u0142agodne lub z\u0142o\u015bliwe nowotwory, aktywna faza gru\u017alicy, nadci\u015bnienie w stadium III, krwotok i zaburzenia kr\u0105\u017cenia stopnia IIIII.<\/p>\n<div class=\"su-spoiler su-spoiler-style-defoult su-spoiler-icon-caret su-spoiler-closed\" data-scroll-offset=\"0\" data-anchor-in-url=\"no\"><div class=\"su-spoiler-title\" tabindex=\"0\" role=\"button\"><span class=\"su-spoiler-icon\"><\/span>Wszystkie<\/div><div class=\"su-spoiler-content su-u-clearfix su-u-trim\"><strong>G\u0142\u00f3wne efekty kliniczne napromieniacza Triomed Universal IV:<\/strong><\/p>\n<ul>\n<li>poprawia kr\u0105\u017cenie krwi,<\/li>\n<li>normalizuje mikrokr\u0105\u017cenie,<\/li>\n<li>optymalizuje aktywno\u015b\u0107 uk\u0142adu nerwowego, hormonalnego i odporno\u015bciowego,<\/li>\n<li>wspomaga regeneracj\u0119 kom\u00f3rek.<\/li>\n<\/ul>\n<p><strong>Jak u\u017cywa\u0107:<\/strong><\/p>\n<ul>\n<li>Dioda podczerwieni jest u\u017cywana do oddzia\u0142ywania na punkty i obszary, kt\u00f3re nale\u017cy przygotowa\u0107 lub \u201erozgrza\u0107\u201d przed specjalnym zabiegiem milimetrowym. Zabieg trwa 5 minut na obszar.<\/li>\n<li>Mo\u017ce by\u0107 stosowany do wspomagania wch\u0142aniania blizn przez 10 minut dziennie przez 2 tygodnie.<\/li>\n<li>Do leczenia przewlek\u0142ych, powolnych chor\u00f3b zapalnych (w ognisku choroby). Zabieg trwa 10 minut, stosowany na dotkni\u0119ty narz\u0105d, przez 2 tygodnie.<\/li>\n<li>W cukrzycy typu II w celu promowania wra\u017cliwo\u015bci na insulin\u0119 i promowania produkcji insuliny. Leczenie projekcji trzustki przez 5 minut dziennie przez 2 tygodnie.<\/li>\n<li>Aby przyspieszy\u0107 gojenie si\u0119 r\u00f3\u017cnych ran i ran troficznych, zaleca si\u0119 leczenie okolic oczu i ognisk nowotwor\u00f3w przez 5 minut przez 2 tygodnie przed terapi\u0105 milimetrow\u0105.<\/li>\n<\/ul>\n<\/div><\/div>","protected":false},"excerpt":{"rendered":"<p>Infrav\u00f6r\u00f6s sug\u00e1rz\u00f3 IV Az infrav\u00f6r\u00f6s sug\u00e1rz\u00e1s (IV-sug\u00e1rz\u00e1s) \u2013 elektrom\u00e1gneses sug\u00e1rz\u00e1s, a Nap sugarainak r\u00e9sze. Az IV-sugarak gyullad\u00e1scs\u00f6kkent\u0151, g\u00f6rcsold\u00f3, sz\u00e9toszlat\u00f3 (felsz\u00edv\u00f3d\u00e1st el\u0151seg\u00edt\u0151), f\u00e1jdalomcsillap\u00edt\u00f3 hat\u00e1ssal rendelkeznek. A Triomed Universal k\u00e9sz\u00fcl\u00e9k IV-sug\u00e1rz\u00f3j\u00e1nak el\u0151nyei: Az \u00faj anyagoknak \u00e9s technol\u00f3gi\u00e1knak k\u00f6sz\u00f6nhet\u0151en siker\u00fclt l\u00e9trehozni olyan speci\u00e1lis programban m\u0171k\u00f6d\u0151 alacsony intenzit\u00e1s\u00fa pulz\u00e1l\u00f3, modul\u00e1lt hat\u00e1s\u00fa IV-sug\u00e1rz\u00f3t, mely seg\u00edts\u00e9g\u00e9vel els\u0151sorban energoinform\u00e1ci\u00f3s hat\u00e1st tudunk gyakorolni [&hellip;]<\/p>\n","protected":false},"featured_media":4725,"comment_status":"open","ping_status":"closed","template":"","meta":[],"product_brand":[],"product_cat":[35,32],"product_tag":[],"class_list":{"0":"post-4726","1":"product","2":"type-product","3":"status-publish","4":"has-post-thumbnail","6":"product_cat-csatlakoztathato-jeladok","7":"product_cat-triomed","9":"first","10":"instock","11":"taxable","12":"shipping-taxable","13":"purchasable","14":"product-type-simple"},"_links":{"self":[{"href":"https:\/\/vetomshop.hu\/pl\/wp-json\/wp\/v2\/product\/4726","targetHints":{"allow":["GET"]}}],"collection":[{"href":"https:\/\/vetomshop.hu\/pl\/wp-json\/wp\/v2\/product"}],"about":[{"href":"https:\/\/vetomshop.hu\/pl\/wp-json\/wp\/v2\/types\/product"}],"replies":[{"embeddable":true,"href":"https:\/\/vetomshop.hu\/pl\/wp-json\/wp\/v2\/comments?post=4726"}],"wp:featuredmedia":[{"embeddable":true,"href":"https:\/\/vetomshop.hu\/pl\/wp-json\/wp\/v2\/media\/4725"}],"wp:attachment":[{"href":"https:\/\/vetomshop.hu\/pl\/wp-json\/wp\/v2\/media?parent=4726"}],"wp:term":[{"taxonomy":"product_brand","embeddable":true,"href":"https:\/\/vetomshop.hu\/pl\/wp-json\/wp\/v2\/product_brand?post=4726"},{"taxonomy":"product_cat","embeddable":true,"href":"https:\/\/vetomshop.hu\/pl\/wp-json\/wp\/v2\/product_cat?post=4726"},{"taxonomy":"product_tag","embeddable":true,"href":"https:\/\/vetomshop.hu\/pl\/wp-json\/wp\/v2\/product_tag?post=4726"}],"curies":[{"name":"wp","href":"https:\/\/api.w.org\/{rel}","templated":true}]}}