{"id":4728,"date":"2023-11-11T14:33:58","date_gmt":"2023-11-11T13:33:58","guid":{"rendered":"https:\/\/vetomshop.hu\/termek\/kardiologiai-jelado\/"},"modified":"2023-11-11T14:33:58","modified_gmt":"2023-11-11T13:33:58","slug":"kardiologiai-jelado","status":"publish","type":"product","link":"https:\/\/vetomshop.hu\/pl\/produkt\/kardiologiai-jelado\/","title":{"rendered":"Sygnalizator kardiologiczny"},"content":{"rendered":"<h4>Ch\u0142odnica kardiologiczna \u211612<\/h4>\n<p>Czas pracy12 minut.<\/p>\n<p>Cz\u0119stotliwo\u015b\u0107 emitera kardiologicznego odpowiada cz\u0119stotliwo\u015bci uk\u0142adu sercowo-naczyniowego. Mo\u017ce by\u0107 stosowany jako terapia wspomagaj\u0105ca lub w celach profilaktycznych.<\/p>\n<p><strong>Promuje:<\/strong><\/p>\n<ul>\n<li>mi\u0119sie\u0144 sercowy,<\/li>\n<li>poprawa dro\u017cno\u015bci serca,<\/li>\n<li>pe\u0142ni\u0119 bicia serca,<\/li>\n<li>w celu zwi\u0119kszenia wyrzutu krwi,<\/li>\n<li>poprawi\u0107 jako\u015b\u0107 mi\u0119\u015bnia sercowego,<\/li>\n<li>poprawa mikrokr\u0105\u017cenia,<\/li>\n<li>zmniejszona cz\u0119sto\u015b\u0107 wyst\u0119powania skurczu naczy\u0144 (t\u0119tnic wie\u0144cowych).<\/li>\n<\/ul>\n<div class=\"su-spoiler su-spoiler-style-defoult su-spoiler-icon-caret su-spoiler-closed\" data-scroll-offset=\"0\" data-anchor-in-url=\"no\"><div class=\"su-spoiler-title\" tabindex=\"0\" role=\"button\"><span class=\"su-spoiler-icon\"><\/span>Wszystkie<\/div><div class=\"su-spoiler-content su-u-clearfix su-u-trim\">\n<strong>Mo\u017ce by\u0107 stosowany jako terapia wspomagaj\u0105ca w przypadku nast\u0119puj\u0105cych chor\u00f3b:<\/strong><\/p>\n<ul>\n<li>choroba niedokrwienna serca (w tym stenokardia),<\/li>\n<li>w leczeniu zawa\u0142u serca,<\/li>\n<li>w przypadku zaburze\u0144 rytmu serca,<\/li>\n<li>w przypadku wszystkich chor\u00f3b mi\u0119\u015bnia sercowego i wsierdzia,<\/li>\n<li>nadci\u015bnienie t\u0119tnicze (wszystkie),<\/li>\n<li>wysoki poziom cholesterolu o niskiej g\u0119sto\u015bci i mia\u017cd\u017cyca naczy\u0144 krwiono\u015bnych.<\/li>\n<\/ul>\n<\/div><\/div>","protected":false},"excerpt":{"rendered":"<p>Kardiol\u00f3giai sug\u00e1rz\u00f3 \u211612 M\u0171k\u00f6d\u00e9si ideje12 perc. A kardiol\u00f3giai sug\u00e1rz\u00f3 frekvenci\u00e1ja a sz\u00edv- \u00e9s \u00e9rrendszer frekvenci\u00e1j\u00e1nak felel meg. Alkalmazhat\u00f3 kieg\u00e9sz\u00edt\u0151 ter\u00e1piak\u00e9nt, vagy megel\u0151z\u00e9s c\u00e9lj\u00e1b\u00f3l. El\u0151seg\u00edti: a sz\u00edvizom m\u0171k\u00f6d\u00e9s\u00e9t, a sz\u00edv \u00e1tereszt\u0151k\u00e9pess\u00e9g\u00e9nek jav\u00edt\u00e1s\u00e1t, a sz\u00edv dobog\u00e1s\u00e1nak teljess\u00e9g\u00e9t, a v\u00e9rkil\u00f6k\u0151d\u00e9s fokoz\u00e1s\u00e1t, a sz\u00edvizom min\u0151s\u00e9g\u00e9nek jav\u00edt\u00e1s\u00e1t, a mikrokering\u00e9s jav\u00edt\u00e1s\u00e1t, az \u00e9rg\u00f6rcs\u00f6k (sz\u00edvkoszor\u00fa\u00e9r) el\u0151fordul\u00e1s\u00e1nak cs\u00f6kken\u00e9s\u00e9t.<\/p>","protected":false},"featured_media":4727,"comment_status":"open","ping_status":"closed","template":"","meta":[],"product_brand":[],"product_cat":[35,32],"product_tag":[],"class_list":{"0":"post-4728","1":"product","2":"type-product","3":"status-publish","4":"has-post-thumbnail","6":"product_cat-csatlakoztathato-jeladok","7":"product_cat-triomed","9":"first","10":"instock","11":"taxable","12":"shipping-taxable","13":"purchasable","14":"product-type-simple"},"_links":{"self":[{"href":"https:\/\/vetomshop.hu\/pl\/wp-json\/wp\/v2\/product\/4728","targetHints":{"allow":["GET"]}}],"collection":[{"href":"https:\/\/vetomshop.hu\/pl\/wp-json\/wp\/v2\/product"}],"about":[{"href":"https:\/\/vetomshop.hu\/pl\/wp-json\/wp\/v2\/types\/product"}],"replies":[{"embeddable":true,"href":"https:\/\/vetomshop.hu\/pl\/wp-json\/wp\/v2\/comments?post=4728"}],"wp:featuredmedia":[{"embeddable":true,"href":"https:\/\/vetomshop.hu\/pl\/wp-json\/wp\/v2\/media\/4727"}],"wp:attachment":[{"href":"https:\/\/vetomshop.hu\/pl\/wp-json\/wp\/v2\/media?parent=4728"}],"wp:term":[{"taxonomy":"product_brand","embeddable":true,"href":"https:\/\/vetomshop.hu\/pl\/wp-json\/wp\/v2\/product_brand?post=4728"},{"taxonomy":"product_cat","embeddable":true,"href":"https:\/\/vetomshop.hu\/pl\/wp-json\/wp\/v2\/product_cat?post=4728"},{"taxonomy":"product_tag","embeddable":true,"href":"https:\/\/vetomshop.hu\/pl\/wp-json\/wp\/v2\/product_tag?post=4728"}],"curies":[{"name":"wp","href":"https:\/\/api.w.org\/{rel}","templated":true}]}}