{"id":4730,"date":"2023-11-11T14:33:58","date_gmt":"2023-11-11T13:33:58","guid":{"rendered":"https:\/\/vetomshop.hu\/termek\/oxigenizalo-jelado\/"},"modified":"2023-11-11T14:33:58","modified_gmt":"2023-11-11T13:33:58","slug":"oxigenizalo-jelado","status":"publish","type":"product","link":"https:\/\/vetomshop.hu\/pl\/produkt\/oxigenizalo-jelado\/","title":{"rendered":"Przetwornik natleniaj\u0105cy"},"content":{"rendered":"<h4>Emiter tlenu, nr 11.<\/h4>\n<p><strong>Czas pracy:<\/strong> 10 minut.<\/p>\n<p>D\u0142ugo\u015b\u0107 fali odpowiada cz\u0119stotliwo\u015bci \u0142a\u0144cucha oddechowego (hemoglobina krwi, mitochondria, fermenty), poprawia transport i wykorzystanie tlenu, zwi\u0119ksza syntez\u0119 ATP, wspomaga oddychanie kom\u00f3rkowe w tkankach. Niska cz\u0119stotliwo\u015b\u0107 odpowiada cz\u0119stotliwo\u015bci uk\u0142adu odporno\u015bciowego.<\/p>\n<ul>\n<li>Poprawia mikrokr\u0105\u017cenie,<\/li>\n<li>Ma dzia\u0142anie immunomoduluj\u0105ce,<\/li>\n<li>Zmniejsza niedob\u00f3r tlenu w tkankach, dotlenia tkanki, dzia\u0142a dezagreguj\u0105co (zapobiega agregacji erytrocyt\u00f3w i innych kom\u00f3rek krwi), zmniejsza krzepliwo\u015b\u0107 krwi,<\/li>\n<li>Wspomaga gojenie si\u0119 ran,<\/li>\n<li>Pomaga wyeliminowa\u0107 blizny,<\/li>\n<li>Ma dzia\u0142anie przeciwb\u00f3lowe,<\/li>\n<li>Pomaga w detoksykacji organizmu,<\/li>\n<li>Dzia\u0142anie przeciwskurczowe,<\/li>\n<li>Wspomaga tworzenie krwi, normalizuje morfologi\u0119 krwi,<\/li>\n<li>poprawia mikrokr\u0105\u017cenie,<\/li>\n<li>Ma dzia\u0142anie immunomoduluj\u0105ce,<\/li>\n<li>Zmniejsza niedob\u00f3r tlenu w tkankach, wzbogaca tkanki w tlen,<\/li>\n<li>Ma dzia\u0142anie dezagreguj\u0105ce (zapobiega agregacji erytrocyt\u00f3w i innych kom\u00f3rek krwi), zmniejsza krzepliwo\u015b\u0107 krwi,<\/li>\n<li>Wspomaga gojenie si\u0119 ran,<\/li>\n<li>Pomaga wyeliminowa\u0107 blizny,<\/li>\n<li>Ma dzia\u0142anie przeciwb\u00f3lowe,<\/li>\n<li>Pomaga w detoksykacji organizmu,<\/li>\n<li>Dzia\u0142anie przeciwskurczowe,<\/li>\n<li>Wspomaga tworzenie krwi, normalizuje morfologi\u0119 krwi,<\/li>\n<li>Ma dzia\u0142anie odm\u0142adzaj\u0105ce,<\/li>\n<li>Strukturyzuje wod\u0119.<\/li>\n<\/ul>\n<div class=\"su-spoiler su-spoiler-style-defoult su-spoiler-icon-caret su-spoiler-closed\" data-scroll-offset=\"0\" data-anchor-in-url=\"no\"><div class=\"su-spoiler-title\" tabindex=\"0\" role=\"button\"><span class=\"su-spoiler-icon\"><\/span>Wszystkie<\/div><div class=\"su-spoiler-content su-u-clearfix su-u-trim\">\n<p>Zalecany obszar zastosowania: du\u017ce strefy naczy\u0144 krwiono\u015bnych - \u017cy\u0142y, t\u0119tnice, punkty aktywne biologicznie.<\/p>\n<p><strong>Dotyczy:<\/strong><\/p>\n<ul>\n<li>w celu normalizacji uk\u0142adu odporno\u015bciowego w ostrych i przewlek\u0142ych chorobach,<\/li>\n<li>poprawia og\u00f3lne samopoczucie, wytrzyma\u0142o\u015b\u0107, koncentracj\u0119 w przypadku stresu fizycznego i psychicznego,<\/li>\n<li>zapobieganie zawa\u0142owi serca, udarowi m\u00f3zgu,<\/li>\n<li>opieka po zawale i udarze,<\/li>\n<li>przyspieszaj\u0105 procesy regeneracji,<\/li>\n<li>leczenie ran i blizn pooperacyjnych,<\/li>\n<li>zarz\u0105dzanie z\u0142amaniami,<\/li>\n<li>normalizacja morfologii krwi,<\/li>\n<li>po radioterapii,<\/li>\n<li>rehabilitacja po powa\u017cnej chorobie i ci\u0119\u017ckiej pracy fizycznej,<\/li>\n<li>stymulowanie kr\u0105\u017cenia m\u00f3zgowego,2<\/li>\n<li>w kosmetykach: pomaga sk\u00f3rze wch\u0142ania\u0107 sk\u0142adniki od\u017cywcze,<\/li>\n<li>dla sportowc\u00f3w: zwi\u0119ksza wytrzyma\u0142o\u015b\u0107,<\/li>\n<li>pomaga uczniom i studentom w nauce,<\/li>\n<li>aby przeciwdzia\u0142a\u0107 szkodliwym skutkom komputer\u00f3w,<\/li>\n<li>w leczeniu stresu i zespo\u0142u przewlek\u0142ego zm\u0119czenia,<\/li>\n<li>w dziedzinie kosmetyk\u00f3w poprawiaj\u0105cych kondycj\u0119 sk\u00f3ry,<\/li>\n<li>leczenie lub zapobieganie chorobom zwierz\u0105t<\/li>\n<\/ul>\n<\/div><\/div>","protected":false},"excerpt":{"rendered":"<p>Oxig\u00e9n sug\u00e1rz\u00f3, 11. sz. M\u0171k\u00f6d\u00e9si ideje: 10 perc. A hull\u00e1mhossz megfelel a l\u00e9gz\u00e9si l\u00e1nc frekvenci\u00e1inak (a v\u00e9r hemoglobinja, mitokondriumok, fermentumok), javul az oxig\u00e9n sz\u00e1ll\u00edt\u00e1sa \u00e9s hasznos\u00edt\u00e1sa, n\u00f6vekszik ATP-szint\u00e9zis, el\u0151seg\u00edti a sz\u00f6vetben a sejtek l\u00e9gz\u00e9s\u00e9t. Az alacsony frekvencia megfelel az immunrendszer frekvenci\u00e1j\u00e1nak. Jav\u00edtja a mikrokering\u00e9st, Immun-modul\u00e1ci\u00f3s hat\u00e1sa van, Cs\u00f6kkenti az oxig\u00e9nhi\u00e1nyt a sz\u00f6vetekben, oxig\u00e9nnel d\u00fas\u00edtja a [&hellip;]<\/p>\n","protected":false},"featured_media":4729,"comment_status":"open","ping_status":"closed","template":"","meta":[],"product_brand":[],"product_cat":[35,32],"product_tag":[],"class_list":{"0":"post-4730","1":"product","2":"type-product","3":"status-publish","4":"has-post-thumbnail","6":"product_cat-csatlakoztathato-jeladok","7":"product_cat-triomed","9":"first","10":"instock","11":"taxable","12":"shipping-taxable","13":"purchasable","14":"product-type-simple"},"_links":{"self":[{"href":"https:\/\/vetomshop.hu\/pl\/wp-json\/wp\/v2\/product\/4730","targetHints":{"allow":["GET"]}}],"collection":[{"href":"https:\/\/vetomshop.hu\/pl\/wp-json\/wp\/v2\/product"}],"about":[{"href":"https:\/\/vetomshop.hu\/pl\/wp-json\/wp\/v2\/types\/product"}],"replies":[{"embeddable":true,"href":"https:\/\/vetomshop.hu\/pl\/wp-json\/wp\/v2\/comments?post=4730"}],"wp:featuredmedia":[{"embeddable":true,"href":"https:\/\/vetomshop.hu\/pl\/wp-json\/wp\/v2\/media\/4729"}],"wp:attachment":[{"href":"https:\/\/vetomshop.hu\/pl\/wp-json\/wp\/v2\/media?parent=4730"}],"wp:term":[{"taxonomy":"product_brand","embeddable":true,"href":"https:\/\/vetomshop.hu\/pl\/wp-json\/wp\/v2\/product_brand?post=4730"},{"taxonomy":"product_cat","embeddable":true,"href":"https:\/\/vetomshop.hu\/pl\/wp-json\/wp\/v2\/product_cat?post=4730"},{"taxonomy":"product_tag","embeddable":true,"href":"https:\/\/vetomshop.hu\/pl\/wp-json\/wp\/v2\/product_tag?post=4730"}],"curies":[{"name":"wp","href":"https:\/\/api.w.org\/{rel}","templated":true}]}}