{"id":4732,"date":"2023-11-11T14:33:59","date_gmt":"2023-11-11T13:33:59","guid":{"rendered":"https:\/\/vetomshop.hu\/termek\/specialis-111-es-jelado\/"},"modified":"2024-07-31T10:25:20","modified_gmt":"2024-07-31T08:25:20","slug":"specialis-111-es-jelado","status":"publish","type":"product","link":"https:\/\/vetomshop.hu\/pl\/produkt\/specialis-111-es-jelado\/","title":{"rendered":"Specjalny nadajnik 111"},"content":{"rendered":"<h4>Specjalny nadajnik rejestruj\u0105cy informacje 111<\/h4>\n<p><strong>Czas pracy emitera:<\/strong> 15 mp<\/p>\n<p>Jego celem jest \u201erejestrowanie\u201d informacji (spektrum fal elektromagnetycznych danego zakresu) i \u201eprzenoszenie\u201d ich do wybranego no\u015bnika informacji (np. wody) lub strefy biologicznie aktywnej w celu optymalizacji rezerw funkcjonalnych i zwi\u0119kszenia zdolno\u015bci adaptacyjnych organizmu, kt\u00f3re mog\u0142y zosta\u0107 uszkodzone w wyniku szk\u00f3d \u015brodowiskowych, chor\u00f3b lub innych przyczyn.<\/p>\n<p>Aby \u201ezarejestrowa\u0107\u201d informacje, nale\u017cy pod\u0142\u0105czy\u0107 111. emiter do urz\u0105dzenia Triomed, zbli\u017cy\u0107 go p\u0142ask\u0105 powierzchni\u0105 do obiektu i nacisn\u0105\u0107 przycisk \u201eStart\u201d. Rozpocznie si\u0119 odliczanie - 15 sekund. Dopiero po up\u0142ywie zaprogramowanego czasu nale\u017cy zdj\u0105\u0107 emiter z obiektu. W tym czasie na emiterze \u201eprzechowywane\u201d s\u0105 informacje o obiekcie, kt\u00f3re pozostaj\u0105 niezmienione do momentu pod\u0142\u0105czenia emitera do zasilania (do momentu uruchomienia urz\u0105dzenia).<\/p>\n<div class=\"su-spoiler su-spoiler-style-defoult su-spoiler-icon-caret su-spoiler-closed\" data-scroll-offset=\"0\" data-anchor-in-url=\"no\"><div class=\"su-spoiler-title\" tabindex=\"0\" role=\"button\"><span class=\"su-spoiler-icon\"><\/span>Wszystkie<\/div><div class=\"su-spoiler-content su-u-clearfix su-u-trim\">\nAby \u201eprzenie\u015b\u0107\u201d informacje do wody, nale\u017cy zbli\u017cy\u0107 emiter jak najbli\u017cej wody (szk\u0142o nie powinno by\u0107 grubsze ni\u017c 2 mm), a powierzchnia wody powinna znajdowa\u0107 si\u0119 wy\u017cej ni\u017c g\u00f3rna kraw\u0119d\u017a emitera. Woda powinna by\u0107 czysta i wolna od kwasu w\u0119glowego i innych dodatk\u00f3w. Wypij kilka \u0142yk\u00f3w przygotowanej wody \u201einformacyjnej\u201d natychmiast - przed przeniesieniem jej do innego pojemnika lub przechowywaniem przez d\u0142u\u017cszy czas.<\/p>\n<p>Je\u015bli chcesz zachowa\u0107 oryginalny sygna\u0142 przez d\u0142ugi czas, aby zapobiec przypadkowemu pod\u0142\u0105czeniu do Triomed, oznacz nadajnik charakterystycznym znakiem.<br \/>\n<\/div><\/div>","protected":false},"excerpt":{"rendered":"<p>Speci\u00e1lis 111 sz. inform\u00e1ci\u00f3t r\u00f6gz\u00edt\u0151 sug\u00e1rz\u00f3 A sug\u00e1rz\u00f3 m\u0171k\u00f6d\u00e9si ideje: 15 mp Rendeltet\u00e9se: az inform\u00e1ci\u00f3 (az adott tartom\u00e1ny elektrom\u00e1gneses hull\u00e1mspektrum\u00e1nak) \u201er\u00f6gz\u00edt\u00e9se\u201d, valamint \u201e\u00e1tvitele\u201d a kiv\u00e1lasztott inform\u00e1ci\u00f3hordoz\u00f3ra (pl. v\u00edzre) vagy biol\u00f3giailag akt\u00edv z\u00f3n\u00e1ra a funkcion\u00e1lis tartal\u00e9kok optimaliz\u00e1ci\u00f3ja \u00e9s a szervezet adapt\u00e1ci\u00f3s lehet\u0151s\u00e9geinek n\u00f6vel\u00e9se c\u00e9lj\u00e1b\u00f3l, melyek a k\u00f6rnyezet k\u00e1ros hat\u00e1sai, betegs\u00e9g, vagy egy\u00e9b okok miatt s\u00e9r\u00fcltek. Az [&hellip;]<\/p>\n","protected":false},"featured_media":4731,"comment_status":"open","ping_status":"closed","template":"","meta":[],"product_brand":[],"product_cat":[35,32],"product_tag":[],"class_list":{"0":"post-4732","1":"product","2":"type-product","3":"status-publish","4":"has-post-thumbnail","6":"product_cat-csatlakoztathato-jeladok","7":"product_cat-triomed","9":"first","10":"instock","11":"taxable","12":"shipping-taxable","13":"purchasable","14":"product-type-simple"},"_links":{"self":[{"href":"https:\/\/vetomshop.hu\/pl\/wp-json\/wp\/v2\/product\/4732","targetHints":{"allow":["GET"]}}],"collection":[{"href":"https:\/\/vetomshop.hu\/pl\/wp-json\/wp\/v2\/product"}],"about":[{"href":"https:\/\/vetomshop.hu\/pl\/wp-json\/wp\/v2\/types\/product"}],"replies":[{"embeddable":true,"href":"https:\/\/vetomshop.hu\/pl\/wp-json\/wp\/v2\/comments?post=4732"}],"wp:featuredmedia":[{"embeddable":true,"href":"https:\/\/vetomshop.hu\/pl\/wp-json\/wp\/v2\/media\/4731"}],"wp:attachment":[{"href":"https:\/\/vetomshop.hu\/pl\/wp-json\/wp\/v2\/media?parent=4732"}],"wp:term":[{"taxonomy":"product_brand","embeddable":true,"href":"https:\/\/vetomshop.hu\/pl\/wp-json\/wp\/v2\/product_brand?post=4732"},{"taxonomy":"product_cat","embeddable":true,"href":"https:\/\/vetomshop.hu\/pl\/wp-json\/wp\/v2\/product_cat?post=4732"},{"taxonomy":"product_tag","embeddable":true,"href":"https:\/\/vetomshop.hu\/pl\/wp-json\/wp\/v2\/product_tag?post=4732"}],"curies":[{"name":"wp","href":"https:\/\/api.w.org\/{rel}","templated":true}]}}