{"id":4733,"date":"2023-11-11T14:33:59","date_gmt":"2023-11-11T13:33:59","guid":{"rendered":"https:\/\/vetomshop.hu\/termek\/szabad-legzes-jelado\/"},"modified":"2023-11-11T14:33:59","modified_gmt":"2023-11-11T13:33:59","slug":"szabad-legzes-jelado","status":"publish","type":"product","link":"https:\/\/vetomshop.hu\/pl\/produkt\/szabad-legzes-jelado\/","title":{"rendered":"Nadajnik swobodnego oddychania"},"content":{"rendered":"<h4>\u201eSwobodny oddech\u201d nr 16 specjalny nadajnik<\/h4>\n<p>do urz\u0105dzenia Triomed MMW<\/p>\n<p>Zastosowania specjalnych emiter\u00f3w wywieraj\u0105 ukierunkowany wp\u0142yw na narz\u0105dy i tkanki ludzkiego cia\u0142a, jego uk\u0142ady narz\u0105d\u00f3w oraz systemy funkcjonalne. Zosta\u0142 opracowany w oparciu o generator BioTrEM \u00ae EMP EHF (mi\u0119dzynarodowy patent EE 05541).<\/p>\n<p>W z\u0142o\u017conych programach leczenia stosuje si\u0119 je do zapobiegania, leczenia i rehabilitacji chor\u00f3b oskrzeli i p\u0142uc (zapalenie p\u0142uc, zapalenie oskrzeli, przewlek\u0142e choroby drzewa oskrzelowo-p\u0142ucnego, astma oskrzelowa itp.).<\/p>\n<p><strong>Czas pracy<\/strong>12 minut.<\/p>\n<div class=\"su-spoiler su-spoiler-style-defoult su-spoiler-icon-caret su-spoiler-closed\" data-scroll-offset=\"0\" data-anchor-in-url=\"no\"><div class=\"su-spoiler-title\" tabindex=\"0\" role=\"button\"><span class=\"su-spoiler-icon\"><\/span>Wszystkie<\/div><div class=\"su-spoiler-content su-u-clearfix su-u-trim\">\n<strong>Efekty specjalnego nadajnika:<\/strong><\/p>\n<ul>\n<li>usprawnienie proces\u00f3w metabolicznych w kom\u00f3rkach i tkankach uk\u0142adu oskrzelowo-p\u0142ucnego;<\/li>\n<li>aktywowanie podstawowych funkcji;<\/li>\n<li>normalizacja proces\u00f3w immunologicznych: \u0142agodzenie autoagresji i efekt\u00f3w immunomoduluj\u0105cych;<\/li>\n<li>zmniejszenie skurczu oskrzeli;<\/li>\n<li>Zwi\u0119kszenie elastyczno\u015bci tkanki \u0142\u0105cznej p\u0142uc w rozedmie i zw\u0142\u00f3knieniu p\u0142uc.;<\/li>\n<li>normalizacja wydzieliny i odpluwania.<\/li>\n<\/ul>\n<\/div><\/div>","protected":false},"excerpt":{"rendered":"<p>\u201eSzabad l\u00e9gz\u00e9s\u201d 16. sz. speci\u00e1lis jelad\u00f3 Triomed MMW k\u00e9sz\u00fcl\u00e9khez A speci\u00e1lis sug\u00e1rz\u00f3k haszn\u00e1lata ir\u00e1ny\u00edtott hat\u00e1st gyakorol az emberi test szerveire \u00e9s sz\u00f6veteire, szervrendszereire \u00e9s funkcion\u00e1lis rendszereire. A BioTrEM \u00ae EMP EHF gener\u00e1tor alapj\u00e1n fejlesztett\u00e9k ki (EE 05541 nemzetk\u00f6zi szabadalom). A komplex kezel\u00e9si programokban a h\u00f6rg\u0151k \u00e9s a t\u00fcd\u0151 betegs\u00e9geinek (t\u00fcd\u0151gyullad\u00e1s, h\u00f6rghurut, a h\u00f6rg\u0151-t\u00fcd\u0151 rendszer kr\u00f3nikus [&hellip;]<\/p>\n","protected":false},"featured_media":4729,"comment_status":"open","ping_status":"closed","template":"","meta":[],"product_brand":[],"product_cat":[35,32],"product_tag":[],"class_list":{"0":"post-4733","1":"product","2":"type-product","3":"status-publish","4":"has-post-thumbnail","6":"product_cat-csatlakoztathato-jeladok","7":"product_cat-triomed","9":"first","10":"instock","11":"taxable","12":"shipping-taxable","13":"purchasable","14":"product-type-simple"},"_links":{"self":[{"href":"https:\/\/vetomshop.hu\/pl\/wp-json\/wp\/v2\/product\/4733","targetHints":{"allow":["GET"]}}],"collection":[{"href":"https:\/\/vetomshop.hu\/pl\/wp-json\/wp\/v2\/product"}],"about":[{"href":"https:\/\/vetomshop.hu\/pl\/wp-json\/wp\/v2\/types\/product"}],"replies":[{"embeddable":true,"href":"https:\/\/vetomshop.hu\/pl\/wp-json\/wp\/v2\/comments?post=4733"}],"wp:featuredmedia":[{"embeddable":true,"href":"https:\/\/vetomshop.hu\/pl\/wp-json\/wp\/v2\/media\/4729"}],"wp:attachment":[{"href":"https:\/\/vetomshop.hu\/pl\/wp-json\/wp\/v2\/media?parent=4733"}],"wp:term":[{"taxonomy":"product_brand","embeddable":true,"href":"https:\/\/vetomshop.hu\/pl\/wp-json\/wp\/v2\/product_brand?post=4733"},{"taxonomy":"product_cat","embeddable":true,"href":"https:\/\/vetomshop.hu\/pl\/wp-json\/wp\/v2\/product_cat?post=4733"},{"taxonomy":"product_tag","embeddable":true,"href":"https:\/\/vetomshop.hu\/pl\/wp-json\/wp\/v2\/product_tag?post=4733"}],"curies":[{"name":"wp","href":"https:\/\/api.w.org\/{rel}","templated":true}]}}