{"id":4735,"date":"2023-11-11T14:33:59","date_gmt":"2023-11-11T13:33:59","guid":{"rendered":"https:\/\/vetomshop.hu\/termek\/szabalyozo-jelado\/"},"modified":"2025-04-14T17:42:09","modified_gmt":"2025-04-14T15:42:09","slug":"szabalyozo-jelado","status":"publish","type":"product","link":"https:\/\/vetomshop.hu\/pl\/produkt\/szabalyozo-jelado\/","title":{"rendered":"Nadajnik regulacyjny"},"content":{"rendered":"<h4>Grzejnik regulacyjny, nr 52.<\/h4>\n<p><strong>Czas pracy emitera<\/strong>15 minut<\/p>\n<p>Jego cz\u0119stotliwo\u015b\u0107 odpowiada cz\u0119stotliwo\u015bci uk\u0142adu hormonalnego.<\/p>\n<p><strong>Wp\u0142yw:<\/strong><\/p>\n<ul>\n<li>Przywraca system hormonalny.<\/li>\n<li>Przywraca centralny, obwodowy i autonomiczny uk\u0142ad nerwowy.<\/li>\n<li>Poprawia zdolno\u015b\u0107 przekazywania impuls\u00f3w przez w\u0142\u00f3kna nerwowe.<\/li>\n<li>Wspomaga regeneracj\u0119 kom\u00f3rek nerwowych.<\/li>\n<li>Ma dzia\u0142anie wzmacniaj\u0105ce uk\u0142ad odporno\u015bciowy.<\/li>\n<li>Ma og\u00f3lny efekt odm\u0142adzaj\u0105cy.<\/li>\n<li>Strukturyzuje wod\u0119.<\/li>\n<\/ul>\n<p>Zalecany obszar zastosowania: projekcja gruczo\u0142\u00f3w dokrewnych, projekcja du\u017cych naczy\u0144 krwiono\u015bnych, 15-14 minut na punkt lub stref\u0119 BAP.<\/p>\n<div class=\"su-spoiler su-spoiler-style-defoult su-spoiler-icon-caret su-spoiler-closed\" data-scroll-offset=\"0\" data-anchor-in-url=\"no\"><div class=\"su-spoiler-title\" tabindex=\"0\" role=\"button\"><span class=\"su-spoiler-icon\"><\/span>Wszystkie<\/div><div class=\"su-spoiler-content su-u-clearfix su-u-trim\">\n<strong>Dotyczy:<\/strong><\/p>\n<ul>\n<li>w przypadku zaburze\u0144 wegetatywnych,<\/li>\n<li>do kompleksowego leczenia uk\u0142adu hormonalnego i nerwowego,<\/li>\n<li>w neuronauce,<\/li>\n<li>w leczeniu chor\u00f3b alergicznych,<\/li>\n<li>w kompleksowym leczeniu \u017cylak\u00f3w,<\/li>\n<li>w leczeniu zespo\u0142u przewlek\u0142ego zm\u0119czenia,<\/li>\n<li>kontrolowa\u0107 objawy menopauzy zar\u00f3wno u kobiet, jak i u m\u0119\u017cczyzn,<\/li>\n<li>do korekty metabolizmu wapnia, zapobiegania osteoporozie,<\/li>\n<li>do korygowania uk\u0142adu odporno\u015bciowego.<\/li>\n<\/ul>\n<\/div><\/div>","protected":false},"excerpt":{"rendered":"<p>Szab\u00e1lyz\u00f3 sug\u00e1rz\u00f3, 52. sz. A sug\u00e1rz\u00f3 m\u0171k\u00f6d\u00e9si ideje: 15 perc Frekvenci\u00e1ja a hormonrendszer frekvenci\u00e1j\u00e1nak felel meg. Hat\u00e1sa: Helyre\u00e1ll\u00edtja a hormonrendszer m\u0171k\u00f6d\u00e9s\u00e9t. Helyre\u00e1ll\u00edtja a k\u00f6zponti, a perif\u00e9ri\u00e1s, valamint a vegetat\u00edv idegrendszer munk\u00e1j\u00e1t. Jav\u00edtja az idegsz\u00e1lak impulzus-tov\u00e1bb\u00edt\u00f3 k\u00e9pess\u00e9g\u00e9t. El\u0151seg\u00edti az idegsejtek regener\u00e1ci\u00f3j\u00e1t. Immunrendszer er\u0151s\u00edt\u0151 hat\u00e1ssal b\u00edr. \u00c1ltal\u00e1nos fiatal\u00edt\u00f3 hat\u00e1s\u00fa. Struktur\u00e1lja a vizet. Aj\u00e1nlott alkalmaz\u00e1si fel\u00fclet: az endokrin [&hellip;]<\/p>\n","protected":false},"featured_media":4734,"comment_status":"open","ping_status":"closed","template":"","meta":[],"product_brand":[],"product_cat":[35,32],"product_tag":[],"class_list":{"0":"post-4735","1":"product","2":"type-product","3":"status-publish","4":"has-post-thumbnail","6":"product_cat-csatlakoztathato-jeladok","7":"product_cat-triomed","9":"first","10":"instock","11":"taxable","12":"shipping-taxable","13":"purchasable","14":"product-type-simple"},"_links":{"self":[{"href":"https:\/\/vetomshop.hu\/pl\/wp-json\/wp\/v2\/product\/4735","targetHints":{"allow":["GET"]}}],"collection":[{"href":"https:\/\/vetomshop.hu\/pl\/wp-json\/wp\/v2\/product"}],"about":[{"href":"https:\/\/vetomshop.hu\/pl\/wp-json\/wp\/v2\/types\/product"}],"replies":[{"embeddable":true,"href":"https:\/\/vetomshop.hu\/pl\/wp-json\/wp\/v2\/comments?post=4735"}],"wp:featuredmedia":[{"embeddable":true,"href":"https:\/\/vetomshop.hu\/pl\/wp-json\/wp\/v2\/media\/4734"}],"wp:attachment":[{"href":"https:\/\/vetomshop.hu\/pl\/wp-json\/wp\/v2\/media?parent=4735"}],"wp:term":[{"taxonomy":"product_brand","embeddable":true,"href":"https:\/\/vetomshop.hu\/pl\/wp-json\/wp\/v2\/product_brand?post=4735"},{"taxonomy":"product_cat","embeddable":true,"href":"https:\/\/vetomshop.hu\/pl\/wp-json\/wp\/v2\/product_cat?post=4735"},{"taxonomy":"product_tag","embeddable":true,"href":"https:\/\/vetomshop.hu\/pl\/wp-json\/wp\/v2\/product_tag?post=4735"}],"curies":[{"name":"wp","href":"https:\/\/api.w.org\/{rel}","templated":true}]}}