{"id":4737,"date":"2023-11-11T14:33:59","date_gmt":"2023-11-11T13:33:59","guid":{"rendered":"https:\/\/vetomshop.hu\/termek\/trio-men-jelado\/"},"modified":"2023-11-11T14:33:59","modified_gmt":"2023-11-11T13:33:59","slug":"trio-men-jelado","status":"publish","type":"product","link":"https:\/\/vetomshop.hu\/pl\/produkt\/trio-men-jelado\/","title":{"rendered":"Latarnia trio-men"},"content":{"rendered":"<h4>Specjalny emiter Trio-men<\/h4>\n<p>Dla m\u0119\u017cczyzn, nr 23.<\/p>\n<p>Jest wskazany do: optymalizacji rezerw funkcjonalnych i zdolno\u015bci organizmu ludzkiego do przystosowania si\u0119 do negatywnych wp\u0142yw\u00f3w \u015brodowiska, stylu \u017cycia lub choroby.<br \/>\nKategoria pracownik\u00f3w: m\u0119\u017cczy\u017ani.<\/p>\n<p><strong>Wp\u0142yw:<\/strong> og\u00f3lny efekt wzmacniaj\u0105cy specyficzny dla p\u0142ci (poziom psychoemocjonalny, regulacja neurohumoralna).<\/p>\n<p><strong>Mechanizm dzia\u0142ania:<\/strong> Program (cz\u0119stotliwo\u015b\u0107 no\u015bna, modulacja niskiej cz\u0119stotliwo\u015bci i parametry amplitudy) zosta\u0142 specjalnie zaprojektowany dla m\u0119skiego narz\u0105du, aby wspomaga\u0107 go, gdy jest u\u017cywany w systemie.<\/p>\n<p>Stosuj\u0105c Trio-men 23. radiant cure, mo\u017cemy normalizowa\u0107 procesy troficzne i metaboliczne w tkankach i kom\u00f3rkach, regenerowa\u0107 ich struktur\u0119, poprawia\u0107 funkcjonowanie organizmu zar\u00f3wno systemowo, jak i ca\u0142o\u015bciowo, zwi\u0119ksza\u0107 swoist\u0105 odporno\u015b\u0107 organizmu.<\/p>\n<p>Pozytywne wyniki s\u0105 spowodowane biorezonansowym sprz\u0119\u017ceniem zwrotnym z kom\u00f3rek, atomowym systemem fizjologicznym i neuro-humoralnym systemem regulacyjnym, a tak\u017ce aktywacj\u0105 mechanizmu adaptacyjnego (og\u00f3lny zesp\u00f3\u0142 adaptacyjny).<\/p>\n<div class=\"su-spoiler su-spoiler-style-defoult su-spoiler-icon-caret su-spoiler-closed\" data-scroll-offset=\"0\" data-anchor-in-url=\"no\"><div class=\"su-spoiler-title\" tabindex=\"0\" role=\"button\"><span class=\"su-spoiler-icon\"><\/span>Wszystkie<\/div><div class=\"su-spoiler-content su-u-clearfix su-u-trim\">\n<strong>Zalecane dla:<\/strong><\/p>\n<ol>\n<li>W przypadku zmniejszonej zdolno\u015bci do pracy i nastroju, niestabilno\u015bci psycho-emocjonalnej, bezsenno\u015bci w wyniku przewlek\u0142ego zm\u0119czenia.<\/li>\n<li>Choroby prostaty, m\u0119ska menopauza.<\/li>\n<li>Powszechne przezi\u0119bienia i grypa.<\/li>\n<li>Og\u00f3lne os\u0142abienie uk\u0142adu odporno\u015bciowego po powa\u017cnej chorobie, w celu rehabilitacji<\/li>\n<\/ol>\n<\/div><\/div>","protected":false},"excerpt":{"rendered":"<p>Speci\u00e1lis Trio-men sug\u00e1rz\u00f3 F\u00e9rfiak sz\u00e1m\u00e1ra, 23. sz. Javallott: a funkcion\u00e1lis tartal\u00e9kok \u00e9s az emberi szervezet adapt\u00e1ci\u00f3s lehet\u0151s\u00e9geinek optimiz\u00e1l\u00e1s\u00e1hoz, melyek a negat\u00edv k\u00f6rnyezeti hat\u00e1sok, \u00e9letm\u00f3d vagy betegs\u00e9g k\u00f6vetkezt\u00e9ben l\u00e9ptek fel. Az alkalmaz\u00f3k kateg\u00f3ri\u00e1ja: f\u00e9rfiak. Hat\u00e1sa: a nemi hovatartoz\u00e1st figyelembe vev\u0151 \u00e1ltal\u00e1nos er\u0151s\u00edt\u0151 hat\u00e1s (pszichoemocion\u00e1lis szint, neurohumor\u00e1lis regul\u00e1ci\u00f3). Hat\u00e1smechanizmus: A program (hordoz\u00f3 frekvencia, alacsony frekvenci\u00e1j\u00fa modul\u00e1ci\u00f3 \u00e9s [&hellip;]<\/p>\n","protected":false},"featured_media":4736,"comment_status":"open","ping_status":"closed","template":"","meta":[],"product_brand":[],"product_cat":[35,32],"product_tag":[],"class_list":{"0":"post-4737","1":"product","2":"type-product","3":"status-publish","4":"has-post-thumbnail","6":"product_cat-csatlakoztathato-jeladok","7":"product_cat-triomed","9":"first","10":"instock","11":"taxable","12":"shipping-taxable","13":"purchasable","14":"product-type-simple"},"_links":{"self":[{"href":"https:\/\/vetomshop.hu\/pl\/wp-json\/wp\/v2\/product\/4737","targetHints":{"allow":["GET"]}}],"collection":[{"href":"https:\/\/vetomshop.hu\/pl\/wp-json\/wp\/v2\/product"}],"about":[{"href":"https:\/\/vetomshop.hu\/pl\/wp-json\/wp\/v2\/types\/product"}],"replies":[{"embeddable":true,"href":"https:\/\/vetomshop.hu\/pl\/wp-json\/wp\/v2\/comments?post=4737"}],"wp:featuredmedia":[{"embeddable":true,"href":"https:\/\/vetomshop.hu\/pl\/wp-json\/wp\/v2\/media\/4736"}],"wp:attachment":[{"href":"https:\/\/vetomshop.hu\/pl\/wp-json\/wp\/v2\/media?parent=4737"}],"wp:term":[{"taxonomy":"product_brand","embeddable":true,"href":"https:\/\/vetomshop.hu\/pl\/wp-json\/wp\/v2\/product_brand?post=4737"},{"taxonomy":"product_cat","embeddable":true,"href":"https:\/\/vetomshop.hu\/pl\/wp-json\/wp\/v2\/product_cat?post=4737"},{"taxonomy":"product_tag","embeddable":true,"href":"https:\/\/vetomshop.hu\/pl\/wp-json\/wp\/v2\/product_tag?post=4737"}],"curies":[{"name":"wp","href":"https:\/\/api.w.org\/{rel}","templated":true}]}}