{"id":4739,"date":"2023-11-11T14:34:00","date_gmt":"2023-11-11T13:34:00","guid":{"rendered":"https:\/\/vetomshop.hu\/termek\/trio-women-jelado\/"},"modified":"2023-11-11T14:34:00","modified_gmt":"2023-11-11T13:34:00","slug":"trio-women-jelado","status":"publish","type":"product","link":"https:\/\/vetomshop.hu\/pl\/produkt\/trio-women-jelado\/","title":{"rendered":"Lampa ostrzegawcza trio-kobiet"},"content":{"rendered":"<h4>Specjalny grzejnik Trio-Women<\/h4>\n<p>Dla kobiet, nr 8.<\/p>\n<p>Zalecane: optymalizacja rezerw funkcjonalnych i zdolno\u015bci adaptacyjnych organizmu ludzkiego w wyniku negatywnego wp\u0142ywu \u015brodowiska, stylu \u017cycia lub choroby.<\/p>\n<p><strong>Zalecane dla: <\/strong>dla dziewcz\u0105t, kobiet.<\/p>\n<p><strong>Wp\u0142yw:<\/strong> og\u00f3lny efekt prozdrowotny uwzgl\u0119dniaj\u0105cy cechy kobiecego organizmu (sfera psycho-emocjonalna, regulacja neurohumoralna).<\/p>\n<p><strong>Mechanizm dzia\u0142ania:<\/strong> Program (cz\u0119stotliwo\u015b\u0107 no\u015bna, modulacja niskiej cz\u0119stotliwo\u015bci i parametry amplitudy) zosta\u0142 specjalnie zaprojektowany, aby pom\u00f3c kobiecemu cia\u0142u, gdy jest u\u017cywany w systemie.<\/p>\n<p>Zastosowanie radioterapii w trakcie leczenia normalizuje procesy troficzne i metaboliczne w kom\u00f3rkach i tkankach, regeneruje je, ma og\u00f3lny harmonizuj\u0105cy wp\u0142yw na narz\u0105dy, uk\u0142ady narz\u0105d\u00f3w i organizm jako ca\u0142o\u015b\u0107 oraz zwi\u0119ksza niespecyficzn\u0105 odporno\u015b\u0107 organizmu. Pozytywne wyniki wynikaj\u0105 z jednej strony z biorezonansowego sprz\u0119\u017cenia zwrotnego z kom\u00f3rek, atomowego systemu fizjologicznego i neurogumoralnego systemu regulacyjnego, a z drugiej strony z aktywacji mechanizmu adaptacyjnego (og\u00f3lnego zespo\u0142u adaptacyjnego).<\/p>\n<div class=\"su-spoiler su-spoiler-style-defoult su-spoiler-icon-caret su-spoiler-closed\" data-scroll-offset=\"0\" data-anchor-in-url=\"no\"><div class=\"su-spoiler-title\" tabindex=\"0\" role=\"button\"><span class=\"su-spoiler-icon\"><\/span>Wszystkie<\/div><div class=\"su-spoiler-content su-u-clearfix su-u-trim\">\n<p><strong>Zalecane dla:<\/strong><\/p>\n<ol>\n<li>W przypadku zmniejszonej zdolno\u015bci do pracy i nastroju, niestabilno\u015bci psycho-emocjonalnej, bezsenno\u015bci w wyniku przewlek\u0142ego zm\u0119czenia.<\/li>\n<li>Do leczenia i zapobiegania zaburzeniom \u017ce\u0144skich narz\u0105d\u00f3w p\u0142ciowych i nieprzyjemnym objawom towarzysz\u0105cym menopauzie oraz w celu wzmocnienia p\u0142odno\u015bci i zdrowia seksualnego.<\/li>\n<li>Cz\u0119sto wyst\u0119puje w przezi\u0119bieniach.<\/li>\n<li>Specyficzne zapobieganie grypie i przezi\u0119bieniom.<\/li>\n<li>Os\u0142abienie uk\u0142adu odporno\u015bciowego podczas rekonwalescencji lub rehabilitacji po chorobie.<\/li>\n<\/ol>\n<\/div><\/div>","protected":false},"excerpt":{"rendered":"<p>Speci\u00e1lis Trio-Women sug\u00e1rz\u00f3 N\u0151k sz\u00e1m\u00e1ra, 8.sz. Javasolt: a funkcion\u00e1lis tartal\u00e9kok \u00e9s az emberi szervezet adapt\u00e1ci\u00f3s lehet\u0151s\u00e9geinek optimiz\u00e1l\u00e1s\u00e1hoz, melyek a negat\u00edv k\u00f6rnyezeti hat\u00e1sok, \u00e9letm\u00f3d vagy betegs\u00e9g k\u00f6vetkezt\u00e9ben l\u00e9ptek fel. Aj\u00e1nlott: l\u00e1nyok, n\u0151k sz\u00e1m\u00e1ra. Hat\u00e1sa: a n\u0151i szervezet jellemz\u0151it figyelembe vev\u0151 (pszicho-emocion\u00e1lis szf\u00e9ra, neurohumor\u00e1lis szab\u00e1lyoz\u00e1s) \u00e1ltal\u00e1nos eg\u00e9szs\u00e9gmeger\u0151s\u00edt\u0151 hat\u00e1s. Hat\u00e1smechanizmus: A program (hordoz\u00f3 frekvencia, alacsony frekvenci\u00e1j\u00fa modul\u00e1ci\u00f3 \u00e9s [&hellip;]<\/p>\n","protected":false},"featured_media":4738,"comment_status":"open","ping_status":"closed","template":"","meta":[],"product_brand":[],"product_cat":[35,32],"product_tag":[],"class_list":{"0":"post-4739","1":"product","2":"type-product","3":"status-publish","4":"has-post-thumbnail","6":"product_cat-csatlakoztathato-jeladok","7":"product_cat-triomed","9":"first","10":"instock","11":"taxable","12":"shipping-taxable","13":"purchasable","14":"product-type-simple"},"_links":{"self":[{"href":"https:\/\/vetomshop.hu\/pl\/wp-json\/wp\/v2\/product\/4739","targetHints":{"allow":["GET"]}}],"collection":[{"href":"https:\/\/vetomshop.hu\/pl\/wp-json\/wp\/v2\/product"}],"about":[{"href":"https:\/\/vetomshop.hu\/pl\/wp-json\/wp\/v2\/types\/product"}],"replies":[{"embeddable":true,"href":"https:\/\/vetomshop.hu\/pl\/wp-json\/wp\/v2\/comments?post=4739"}],"wp:featuredmedia":[{"embeddable":true,"href":"https:\/\/vetomshop.hu\/pl\/wp-json\/wp\/v2\/media\/4738"}],"wp:attachment":[{"href":"https:\/\/vetomshop.hu\/pl\/wp-json\/wp\/v2\/media?parent=4739"}],"wp:term":[{"taxonomy":"product_brand","embeddable":true,"href":"https:\/\/vetomshop.hu\/pl\/wp-json\/wp\/v2\/product_brand?post=4739"},{"taxonomy":"product_cat","embeddable":true,"href":"https:\/\/vetomshop.hu\/pl\/wp-json\/wp\/v2\/product_cat?post=4739"},{"taxonomy":"product_tag","embeddable":true,"href":"https:\/\/vetomshop.hu\/pl\/wp-json\/wp\/v2\/product_tag?post=4739"}],"curies":[{"name":"wp","href":"https:\/\/api.w.org\/{rel}","templated":true}]}}