{"id":4741,"date":"2023-11-11T14:34:00","date_gmt":"2023-11-11T13:34:00","guid":{"rendered":"https:\/\/vetomshop.hu\/termek\/sigma-medal\/"},"modified":"2023-11-11T14:34:00","modified_gmt":"2023-11-11T13:34:00","slug":"sigma-medal","status":"publish","type":"product","link":"https:\/\/vetomshop.hu\/pl\/produkt\/sigma-medal\/","title":{"rendered":"Medal Sigma"},"content":{"rendered":"<p>A <strong>Medal SIGMA Health<\/strong> ma na celu przywr\u00f3cenie normalnych proces\u00f3w fizjologicznych mieszk\u00f3w w\u0142osowych, zwi\u0119kszenie ich odporno\u015bci na niekorzystne czynniki \u015brodowiskowe i zwi\u0119kszony stres, przed\u0142u\u017cenie fazy wzrostu w\u0142os\u00f3w, a tym samym zwi\u0119kszenie og\u00f3lnej g\u0119sto\u015bci w\u0142os\u00f3w.<\/p>\n<p><strong>Efekty:<\/strong><\/p>\n<ul>\n<li>normalizuje kr\u0105\u017cenie krwi, stan odporno\u015bci i metabolizm w mieszkach w\u0142osowych, zapobiegaj\u0105c rozwojowi atrofii;<\/li>\n<li>zmniejsza nasilenie proces\u00f3w zapalnych w sk\u00f3rze i mieszkach w\u0142osowych;<\/li>\n<li>pomaga normalizowa\u0107 procesy metaboliczne w sk\u00f3rze i ca\u0142ym organizmie; zapobiega rozwojowi \u0142ysienia plackowatego (niejednolite wypadanie w\u0142os\u00f3w).<\/li>\n<\/ul>\n<p>Zawieszka zdrowotna SIGMA ma pozytywny wp\u0142yw na stan funkcji organizmu, mo\u017ce by\u0107 stosowana jako narz\u0119dzie do optymalizacji i korekty w po\u0142\u0105czeniu z innymi metodami leczenia \u0142ysienia plackowatego.<br \/>\ni inne metody zapobiegania.<\/p>\n<div class=\"su-spoiler su-spoiler-style-defoult su-spoiler-icon-caret su-spoiler-closed\" data-scroll-offset=\"0\" data-anchor-in-url=\"no\"><div class=\"su-spoiler-title\" tabindex=\"0\" role=\"button\"><span class=\"su-spoiler-icon\"><\/span>Wszystkie<\/div><div class=\"su-spoiler-content su-u-clearfix su-u-trim\">\n<p><strong>Rodzaje nier\u00f3wnomiernego wypadania w\u0142os\u00f3w:<\/strong><\/p>\n<p>W zale\u017cno\u015bci od stopnia utraty w\u0142os\u00f3w, \u0142ysienie plackowate dzieli si\u0119 na nast\u0119puj\u0105ce typy:<\/p>\n<ul>\n<li>\u0141ysienie plackowate jednoogniskowe: w\u0142osy wypadaj\u0105 tylko w jednym miejscu<\/li>\n<li>\u0141ysienie plackowate wielopostaciowe: liczne plamy bliznowacenia<\/li>\n<li>\u0141ysienie plackowate cz\u0119\u015bciowe: w\u0142osy wypadaj\u0105 prawie na ca\u0142ej sk\u00f3rze g\u0142owy3<\/li>\n<li>\u0141ysienie plackowate ca\u0142kowite: wszystkie w\u0142osy wypadaj\u0105 ze sk\u00f3ry g\u0142owy \u0141ysienie plackowate uniwersalne: wypadanie w\u0142os\u00f3w dotyczy sk\u00f3ry g\u0142owy i ca\u0142ego cia\u0142a.<\/li>\n<li>Typ \u0142ysienia plackowatego: specyficzna forma \u0142ysienia plackowatego, charakteryzuj\u0105ca si\u0119 wypadaniem w\u0142os\u00f3w g\u0142\u00f3wnie z zewn\u0119trznych obszar\u00f3w sk\u00f3ry g\u0142owy, zwykle z ty\u0142u g\u0142owy, czasami z ty\u0142u g\u0142owy.<br \/>\nze skroni lub czo\u0142a.<\/li>\n<\/ul>\n<p>Opr\u00f3cz typ\u00f3w wymienionych powy\u017cej, SIGMA Medallion mo\u017ce by\u0107 stosowany w przypadkach wypadania w\u0142os\u00f3w spowodowanego chemioterapi\u0105, radioterapi\u0105 lub dysfunkcj\u0105 hormonaln\u0105.<\/p>\n<\/div><\/div>","protected":false},"excerpt":{"rendered":"<p>A SIGMA Eg\u00e9szs\u00e9g Med\u00e1l feladata a sz\u0151rt\u00fcsz\u0151k norm\u00e1l fiziol\u00f3giai folyamatainak helyre\u00e1ll\u00edt\u00e1sa, a kedvez\u0151tlen k\u00f6rnyezeti t\u00e9nyez\u0151kkel \u00e9s a megn\u00f6vekedett stresszterhel\u00e9ssel szembeni ellen\u00e1ll\u00f3 k\u00e9pess\u00e9g\u00fck n\u00f6vel\u00e9se, a hajn\u00f6veked\u00e9s szakasz\u00e1nak meghosszabb\u00edt\u00e1sa, ez\u00e1ltal a teljes hajs\u0171r\u0171s\u00e9g n\u00f6vel\u00e9se. Hat\u00e1sok: normaliz\u00e1lja a v\u00e9rkering\u00e9st, az immun\u00e1llapotot \u00e9s az anyagcser\u00e9t a sz\u0151rt\u00fcsz\u0151kben, megel\u0151zve az atr\u00f3fia kialakul\u00e1s\u00e1t; cs\u00f6kkenti a b\u0151r \u00e9s a sz\u0151rt\u00fcsz\u0151k gyullad\u00e1sos folyamatainak [&hellip;]<\/p>\n","protected":false},"featured_media":4740,"comment_status":"open","ping_status":"closed","template":"","meta":[],"product_brand":[],"product_cat":[33,32],"product_tag":[],"class_list":{"0":"post-4741","1":"product","2":"type-product","3":"status-publish","4":"has-post-thumbnail","6":"product_cat-egeszseg-medalok","7":"product_cat-triomed","9":"first","10":"instock","11":"taxable","12":"shipping-taxable","13":"purchasable","14":"product-type-simple"},"_links":{"self":[{"href":"https:\/\/vetomshop.hu\/pl\/wp-json\/wp\/v2\/product\/4741","targetHints":{"allow":["GET"]}}],"collection":[{"href":"https:\/\/vetomshop.hu\/pl\/wp-json\/wp\/v2\/product"}],"about":[{"href":"https:\/\/vetomshop.hu\/pl\/wp-json\/wp\/v2\/types\/product"}],"replies":[{"embeddable":true,"href":"https:\/\/vetomshop.hu\/pl\/wp-json\/wp\/v2\/comments?post=4741"}],"wp:featuredmedia":[{"embeddable":true,"href":"https:\/\/vetomshop.hu\/pl\/wp-json\/wp\/v2\/media\/4740"}],"wp:attachment":[{"href":"https:\/\/vetomshop.hu\/pl\/wp-json\/wp\/v2\/media?parent=4741"}],"wp:term":[{"taxonomy":"product_brand","embeddable":true,"href":"https:\/\/vetomshop.hu\/pl\/wp-json\/wp\/v2\/product_brand?post=4741"},{"taxonomy":"product_cat","embeddable":true,"href":"https:\/\/vetomshop.hu\/pl\/wp-json\/wp\/v2\/product_cat?post=4741"},{"taxonomy":"product_tag","embeddable":true,"href":"https:\/\/vetomshop.hu\/pl\/wp-json\/wp\/v2\/product_tag?post=4741"}],"curies":[{"name":"wp","href":"https:\/\/api.w.org\/{rel}","templated":true}]}}