{"id":4743,"date":"2023-11-11T14:34:00","date_gmt":"2023-11-11T13:34:00","guid":{"rendered":"https:\/\/vetomshop.hu\/termek\/siker-medal\/"},"modified":"2023-11-11T14:34:00","modified_gmt":"2023-11-11T13:34:00","slug":"siker-medal","status":"publish","type":"product","link":"https:\/\/vetomshop.hu\/pl\/produkt\/siker-medal\/","title":{"rendered":"Medal za sukces"},"content":{"rendered":"<h4>Medal za sukces dla dzieci<\/h4>\n<p><strong>Cel:<\/strong><\/p>\n<p>Funkcje poznawcze (procesy poznawcze) -<\/p>\n<ol>\n<li>uwaga, obserwacja<\/li>\n<li>wykrywanie-wykrywanie<\/li>\n<li>pami\u0119\u0107<\/li>\n<li>funkcje my\u015blenia<\/li>\n<\/ol>\n<p>- jako uzupe\u0142niaj\u0105ce narz\u0119dzie pomagaj\u0105ce aktywizowa\u0107, przeciwdzia\u0142a\u0107 zm\u0119czeniu nauk\u0105 i poprawia\u0107 samopoczucie emocjonalne.<\/p>\n<p>Wspiera regeneracj\u0119 po znacznym przeci\u0105\u017ceniu informacyjnym, zapobiegaj\u0105c syndromowi chronicznego zm\u0119czenia i wyczerpania.<\/p>\n<div class=\"su-spoiler su-spoiler-style-defoult su-spoiler-icon-caret su-spoiler-closed\" data-scroll-offset=\"0\" data-anchor-in-url=\"no\"><div class=\"su-spoiler-title\" tabindex=\"0\" role=\"button\"><span class=\"su-spoiler-icon\"><\/span>Wszystkie<\/div><div class=\"su-spoiler-content su-u-clearfix su-u-trim\">\n<h4>Kr\u00f3tki opis<\/h4>\n<p>Informacje zapisane na elektronicznym no\u015bniku informacji - Medalu Zdrowia SIKER - odpowiadaj\u0105 spektrum wibracji elektromagnetycznych kom\u00f3rek i tkanek o\u015brodkowego uk\u0142adu nerwowego oraz wibracjom (spektrum elektromagnetycznemu) substancji antyhomotoksycznych, kt\u00f3re zwi\u0119kszaj\u0105 wydajno\u015b\u0107 pracy umys\u0142owej, stabilno\u015b\u0107 antystresow\u0105 student\u00f3w i pracownik\u00f3w umys\u0142owych oraz utrzymuj\u0105 optymalne t\u0142o psycho-emocjonalne. Aktywno\u015bci student\u00f3w towarzyszy wysoka intensywno\u015b\u0107 proces\u00f3w umys\u0142owych w warunkach presji czasu i du\u017cej g\u0119sto\u015bci informacji, kt\u00f3re maj\u0105 charakter stresu. My\u015blenie obejmuje aktywne aspekty poznania: uwag\u0119, percepcj\u0119, procesy asocjacyjne, tworzenie poj\u0119\u0107 i ocen, sk\u0142adnik realistycznej aktywno\u015bci osoby spo\u0142ecznej.<\/p>\n<p>My\u015blenie jest zwi\u0105zane z aktywno\u015bci\u0105 m\u00f3zgu, ale zdolno\u015b\u0107 do abstrakcyjnego my\u015blenia wynika z nabycia praktycznej egzystencji, regu\u0142 j\u0119zykowych, logiki, kultury. My\u015blenie odbywa si\u0119 w r\u00f3\u017cnych formach aktywno\u015bci intelektualnej i praktycznej, w trakcie kt\u00f3rej do\u015bwiadczenia poznawcze ludzi s\u0105 uog\u00f3lniane i agregowane. My\u015blenie jest uwa\u017cane za \u017ar\u00f3d\u0142o i podstawowy \u015brodek prawdziwej ludzkiej egzystencji.<\/p>\n<\/div><\/div>","protected":false},"excerpt":{"rendered":"<p>Siker Med\u00e1l gyerekeknek Rendeltet\u00e9se: A kognit\u00edv funkci\u00f3k (megismer\u0151 folyamatok) &#8211; figyelem, megfigyel\u0151k\u00e9pess\u00e9g \u00e9rz\u00e9kel\u00e9s-\u00e9szlel\u00e9s eml\u00e9kezet gondolkod\u00e1si funkci\u00f3k &#8211; aktiv\u00e1l\u00e1s\u00e1t seg\u00edt\u0151, a tanul\u00e1st k\u00eds\u00e9r\u0151 f\u00e1radts\u00e1g ellens\u00falyoz\u00e1s\u00e1t \u00e9s az emocion\u00e1lis k\u00f6z\u00e9rzet jav\u00edt\u00e1s\u00e1t szolg\u00e1l\u00f3 kieg\u00e9sz\u00edt\u0151 eszk\u00f6z. T\u00e1mogatja a jelent\u0151s inform\u00e1ci\u00f3s megterhel\u00e9s ut\u00e1ni helyre\u00e1ll\u00edt\u00e1st, a kr\u00f3nikus f\u00e1radts\u00e1g \u00e9s kimer\u00fclts\u00e9g szindr\u00f3ma megel\u0151z\u00e9s\u00e9t.<\/p>","protected":false},"featured_media":4742,"comment_status":"open","ping_status":"closed","template":"","meta":[],"product_brand":[],"product_cat":[33,32],"product_tag":[],"class_list":{"0":"post-4743","1":"product","2":"type-product","3":"status-publish","4":"has-post-thumbnail","6":"product_cat-egeszseg-medalok","7":"product_cat-triomed","9":"first","10":"instock","11":"taxable","12":"shipping-taxable","13":"purchasable","14":"product-type-simple"},"_links":{"self":[{"href":"https:\/\/vetomshop.hu\/pl\/wp-json\/wp\/v2\/product\/4743","targetHints":{"allow":["GET"]}}],"collection":[{"href":"https:\/\/vetomshop.hu\/pl\/wp-json\/wp\/v2\/product"}],"about":[{"href":"https:\/\/vetomshop.hu\/pl\/wp-json\/wp\/v2\/types\/product"}],"replies":[{"embeddable":true,"href":"https:\/\/vetomshop.hu\/pl\/wp-json\/wp\/v2\/comments?post=4743"}],"wp:featuredmedia":[{"embeddable":true,"href":"https:\/\/vetomshop.hu\/pl\/wp-json\/wp\/v2\/media\/4742"}],"wp:attachment":[{"href":"https:\/\/vetomshop.hu\/pl\/wp-json\/wp\/v2\/media?parent=4743"}],"wp:term":[{"taxonomy":"product_brand","embeddable":true,"href":"https:\/\/vetomshop.hu\/pl\/wp-json\/wp\/v2\/product_brand?post=4743"},{"taxonomy":"product_cat","embeddable":true,"href":"https:\/\/vetomshop.hu\/pl\/wp-json\/wp\/v2\/product_cat?post=4743"},{"taxonomy":"product_tag","embeddable":true,"href":"https:\/\/vetomshop.hu\/pl\/wp-json\/wp\/v2\/product_tag?post=4743"}],"curies":[{"name":"wp","href":"https:\/\/api.w.org\/{rel}","templated":true}]}}