{"id":4745,"date":"2023-11-11T14:34:01","date_gmt":"2023-11-11T13:34:01","guid":{"rendered":"https:\/\/vetomshop.hu\/termek\/solo-medal\/"},"modified":"2023-11-11T14:34:01","modified_gmt":"2023-11-11T13:34:01","slug":"solo-medal","status":"publish","type":"product","link":"https:\/\/vetomshop.hu\/pl\/produkt\/solo-medal\/","title":{"rendered":"Wisiorek Solo"},"content":{"rendered":"<h4>SOLO Eg\u00e9szs\u00e9g Med\u00e1l<\/h4>\n<p><strong>G\u0142\u00f3wne funkcje:<\/strong><\/p>\n<p>Medal Solo to urz\u0105dzenie wspomagaj\u0105ce, kt\u00f3re wspiera mechanizmy obronne organizmu i aktywacj\u0119 uk\u0142adu odporno\u015bciowego.<\/p>\n<p>Zapewnia najwi\u0119ksz\u0105 pomoc w przypadku infekcji wirusowych i bakteryjnych.<\/p>\n<p><strong>Wp\u0142yw:<\/strong><\/p>\n<ul>\n<li>wsparcie wzmocnienia uk\u0142adu odporno\u015bciowego, wsparcie osi\u0105gni\u0119cia zmniejszonej reakcji na alergeny,<\/li>\n<li>wspomaganie leczenia infekcji wirusowych,<\/li>\n<li>wspieranie usuwania toksyn,<\/li>\n<li>wsparcie dzia\u0142ania antybakteryjnego i przeciwwirusowego.<\/li>\n<\/ul>\n<p><strong>Kiedy stosowa\u0107?<\/strong><\/p>\n<div class=\"su-spoiler su-spoiler-style-defoult su-spoiler-icon-caret su-spoiler-closed\" data-scroll-offset=\"0\" data-anchor-in-url=\"no\"><div class=\"su-spoiler-title\" tabindex=\"0\" role=\"button\"><span class=\"su-spoiler-icon\"><\/span>Wszystkie<\/div><div class=\"su-spoiler-content su-u-clearfix su-u-trim\">\nMedal Solo pozytywnie wp\u0142ywa na funkcjonalne funkcjonowanie organizmu, mo\u017cemy go stosowa\u0107 jako dodatkowe narz\u0119dzie koryguj\u0105ce i wspomagaj\u0105ce optymalizacj\u0119 w profilaktyce i leczeniu nast\u0119puj\u0105cych schorze\u0144:<\/p>\n<ul>\n<li>w przypadku g\u00f3rnych bakteryjnych i wirusowych infekcji dr\u00f3g oddechowych;<\/li>\n<li>w przypadkach stan\u00f3w zapalnych, o pod\u0142o\u017cu bakteryjno-alergicznym, zapalenie b\u0142ony \u015bluzowej nosa, zapalenie gard\u0142a, zapalenie krtani, zapalenie oskrzeli;<\/li>\n<li>w pocz\u0105tkowych stadiach chor\u00f3b autoimmunologicznych (astma oskrzelowa, astmatyczne zapalenie oskrzeli, reumatoidalne zapalenie staw\u00f3w, odmiedniczkowe i k\u0142\u0119buszkowe zapalenie nerek, autoimmunologiczne choroby tarczycy, choroby zastawek serca spowodowane reumatyzmem, choroby \u015br\u00f3db\u0142onka naczy\u0144 krwiono\u015bnych, zapalenie sk\u00f3ry wywo\u0142ane przez paciorkowce i gronkowce).<\/li>\n<\/ul>\n<p>Wa\u017cne ostrze\u017cenie: W przypadku wyst\u0105pienia objaw\u00f3w chor\u00f3b g\u00f3rnych i dolnych dr\u00f3g oddechowych nale\u017cy skonsultowa\u0107 si\u0119 z lekarzem. Opr\u00f3cz metod leczenia zalecanych przez lekarza, u\u017cywaj Wisiorka Solo jako dodatkowego narz\u0119dzia wspomagaj\u0105cego powr\u00f3t do zdrowia!<\/p>\n<\/div><\/div>","protected":false},"excerpt":{"rendered":"<p>SOLO Eg\u00e9szs\u00e9g Med\u00e1l F\u0151 funkci\u00f3i: A Solo Med\u00e1l kieg\u00e9sz\u00edt\u0151 eszk\u00f6z, mely a szervezet v\u00e9dekez\u0151 mechanizmusait \u00e9s az immunrendszer aktiv\u00e1l\u00e1s\u00e1t t\u00e1mogatja. V\u00edrusos \u00e9s bakteri\u00e1lis fert\u0151z\u00e9sek eset\u00e9n ny\u00fajtja a legnagyobb seg\u00edts\u00e9get. Hat\u00e1sa: immunrendszer er\u0151s\u00edt\u00e9s\u00e9nek t\u00e1mogat\u00e1sa, az allerg\u00e9nekre val\u00f3 cs\u00f6kkent reakci\u00f3 el\u00e9r\u00e9s\u00e9nek t\u00e1mogat\u00e1sa, a v\u00edrusos megbeteged\u00e9sek gy\u00f3gyul\u00e1s\u00e1nak t\u00e1mogat\u00e1sa, a toxikus anyagok kivezet\u00e9s\u00e9nek t\u00e1mogat\u00e1sa, antibakteri\u00e1lis \u00e9s v\u00edrus\u00f6l\u0151 hat\u00e1s t\u00e1mogat\u00e1sa. [&hellip;]<\/p>\n","protected":false},"featured_media":4744,"comment_status":"open","ping_status":"closed","template":"","meta":[],"product_brand":[],"product_cat":[33,32],"product_tag":[],"class_list":{"0":"post-4745","1":"product","2":"type-product","3":"status-publish","4":"has-post-thumbnail","6":"product_cat-egeszseg-medalok","7":"product_cat-triomed","9":"first","10":"instock","11":"taxable","12":"shipping-taxable","13":"purchasable","14":"product-type-simple"},"_links":{"self":[{"href":"https:\/\/vetomshop.hu\/pl\/wp-json\/wp\/v2\/product\/4745","targetHints":{"allow":["GET"]}}],"collection":[{"href":"https:\/\/vetomshop.hu\/pl\/wp-json\/wp\/v2\/product"}],"about":[{"href":"https:\/\/vetomshop.hu\/pl\/wp-json\/wp\/v2\/types\/product"}],"replies":[{"embeddable":true,"href":"https:\/\/vetomshop.hu\/pl\/wp-json\/wp\/v2\/comments?post=4745"}],"wp:featuredmedia":[{"embeddable":true,"href":"https:\/\/vetomshop.hu\/pl\/wp-json\/wp\/v2\/media\/4744"}],"wp:attachment":[{"href":"https:\/\/vetomshop.hu\/pl\/wp-json\/wp\/v2\/media?parent=4745"}],"wp:term":[{"taxonomy":"product_brand","embeddable":true,"href":"https:\/\/vetomshop.hu\/pl\/wp-json\/wp\/v2\/product_brand?post=4745"},{"taxonomy":"product_cat","embeddable":true,"href":"https:\/\/vetomshop.hu\/pl\/wp-json\/wp\/v2\/product_cat?post=4745"},{"taxonomy":"product_tag","embeddable":true,"href":"https:\/\/vetomshop.hu\/pl\/wp-json\/wp\/v2\/product_tag?post=4745"}],"curies":[{"name":"wp","href":"https:\/\/api.w.org\/{rel}","templated":true}]}}