{"id":4751,"date":"2023-11-11T14:34:02","date_gmt":"2023-11-11T13:34:02","guid":{"rendered":"https:\/\/vetomshop.hu\/termek\/vita-medal\/"},"modified":"2023-11-11T14:34:02","modified_gmt":"2023-11-11T13:34:02","slug":"vita-medal","status":"publish","type":"product","link":"https:\/\/vetomshop.hu\/pl\/produkt\/vita-medal\/","title":{"rendered":"Medal Debaty"},"content":{"rendered":"<h4>Medal Debaty<\/h4>\n<p><strong>G\u0142\u00f3wna funkcja:\u00a0<\/strong>Dodatkowe narz\u0119dzie do profilaktyki i wspomagania leczenia chor\u00f3b uk\u0142adu pokarmowego, aktywacji proces\u00f3w regeneracyjnych po chorobach.<\/p>\n<p><strong>Kr\u00f3tki opis<\/strong><\/p>\n<p>Widmo, kt\u00f3re jest przymocowane do Medalu Zdrowia \u017bycia, odpowiada wibracjom organ\u00f3w, tkanek i narz\u0105d\u00f3w uk\u0142adu trawiennego. Odpowiada r\u00f3wnie\u017c tym<br \/>\nPreparaty antyhomotoksyczne o wibracjach, kt\u00f3re maj\u0105 dzia\u0142anie immunomoduluj\u0105ce, przeciwzapalne i desensybilizuj\u0105ce (zmniejszaj\u0105ce wra\u017cliwo\u015b\u0107).<\/p>\n<p>Uk\u0142ad trawienny to zesp\u00f3\u0142 proces\u00f3w fizycznych, chemicznych i fizjologicznych, w kt\u00f3rych spo\u017cywane po\u017cywienie rozpada si\u0119 na proste wi\u0105zania chemiczne i staje si\u0119 przyswajalne dla kom\u00f3rek.<\/p>\n<div class=\"su-spoiler su-spoiler-style-defoult su-spoiler-icon-caret su-spoiler-closed\" data-scroll-offset=\"0\" data-anchor-in-url=\"no\"><div class=\"su-spoiler-title\" tabindex=\"0\" role=\"button\"><span class=\"su-spoiler-icon\"><\/span>Wszystkie<\/div><div class=\"su-spoiler-content su-u-clearfix su-u-trim\">\nProcesy te zachodz\u0105 w okre\u015blonej kolejno\u015bci w obr\u0119bie uk\u0142adu pokarmowego (w jamie ustnej, gardle, prze\u0142yku, \u017co\u0142\u0105dku, jelicie cienkim i grubym, przy udziale w\u0105troby, \u017c\u00f3\u0142ci i trzustki). Proces przebiega dzi\u0119ki r\u00f3\u017cnym poziomom mechanizm\u00f3w regulacyjnych. Sekwencyjna ci\u0105g\u0142o\u015b\u0107, w wyniku kt\u00f3rej pokarm rozk\u0142ada si\u0119 do przyswajalnych monomer\u00f3w, stanowi istot\u0119 funkcjonowania uk\u0142adu pokarmowego.<br \/>\n<\/div><\/div>","protected":false},"excerpt":{"rendered":"<p>Vita Med\u00e1l F\u0151 funkci\u00f3ja:\u00a0Kieg\u00e9sz\u00edt\u0151 eszk\u00f6z a az em\u00e9szt\u0151rendszeri betegs\u00e9gek megel\u0151z\u00e9s\u00e9re \u00e9s kieg\u00e9sz\u00edt\u0151 kezel\u00e9s\u00e9re, a betegs\u00e9gek ut\u00e1ni regener\u00e1ci\u00f3s folyamatok aktiv\u00e1l\u00e1s\u00e1ra. R\u00f6vid ismertet\u0151 A spektr\u00e1lis minta, mely a Vita Eg\u00e9szs\u00e9g Med\u00e1lon van r\u00f6gz\u00edtve, megfelel az em\u00e9szt\u0151rendszer szervei, sz\u00f6vetei \u00e9s szervei rezg\u00e9s\u00e9nek. Megfelel azoknak az antihomotoxikus k\u00e9sz\u00edtm\u00e9nyek rezg\u00e9s\u00e9nek, melyek immunmodul\u00e1l\u00f3, gyullad\u00e1scs\u00f6kkent\u0151, deszenzibiliz\u00e1l\u00f3 (\u00e9rz\u00e9kenys\u00e9get cs\u00f6kkent\u0151) hat\u00e1ssal b\u00edrnak. Az em\u00e9szt\u0151rendszer [&hellip;]<\/p>\n","protected":false},"featured_media":4750,"comment_status":"open","ping_status":"closed","template":"","meta":[],"product_brand":[],"product_cat":[33,32],"product_tag":[],"class_list":{"0":"post-4751","1":"product","2":"type-product","3":"status-publish","4":"has-post-thumbnail","6":"product_cat-egeszseg-medalok","7":"product_cat-triomed","9":"first","10":"instock","11":"taxable","12":"shipping-taxable","13":"purchasable","14":"product-type-simple"},"_links":{"self":[{"href":"https:\/\/vetomshop.hu\/pl\/wp-json\/wp\/v2\/product\/4751","targetHints":{"allow":["GET"]}}],"collection":[{"href":"https:\/\/vetomshop.hu\/pl\/wp-json\/wp\/v2\/product"}],"about":[{"href":"https:\/\/vetomshop.hu\/pl\/wp-json\/wp\/v2\/types\/product"}],"replies":[{"embeddable":true,"href":"https:\/\/vetomshop.hu\/pl\/wp-json\/wp\/v2\/comments?post=4751"}],"wp:featuredmedia":[{"embeddable":true,"href":"https:\/\/vetomshop.hu\/pl\/wp-json\/wp\/v2\/media\/4750"}],"wp:attachment":[{"href":"https:\/\/vetomshop.hu\/pl\/wp-json\/wp\/v2\/media?parent=4751"}],"wp:term":[{"taxonomy":"product_brand","embeddable":true,"href":"https:\/\/vetomshop.hu\/pl\/wp-json\/wp\/v2\/product_brand?post=4751"},{"taxonomy":"product_cat","embeddable":true,"href":"https:\/\/vetomshop.hu\/pl\/wp-json\/wp\/v2\/product_cat?post=4751"},{"taxonomy":"product_tag","embeddable":true,"href":"https:\/\/vetomshop.hu\/pl\/wp-json\/wp\/v2\/product_tag?post=4751"}],"curies":[{"name":"wp","href":"https:\/\/api.w.org\/{rel}","templated":true}]}}