{"id":4755,"date":"2023-11-11T14:34:03","date_gmt":"2023-11-11T13:34:03","guid":{"rendered":"https:\/\/vetomshop.hu\/termek\/menedzser-kartya\/"},"modified":"2023-11-11T14:34:03","modified_gmt":"2023-11-11T13:34:03","slug":"menedzser-kartya","status":"publish","type":"product","link":"https:\/\/vetomshop.hu\/pl\/produkt\/menedzser-kartya\/","title":{"rendered":"Karta mened\u017cera"},"content":{"rendered":"<h4>Do czego s\u0142u\u017cy KARTA MENED\u017bERA?<\/h4>\n<p><strong>KARTA MENED\u017bERA<\/strong> - urz\u0105dzenie do zapobiegania i leczenia chronicznego zm\u0119czenia i syndromu przepracowania, w celu zwi\u0119kszenia wydajno\u015bci pracy, aktywacji proces\u00f3w regeneracji po stresuj\u0105cych obci\u0105\u017ceniach i zwi\u0119kszenia odporno\u015bci.<\/p>\n<p>Dzia\u0142anie KARTY MENED\u017bERA wspomaga procesy poznawcze. Ma na celu aktywacj\u0119 proces\u00f3w pami\u0119ciowych, umo\u017cliwiaj\u0105c natychmiastowe zapami\u0119tywanie niezb\u0119dnych informacji, zwi\u0119kszaj\u0105c szybko\u015b\u0107 my\u015blenia, przywracaj\u0105c normalny przebieg proces\u00f3w fizjologicznych w kom\u00f3rkach i tkankach o\u015brodkowego uk\u0142adu nerwowego, zwi\u0119kszaj\u0105c ich stabilno\u015b\u0107 przed szkodliwym wp\u0142ywem \u015bwiata zewn\u0119trznego.<\/p>\n<p><strong>Efekty:<\/strong><\/p>\n<ul>\n<li>wspomaga kr\u0105\u017cenie krwi i procesy metaboliczne w o\u015brodkowym uk\u0142adzie nerwowym oraz pomaga przywr\u00f3ci\u0107 funkcje o\u015brodkowego uk\u0142adu nerwowego;<\/li>\n<li>pomaga poprawi\u0107 pami\u0119\u0107, umo\u017cliwiaj\u0105c przyswajanie wi\u0119kszej ilo\u015bci informacji;<\/li>\n<li>wspomaga koncentracj\u0119,<\/li>\n<li>zmniejsza zm\u0119czenie podczas aktywno\u015bci;<\/li>\n<li>zmniejsza napi\u0119cie neuro-emocjonalne podczas korzystania z komputera;<\/li>\n<li>harmonizuje postaw\u0119 emocjonalno-psychiczn\u0105;<\/li>\n<li>poprawia intuicj\u0119,<\/li>\n<li>pomaga zapobiega\u0107 rozwojowi przewlek\u0142ego stresu i zm\u0119czenia.<\/li>\n<\/ul>\n<div class=\"su-spoiler su-spoiler-style-defoult su-spoiler-icon-caret su-spoiler-closed\" data-scroll-offset=\"0\" data-anchor-in-url=\"no\"><div class=\"su-spoiler-title\" tabindex=\"0\" role=\"button\"><span class=\"su-spoiler-icon\"><\/span>Wszystkie<\/div><div class=\"su-spoiler-content su-u-clearfix su-u-trim\">\n<strong>Z pomoc\u0105:<\/strong><\/p>\n<ul>\n<li>skupi si\u0119 na najwa\u017cniejszych rzeczach,<\/li>\n<li>promuje pozytywne nastawienie do \u017cycia i rozw\u00f3j determinacji,<\/li>\n<li>pomaga skupi\u0107 si\u0119 na sukcesie i celu,<\/li>\n<li>wspiera poczucie osi\u0105gni\u0119\u0107, pewno\u015b\u0107 siebie i wiar\u0119 w powodzenie celu!<\/li>\n<\/ul>\n<\/div><\/div>","protected":false},"excerpt":{"rendered":"<p>Mire szolg\u00e1l a MENEDZSER K\u00c1RTYA? MENEDZSER K\u00c1RTYA \u2013 a kr\u00f3nikus f\u00e1rad\u00e9konys\u00e1g \u00e9s a t\u00falhajszolts\u00e1g szindr\u00f3m\u00e1ja megel\u0151z\u00e9s\u00e9re \u00e9s kezel\u00e9s\u00e9re, a munkab\u00edr\u00e1s n\u00f6vel\u00e9s\u00e9re, az \u00e1tv\u00e9szelt stressz-megterhel\u00e9seket k\u00f6vet\u0151 regener\u00e1ci\u00f3s folyamatok aktiviz\u00e1l\u00e1s\u00e1ra, az immunit\u00e1s n\u00f6vel\u00e9s\u00e9re szolg\u00e1l\u00f3 k\u00e9sz\u00fcl\u00e9k. A MENEDZSER K\u00c1RTYA m\u0171k\u00f6d\u00e9se a kognit\u00edv folyamatok m\u0171k\u00f6d\u00e9s\u00e9t t\u00e1mogatja. Az eml\u00e9kez\u00e9s folyamatainak aktiviz\u00e1l\u00e1s\u00e1ra, a sz\u00fcks\u00e9ges inform\u00e1ci\u00f3 azonnali memoriz\u00e1l\u00e1s\u00e1nak lehet\u0151s\u00e9g\u00e9re, a gondolkod\u00e1s sebess\u00e9g\u00e9nek [&hellip;]<\/p>\n","protected":false},"featured_media":4754,"comment_status":"open","ping_status":"closed","template":"","meta":[],"product_brand":[],"product_cat":[33,32],"product_tag":[],"class_list":{"0":"post-4755","1":"product","2":"type-product","3":"status-publish","4":"has-post-thumbnail","6":"product_cat-egeszseg-medalok","7":"product_cat-triomed","9":"first","10":"instock","11":"taxable","12":"shipping-taxable","13":"purchasable","14":"product-type-simple"},"_links":{"self":[{"href":"https:\/\/vetomshop.hu\/pl\/wp-json\/wp\/v2\/product\/4755","targetHints":{"allow":["GET"]}}],"collection":[{"href":"https:\/\/vetomshop.hu\/pl\/wp-json\/wp\/v2\/product"}],"about":[{"href":"https:\/\/vetomshop.hu\/pl\/wp-json\/wp\/v2\/types\/product"}],"replies":[{"embeddable":true,"href":"https:\/\/vetomshop.hu\/pl\/wp-json\/wp\/v2\/comments?post=4755"}],"wp:featuredmedia":[{"embeddable":true,"href":"https:\/\/vetomshop.hu\/pl\/wp-json\/wp\/v2\/media\/4754"}],"wp:attachment":[{"href":"https:\/\/vetomshop.hu\/pl\/wp-json\/wp\/v2\/media?parent=4755"}],"wp:term":[{"taxonomy":"product_brand","embeddable":true,"href":"https:\/\/vetomshop.hu\/pl\/wp-json\/wp\/v2\/product_brand?post=4755"},{"taxonomy":"product_cat","embeddable":true,"href":"https:\/\/vetomshop.hu\/pl\/wp-json\/wp\/v2\/product_cat?post=4755"},{"taxonomy":"product_tag","embeddable":true,"href":"https:\/\/vetomshop.hu\/pl\/wp-json\/wp\/v2\/product_tag?post=4755"}],"curies":[{"name":"wp","href":"https:\/\/api.w.org\/{rel}","templated":true}]}}