{"id":5820,"date":"2024-06-01T18:26:31","date_gmt":"2024-06-01T16:26:31","guid":{"rendered":"https:\/\/vetomshop.hu\/?post_type=product&#038;p=5820"},"modified":"2026-04-12T08:27:56","modified_gmt":"2026-04-12T06:27:56","slug":"vetom-1-1-probiotikum-por-500-g-etrend-kiegeszito","status":"publish","type":"product","link":"https:\/\/vetomshop.hu\/pl\/produkt\/vetom-1-1-probiotikum-por-500-g-etrend-kiegeszito\/","title":{"rendered":"Vetom <span style=\"color:red\">1.1<\/span> probiotyk <br>por <span style=\"color:red\">500 g<\/span> (suplement diety)"},"content":{"rendered":"<p>Korzystny wp\u0142yw <strong>Bacillus subtilis<\/strong> korzystne bakterie, kt\u00f3re namna\u017caj\u0105 si\u0119 g\u0142\u00f3wnie w jelicie grubym i wytwarzaj\u0105: enzymy proteolityczne, amylolityczne, celulolityczne; ludzki leukocyt a-2 interferon; bacytracyn\u0119 mg, kt\u00f3ra hamuje wzrost i rozw\u00f3j patogennej i potencjalnie patogennej mikroflory; oraz inne substancje biologicznie czynne.<\/p>\n<p>W konsekwencji sk\u0142ad bakteryjny tre\u015bci jelitowej przekszta\u0142ca si\u0119 w prawid\u0142ow\u0105 norm\u0119 rozwojow\u0105, \u015bciany jelit s\u0105 oczyszczane z niestrawionych resztek, co przyczynia si\u0119 do aktywnego usuwania toksyn z organizmu, niezak\u0142\u00f3conego transportu biologicznie aktywnych sk\u0142adnik\u00f3w od\u017cywczych.<\/p>\n<p>Pod wp\u0142ywem Vetom 1.1 normalizuje si\u0119 metabolizm, trawienie i wch\u0142anianie biologicznie aktywnych sk\u0142adnik\u00f3w \u017cywno\u015bci w przewodzie pokarmowym.<\/p>\n<p>Uwielbiany przez dzieci produkt, kt\u00f3ry jest pysznie s\u0142odki i mo\u017ce by\u0107 spo\u017cywany doustnie.<\/p>\n<p>Vetom 1.1 zwi\u0119ksza skuteczno\u015b\u0107 lek\u00f3w i zmniejsza ich negatywne skutki uboczne na organizm ludzki.<\/p>\n<p>To nie jest lek.<\/p>\n<p><strong>Efekty farmakologiczne<\/strong>immunomoduluj\u0105ce, przeciwwirusowe, antyproliferacyjne, bakteriob\u00f3jcze, grzybob\u00f3jcze, przeciwchlamydialne.<\/p>\n<h5>Cechy:<\/h5>\n<ul>\n<li>Ma wysok\u0105 aktywno\u015b\u0107 antagonistyczn\u0105 wobec patogennych i warunkowo patogennych grzyb\u00f3w i bakterii, w\u0142a\u015bciwo\u015bci przeciwwirusowe, proteolityczne, amy lityczne, celulolityczne<\/li>\n<li>stymuluje kom\u00f3rkowe i humoralne czynniki odporno\u015bci<\/li>\n<li>zwi\u0119ksza niespecyficzn\u0105 odporno\u015b\u0107 organizmu<\/li>\n<li>stabilizuje odporno\u015b\u0107 alergiczn\u0105<\/li>\n<li>normalizuje metabolizm<\/li>\n<\/ul>\n<p>- BRAK EFEKT\u00d3W UBOCZNYCH<br \/>\n- BRAK OGRANICZE\u0143 WIEKOWYCH<br \/>\n- BRAK PRZEDAWKOWANIA<br \/>\n- NIE UZALE\u017bNIA<\/p>\n<h5>Obszar u\u017cytkowania<\/h5>\n<p>Stosowanie probiotycznych mikroorganizm\u00f3w jako biologicznie aktywnego dodatku do \u017cywno\u015bci jest zalecane w celu naprawy przewodu pokarmowego i przywr\u00f3cenia mikroflory jelitowej.<\/p>\n<p><em><strong>Dawkowanie:<\/strong><\/em> zalecane przez 10 dni, 3-5 \u0142y\u017ceczek proszku dziennie przed, w trakcie lub po posi\u0142ku, samodzielnie (mo\u017cna r\u00f3wnie\u017c pi\u0107 z wod\u0105 lub sokiem). .<\/p>\n<p>Vetom 1.1 nie uzale\u017cnia.<\/p>\n<p>Zaleca si\u0119 powt\u00f3rzenie kuracji po 1-2 tygodniach przerwy i zaleca si\u0119 zmian\u0119 na inny numerowany produkt Vetom w odst\u0119pach czasu.<\/p>\n<h5>Przeciwwskazania<\/h5>\n<p>Nadwra\u017cliwo\u015b\u0107 na niekt\u00f3re sk\u0142adniki produktu.<\/p>\n<p>Nie nale\u017cy przyjmowa\u0107 leku Vetom 1.1 jednocze\u015bnie z antybiotykami i innymi probiotykami.<\/p>\n<h5>Instrukcje specjalne<\/h5>\n<p>Stosowanie w okresie ci\u0105\u017cy i karmienia piersi\u0105 wy\u0142\u0105cznie po konsultacji z lekarzem.<\/p>\n<p>Preparat nie wp\u0142ywa na zdolno\u015b\u0107 prowadzenia pojazd\u00f3w ani obs\u0142ugi potencjalnie niebezpiecznych mechanizm\u00f3w.<\/p>\n<h5>Dozowanie<\/h5>\n<p><strong>W postaci proszku, pakowany w polimerowe s\u0142oiki<\/strong><\/p>\n<h5><strong>Sk\u0142adniki:<\/strong><\/h5>\n<p>Vetom 1.1. jest biologicznie aktywnym dodatkiem stosowanym jako dodatkowe \u017ar\u00f3d\u0142o probiotycznych mikroorganizm\u00f3w. 1 porcja suplementu diety - 5 g, kt\u00f3ry ,<\/p>\n<p>zawiera: ekstrakt z kukurydzy - 2000 mg; skrobia ziemniaczana - 1500 mg; cukier puder - 1000 mg; sucha kultura mikroorganizm\u00f3w probiotycznych Bacillus subtilis B-10641 (DSM 24613) szczep 1\u00d7108 CFU\/g - 500 mg. Vetom 1.1 podaje si\u0119 doustnie.<\/p>\n<p>Zawarto\u015b\u0107 na 100 g produktu (warto\u015bci \u015brednie): t\u0142uszcz - maksymalnie 0,1 g, bia\u0142ka - maksymalnie 1,0 g, w\u0119glowodany - minimum 98,9 g. Warto\u015b\u0107 energetyczna - maksymalnie 400 Kcal.<\/p>\n<h5>Warunki przechowywania<\/h5>\n<p>Mo\u017ce by\u0107 przechowywany przy wilgotno\u015bci wzgl\u0119dnej 75 % poni\u017cej 30\u00b0C.<\/p>\n<h5>Okres trwa\u0142o\u015bci<\/h5>\n<p>2 lata od daty produkcji. Nie spo\u017cywa\u0107 po up\u0142ywie daty wa\u017cno\u015bci.<\/p>\n<p>Waga netto - 500 g<\/p>\n<p>Waga brutto - 547 g<\/p>","protected":false},"excerpt":{"rendered":"<p>Korzystny wp\u0142yw <strong>Bacillus subtilis<\/strong> po\u017cyteczne bakterie, kt\u00f3re s\u0105 produkowane g\u0142\u00f3wnie poprzez namna\u017canie si\u0119 w jelicie grubym:<\/p>\n<ul class=\"vetom-list\">\n<li>enzymy proteolityczne, amylolityczne, celulozolityczne;<\/li>\n<li>interferonu a-2 w ludzkich leukocytach;<\/li>\n<li>mg bacytracyny, kt\u00f3re hamuj\u0105 wzrost i rozw\u00f3j patogennej i potencjalnie patogennej mikroflory;<\/li>\n<li>i inne substancje biologicznie czynne.<\/li>\n<\/ul>\n<p>W konsekwencji sk\u0142ad bakteryjny tre\u015bci jelitowej przekszta\u0142ca si\u0119 w prawid\u0142ow\u0105 norm\u0119 rozwojow\u0105, \u015bciany jelit s\u0105 oczyszczane z niestrawionych resztek, co przyczynia si\u0119 do aktywnego usuwania toksyn z organizmu, niezak\u0142\u00f3conego transportu biologicznie aktywnych sk\u0142adnik\u00f3w od\u017cywczych.<\/p>\n<div class=\"plashka\">A <strong>Vetom <span style=\"color: red;\">1.1<\/span><\/strong> normalizuje metabolizm, trawienie i wch\u0142anianie biologicznie aktywnych sk\u0142adnik\u00f3w \u017cywno\u015bci w przewodzie pokarmowym.<\/div>\n<p>Przyjazny dla dzieci produkt, kt\u00f3ry jest pysznie s\u0142odki i mo\u017ce by\u0107 spo\u017cywany samodzielnie.<\/p>\n<p>A <strong>Vetom <span style=\"color: red;\">1.1<\/span><\/strong> zwi\u0119ksza skuteczno\u015b\u0107 lek\u00f3w i zmniejsza ich negatywne skutki uboczne na organizm ludzki.<\/p>\n<p>To nie jest lek.<\/p>\n<div class=\"plashka\"><strong>Efekty farmakologiczne<\/strong>immunomoduluj\u0105ce, przeciwwirusowe, antyproliferacyjne, bakteriob\u00f3jcze, grzybob\u00f3jcze, przeciwchlamydialne.<\/div>\n<h5>Cechy:<\/h5>\n<ul class=\"vetom-list\">\n<li>Ma wysok\u0105 aktywno\u015b\u0107 antagonistyczn\u0105 wobec patogennych i warunkowo patogennych grzyb\u00f3w i bakterii, w\u0142a\u015bciwo\u015bci przeciwwirusowe, proteolityczne, amy lityczne, celulolityczne<\/li>\n<li>stymuluje kom\u00f3rkowe i humoralne czynniki odporno\u015bci<\/li>\n<li>zwi\u0119ksza niespecyficzn\u0105 odporno\u015b\u0107 organizmu<\/li>\n<li>stabilizuje odporno\u015b\u0107 alergiczn\u0105<\/li>\n<li>normalizuje metabolizm<\/li>\n<\/ul>","protected":false},"featured_media":5821,"comment_status":"open","ping_status":"closed","template":"","meta":[],"product_brand":[],"product_cat":[22],"product_tag":[],"class_list":{"0":"post-5820","1":"product","2":"type-product","3":"status-publish","4":"has-post-thumbnail","6":"product_cat-vetom-probiotikumok","8":"first","9":"instock","10":"featured","11":"taxable","12":"shipping-taxable","13":"purchasable","14":"product-type-simple"},"_links":{"self":[{"href":"https:\/\/vetomshop.hu\/pl\/wp-json\/wp\/v2\/product\/5820","targetHints":{"allow":["GET"]}}],"collection":[{"href":"https:\/\/vetomshop.hu\/pl\/wp-json\/wp\/v2\/product"}],"about":[{"href":"https:\/\/vetomshop.hu\/pl\/wp-json\/wp\/v2\/types\/product"}],"replies":[{"embeddable":true,"href":"https:\/\/vetomshop.hu\/pl\/wp-json\/wp\/v2\/comments?post=5820"}],"wp:featuredmedia":[{"embeddable":true,"href":"https:\/\/vetomshop.hu\/pl\/wp-json\/wp\/v2\/media\/5821"}],"wp:attachment":[{"href":"https:\/\/vetomshop.hu\/pl\/wp-json\/wp\/v2\/media?parent=5820"}],"wp:term":[{"taxonomy":"product_brand","embeddable":true,"href":"https:\/\/vetomshop.hu\/pl\/wp-json\/wp\/v2\/product_brand?post=5820"},{"taxonomy":"product_cat","embeddable":true,"href":"https:\/\/vetomshop.hu\/pl\/wp-json\/wp\/v2\/product_cat?post=5820"},{"taxonomy":"product_tag","embeddable":true,"href":"https:\/\/vetomshop.hu\/pl\/wp-json\/wp\/v2\/product_tag?post=5820"}],"curies":[{"name":"wp","href":"https:\/\/api.w.org\/{rel}","templated":true}]}}