{"id":6957,"date":"2025-07-26T15:40:40","date_gmt":"2025-07-26T13:40:40","guid":{"rendered":"https:\/\/vetomshop.hu\/?post_type=product&#038;p=6957"},"modified":"2025-12-31T14:57:45","modified_gmt":"2025-12-31T13:57:45","slug":"bioseptin-probiotikus-kenocs-60-g","status":"publish","type":"product","link":"https:\/\/vetomshop.hu\/pl\/produkt\/bioseptin-probiotikus-kenocs-60-g\/","title":{"rendered":"Ma\u015b\u0107 probiotyczna Bioseptin <span style=\"color:red\">60<\/span> g"},"content":{"rendered":"<p><span style=\"font-size: x-large;\"><b>Bioseptin Ma\u015b\u0107 Probiotyczna 60 g<\/b><\/span><\/p>\n<p><span style=\"font-size: x-large;\">Ma\u015b\u0107 Bioseptin ma w\u0142a\u015bciwo\u015bci antyseptyczne, przeciwzapalne i rozbijaj\u0105ce bia\u0142ka. Zawiera przetrwalniki bakterii Bacillus subtilis i Bacillus licheniformis, kt\u00f3re skutecznie zwalczaj\u0105 szeroki zakres patogen\u00f3w. Niszcz\u0105 bakterie chorobotw\u00f3rcze na powierzchni rany, zar\u00f3wno w \u015brodowisku wymagaj\u0105cym tlenu, jak i beztlenowym, zw\u0142aszcza bakterie Gram-dodatnie. Pomagaj\u0105 rozk\u0142ada\u0107 martw\u0105 tkank\u0119 i szkodliwe bakterie, zapobiegaj\u0105c ponownemu zaka\u017ceniu i przyspieszaj\u0105c gojenie si\u0119 ran. Ma\u015b\u0107 nie powoduje podra\u017cnie\u0144 i nie wywo\u0142uje reakcji alergicznych.<\/span><\/p>\n<p><span style=\"font-size: x-large;\"><b>Sk\u0142ad i prezentacja:<\/b><\/span><\/p>\n<p><span style=\"font-size: x-large;\">Ma\u015b\u0107 zawiera zarodniki dw\u00f3ch szczep\u00f3w bakterii w agarowej (\u017celowej) bazie i alkoholu etylowym. Nie zawiera sk\u0142adnik\u00f3w modyfikowanych genetycznie. Ka\u017cdy gram ma\u015bci zawiera co najmniej milion \u017cywych kom\u00f3rek bakteryjnych.<\/span><\/p>\n<p>Kilka kraj\u00f3w nale\u017c\u0105cych do organizacji mi\u0119dzynarodowej wsp\u00f3lnie wprowadzi\u0142o zakaz handlu (embargo) na produkty kosmetyczne, dlatego ma\u015b\u0107 Bioseptin zosta\u0142a zarejestrowana na W\u0119grzech jako weterynaryjny produkt leczniczy. .<\/p>\n<p><span style=\"font-size: x-large;\"><b>Jak u\u017cywa\u0107:<\/b><\/span><\/p>\n<p><span style=\"font-size: x-large;\">Nale\u017cy go stosowa\u0107 zewn\u0119trznie, cienko rozsmarowuj\u0105c na uszkodzonym obszarze sk\u00f3ry, 1-2 razy dziennie a\u017c do wygojenia. Leczony obszar nie musi by\u0107 opatrywany.<\/span><\/p>\n<p><span style=\"font-size: x-large;\"><b>Kiedy nie u\u017cywa\u0107:<\/b><\/span><\/p>\n<p><span style=\"font-size: x-large;\">\u00a0 \u00a0Je\u015bli jeste\u015b wra\u017cliwy na kt\u00f3rykolwiek ze sk\u0142adnik\u00f3w tego produktu, nie jest on zalecany. Nie nale\u017cy go r\u00f3wnie\u017c stosowa\u0107 w po\u0142\u0105czeniu z antybiotykami, sulfonamidami lub innymi preparatami na bazie bakterii.<\/span><\/p>\n<p><span style=\"font-size: x-large;\"><b>Wa\u017cne informacje:<\/b><\/span><\/p>\n<p><span style=\"font-size: x-large;\"><span style=\"color: #127622;\"><b>U ludzi, stosowanie ma\u015bci:<\/b><\/span><\/span><\/p>\n<p><span style=\"font-size: large;\">Nak\u0142adaj cienk\u0105 warstw\u0119 1-2 razy dziennie na dotkni\u0119ty obszar, a\u017c rana si\u0119 zagoi.<\/span><\/p>\n<p><span style=\"font-size: large;\">Przedawkowanie nie jest mo\u017cliwe.<\/span><\/p>\n<p><span style=\"font-size: x-large;\"><span style=\"color: #127622;\"><b>W przypadku zwierz\u0105t stosowanie ma\u015bci:<\/b><\/span><\/span><\/p>\n<p><span style=\"font-size: x-large;\">Po poddaniu zwierz\u0105t obr\u00f3bce nie ma czasu oczekiwania, zanim ich mi\u0119so lub inne produkty (np. jaja, mleko) b\u0119d\u0105 mog\u0142y zosta\u0107 wykorzystane jako \u017cywno\u015b\u0107 - tj. mog\u0105 zosta\u0107 natychmiast skonsumowane.<\/span><\/p>\n<p><span style=\"font-size: x-large;\"><b>Obszary zastosowa\u0144:<\/b><\/span><\/p>\n<p><span style=\"font-size: x-large;\">Mo\u017ce by\u0107 stosowany do leczenia ran, zaka\u017conych lub martwych tkanek, oparze\u0144 i zapalenia sk\u00f3ry u r\u00f3\u017cnych gatunk\u00f3w zwierz\u0105t - domowych, hodowlanych, dzikich i futerkowych oraz drobiu.<\/span><\/p>\n<p><span style=\"font-size: x-large;\"><b>Efekty uboczne:<\/b><\/span><\/p>\n<p><span style=\"font-size: x-large;\">Przy prawid\u0142owym stosowaniu skutki uboczne s\u0105 rzadkie lub nie wyst\u0119puj\u0105 wcale.<\/span><\/p>\n<p><span style=\"font-size: x-large;\"><b>Przechowywanie :<\/b><\/span><\/p>\n<p><span style=\"font-size: x-large;\">Ma\u015b\u0107 nale\u017cy przechowywa\u0107 w ch\u0142odnym (0-10 \u00b0C), suchym i ciemnym miejscu, niedost\u0119pnym dla dzieci i zwierz\u0105t. Podczas transportu powinna pozostawa\u0107 w temperaturze 20\u00b0C przez maksymalnie 2 tygodnie. Mo\u017cna stosowa\u0107 przez 2 lata od daty produkcji.<\/span><\/p>","protected":false},"excerpt":{"rendered":"<p>A <strong>Ma\u015b\u0107 Bioseptin<\/strong> w\u0142a\u015bciwo\u015bci antyseptyczne, przeciwzapalne i proteolityczne. Zawiera <strong>Bacillus subtilis<\/strong> oraz <strong>Bacillus licheniformis<\/strong> s\u0105 skuteczne przeciwko szerokiemu zakresowi patogen\u00f3w. Zabijaj\u0105 patogenne bakterie na powierzchni rany, niezale\u017cnie od tego, czy \u017cyj\u0105 w \u015brodowisku wymagaj\u0105cym tlenu, czy beztlenowym, zw\u0142aszcza typy Gram-dodatnie. Pomagaj\u0105 rozk\u0142ada\u0107 martw\u0105 tkank\u0119 i szkodliwe bakterie, zapobiegaj\u0105c ponownemu zaka\u017ceniu i przyspieszaj\u0105c gojenie si\u0119 ran. Ma\u015b\u0107 nie powoduje podra\u017cnie\u0144 i nie wywo\u0142uje reakcji alergicznych.<\/p>\n<div class=\"plashka\">\n<h5>W\u0142a\u015bciwo\u015bci i mechanizm dzia\u0142ania:<br \/>\nBioseptin - ma\u015b\u0107 o w\u0142a\u015bciwo\u015bciach piel\u0119gnacyjnych, antyseptycznych, przeciwzapalnych i proteolitycznych.<\/h5>\n<\/div>","protected":false},"featured_media":6958,"comment_status":"open","ping_status":"closed","template":"","meta":[],"product_brand":[],"product_cat":[22],"product_tag":[],"class_list":{"0":"post-6957","1":"product","2":"type-product","3":"status-publish","4":"has-post-thumbnail","6":"product_cat-vetom-probiotikumok","8":"first","9":"outofstock","10":"taxable","11":"shipping-taxable","12":"purchasable","13":"product-type-simple"},"_links":{"self":[{"href":"https:\/\/vetomshop.hu\/pl\/wp-json\/wp\/v2\/product\/6957","targetHints":{"allow":["GET"]}}],"collection":[{"href":"https:\/\/vetomshop.hu\/pl\/wp-json\/wp\/v2\/product"}],"about":[{"href":"https:\/\/vetomshop.hu\/pl\/wp-json\/wp\/v2\/types\/product"}],"replies":[{"embeddable":true,"href":"https:\/\/vetomshop.hu\/pl\/wp-json\/wp\/v2\/comments?post=6957"}],"wp:featuredmedia":[{"embeddable":true,"href":"https:\/\/vetomshop.hu\/pl\/wp-json\/wp\/v2\/media\/6958"}],"wp:attachment":[{"href":"https:\/\/vetomshop.hu\/pl\/wp-json\/wp\/v2\/media?parent=6957"}],"wp:term":[{"taxonomy":"product_brand","embeddable":true,"href":"https:\/\/vetomshop.hu\/pl\/wp-json\/wp\/v2\/product_brand?post=6957"},{"taxonomy":"product_cat","embeddable":true,"href":"https:\/\/vetomshop.hu\/pl\/wp-json\/wp\/v2\/product_cat?post=6957"},{"taxonomy":"product_tag","embeddable":true,"href":"https:\/\/vetomshop.hu\/pl\/wp-json\/wp\/v2\/product_tag?post=6957"}],"curies":[{"name":"wp","href":"https:\/\/api.w.org\/{rel}","templated":true}]}}