{"id":7033,"date":"2025-08-19T14:24:55","date_gmt":"2025-08-19T12:24:55","guid":{"rendered":"https:\/\/vetomshop.hu\/?post_type=product&#038;p=7033"},"modified":"2025-10-21T17:32:52","modified_gmt":"2025-10-21T15:32:52","slug":"honey-vetom-biologiailag-aktiv-etrend-kiegeszito-60-ml","status":"publish","type":"product","link":"https:\/\/vetomshop.hu\/pl\/produkt\/honey-vetom-biologiailag-aktiv-etrend-kiegeszito-60-ml\/","title":{"rendered":"Mi\u00f3d Vetom - biologicznie aktywny suplement diety <span style=\"color:red\">60<\/span> ml"},"content":{"rendered":"<p><span style=\"font-size: x-large;\"><b>Mi\u00f3d Vetom - Biologicznie aktywny suplement diety 60 g<\/b><\/span><\/p>\n<h5><strong>Sk\u0142ad (1 porcja = 10 g):<\/strong><\/h5>\n<p>* Naturalny mi\u00f3d: 8 g<\/p>\n<p>* Sfermentowany ekstrakt z kukurydzy (z Bacillus subtilis VKPM B-10641): 1 g (zawiera 1\u00d710\u2076 CFU\/g bakterii)<\/p>\n<h5><strong>Warto\u015b\u0107 od\u017cywcza w 10 g:<\/strong><\/h5>\n<ul class=\"vetom-list\">\n<li>\u00a0 * T\u0142uszcz: 0 g<\/li>\n<li>\u00a0 * W\u0119glowodany: 8 g<\/li>\n<li>\u00a0 * Bia\u0142ko: 0,08 g<\/li>\n<li>\u00a0 * Energia: 31,4 kcal<\/li>\n<\/ul>\n<h5><strong>Opis:<\/strong><\/h5>\n<ul class=\"vetom-list\">\n<li>G\u0119sta, jednorodna substancja na bazie miodu<\/li>\n<li>Kolor: od bia\u0142ego do ciemnobr\u0105zowego<\/li>\n<li>Tekstura: cz\u0119\u015bciowo lub ca\u0142kowicie skrystalizowana<\/li>\n<li>Zapach: przyjemny zapach miodu<\/li>\n<li>Smak: s\u0142odki, bez obcych posmak\u00f3w<\/li>\n<\/ul>\n<h5><strong>Dozowanie:<\/strong><\/h5>\n<ul class=\"vetom-list\">\n<li>Tubka 60 ml<\/li>\n<li>W kartonowym pude\u0142ku z ulotk\u0105 informacyjn\u0105<\/li>\n<\/ul>\n<h5><strong>Dlaczego jest to zalecane?<\/strong><\/h5>\n<ul class=\"vetom-list\">\n<li>Wzbogacony biologicznie aktywnymi substancjami mikroorganizm\u00f3w probiotycznych<\/li>\n<li>Wspomaga flor\u0119 jelitow\u0105 i funkcje odporno\u015bciowe<\/li>\n<li>R\u00f3wnie\u017c \u017ar\u00f3d\u0142o fruktozy<\/li>\n<\/ul>\n<h5><strong>Stosowanie i dawkowanie:<\/strong><\/h5>\n<p>Nie jest lekiem<\/p>\n<ul class=\"vetom-list\">\n<li>Doro\u015bli: 3 razy dziennie, w r\u00f3wnych odst\u0119pach czasu, przez 10 dni.<\/li>\n<li>Jedna porcja: 10 g (oko\u0142o 1 \u0142y\u017ceczki)<\/li>\n<li>Mo\u017ce by\u0107 przyjmowany z jedzeniem lub bez (przed, w trakcie lub po).<\/li>\n<li>Zalecane powtarzanie co 3 miesi\u0105ce<\/li>\n<\/ul>\n<h5><strong>Przechowywanie:<\/strong><\/h5>\n<div class=\"plashka\">\n<p>* Suche, ch\u0142odne miejsce* Chronione przed \u015bwiat\u0142em s\u0142onecznym<\/p>\n<p>* Maks. przy +20 \u00b0C<\/p>\n<p>* Po otwarciu: mo\u017ce by\u0107 u\u017cywany przez 12 miesi\u0119cy<\/p>\n<p>* Data wa\u017cno\u015bci: 2 lata od daty produkcji<\/p>\n<\/div>\n<p><strong>Ostrze\u017cenia:<\/strong><\/p>\n<p><strong>Niezalecane:<\/strong><\/p>\n<ul>\n<li>W przypadku indywidualnej wra\u017cliwo\u015bci lub alergii<\/li>\n<li>Dla kobiet w ci\u0105\u017cy, karmi\u0105cych piersi\u0105 i poni\u017cej 18 roku \u017cycia<\/li>\n<li>Dla diabetyk\u00f3w<\/li>\n<li>W przypadku raka<\/li>\n<li>Nie nale\u017cy przekracza\u0107 zalecanej dawki dziennej!<\/li>\n<li>Przed u\u017cyciem nale\u017cy skonsultowa\u0107 si\u0119 z lekarzem<\/li>\n<\/ul>\n<p>Zawarto\u015b\u0107 fruktozy (na 30 g dziennie):<\/p>\n<p>12 g fruktozy, co stanowi 68,6% zalecanego dziennego spo\u017cycia (zgodnie z ustalonymi normami)<\/p>\n<p><strong>Informacje marketingowe:<\/strong><\/p>\n<p><strong>Producent:<\/strong> OOO NPF Issledovatelsky Tsentr, Nowosybirsk, Rosja<\/p>\n<p><strong>Dystrybutor:<\/strong> Cemmedic Europe Ltd., Zichy\u00fajfalu, W\u0119gry<\/p>\n<p>+36305573846, vetomshop.hu@gmail.com<\/p>","protected":false},"excerpt":{"rendered":"<div class=\"plashka\">\n<h5><strong>Sk\u0142ad (1 porcja = 10 g):<\/strong><\/h5>\n<p>- Naturalny mi\u00f3d: 8 g<br \/>\n- Sfermentowany ekstrakt z kukurydzy (Bacillus subtilis VKPM B-10641): 1 g (zawiera 1\u00d710\u2076 CFU\/g bakterii)<\/p>\n<\/div>\n<h5><strong>Opis:<\/strong><\/h5>\n<ul class=\"vetom-list\">\n<li>G\u0119sta, jednorodna substancja na bazie miodu<\/li>\n<li>Kolor: od bia\u0142ego do ciemnobr\u0105zowego<\/li>\n<li>Tekstura: cz\u0119\u015bciowo lub ca\u0142kowicie skrystalizowana<\/li>\n<li>Zapach: przyjemny zapach miodu<\/li>\n<li>Smak: s\u0142odki, bez obcych posmak\u00f3w<\/li>\n<\/ul>\n<div class=\"plashka\">\n<h5><strong>Dlaczego jest to zalecane?<\/strong><\/h5>\n<ul class=\"vetom-list\">\n<li>Wzbogacony biologicznie aktywnymi substancjami mikroorganizm\u00f3w probiotycznych<\/li>\n<li>Wspomaga flor\u0119 jelitow\u0105 i funkcje odporno\u015bciowe<\/li>\n<li>R\u00f3wnie\u017c \u017ar\u00f3d\u0142o fruktozy<\/li>\n<\/ul>\n<\/div>","protected":false},"featured_media":7034,"comment_status":"open","ping_status":"closed","template":"","meta":[],"product_brand":[],"product_cat":[37,22],"product_tag":[],"class_list":{"0":"post-7033","1":"product","2":"type-product","3":"status-publish","4":"has-post-thumbnail","6":"product_cat-mezpaszta","7":"product_cat-vetom-probiotikumok","9":"first","10":"outofstock","11":"taxable","12":"shipping-taxable","13":"purchasable","14":"product-type-simple"},"_links":{"self":[{"href":"https:\/\/vetomshop.hu\/pl\/wp-json\/wp\/v2\/product\/7033","targetHints":{"allow":["GET"]}}],"collection":[{"href":"https:\/\/vetomshop.hu\/pl\/wp-json\/wp\/v2\/product"}],"about":[{"href":"https:\/\/vetomshop.hu\/pl\/wp-json\/wp\/v2\/types\/product"}],"replies":[{"embeddable":true,"href":"https:\/\/vetomshop.hu\/pl\/wp-json\/wp\/v2\/comments?post=7033"}],"wp:featuredmedia":[{"embeddable":true,"href":"https:\/\/vetomshop.hu\/pl\/wp-json\/wp\/v2\/media\/7034"}],"wp:attachment":[{"href":"https:\/\/vetomshop.hu\/pl\/wp-json\/wp\/v2\/media?parent=7033"}],"wp:term":[{"taxonomy":"product_brand","embeddable":true,"href":"https:\/\/vetomshop.hu\/pl\/wp-json\/wp\/v2\/product_brand?post=7033"},{"taxonomy":"product_cat","embeddable":true,"href":"https:\/\/vetomshop.hu\/pl\/wp-json\/wp\/v2\/product_cat?post=7033"},{"taxonomy":"product_tag","embeddable":true,"href":"https:\/\/vetomshop.hu\/pl\/wp-json\/wp\/v2\/product_tag?post=7033"}],"curies":[{"name":"wp","href":"https:\/\/api.w.org\/{rel}","templated":true}]}}