{"id":7358,"date":"2026-01-20T16:45:04","date_gmt":"2026-01-20T15:45:04","guid":{"rendered":"https:\/\/vetomshop.hu\/?post_type=product&#038;p=7358"},"modified":"2026-03-03T07:55:22","modified_gmt":"2026-03-03T06:55:22","slug":"vektor-animals-3-vetom-3-probiotikum-por-allatoknak-bacillus-amyloliquefaciens-1x50-g","status":"publish","type":"product","link":"https:\/\/vetomshop.hu\/pl\/produkt\/vektor-animals-3-vetom-3-probiotikum-por-allatoknak-bacillus-amyloliquefaciens-1x50-g\/","title":{"rendered":"Vektor Animals 3 (Vetom 3) - Probiotyk w proszku dla zwierz\u0105t (Bacillus amyloliquefaciens) <span style=\"color:red\">1\u00d750 g<\/span>"},"content":{"rendered":"<h3>Vektor Animals 3 (Vetom 3) - Probiotyk ze specjalnym szczepem bakterii<\/h3>\n<div class=\"plashka\">\n<p>Vetom 3 to naturalny probiotyk oparty na dobroczynnym dzia\u0142aniu szczepu bakterii Bacillus amyloliquefaciens. Bakteria ta dzia\u0142a g\u0142\u00f3wnie w jelicie grubym, gdzie produkuje enzymy i substancje czynne. S\u0105 to:<\/p>\n<p>* T\u0142umi\u0105 szkodliwe (patogenne i warunkowo patogenne) bakterie i grzyby,<br \/>\n* pomagaj\u0105 usun\u0105\u0107 niestrawiony materia\u0142 z przewodu pokarmowego,<br \/>\n* Wspomaga \u0142atwiejsze i lepsze wch\u0142anianie sk\u0142adnik\u00f3w od\u017cywczych,<br \/>\n* pomagaj\u0105 w detoksykacji organizmu.<\/p>\n<p>Vetom 3 pomaga przywr\u00f3ci\u0107 naturaln\u0105 r\u00f3wnowag\u0119 flory jelitowej, poprawia trawienie i metabolizm oraz przyczynia si\u0119 do bardziej efektywnego wykorzystania sk\u0142adnik\u00f3w od\u017cywczych.<\/p>\n<h2>Korzy\u015bci:<\/h2>\n<p>* W\u0142a\u015bciwo\u015bci antybakteryjne i przeciwgrzybicze<br \/>\n* Przeciwwirusowy, wytwarzaj\u0105cy enzymy, wspomagaj\u0105cy trawienie<br \/>\n* Wzmacnia kom\u00f3rkow\u0105 i humoraln\u0105 odpowied\u017a immunologiczn\u0105<br \/>\n* Zwi\u0119ksza odporno\u015b\u0107 organizmu<br \/>\n* Pomaga zmniejszy\u0107 reakcje alergiczne<br \/>\n* Wspomaga odnow\u0119 kom\u00f3rek, mo\u017ce hamowa\u0107 powstawanie kom\u00f3rek nowotworowych<br \/>\n* Poprawia dzia\u0142anie innych lek\u00f3w i zmniejsza ich skutki uboczne<br \/>\n* Chroni organizm na poziomie kom\u00f3rkowym, pomaga zapobiega\u0107 rozwojowi nowotwor\u00f3w.<\/p>\n<h2>Propozycja u\u017cycia:<\/h2>\n<p><strong>Zalecane dawkowanie:<\/strong><br \/>\n* Zaleca si\u0119 przyjmowanie 1 kapsu\u0142ki 2-3 razy dziennie przez 10 dni, przed, w trakcie lub po posi\u0142ku, popijaj\u0105c niewielk\u0105 ilo\u015bci\u0105 p\u0142ynu (wody, herbaty lub soku). W trakcie leczenia nale\u017cy monitorowa\u0107 reakcj\u0119 organizmu i w razie potrzeby stopniowo zwi\u0119ksza\u0107 dawk\u0119 do 5-10 kapsu\u0142ek dziennie.<\/p>\n<p>*Kuracj\u0119 mo\u017cna powt\u00f3rzy\u0107 w dowolnym momencie po 1-2 tygodniach przerwy. Zaleca si\u0119 stosowanie od czasu do czasu na przemian z innym rodzajem produktu Vetom, aby w pe\u0142ni wspiera\u0107 zdrowie organizmu i przewodu pokarmowego.<\/p>\n<h2>Najwa\u017cniejsze cechy:<\/h2>\n<p>*Brak efekt\u00f3w ubocznych<br \/>\n*Brak ogranicze\u0144 wiekowych<br \/>\n*Nie do przedawkowania<br \/>\n*Brak uzale\u017cnienia<\/p>\n<h2>Obszar u\u017cytkowania:<\/h2>\n<p>Jest zalecany jako biologicznie aktywny suplement diety w celu poprawy stanu przewodu pokarmowego i przywr\u00f3cenia r\u00f3wnowagi flory jelitowej.<\/p>\n<h2>Przeciwwskazania:<\/h2>\n<p>Produkt nie jest zalecany w przypadku alergii lub nadwra\u017cliwo\u015bci na kt\u00f3rykolwiek z jego sk\u0142adnik\u00f3w.<\/p>\n<h2>Wa\u017cne informacje:<\/h2>\n<p>* Stosowanie w okresie ci\u0105\u017cy i karmienia piersi\u0105 wy\u0142\u0105cznie po konsultacji z lekarzem<br \/>\n* Nie wp\u0142ywa na prowadzenie pojazd\u00f3w ani obs\u0142ug\u0119 niebezpiecznych maszyn.<\/p>\n<h2>Dawkowanie i sk\u0142ad:<\/h2>\n<p>* 10 kapsu\u0142ek w blistrach, 5 opakowa\u0144 w kartonie (\u0142\u0105cznie 50 kapsu\u0142ek)<br \/>\n* Waga netto: 0,1 kg<br \/>\n* Rozmiar: 4,5 \u00d7 6,5 \u00d7 8 cm<\/p>\n<h2>Zawarto\u015b\u0107 jednej kapsu\u0142ki:<\/h2>\n<p>* ekstrakt z kukurydzy: 133 mg<br \/>\n* Skrobia ziemniaczana: 100 mg<br \/>\n* sacharoza (cukier puder): 67 mg<br \/>\n* Kultura bakterii Bacillus amyloliquefaciens* (DSM 24613) - 30 mg (1\u00d710\u2079 CFU\/g)<\/p>\n<p>Alternatywny odpowiednik w postaci kropli: Vetom 3.22 (10 ml)<\/p>\n<p>Kraj pochodzenia: <strong>Rosja<\/strong><\/p>\n<\/div>","protected":false},"excerpt":{"rendered":"<div class=\"plashka\">A <strong>Zwierz\u0119ta wektorowe <span style=\"color: red;\">3<\/span><\/strong> (Vetom 3) <strong>Bacillus amyloliquefaciens<\/strong> probiotyk zawieraj\u0105cy zarodniki, kt\u00f3re pomagaj\u0105 utrzyma\u0107 zdrowy uk\u0142ad trawienny i wzmacniaj\u0105 uk\u0142ad odporno\u015bciowy.<\/div>\n<h5>Kluczowe korzy\u015bci:<\/h5>\n<ul class=\"vetom-list\">\n<li><strong>Ochrona flory jelitowej:<\/strong> Szczeg\u00f3lnie skuteczny po kursach antybiotyk\u00f3w.<\/li>\n<li><strong>Szerokie spektrum:<\/strong> Mo\u017ce by\u0107 podawany dowolnym gatunkom zwierz\u0105t, od ryb po konie.<\/li>\n<li><strong>Ekonomiczny:<\/strong> Poprawia wykorzystanie paszy i zmniejsza ryzyko chor\u00f3b.<\/li>\n<li><strong>Jest bezpieczny:<\/strong> Ca\u0142kowicie naturalny, bez skutk\u00f3w ubocznych.<\/li>\n<\/ul>","protected":false},"featured_media":7359,"comment_status":"open","ping_status":"closed","template":"","meta":[],"product_brand":[],"product_cat":[38,41],"product_tag":[],"class_list":{"0":"post-7358","1":"product","2":"type-product","3":"status-publish","4":"has-post-thumbnail","6":"product_cat-vektor-animals-vetom","7":"product_cat-vektor-animals-3","9":"first","10":"instock","11":"featured","12":"taxable","13":"shipping-taxable","14":"purchasable","15":"product-type-simple"},"_links":{"self":[{"href":"https:\/\/vetomshop.hu\/pl\/wp-json\/wp\/v2\/product\/7358","targetHints":{"allow":["GET"]}}],"collection":[{"href":"https:\/\/vetomshop.hu\/pl\/wp-json\/wp\/v2\/product"}],"about":[{"href":"https:\/\/vetomshop.hu\/pl\/wp-json\/wp\/v2\/types\/product"}],"replies":[{"embeddable":true,"href":"https:\/\/vetomshop.hu\/pl\/wp-json\/wp\/v2\/comments?post=7358"}],"wp:featuredmedia":[{"embeddable":true,"href":"https:\/\/vetomshop.hu\/pl\/wp-json\/wp\/v2\/media\/7359"}],"wp:attachment":[{"href":"https:\/\/vetomshop.hu\/pl\/wp-json\/wp\/v2\/media?parent=7358"}],"wp:term":[{"taxonomy":"product_brand","embeddable":true,"href":"https:\/\/vetomshop.hu\/pl\/wp-json\/wp\/v2\/product_brand?post=7358"},{"taxonomy":"product_cat","embeddable":true,"href":"https:\/\/vetomshop.hu\/pl\/wp-json\/wp\/v2\/product_cat?post=7358"},{"taxonomy":"product_tag","embeddable":true,"href":"https:\/\/vetomshop.hu\/pl\/wp-json\/wp\/v2\/product_tag?post=7358"}],"curies":[{"name":"wp","href":"https:\/\/api.w.org\/{rel}","templated":true}]}}