{"id":7379,"date":"2026-01-20T17:30:45","date_gmt":"2026-01-20T16:30:45","guid":{"rendered":"https:\/\/vetomshop.hu\/?post_type=product&#038;p=7379"},"modified":"2026-04-27T03:16:23","modified_gmt":"2026-04-27T01:16:23","slug":"bioseptin-probiotikus-sebkezelo-kenocs-60-g","status":"publish","type":"product","link":"https:\/\/vetomshop.hu\/pl\/produkt\/bioseptin-probiotikus-sebkezelo-kenocs-60-g\/","title":{"rendered":"Bioseptin - Probiotyczna ma\u015b\u0107 do leczenia ran dla zwierz\u0105t (Bacillus amyloliquefaciens) - <span style=\"color:red\">60 g<\/span>"},"content":{"rendered":"<h3>Bioseptin - Probiotyczna ma\u015b\u0107 do leczenia ran dla zwierz\u0105t<\/h3>\n<div class=\"plashka\">A <strong>Bioseptin<\/strong> unikalna ma\u015b\u0107 probiotyczna do stosowania zewn\u0119trznego. Live at <strong>Bacillus amyloliquefaciens<\/strong> zawiera bakterie, kt\u00f3re naturalnie oczyszczaj\u0105 rany, hamuj\u0105 stany zapalne i tworz\u0105 barier\u0119 biologiczn\u0105 na uszkodzonej sk\u00f3rze.<\/div>\n<h5>Substancja czynna i mechanizm dzia\u0142ania<\/h5>\n<p>Ma\u015b\u0107 zawiera dwa specjalne przemys\u0142owe szczepy bakterii (VKPM B-10642 i B-10643), kt\u00f3re dzia\u0142aj\u0105 poprzez penetracj\u0119 rany:<\/p>\n<ul class=\"vetom-list\">\n<li><strong>Oczyszczanie ran (liza):<\/strong> Wytwarzaj\u0105 enzymy proteolityczne, kt\u00f3re rozpuszczaj\u0105 (lizuj\u0105) martw\u0105, nekrotyczn\u0105 tkank\u0119, oczyszczaj\u0105c ran\u0119.<\/li>\n<li><strong>Szkolenie w zakresie biofilmu:<\/strong> Bakterie tworz\u0105 cienki biofilm, kt\u00f3ry zapobiega przedostawaniu si\u0119 zewn\u0119trznych patogen\u00f3w do jamy rany (nie jest wi\u0119c potrzebny opatrunek).<\/li>\n<li><strong>Dzia\u0142anie antyseptyczne:<\/strong> Hamuj\u0105 wzrost bakterii ropnych i innych bakterii chorobotw\u00f3rczych.<\/li>\n<li><strong>Zmniejszenie stanu zapalnego:<\/strong> Przyspieszaj\u0105 regeneracj\u0119 i \u0142agodz\u0105 uszkodzony obszar.<\/li>\n<\/ul>\n<h5>Obszary zastosowania<\/h5>\n<p>Produkt mo\u017ce by\u0107 stosowany u wszystkich gatunk\u00f3w zwierz\u0105t (zwierz\u0119ta domowe, hodowlane, dzikie, ptaki):<\/p>\n<ul class=\"vetom-list\">\n<li>Leczenie ran ci\u0119tych i otar\u0107.<\/li>\n<li>Do leczenia ran oparzeniowych.<\/li>\n<li>Na stany zapalne sk\u00f3ry (zapalenie sk\u00f3ry) i inne zmiany sk\u00f3rne.<\/li>\n<li>Do piel\u0119gnacji nie goj\u0105cych si\u0119, wrzodziej\u0105cych ran.<\/li>\n<\/ul>\n<h5>Instrukcje u\u017cytkowania<\/h5>\n<p>Tylko do u\u017cytku zewn\u0119trznego!<\/p>\n<ul class=\"vetom-list\">\n<li><strong>Dawkowanie:<\/strong> Nak\u0142ada\u0107 cienk\u0105 warstw\u0119 na uszkodzon\u0105 powierzchni\u0119 1-2 razy dziennie.<\/li>\n<li><strong>Czas trwania:<\/strong> Leczenie nale\u017cy kontynuowa\u0107 a\u017c do pe\u0142nego wyzdrowienia.<\/li>\n<li><strong>Oprawa:<\/strong> Rany leczone produktem Bioseptin <strong>nie wymaga banda\u017cowania<\/strong>, poniewa\u017c tworz\u0105cy si\u0119 biofilm chroni ten obszar.<\/li>\n<\/ul>\n<h5>Bezpiecze\u0144stwo i przechowywanie<\/h5>\n<ul class=\"vetom-list\">\n<li><strong>Jest bezpieczny:<\/strong> Mo\u017ce by\u0107 r\u00f3wnie\u017c stosowany u zwierz\u0105t ci\u0119\u017carnych i karmi\u0105cych. Nie s\u0105 znane \u017cadne skutki uboczne.<\/li>\n<li><strong>Przeciwwskazania:<\/strong> Nie stosowa\u0107 jednocze\u015bnie z ma\u015bciami zawieraj\u0105cymi antybiotyki lub sulfonamidy.<\/li>\n<li><strong>Przechowywanie:<\/strong> Przechowywa\u0107 w lod\u00f3wce w stanie nieotwartym (0-10 \u00b0C). <strong>Po otwarciu, przechowywany w temperaturze pokojowej, mo\u017ce by\u0107 u\u017cywany przez 15 dni!<\/strong><\/li>\n<\/ul>","protected":false},"excerpt":{"rendered":"<div class=\"plashka\">A <strong>Bioseptin<\/strong> Ma\u015b\u0107 probiotyczna leczy rany, oparzenia i stany zapalne sk\u00f3ry dzi\u0119ki \u017cywej florze bakteryjnej. Naturalna alternatywa dla tradycyjnych \u015brodk\u00f3w antyseptycznych.<\/div>\n<h5>Kluczowe korzy\u015bci:<\/h5>\n<ul class=\"vetom-list\">\n<li><strong>Naturalne gojenie si\u0119 ran:<\/strong> Usuwa martw\u0105 tkank\u0119 i regeneruje sk\u00f3r\u0119.<\/li>\n<li><strong>Niewidoczne banda\u017ce:<\/strong> Tworzy biofilm w ranie, wi\u0119c nie wymaga opatrunku.<\/li>\n<li><strong>Uniwersalny:<\/strong> Bezpieczny dla ps\u00f3w, kot\u00f3w, koni i innych zwierz\u0105t.<\/li>\n<li><strong>Delikatny:<\/strong> Nie piecze, dzia\u0142a przeciwzapalnie.<\/li>\n<\/ul>","protected":false},"featured_media":7380,"comment_status":"open","ping_status":"closed","template":"","meta":[],"product_brand":[],"product_cat":[42,38],"product_tag":[],"class_list":{"0":"post-7379","1":"product","2":"type-product","3":"status-publish","4":"has-post-thumbnail","6":"product_cat-bioseptin-kenocs","7":"product_cat-vektor-animals-vetom","9":"first","10":"outofstock","11":"featured","12":"taxable","13":"shipping-taxable","14":"purchasable","15":"product-type-simple"},"_links":{"self":[{"href":"https:\/\/vetomshop.hu\/pl\/wp-json\/wp\/v2\/product\/7379","targetHints":{"allow":["GET"]}}],"collection":[{"href":"https:\/\/vetomshop.hu\/pl\/wp-json\/wp\/v2\/product"}],"about":[{"href":"https:\/\/vetomshop.hu\/pl\/wp-json\/wp\/v2\/types\/product"}],"replies":[{"embeddable":true,"href":"https:\/\/vetomshop.hu\/pl\/wp-json\/wp\/v2\/comments?post=7379"}],"wp:featuredmedia":[{"embeddable":true,"href":"https:\/\/vetomshop.hu\/pl\/wp-json\/wp\/v2\/media\/7380"}],"wp:attachment":[{"href":"https:\/\/vetomshop.hu\/pl\/wp-json\/wp\/v2\/media?parent=7379"}],"wp:term":[{"taxonomy":"product_brand","embeddable":true,"href":"https:\/\/vetomshop.hu\/pl\/wp-json\/wp\/v2\/product_brand?post=7379"},{"taxonomy":"product_cat","embeddable":true,"href":"https:\/\/vetomshop.hu\/pl\/wp-json\/wp\/v2\/product_cat?post=7379"},{"taxonomy":"product_tag","embeddable":true,"href":"https:\/\/vetomshop.hu\/pl\/wp-json\/wp\/v2\/product_tag?post=7379"}],"curies":[{"name":"wp","href":"https:\/\/api.w.org\/{rel}","templated":true}]}}