{"id":1019,"date":"2020-02-17T14:17:10","date_gmt":"2020-02-17T14:17:10","guid":{"rendered":"https:\/\/vetomshop.hu\/?page_id=1019"},"modified":"2024-05-23T10:56:21","modified_gmt":"2024-05-23T08:56:21","slug":"a-vetom-probiotikum-tortenete","status":"publish","type":"page","link":"https:\/\/vetomshop.hu\/pt\/a-vetom-probiotikum-tortenete\/","title":{"rendered":"A hist\u00f3ria do probi\u00f3tico Vetom"},"content":{"rendered":"<h3>A <em>Bacilo<\/em> A pesquisa sobre bact\u00e9rias e as primeiras prepara\u00e7\u00f5es \u201evivas\u201d baseadas nelas remontam \u00e0 d\u00e9cada de 1930.<\/h3>\n<p><img loading=\"lazy\" decoding=\"async\" class=\"wp-image-3790 alignleft\" src=\"https:\/\/vetomshop.hu\/wp-content\/uploads\/2023\/02\/bacterio.jpg\" alt=\"\" width=\"655\" height=\"326\" srcset=\"https:\/\/vetomshop.hu\/wp-content\/uploads\/2023\/02\/bacterio.jpg 1500w, https:\/\/vetomshop.hu\/wp-content\/uploads\/2023\/02\/bacterio-300x149.jpg 300w, https:\/\/vetomshop.hu\/wp-content\/uploads\/2023\/02\/bacterio-1024x509.jpg 1024w, https:\/\/vetomshop.hu\/wp-content\/uploads\/2023\/02\/bacterio-768x382.jpg 768w, https:\/\/vetomshop.hu\/wp-content\/uploads\/2023\/02\/bacterio-1320x656.jpg 1320w, https:\/\/vetomshop.hu\/wp-content\/uploads\/2023\/02\/bacterio-600x298.jpg 600w\" sizes=\"auto, (max-width: 655px) 100vw, 655px\" \/>Em 1939, as tropas da Wermacht se depararam com o problema da disenteria na \u00c1frica. A doen\u00e7a afetou os ex\u00e9rcitos de ambos os lados. Os primeiros a erradicar a doen\u00e7a foram os \u00e1rabes. O esterco de camelo era usado como um medicamento eficaz. Os alem\u00e3es se recusavam a consumir esterco de camelo, mas descobriram a excelente efic\u00e1cia desse rem\u00e9dio. O ingrediente ativo \u00e9\u00a0 <em>Bacillus subtilis<\/em> microrganismo capaz de suprimir o desenvolvimento e a reprodu\u00e7\u00e3o de agentes patog\u00eanicos da disenteria. Com base nessa bact\u00e9ria, os cientistas alem\u00e3es criaram uma prepara\u00e7\u00e3o probi\u00f3tica que, posteriormente, foi amplamente usada nas for\u00e7as armadas para prevenir a disenteria. Ap\u00f3s a dissolu\u00e7\u00e3o da Alemanha de Hitler, a tecnologia para produzir o probi\u00f3tico foi adquirida pelos americanos.<\/p>\n<h3>No entanto, a Uni\u00e3o Sovi\u00e9tica n\u00e3o ficou de bra\u00e7os cruzados.<\/h3>\n<p>No final da Segunda Guerra Mundial, grandes for\u00e7as foram mobilizadas para se defender contra armas modernas, inclusive armas biol\u00f3gicas. Em 1974, uma enorme organiza\u00e7\u00e3o secreta - a Microbioprom - foi fundada para desenvolver prepara\u00e7\u00f5es para proteger as pessoas contra desastres biog\u00eanicos, incluindo armas biol\u00f3gicas. O sistema Microbioprom inclu\u00eda os institutos cient\u00edficos existentes na \u00e9poca, bem como os rec\u00e9m-criados centros especializados em microbiologia cient\u00edfica e f\u00e1bricas de biofabrica\u00e7\u00e3o. A principal institui\u00e7\u00e3o da Mikrobioprom era a empresa \u201eVektor\u201d, localizada no vilarejo de Koltsovo, pr\u00f3ximo a Novosibirsk. O tamanho dessa instala\u00e7\u00e3o ainda hoje \u00e9 impressionante. Cinco outras institui\u00e7\u00f5es foram constru\u00eddas e desenvolvidas em paralelo \u00e0 Vektor. Assim, em um per\u00edodo de tempo relativamente curto, a Uni\u00e3o Sovi\u00e9tica tornou-se l\u00edder mundial em microbiologia.<\/p>\n<p><img loading=\"lazy\" decoding=\"async\" class=\"alignright wp-image-5499\" src=\"https:\/\/vetomshop.hu\/wp-content\/uploads\/2024\/04\/biotechnology.jpg\" alt=\"\" width=\"660\" height=\"369\" srcset=\"https:\/\/vetomshop.hu\/wp-content\/uploads\/2024\/04\/biotechnology.jpg 1000w, https:\/\/vetomshop.hu\/wp-content\/uploads\/2024\/04\/biotechnology-300x168.jpg 300w, https:\/\/vetomshop.hu\/wp-content\/uploads\/2024\/04\/biotechnology-768x429.jpg 768w, https:\/\/vetomshop.hu\/wp-content\/uploads\/2024\/04\/biotechnology-600x335.jpg 600w\" sizes=\"auto, (max-width: 660px) 100vw, 660px\" \/>Em particular, no in\u00edcio da d\u00e9cada de 1990, o \u201eVector\u201d se tornou o primeiro na hist\u00f3ria da humanidade a criar com sucesso um objeto vivo artificial - um \u201eplasm\u00eddeo\u201e - que gera interferon-alfa-2 de leuc\u00f3citos humanos, uma prote\u00edna essencial do sistema imunol\u00f3gico, que foi incorporada com sucesso ao \u00a0<em>Bacillus subtilis<\/em> na c\u00e9lula de micro-ondas. O resultado \u00e9 uma vers\u00e3o recombinante que pode produzir cerca de 70 antibi\u00f3ticos, bem como uma ampla gama de fermentos e interferons. Essa cepa \u00e9 esporulada, penetra no revestimento estomacal e duodenal sem danos e \u00e9 ativada no intestino grosso.<\/p>\n<p>Essa prepara\u00e7\u00e3o probi\u00f3tica, baseada no probi\u00f3tico mencionado acima, \u00e9 chamada de \u201eSubalin\u201d. E o que aconteceu depois, todo mundo sabe. A Uni\u00e3o Sovi\u00e9tica fez a coisa errada, as reformas de mercado come\u00e7aram e as autoridades n\u00e3o queriam o Microbioprom. Mas o governo dos EUA precisava do \u201eVektor\u201d. Durante tr\u00eas anos, especialistas estrangeiros estudaram, verificaram e coletaram dados na \u00e1rea da \u201eVektor\u201d. Obviamente, a Subalin n\u00e3o conseguiu entrar no mercado. Para garantir que pelo menos parte da pesquisa da \u201eVektor\u201d n\u00e3o se perdesse, isso se deve em grande parte ao seu criador, Lev Stepanovich Sanakhchiev - um dos criadores da \u201eSubalin\u201d. A partir das unidades separadas da Vektor, Sanhakhchiev criou v\u00e1rias empresas privadas que aprenderam a sobreviver na linha privada. Cerca de metade delas foi bem-sucedida.<\/p>\n<h3>Isso inclui o Centro de Pesquisa Cient\u00edfica Central, que se destaca, entre outros, pela microbiologia e gen\u00e9tica, com mais de 50 inven\u00e7\u00f5es registradas pelo microbiologista e geneticista Alexander Ivanovich Lelyak.<\/h3>\n<p>Acontece que essa empresa foi respons\u00e1vel pelo tema das prepara\u00e7\u00f5es vivas, por seu estudo mais aprofundado e pela organiza\u00e7\u00e3o de sua cria\u00e7\u00e3o. Nos \u00faltimos 20 anos, o Centro de Pesquisa, que atualmente emprega mais de 200 especialistas, desenvolveu uma estrat\u00e9gia para se adaptar \u00e0s condi\u00e7\u00f5es atuais do mercado.<\/p>\n<p><img loading=\"lazy\" decoding=\"async\" class=\"wp-image-5500  alignleft\" src=\"https:\/\/vetomshop.hu\/wp-content\/uploads\/2024\/04\/probioticum.jpg\" alt=\"\" width=\"656\" height=\"378\" srcset=\"https:\/\/vetomshop.hu\/wp-content\/uploads\/2024\/04\/probioticum.jpg 1024w, https:\/\/vetomshop.hu\/wp-content\/uploads\/2024\/04\/probioticum-300x173.jpg 300w, https:\/\/vetomshop.hu\/wp-content\/uploads\/2024\/04\/probioticum-768x443.jpg 768w, https:\/\/vetomshop.hu\/wp-content\/uploads\/2024\/04\/probioticum-600x346.jpg 600w\" sizes=\"auto, (max-width: 656px) 100vw, 656px\" \/>Os micr\u00f3bios constituem 90% da biomassa de nosso planeta, explica Alexander Ivanovich Lelyak. - Podemos dizer com seguran\u00e7a que o mundo em que vivemos \u00e9, na verdade, deles. A maioria dos microorganismos - infec\u00e7\u00f5es humanas, animais e vegetais. N\u00f3s mesmos somos 2 a 3% de micr\u00f3bios. Se olharmos para qualquer parte de nosso corpo, veremos que h\u00e1 certos microrganismos ali - cada parte do corpo tem seu pr\u00f3prio ecossistema microbiano. Eles ajudam o corpo a se defender contra os efeitos nocivos do ambiente. Se violarmos isso, ficaremos doentes. Entretanto, em um caso ideal, quando todos os nossos micr\u00f3bios permanecem conosco, somos capazes de nos proteger de todas as infec\u00e7\u00f5es!<\/p>","protected":false},"excerpt":{"rendered":"<p>A Bacillus bakt\u00e9riumok ut\u00e1n t\u00f6rt\u00e9n\u0151 kutat\u00e1sok \u00e9s azok alapj\u00e1n l\u00e9trehozott els\u0151 \u201e\u00e9l\u0151\u201d k\u00e9sz\u00edtm\u00e9nyek az 1930-as \u00e9vekre tehet\u0151. 1939-ben a Wermacht seregei Afrik\u00e1ban tal\u00e1lkoztak a v\u00e9rhas probl\u00e9m\u00e1j\u00e1val. A megbeteged\u00e9s \u00e9rintette mindk\u00e9t f\u00e9l sereg\u00e9t. A bajt els\u0151nek az arabok sz\u00fcntett\u00e9k meg. Hat\u00e9kony gy\u00f3gy k\u00e9sz\u00edtm\u00e9nyk\u00e9nt a tev\u00e9k tr\u00e1gy\u00e1j\u00e1t alkalmazt\u00e1k. A n\u00e9metek a tevetr\u00e1gy\u00e1t nem voltak hajland\u00f3k fogyasztani, viszont [&hellip;]<\/p>\n","protected":false},"author":1,"featured_media":0,"parent":0,"menu_order":0,"comment_status":"closed","ping_status":"closed","template":"","meta":{"footnotes":""},"class_list":["post-1019","page","type-page","status-publish","hentry"],"_links":{"self":[{"href":"https:\/\/vetomshop.hu\/pt\/wp-json\/wp\/v2\/pages\/1019","targetHints":{"allow":["GET"]}}],"collection":[{"href":"https:\/\/vetomshop.hu\/pt\/wp-json\/wp\/v2\/pages"}],"about":[{"href":"https:\/\/vetomshop.hu\/pt\/wp-json\/wp\/v2\/types\/page"}],"author":[{"embeddable":true,"href":"https:\/\/vetomshop.hu\/pt\/wp-json\/wp\/v2\/users\/1"}],"replies":[{"embeddable":true,"href":"https:\/\/vetomshop.hu\/pt\/wp-json\/wp\/v2\/comments?post=1019"}],"version-history":[{"count":0,"href":"https:\/\/vetomshop.hu\/pt\/wp-json\/wp\/v2\/pages\/1019\/revisions"}],"wp:attachment":[{"href":"https:\/\/vetomshop.hu\/pt\/wp-json\/wp\/v2\/media?parent=1019"}],"curies":[{"name":"wp","href":"https:\/\/api.w.org\/{rel}","templated":true}]}}