{"id":1020,"date":"2020-02-17T14:15:30","date_gmt":"2020-02-17T14:15:30","guid":{"rendered":"https:\/\/vetomshop.hu\/?page_id=1020"},"modified":"2024-09-26T18:57:13","modified_gmt":"2024-09-26T16:57:13","slug":"gyakori-kerdesek","status":"publish","type":"page","link":"https:\/\/vetomshop.hu\/pt\/gyakori-kerdesek\/","title":{"rendered":"Perguntas frequentes"},"content":{"rendered":"<div class=\"wpb-content-wrapper\">\n<div  data-mk-stretch-content=\"true\" class=\"wpb_row vc_row vc_row-fluid jupiter-donut- mk-fullwidth-false  attched-false     js-master-row  mk-grid\">\n\t\t\t\t\n<div class=\"vc_col-sm-12 wpb_column column_container  jupiter-donut- _ jupiter-donut-height-full\">\n\t\n<div data-style=\"accordion-style\" data-initialindex=\"0\" id=\"mk-accordion-2\" class=\"mk-accordion mobile-false fancy-style\">\n\t<div class=\"wpb_accordion_wrapper\">\n\t\t\n<div id=\"\"class=\"mk-accordion-single\">\n\n\t<div class=\"mk-accordion-tab\">\n\t\t<i><svg  class=\"mk-svg-icon\" data-name=\"mk-icon-medkit\" data-cacheid=\"icon-69f5ebebbf608\" xmlns=\"http:\/\/www.w3.org\/2000\/svg\" viewbox=\"0 0 1792 1792\"><path d=\"M1280 1120v-192q0-14-9-23t-23-9h-224v-224q0-14-9-23t-23-9h-192q-14 0-23 9t-9 23v224h-224q-14 0-23 9t-9 23v192q0 14 9 23t23 9h224v224q0 14 9 23t23 9h192q14 0 23-9t9-23v-224h224q14 0 23-9t9-23zm-640-736h512v-128h-512v128zm-384 0v1280h-32q-92 0-158-66t-66-158v-832q0-92 66-158t158-66h32zm1184 0v1280h-1088v-1280h160v-160q0-40 28-68t68-28h576q40 0 68 28t28 68v160h160zm352 224v832q0 92-66 158t-158 66h-32v-1280h32q92 0 158 66t66 158z\"\/><\/svg><\/i>\t\t<span>O que \u00e9 Vetom?<\/span>\n\t\t<svg  class=\"mk-svg-icon\" data-name=\"mk-icon-chevron-right\" data-cacheid=\"icon-69f5ebebbf7f8\" style=\" height:13px; width: 9.2857142857143px; \"  xmlns=\"http:\/\/www.w3.org\/2000\/svg\" viewbox=\"0 0 1280 1792\"><path d=\"M1107 877l-742 742q-19 19-45 19t-45-19l-166-166q-19-19-19-45t19-45l531-531-531-531q-19-19-19-45t19-45l166-166q19-19 45-19t45 19l742 742q19 19 19 45t-19 45z\"\/><\/svg>\t<\/div>\n\n\t<div class=\"mk-accordion-pane\">\n\t\t\t<div class=\"vc_custom_1716651722549\">\n\n<div id=\"text-block-3\" class=\"mk-text-block  jupiter-donut-\">\n\n\t\n\t<p><span style=\"color: #a58904;\"><strong>VETOM<\/strong><\/span>\u00a0- um probi\u00f3tico muito potente que restaura e preserva a estrutura da mucosa intestinal e a microflora do est\u00f4mago.<\/p>\n<p><img loading=\"lazy\" decoding=\"async\" class=\"size-full wp-image-623 aligncenter\" src=\"https:\/\/vetomshop.hu\/wp-content\/uploads\/2024\/05\/vetom-laboratorium.jpg\" alt=\"\" width=\"1464\" height=\"560\" \/><\/p>\n<p><strong><span style=\"color: #a58904;\">Como o Vetom combate infec\u00e7\u00f5es virais e bacterianas?<\/span><\/strong><\/p>\n<p>A subst\u00e2ncia ativa do Vetom \u00e9 a cepa de Bacillus subtilis VKPM B 10641. As bact\u00e9rias pertencentes a essa esp\u00e9cie suprimem especificamente o crescimento e o desenvolvimento da microflora fora do trato gastrointestinal por meio de antagonismo direto a agentes infecciosos e indiretamente pela otimiza\u00e7\u00e3o do sistema imunol\u00f3gico do corpo por meio da produ\u00e7\u00e3o de interferon \u03b1-2 de leuc\u00f3citos humanos.<\/p>\n<p>Interferon - uma mol\u00e9cula de prote\u00edna que proporciona imunidade antiviral!<\/p>\n<p>O principal mecanismo de a\u00e7\u00e3o do interferon \u00e9 a supress\u00e3o do desenvolvimento e da divis\u00e3o. Em doses fisiol\u00f3gicas, essa a\u00e7\u00e3o regula a replica\u00e7\u00e3o de v\u00edrus.<\/p>\n<p>O corpo saud\u00e1vel responde \u00e0 invas\u00e3o de v\u00edrus produzindo interferons, que impedem o desenvolvimento subsequente da infec\u00e7\u00e3o.<\/p>\n<p><img loading=\"lazy\" decoding=\"async\" class=\"size-full wp-image-5647 aligncenter\" src=\"https:\/\/vetomshop.hu\/wp-content\/uploads\/2024\/05\/laborator.jpg\" alt=\"\" width=\"1000\" height=\"534\" srcset=\"https:\/\/vetomshop.hu\/wp-content\/uploads\/2024\/05\/laborator.jpg 1000w, https:\/\/vetomshop.hu\/wp-content\/uploads\/2024\/05\/laborator-300x160.jpg 300w, https:\/\/vetomshop.hu\/wp-content\/uploads\/2024\/05\/laborator-768x410.jpg 768w, https:\/\/vetomshop.hu\/wp-content\/uploads\/2024\/05\/laborator-600x320.jpg 600w\" sizes=\"auto, (max-width: 1000px) 100vw, 1000px\" \/>Como o Vetom estimula a produ\u00e7\u00e3o de interferon, ele tamb\u00e9m \u00e9 usado para combater v\u00edrus e infec\u00e7\u00f5es, inclusive o coronav\u00edrus:<\/p>\n<ul>\n<li>SARS (rinov\u00edrus, infec\u00e7\u00e3o por coronav\u00edrus, v\u00edrus da gripe e parainfluenza);<\/li>\n<li>doen\u00e7as infecciosas - v\u00e1rias formas de les\u00f5es herp\u00e9ticas (ceratoconjuntivite e ceratite virais, ceratouve\u00edte, herpes genital, herpes zoster);<\/li>\n<li>hepatite viral aguda e cr\u00f4nica (A, B, C, D (delta)).<\/li>\n<\/ul>\n\n\t<div class=\"clearboth\"><\/div>\n<\/div>\n\n\t<\/div>\n\n\t\t<div class=\"clearboth\"><\/div>\n\t<\/div>\n\n<\/div>\n\n<div id=\"\"class=\"mk-accordion-single\">\n\n\t<div class=\"mk-accordion-tab\">\n\t\t<i><svg  class=\"mk-svg-icon\" data-name=\"mk-icon-medkit\" data-cacheid=\"icon-69f5ebebc0493\" xmlns=\"http:\/\/www.w3.org\/2000\/svg\" viewbox=\"0 0 1792 1792\"><path d=\"M1280 1120v-192q0-14-9-23t-23-9h-224v-224q0-14-9-23t-23-9h-192q-14 0-23 9t-9 23v224h-224q-14 0-23 9t-9 23v192q0 14 9 23t23 9h224v224q0 14 9 23t23 9h192q14 0 23-9t9-23v-224h224q14 0 23-9t9-23zm-640-736h512v-128h-512v128zm-384 0v1280h-32q-92 0-158-66t-66-158v-832q0-92 66-158t158-66h32zm1184 0v1280h-1088v-1280h160v-160q0-40 28-68t68-28h576q40 0 68 28t28 68v160h160zm352 224v832q0 92-66 158t-158 66h-32v-1280h32q92 0 158 66t66 158z\"\/><\/svg><\/i>\t\t<span>O Vetom \u00e9 adequado para crian\u00e7as?<\/span>\n\t\t<svg  class=\"mk-svg-icon\" data-name=\"mk-icon-chevron-right\" data-cacheid=\"icon-69f5ebebc0560\" style=\" height:13px; width: 9.2857142857143px; \"  xmlns=\"http:\/\/www.w3.org\/2000\/svg\" viewbox=\"0 0 1280 1792\"><path d=\"M1107 877l-742 742q-19 19-45 19t-45-19l-166-166q-19-19-19-45t19-45l531-531-531-531q-19-19-19-45t19-45l166-166q19-19 45-19t45 19l742 742q19 19 19 45t-19 45z\"\/><\/svg>\t<\/div>\n\n\t<div class=\"mk-accordion-pane\">\n\t\t\t<div class=\"vc_custom_1675849573805\">\n\n<div id=\"text-block-4\" class=\"mk-text-block  jupiter-donut-\">\n\n\t\n\t<p><img loading=\"lazy\" decoding=\"async\" class=\"size-full wp-image-612 aligncenter\" src=\"\/\/vetom-egeszsegshop.hu\/wp-content\/uploads\/2023\/02\/probio-dity.jpg\" alt=\"\" width=\"1105\" height=\"600\" \/><\/p>\n<p>O probi\u00f3tico n\u00e3o tem limite de idade, portanto pode ser tomado por adultos e crian\u00e7as.<\/p>\n<p>Voc\u00ea pode usar a forma l\u00edquida do probi\u00f3tico: 1-2 gotas 2-3 vezes ao dia, dilu\u00eddas em um pouco de \u00e1gua. De prefer\u00eancia, como uma cura de 10 a 14 dias.<\/p>\n<p>Ou \u00e9 administrado em p\u00f3, 1 g de p\u00f3 para cada 10 kg de peso da crian\u00e7a, 2 a 3 vezes ao dia. O p\u00f3 pode ser dilu\u00eddo em uma pequena quantidade de l\u00edquido.<\/p>\n<p>De prefer\u00eancia, uma cura que dure de 10 a 14 dias.<\/p>\n\n\t<div class=\"clearboth\"><\/div>\n<\/div>\n\n\t<\/div>\n\n\t\t<div class=\"clearboth\"><\/div>\n\t<\/div>\n\n<\/div>\n\n<div id=\"\"class=\"mk-accordion-single\">\n\n\t<div class=\"mk-accordion-tab\">\n\t\t<i><svg  class=\"mk-svg-icon\" data-name=\"mk-icon-medkit\" data-cacheid=\"icon-69f5ebebc092b\" xmlns=\"http:\/\/www.w3.org\/2000\/svg\" viewbox=\"0 0 1792 1792\"><path d=\"M1280 1120v-192q0-14-9-23t-23-9h-224v-224q0-14-9-23t-23-9h-192q-14 0-23 9t-9 23v224h-224q-14 0-23 9t-9 23v192q0 14 9 23t23 9h224v224q0 14 9 23t23 9h192q14 0 23-9t9-23v-224h224q14 0 23-9t9-23zm-640-736h512v-128h-512v128zm-384 0v1280h-32q-92 0-158-66t-66-158v-832q0-92 66-158t158-66h32zm1184 0v1280h-1088v-1280h160v-160q0-40 28-68t68-28h576q40 0 68 28t28 68v160h160zm352 224v832q0 92-66 158t-158 66h-32v-1280h32q92 0 158 66t66 158z\"\/><\/svg><\/i>\t\t<span>Como tomar os produtos Vetom?<\/span>\n\t\t<svg  class=\"mk-svg-icon\" data-name=\"mk-icon-chevron-right\" data-cacheid=\"icon-69f5ebebc09e0\" style=\" height:13px; width: 9.2857142857143px; \"  xmlns=\"http:\/\/www.w3.org\/2000\/svg\" viewbox=\"0 0 1280 1792\"><path d=\"M1107 877l-742 742q-19 19-45 19t-45-19l-166-166q-19-19-19-45t19-45l531-531-531-531q-19-19-19-45t19-45l166-166q19-19 45-19t45 19l742 742q19 19 19 45t-19 45z\"\/><\/svg>\t<\/div>\n\n\t<div class=\"mk-accordion-pane\">\n\t\t\t<div class=\"vc_custom_1716651401497\">\n\n<div id=\"text-block-5\" class=\"mk-text-block  jupiter-donut-\">\n\n\t\n\t<p>Para obter o efeito m\u00e1ximo, tome Vetom uma hora antes das refei\u00e7\u00f5es com uma pequena quantidade de \u00e1gua pura. \u00c9 aconselh\u00e1vel excluir \u00e1lcool e alimentos condimentados durante o per\u00edodo de ingest\u00e3o. Ao escolher a dosagem e a frequ\u00eancia da administra\u00e7\u00e3o, deve-se ter em mente que o efeito terap\u00eautico n\u00e3o depende diretamente da quantidade do produto tomada de uma s\u00f3 vez, mas da frequ\u00eancia da administra\u00e7\u00e3o em um regime de cura - quanto mais frequente a dose, mais forte o efeito.<\/p>\n<p><img decoding=\"async\" class=\"alignnone size-full wp-image-5645\" src=\"https:\/\/vetomshop.hu\/wp-content\/uploads\/2024\/05\/gettyimages.jpg\" alt=\"\" width=\"100%\" srcset=\"https:\/\/vetomshop.hu\/wp-content\/uploads\/2024\/05\/gettyimages.jpg 1920w, https:\/\/vetomshop.hu\/wp-content\/uploads\/2024\/05\/gettyimages-300x171.jpg 300w, https:\/\/vetomshop.hu\/wp-content\/uploads\/2024\/05\/gettyimages-1024x585.jpg 1024w, https:\/\/vetomshop.hu\/wp-content\/uploads\/2024\/05\/gettyimages-768x438.jpg 768w, https:\/\/vetomshop.hu\/wp-content\/uploads\/2024\/05\/gettyimages-1536x877.jpg 1536w, https:\/\/vetomshop.hu\/wp-content\/uploads\/2024\/05\/gettyimages-1320x754.jpg 1320w, https:\/\/vetomshop.hu\/wp-content\/uploads\/2024\/05\/gettyimages-600x343.jpg 600w\" sizes=\"(max-width: 1920px) 100vw, 1920px\" \/><\/p>\n<p>Uma dose deve conter pelo menos 5 milh\u00f5es de microrganismos, por exemplo, pelo menos 5 g de p\u00f3 (cerca de 1 colher de ch\u00e1), 1 sach\u00ea ou 1 c\u00e1psula. Se voc\u00ea tomar Vetom na forma l\u00edquida, 1 dose = 1 gota.<\/p>\n<p><span style=\"color: #a58904;\"><strong>A superdosagem n\u00e3o tem efeitos negativos.<\/strong><\/span><\/p>\n<p>Dosagem preventiva para pessoas saud\u00e1veis para evitar poss\u00edveis doen\u00e7as<em>:\u00a0<\/em><\/p>\n<ul>\n<li>Pegue o Vetom <span style=\"color: #ff0000;\">1.1<\/span>-et ou Veto <span style=\"color: #ff0000;\">1.23<\/span>-(voc\u00ea escolhe a sua pr\u00f3pria formula\u00e7\u00e3o - a presen\u00e7a do ingrediente ativo \u00e9 importante - cepa Bacillus subtilis VKPM B-10641 (DSM 24613)) por 10 a 14 dias, em doses m\u00faltiplas de 7 a 10 vezes ao dia, em intervalos aproximadamente iguais; por exemplo, voc\u00ea toma por 2 semanas, depois faz uma pausa de 3 semanas e repete o tratamento novamente. .<\/li>\n<li>Repita o regime pelo menos duas vezes por ano, de prefer\u00eancia no per\u00edodo que antecede a maior probabilidade de resfriados.<\/li>\n<li>Recomendado para a Vetom <span style=\"color: #ff0000;\">1.1<\/span> c\u00e1psula - forma de gota Vetom <span style=\"color: #ff0000;\">1.23<\/span> Entre as curas, consuma Vetom <span style=\"color: #ff0000;\">3<\/span>-at e <span style=\"color: #ff0000;\">4<\/span>-(ou eu pego <span style=\"color: #ff0000;\">2<\/span>-t) 2-3 doses por dia durante 10-14 dias.<\/li>\n<li>Em vez de Vetom em p\u00f3 ou c\u00e1psulas, voc\u00ea pode tomar um probi\u00f3tico l\u00edquido, que pode ser consumido por qualquer pessoa: Vetom <span style=\"color: #ff0000;\">1.23<\/span> Vetom <span style=\"color: #ff0000;\">3.22<\/span>, Vetom <span style=\"color: #ff0000;\">4.24<\/span> ou Eu Veto <span style=\"color: #ff0000;\">2.25<\/span>, Vetom <span style=\"color: #ff0000;\">2.26<\/span>.<\/li>\n<\/ul>\n<p>Se voc\u00ea tiver uma imunidade realmente boa, ent\u00e3o 1 a 2 cursos de 10 a 14 dias de Vetom <span style=\"color: #ff0000;\">1.1<\/span> voc\u00ea n\u00e3o perceber\u00e1 nenhum efeito especial ap\u00f3s o tratamento.<\/p>\n<p><strong><span style=\"color: #a58904;\">Colheita terap\u00eautica:<\/span><\/strong><\/p>\n<ul>\n<li>Tomar Vetom <span style=\"color: #ff0000;\">1.1<\/span> c\u00e1psulas ou Vetom <span style=\"color: #ff0000;\">1.23<\/span> 10 gotas por dia (10 c\u00e1psulas - 10 gotas) por 10 a 14 dias. Em seguida, intervalo m\u00ednimo de 14 dias. .<\/li>\n<li>O regime de ingest\u00e3o deve ser repetido ap\u00f3s 1 a 2 meses. .<\/li>\n<li>A Vetom <span style=\"color: #ff0000;\">1.1<\/span> (Vetom <span style=\"color: #ff0000;\">1.23<\/span> ) entre os tratamentos tentam Vetom <span style=\"color: #ff0000;\">3<\/span>-at e <span style=\"color: #ff0000;\">4<\/span>-(ou eu pego <span style=\"color: #ff0000;\">2<\/span>-) pode ser consumido diariamente por 10 a 14 dias.<\/li>\n<li>Para que voc\u00ea se sinta melhor, Vetom <span style=\"color: #ff0000;\">1.1<\/span> o intervalo entre os tratamentos deve ser aumentado para 2-3 por ano. Dessa forma, o Vetom <span style=\"color: #ff0000;\">2<\/span> A frequ\u00eancia das doses 3 e 4 tamb\u00e9m pode ser reduzida gradualmente ao longo do tempo, de 10 para 2 a 3 doses.<\/li>\n<\/ul>\n\n\t<div class=\"clearboth\"><\/div>\n<\/div>\n\n\t<\/div>\n\n\t\t<div class=\"clearboth\"><\/div>\n\t<\/div>\n\n<\/div>\n\n<div id=\"\"class=\"mk-accordion-single\">\n\n\t<div class=\"mk-accordion-tab\">\n\t\t<i><svg  class=\"mk-svg-icon\" data-name=\"mk-icon-medkit\" data-cacheid=\"icon-69f5ebebc0e68\" xmlns=\"http:\/\/www.w3.org\/2000\/svg\" viewbox=\"0 0 1792 1792\"><path d=\"M1280 1120v-192q0-14-9-23t-23-9h-224v-224q0-14-9-23t-23-9h-192q-14 0-23 9t-9 23v224h-224q-14 0-23 9t-9 23v192q0 14 9 23t23 9h224v224q0 14 9 23t23 9h192q14 0 23-9t9-23v-224h224q14 0 23-9t9-23zm-640-736h512v-128h-512v128zm-384 0v1280h-32q-92 0-158-66t-66-158v-832q0-92 66-158t158-66h32zm1184 0v1280h-1088v-1280h160v-160q0-40 28-68t68-28h576q40 0 68 28t28 68v160h160zm352 224v832q0 92-66 158t-158 66h-32v-1280h32q92 0 158 66t66 158z\"\/><\/svg><\/i>\t\t<span>Qual Vetom \u00e9 o melhor?<\/span>\n\t\t<svg  class=\"mk-svg-icon\" data-name=\"mk-icon-chevron-right\" data-cacheid=\"icon-69f5ebebc0f1b\" style=\" height:13px; width: 9.2857142857143px; \"  xmlns=\"http:\/\/www.w3.org\/2000\/svg\" viewbox=\"0 0 1280 1792\"><path d=\"M1107 877l-742 742q-19 19-45 19t-45-19l-166-166q-19-19-19-45t19-45l531-531-531-531q-19-19-19-45t19-45l166-166q19-19 45-19t45 19l742 742q19 19 19 45t-19 45z\"\/><\/svg>\t<\/div>\n\n\t<div class=\"mk-accordion-pane\">\n\t\t\t<div class=\"vc_custom_1727369822448\">\n\n<div id=\"text-block-6\" class=\"mk-text-block  jupiter-donut-\">\n\n\t\n\t<p><img decoding=\"async\" class=\"wp-image-621 aligncenter\" src=\"https:\/\/vetomshop.hu\/wp-content\/uploads\/2024\/05\/nutrigenomics.jpg\" alt=\"\" width=\"100%\" \/><\/p>\n<p>\u00c9 imposs\u00edvel determinar qual desses probi\u00f3ticos \u00e9 melhor. Eles s\u00e3o usados para quase as mesmas doen\u00e7as, mas cada Vetom tem um efeito diferente.  Eles se complementam.<\/p>\n<p>Tudo depende das caracter\u00edsticas individuais e da condi\u00e7\u00e3o do corpo. A melhor solu\u00e7\u00e3o seria usar o curso completo de todos os produtos Vetom.<\/p>\n<p>As 4 c\u00e1psulas diferentes formam, na verdade, um grande todo.<\/p>\n\n\t<div class=\"clearboth\"><\/div>\n<\/div>\n\n\t<\/div>\n\n\t\t<div class=\"clearboth\"><\/div>\n\t<\/div>\n\n<\/div>\n\n<div id=\"\"class=\"mk-accordion-single\">\n\n\t<div class=\"mk-accordion-tab\">\n\t\t<i><svg  class=\"mk-svg-icon\" data-name=\"mk-icon-medkit\" data-cacheid=\"icon-69f5ebebc1354\" xmlns=\"http:\/\/www.w3.org\/2000\/svg\" viewbox=\"0 0 1792 1792\"><path d=\"M1280 1120v-192q0-14-9-23t-23-9h-224v-224q0-14-9-23t-23-9h-192q-14 0-23 9t-9 23v224h-224q-14 0-23 9t-9 23v192q0 14 9 23t23 9h224v224q0 14 9 23t23 9h192q14 0 23-9t9-23v-224h224q14 0 23-9t9-23zm-640-736h512v-128h-512v128zm-384 0v1280h-32q-92 0-158-66t-66-158v-832q0-92 66-158t158-66h32zm1184 0v1280h-1088v-1280h160v-160q0-40 28-68t68-28h576q40 0 68 28t28 68v160h160zm352 224v832q0 92-66 158t-158 66h-32v-1280h32q92 0 158 66t66 158z\"\/><\/svg><\/i>\t\t<span>Em que embalagem o Vetom est\u00e1 dispon\u00edvel?<\/span>\n\t\t<svg  class=\"mk-svg-icon\" data-name=\"mk-icon-chevron-right\" data-cacheid=\"icon-69f5ebebc140e\" style=\" height:13px; width: 9.2857142857143px; \"  xmlns=\"http:\/\/www.w3.org\/2000\/svg\" viewbox=\"0 0 1280 1792\"><path d=\"M1107 877l-742 742q-19 19-45 19t-45-19l-166-166q-19-19-19-45t19-45l531-531-531-531q-19-19-19-45t19-45l166-166q19-19 45-19t45 19l742 742q19 19 19 45t-19 45z\"\/><\/svg>\t<\/div>\n\n\t<div class=\"mk-accordion-pane\">\n\t\t\t<div class=\"vc_custom_1716650901197\">\n\n<div id=\"text-block-7\" class=\"mk-text-block  jupiter-donut-\">\n\n\t\n\t<p><strong>Em que embalagem o Vetom est\u00e1 dispon\u00edvel?<\/strong><\/p>\n<p>O Vetom est\u00e1 dispon\u00edvel em tr\u00eas formas de dosagem:<\/p>\n<ul>\n<li>P\u00f3 5, embalagem de 500 g<\/li>\n<li>C\u00e1psulas em embalagens de 50 gr\u00e3os<\/li>\n<li>L\u00edquido 10 ml<\/li>\n<\/ul>\n<p><img loading=\"lazy\" decoding=\"async\" class=\"wp-image-625 aligncenter\" src=\"https:\/\/vetomshop.hu\/wp-content\/uploads\/2024\/05\/biotech-deepdive.webp\" alt=\"\" width=\"869\" height=\"365\" \/><\/p>\n\n\t<div class=\"clearboth\"><\/div>\n<\/div>\n\n\t<\/div>\n\n\t\t<div class=\"clearboth\"><\/div>\n\t<\/div>\n\n<\/div>\n\n<div id=\"\"class=\"mk-accordion-single\">\n\n\t<div class=\"mk-accordion-tab\">\n\t\t<i><svg  class=\"mk-svg-icon\" data-name=\"mk-icon-medkit\" data-cacheid=\"icon-69f5ebebc1978\" xmlns=\"http:\/\/www.w3.org\/2000\/svg\" viewbox=\"0 0 1792 1792\"><path d=\"M1280 1120v-192q0-14-9-23t-23-9h-224v-224q0-14-9-23t-23-9h-192q-14 0-23 9t-9 23v224h-224q-14 0-23 9t-9 23v192q0 14 9 23t23 9h224v224q0 14 9 23t23 9h192q14 0 23-9t9-23v-224h224q14 0 23-9t9-23zm-640-736h512v-128h-512v128zm-384 0v1280h-32q-92 0-158-66t-66-158v-832q0-92 66-158t158-66h32zm1184 0v1280h-1088v-1280h160v-160q0-40 28-68t68-28h576q40 0 68 28t28 68v160h160zm352 224v832q0 92-66 158t-158 66h-32v-1280h32q92 0 158 66t66 158z\"\/><\/svg><\/i>\t\t<span>Qual \u00e9 a diferen\u00e7a entre probi\u00f3ticos e sementes?<\/span>\n\t\t<svg  class=\"mk-svg-icon\" data-name=\"mk-icon-chevron-right\" data-cacheid=\"icon-69f5ebebc1a3e\" style=\" height:13px; width: 9.2857142857143px; \"  xmlns=\"http:\/\/www.w3.org\/2000\/svg\" viewbox=\"0 0 1280 1792\"><path d=\"M1107 877l-742 742q-19 19-45 19t-45-19l-166-166q-19-19-19-45t19-45l531-531-531-531q-19-19-19-45t19-45l166-166q19-19 45-19t45 19l742 742q19 19 19 45t-19 45z\"\/><\/svg>\t<\/div>\n\n\t<div class=\"mk-accordion-pane\">\n\t\t\t<div class=\"vc_custom_1722780911439\">\n\n<div id=\"text-block-8\" class=\"mk-text-block  jupiter-donut-\">\n\n\t\n\t<h3><span style=\"color: #a58904;\">Os probi\u00f3ticos da Vetom tamb\u00e9m podem variar em seus ingredientes bacterianos e embalagens.<\/span><\/h3>\n<p><span style=\"color: #a58904;\"><strong>A diferen\u00e7a entre os microrganismos probi\u00f3ticos nos produtos Vetom:<\/strong><\/span><\/p>\n<p>Os lend\u00e1rios probi\u00f3ticos VETOM est\u00e3o em produ\u00e7\u00e3o h\u00e1 mais de 20 anos, mas poucas pessoas sabem por que o curso \u00e9 composto de 4 n\u00fameros e qual \u00e9 a diferen\u00e7a.<\/p>\n<p><img loading=\"lazy\" decoding=\"async\" class=\"size-full wp-image-623 aligncenter\" src=\"https:\/\/vetomshop.hu\/wp-content\/uploads\/2024\/05\/tech-biotechnology.webp\" alt=\"\" width=\"1464\" height=\"560\" \/><\/p>\n<p>Ent\u00e3o, eles est\u00e3o tentando descobrir.<\/p>\n<p>A VETOM <span style=\"color: #ff0000;\">1<\/span> em forma de c\u00e1psulas e gotas <span style=\"color: #ff0000;\">1.23<\/span> funciona como uma vassoura na parte mais c\u00edstica do intestino grosso. Ele estimula a produ\u00e7\u00e3o de interferon.<\/p>\n<p>As organelas nos linfonodos do intestino delgado geralmente est\u00e3o em modo inativo devido ao estresse, antibioticoterapia, fatores ambientais, etc.<\/p>\n<p>O VETOM <span style=\"color: #ff0000;\">1.1<\/span> As bact\u00e9rias t\u00eam plasm\u00eddeos incorporados em sua composi\u00e7\u00e3o que despertam essas organelas, for\u00e7ando-nos a produzir nosso pr\u00f3prio interferon em quantidades adequadas ao estado atual do corpo.<\/p>\n<p>A VETOM <span style=\"color: #ff0000;\">2<\/span> em forma de c\u00e1psulas e gotas <span style=\"color: #ff0000;\">2.25<\/span> ou <span style=\"color: #ff0000;\">2.26<\/span> Ele cont\u00e9m duas cepas de bact\u00e9rias, uma que continua a desinfetar o c\u00f3lon e outra que atua no intestino delgado (eliminando as tentativas da flora patog\u00eanica de \u201eescapar\u201d do c\u00f3lon para o intestino delgado).<\/p>\n<p>A VETOM <span style=\"color: #ff0000;\">3<\/span> em forma de c\u00e1psulas e gotas <span style=\"color: #ff0000;\">3.22<\/span>\u00a0 o \u201emais agressivo\u201d, ele limpa o c\u00f3lon.<\/p>\n<p>A VETOM <span style=\"color: #ff0000;\">4<\/span> em forma de c\u00e1psulas e gotas <span style=\"color: #ff0000;\">4.24<\/span> \u00e9 o mais r\u00e1pido e mais completo, completando o que os tr\u00eas primeiros VETOMs n\u00e3o fizeram, atuando como um tronco de \u201efixa\u00e7\u00e3o\u201d.<\/p>\n<p>Assim, com a aplica\u00e7\u00e3o de todos os VETOMs em sucess\u00e3o, os processos de putrefa\u00e7\u00e3o nos intestinos s\u00e3o eliminados, pois isso tem um efeito permanente sobre a flora patog\u00eanica restante.<\/p>\n<p>Ao aliviar a carga do p\u00e2ncreas e do f\u00edgado, permitimos que o corpo repare o pr\u00f3prio sistema, melhore o metabolismo e apoie a imunidade geral.<\/p>\n<p>Sa\u00fade!<\/p>\n<p>VETOM <span style=\"color: #ff0000;\">1.1<\/span> poeira, Vetom <span style=\"color: #ff0000;\">1.1<\/span> c\u00e1psula, Vetom <span style=\"color: #ff0000;\">1.23<\/span> got\u00edcula - cont\u00e9m a cepa bacteriana Subtilis Bacilluis B-10641<\/p>\n<p>VETOM <span style=\"color: #ff0000;\">2<\/span>, Vetom <span style=\"color: #ff0000;\">2<\/span> c\u00e1psula, Vetom <span style=\"color: #ff0000;\">2.25<\/span>\u00a0 gota - Bacillus amyloliquefaciens cepa B-10642 (Dsm 24614) e Bacillus amyloliquefaciens cepa B-10643 (Dsm 24615)<\/p>\n<p>Vetom <span style=\"color: #ff0000;\">2.26<\/span>\u00a0 A gota cont\u00e9m Bacillus Subtilis 10641 e Bacillus amylolique faciens 10643<\/p>\n<p>VETOM <span style=\"color: #ff0000;\">3<\/span>, Vetom <span style=\"color: #ff0000;\">3<\/span> c\u00e1psula, Vetom <span style=\"color: #ff0000;\">3.22<\/span> got\u00edcula - Bacillus amyloliquefaciens cepa B-10642 (Dsm 24614)<\/p>\n<p>VETOM <span style=\"color: #ff0000;\">4<\/span>, Vetom <span style=\"color: #ff0000;\">4<\/span> c\u00e1psulas ou Vetom <span style=\"color: #ff0000;\">4.24<\/span> got\u00edcula - Bacillus amyloliquefaciens cepa B-10643 (Dsm 24614)<\/p>\n<p>Embalagem dos produtos: em pacotes pl\u00e1sticos de 500 g de p\u00f3, 50 c\u00e1psulas de 50 g de p\u00f3 ou na forma l\u00edquida de 10 ml.<\/p>\n<p>Para pacientes com c\u00e2ncer, pacientes diab\u00e9ticos, pacientes com problemas digestivos muito graves, recomenda-se consumi-lo na forma de l\u00edquido. <span style=\"color: #ff0000;\">1.23<\/span>,Vetom <span style=\"color: #ff0000;\">2.26<\/span>, Vetom <span style=\"color: #ff0000;\">3.22<\/span>, Vetom <span style=\"color: #ff0000;\">4.24<\/span>)<\/p>\n<p>A Vetom <span style=\"color: #ff0000;\">1.23<\/span>, Vetom <span style=\"color: #ff0000;\">2.25<\/span>, Vetom <span style=\"color: #ff0000;\">2.26<\/span>, Vetom <span style=\"color: #ff0000;\">3.22<\/span>, Vetom <span style=\"color: #ff0000;\">4.24<\/span> As prepara\u00e7\u00f5es s\u00e3o id\u00eanticas em seus efeitos. Eles cont\u00eam v\u00e1rios microrganismos que atuam no trato intestinal e liberam v\u00e1rias subst\u00e2ncias biologicamente ativas para os \u00f3rg\u00e3os adjacentes. Como resultado, seu efeito geral no corpo humano \u00e9 diferente. Para obter o efeito positivo m\u00e1ximo, recomenda-se usar todos os produtos Vetom alternadamente, a fim de purificar o trato intestinal e os sistemas patog\u00eanicos como um todo.<\/p>\n\n\t<div class=\"clearboth\"><\/div>\n<\/div>\n\n\t<\/div>\n\n\t\t<div class=\"clearboth\"><\/div>\n\t<\/div>\n\n<\/div>\n\t<\/div>\n<\/div>\n\n\n\t<div class=\"vc_custom_1675852632641\">\n\n<div id=\"text-block-9\" class=\"mk-text-block  jupiter-donut-\">\n\n\t\n\t<hr \/>\n<h3 style=\"padding-left: 40px;\"><span style=\"color: #9c810c;\"><strong>Voc\u00ea pode encomendar os probi\u00f3ticos VETOM em nosso site<\/strong>:<\/span><\/h3>\n<p style=\"padding-left: 80px;\"><a href=\"https:\/\/vetomshop.hu\/pt\/\">Vetomshop.hu<\/a><\/p>\n<p style=\"padding-left: 80px;\"><a href=\"https:\/\/vetom-egeszsegshop.hu\" target=\"_blank\" rel=\"noopener noreferrer nofollow\">Vetomegeszsegshop.hu<\/a><\/p>\n<p style=\"padding-left: 80px;\"><a href=\"https:\/\/www.facebook.com\/Vetomshop.hu\" target=\"_blank\" rel=\"noopener noreferrer nofollow\">Facebook (Vetom-Hungria)<\/a><\/p>\n<p style=\"padding-left: 40px;\">Emag<\/p>\n<hr \/>\n\n\t<div class=\"clearboth\"><\/div>\n<\/div>\n\n\t<\/div>\n<\/div>\n\t<\/div>\n\n<\/div>","protected":false},"excerpt":{"rendered":"Mi az a Vetom? VETOM\u00a0\u2014 egy nagyon er\u0151s probiotikum, amely helyre\u00e1ll\u00edtja \u00e9s meg\u0151rzi a b\u00e9lny\u00e1lkah\u00e1rtya szerkezet\u00e9t \u00e9s a gyomor mikrofl\u00f3r\u00e1j\u00e1t. Hogyan harcol a Vetom a v\u00edrusos \u00e9s bakteri\u00e1lis fert\u0151z\u00e9sekkel? A Vetom k\u00e9sz\u00edtm\u00e9ny hat\u00f3anyaga a Bacillus subtilis VKPM B 10641 t\u00f6rzs. Az ezen fajokhoz tartoz\u00f3 bakt\u00e9riumok kifejezetten elnyomj\u00e1k a gyomor-b\u00e9l traktuson k\u00edv\u00fcli mikrofl\u00f3ra n\u00f6veked\u00e9s\u00e9t \u00e9s fejl\u0151d\u00e9s\u00e9t [...]","protected":false},"author":1,"featured_media":0,"parent":0,"menu_order":0,"comment_status":"closed","ping_status":"closed","template":"","meta":{"footnotes":""},"class_list":["post-1020","page","type-page","status-publish","hentry"],"_links":{"self":[{"href":"https:\/\/vetomshop.hu\/pt\/wp-json\/wp\/v2\/pages\/1020","targetHints":{"allow":["GET"]}}],"collection":[{"href":"https:\/\/vetomshop.hu\/pt\/wp-json\/wp\/v2\/pages"}],"about":[{"href":"https:\/\/vetomshop.hu\/pt\/wp-json\/wp\/v2\/types\/page"}],"author":[{"embeddable":true,"href":"https:\/\/vetomshop.hu\/pt\/wp-json\/wp\/v2\/users\/1"}],"replies":[{"embeddable":true,"href":"https:\/\/vetomshop.hu\/pt\/wp-json\/wp\/v2\/comments?post=1020"}],"version-history":[{"count":0,"href":"https:\/\/vetomshop.hu\/pt\/wp-json\/wp\/v2\/pages\/1020\/revisions"}],"wp:attachment":[{"href":"https:\/\/vetomshop.hu\/pt\/wp-json\/wp\/v2\/media?parent=1020"}],"curies":[{"name":"wp","href":"https:\/\/api.w.org\/{rel}","templated":true}]}}