{"id":5220,"date":"2024-03-06T12:36:43","date_gmt":"2024-03-06T11:36:43","guid":{"rendered":"https:\/\/vetomshop.hu\/?page_id=5220"},"modified":"2025-06-02T08:45:13","modified_gmt":"2025-06-02T06:45:13","slug":"szallitas-es-fizetes","status":"publish","type":"page","link":"https:\/\/vetomshop.hu\/pt\/szallitas-es-fizetes\/","title":{"rendered":"Entrega de encomendas dom\u00e9sticas"},"content":{"rendered":"<p><img decoding=\"async\" class=\"wp-image-5799 alignright\" src=\"https:\/\/vetomshop.hu\/wp-content\/uploads\/2024\/06\/gerb.png\" alt=\"\" width=\"555\" srcset=\"https:\/\/vetomshop.hu\/wp-content\/uploads\/2024\/06\/gerb.png 1200w, https:\/\/vetomshop.hu\/wp-content\/uploads\/2024\/06\/gerb-300x219.png 300w, https:\/\/vetomshop.hu\/wp-content\/uploads\/2024\/06\/gerb-1024x748.png 1024w, https:\/\/vetomshop.hu\/wp-content\/uploads\/2024\/06\/gerb-768x561.png 768w, https:\/\/vetomshop.hu\/wp-content\/uploads\/2024\/06\/gerb-600x438.png 600w\" sizes=\"(max-width: 1200px) 100vw, 1200px\" \/><\/p>\n<h2>Recibo pessoal<\/h2>\n<p style=\"padding-left: 40px;\">8112, Zichy\u00fajfalu, Kast\u00e9lykert 1<\/p>\n<p style=\"padding-left: 40px;\">Hor\u00e1rio para coleta pessoal: somente com hora marcada nos seguintes detalhes de contato<\/p>\n<ul>\n<li style=\"list-style-type: none;\">\n<ul>\n<li><strong>Telefone<\/strong>:\u00a0<a href=\"http:\/\/Tel:+36305573846\" target=\"_blank\" rel=\"noopener noreferrer nofollow\">+36305573846<\/a> Tam\u00e1s Pap<\/li>\n<li><strong>E-mail 1<\/strong>: <a href=\"mailto:vetomshop.hu@gmail.com\" target=\"_blank\" rel=\"noopener\">vetomshop.hu@gmail.com<\/a><\/li>\n<li><strong>E-mail 2<\/strong>: i<a href=\"mailto:infoshop.vetom.magyarorszag@gmail.com\" target=\"_blank\" rel=\"noopener\">nfoshop.vetom.magyarorszag@<wbr \/>gmail.com<\/a><\/li>\n<li>ou de nossos parceiros em todo o pa\u00eds, cujos detalhes de contato podem ser encontrados em nosso site<\/li>\n<\/ul>\n<\/li>\n<\/ul>\n<h2><span style=\"color: #ff0000;\">Entrega:<\/span><\/h2>\n<p>Em nossa loja, voc\u00ea pode escolher entre as seguintes op\u00e7\u00f5es de entrega e pagamento:<\/p>\n<p style=\"padding-left: 40px;\"><span style=\"color: #339966;\"><strong>Servi\u00e7o de correio GLS<\/strong><\/span> e <span style=\"color: #339966;\"><strong>M\u00e1quina de encomendas Foxpost<\/strong><\/span><\/p>\n<p style=\"padding-left: 40px;\"><em><strong>40.000<\/strong> Entrega gratuita acima do valor do pedido em HUF!<\/em><\/p>\n<h2><span style=\"color: #008000;\">Servi\u00e7o de correio eletr\u00f4nico GLS:<\/span><\/h2>\n<p><img decoding=\"async\" class=\"wp-image-5803 alignleft\" style=\"margin-top: -10px;\" src=\"https:\/\/vetomshop.hu\/wp-content\/uploads\/2024\/06\/gls-logo.png\" alt=\"\" width=\"350\" srcset=\"https:\/\/vetomshop.hu\/wp-content\/uploads\/2024\/06\/gls-logo.png 885w, https:\/\/vetomshop.hu\/wp-content\/uploads\/2024\/06\/gls-logo-300x80.png 300w, https:\/\/vetomshop.hu\/wp-content\/uploads\/2024\/06\/gls-logo-768x204.png 768w, https:\/\/vetomshop.hu\/wp-content\/uploads\/2024\/06\/gls-logo-600x159.png 600w\" sizes=\"(max-width: 885px) 100vw, 885px\" \/>Para pedidos do GLS ParcelPoint, voc\u00ea pode pagar em dinheiro e com cart\u00e3o de cr\u00e9dito em alguns locais (verifique com anteced\u00eancia no ParcelPoint) <b>Se voc\u00ea solicitar a entrega em um GLS ParcelService ou GLS ParcelPoint, dever\u00e1 inserir o endere\u00e7o da m\u00e1quina de encomendas no campo de endere\u00e7o de entrega ou no coment\u00e1rio ao fazer o pedido.<\/b><\/p>\n<ul>\n<li>Quando a encomenda for despachada, o sistema da GLS Courier notificar\u00e1 o destinat\u00e1rio por e-mail de que a encomenda ser\u00e1 entregue no dia \u00fatil seguinte. O e-mail conter\u00e1 o n\u00famero da encomenda e o valor de qualquer dinheiro na entrega. Na manh\u00e3 do dia da entrega, o destinat\u00e1rio receber\u00e1 uma notifica\u00e7\u00e3o contendo o n\u00famero de telefone do courier, o n\u00famero de telefone do Servi\u00e7o de Atendimento ao Cliente da GLS e um prazo de 3 horas para a entrega prevista. Em caso de falha na tentativa de entrega, uma notifica\u00e7\u00e3o por e-mail ser\u00e1 enviada ao destinat\u00e1rio.<\/li>\n<li><b>Pesquisa GLS ParcelSpot:<\/b> <span style=\"color: #ff0000;\"><a style=\"color: #ff0000;\" href=\"https:\/\/gls-group.eu\/HU\/hu\/csomagpont-kereses\" target=\"_blank\" rel=\"noopener noreferrer nofollow\" data-saferedirecturl=\"https:\/\/www.google.com\/url?q=https:\/\/gls-group.eu\/HU\/hu\/csomagpont-kereses&amp;source=gmail&amp;ust=1709714712502000&amp;usg=AOvVaw3hrSNVVmvMC6btceWutRDK\">https:\/\/gls-group.eu\/<wbr \/>EN\/en\/package-point-search<\/a><\/span><br \/>\n<b>Prazo de entrega:<\/b> 1-3 dias \u00fateis<br \/>\n<b>Taxa de entrega:<\/b> 1590, - Ft,<br \/>\n<strong>Pagamento:<\/strong> Pr\u00e9-pagamento (0,- Ft) ou P\u00f3s-pagamento, que custa + 400, - Ft<\/li>\n<\/ul>\n<p>Esses pre\u00e7os se aplicam somente a entregas dentro da Hungria. Caso deseje enviar sua encomenda para o exterior, entre em contato conosco diretamente por e-mail antes ou depois de fazer seu pedido para obter informa\u00e7\u00f5es sobre os custos de envio.<\/p>\n<h2><span style=\"color: #008000;\">Servi\u00e7o de correio da FOXPOST:<\/span><\/h2>\n<p><img decoding=\"async\" class=\"wp-image-5807 alignleft\" style=\"margin-top: -10px;\" src=\"https:\/\/vetomshop.hu\/wp-content\/uploads\/2024\/06\/foxpost-.png\" alt=\"\" width=\"350\" srcset=\"https:\/\/vetomshop.hu\/wp-content\/uploads\/2024\/06\/foxpost-.png 1267w, https:\/\/vetomshop.hu\/wp-content\/uploads\/2024\/06\/foxpost--300x151.png 300w, https:\/\/vetomshop.hu\/wp-content\/uploads\/2024\/06\/foxpost--1024x516.png 1024w, https:\/\/vetomshop.hu\/wp-content\/uploads\/2024\/06\/foxpost--768x387.png 768w, https:\/\/vetomshop.hu\/wp-content\/uploads\/2024\/06\/foxpost--600x302.png 600w\" sizes=\"(max-width: 1267px) 100vw, 1267px\" \/>Voc\u00ea tamb\u00e9m pode solicitar a entrega em uma m\u00e1quina de encomendas Foxpost em nossa loja.<\/p>\n<p style=\"padding-left: 40px;\"><span style=\"color: #ff0000;\"><a style=\"color: #ff0000;\" href=\"https:\/\/foxpost.hu\/csomagautomatak\" target=\"_blank\" rel=\"noopener noreferrer nofollow\" data-saferedirecturl=\"https:\/\/www.google.com\/url?q=https:\/\/foxpost.hu\/csomagautomatak&amp;source=gmail&amp;ust=1709714712502000&amp;usg=AOvVaw1Y_RPFbUPlHU38HiM-T9Re\">https:\/\/foxpost.hu\/<wbr \/>porta-malas<\/a><\/span><\/p>\n<p><strong>Se voc\u00ea solicitar a entrega em uma m\u00e1quina de encomendas da Foxpost, dever\u00e1 inserir o endere\u00e7o da m\u00e1quina de encomendas no campo de endere\u00e7o de entrega ou no coment\u00e1rio ao fazer o pedido.<\/strong><\/p>\n<h3>Formas de pagamento:<\/h3>\n<p><strong>Prazo de entrega:<\/strong> 1-3 dias \u00fateis<br \/>\n<strong>Taxa de entrega:<\/strong> 1390, - Ft,<br \/>\n<strong>Pagamento:<\/strong> Pr\u00e9-pagamento (0, - Ft) ou P\u00f3s-pagamento, que custa +350, - Ft<\/p>\n<h3>Formas de pagamento:<\/h3>\n<h4 style=\"padding-left: 40px;\">Acompanhamento<\/h4>\n<p>Se voc\u00ea escolher o m\u00e9todo de pagamento em dinheiro na entrega, o pagamento ser\u00e1 feito no ponto de recebimento (transportadora ou ponto postal\/ponto de embalagem). Esse m\u00e9todo de pagamento tem uma taxa de manuseio, portanto, cobramos um adicional de 350 ou 400 HUF por pacote al\u00e9m da taxa b\u00e1sica de entrega. Se pagar em dinheiro, tenha em m\u00e3os o valor exato, pois o entregador nem sempre tem troco suficiente.<\/p>\n<h4 style=\"padding-left: 40px;\">Transfer\u00eancia banc\u00e1ria antecipada<\/h4>\n<p>Se voc\u00ea optar por pagar antecipadamente por transfer\u00eancia banc\u00e1ria, enviaremos uma fatura por e-mail ap\u00f3s a verifica\u00e7\u00e3o do estoque, contendo os detalhes necess\u00e1rios para a transfer\u00eancia e o valor exato final. Por favor, transfira o valor da compra para nossa conta banc\u00e1ria em at\u00e9 72 horas ap\u00f3s o envio da fatura, caso contr\u00e1rio, seu pedido ser\u00e1 considerado nulo. Gostar\u00edamos de lembr\u00e1-lo de n\u00e3o iniciar a transfer\u00eancia banc\u00e1ria at\u00e9 que a fatura chegue em sua caixa postal! Os detalhes necess\u00e1rios para a transfer\u00eancia est\u00e3o inclu\u00eddos na fatura emitida.<\/p>\n<h4 style=\"padding-left: 40px;\">Observe tamb\u00e9m o seguinte:<\/h4>\n<p>Voc\u00ea ser\u00e1 notificado por e-mail sobre o envio e a previs\u00e3o de chegada de sua encomenda, portanto, verifique sua caixa de entrada regularmente ap\u00f3s fazer o pedido para evitar mal-entendidos ou inconvenientes. Se houver alguma irregularidade com seu pedido, entre em contato conosco pelo e-mail <a href=\"mailto:vetomshop.hu@gmail.com\" target=\"_blank\" rel=\"noopener\">vetomshop.hu@gmail.com<\/a> em. Ao fazer seu pedido, certifique-se de fornecer seu nome, endere\u00e7o, endere\u00e7o de e-mail e n\u00famero de telefone corretos. A pessoa respons\u00e1vel pela entrega do pacote pode n\u00e3o estar familiarizada com as especificidades locais, portanto, forne\u00e7a informa\u00e7\u00f5es adicionais para ajudar na entrega bem-sucedida, se necess\u00e1rio. Se a entrega n\u00e3o for bem-sucedida por sua culpa, s\u00f3 poderemos reentregar o pacote \u00e0 transportadora depois que voc\u00ea pagar novamente a taxa de entrega. \u00c9 importante que, se o pacote estiver visivelmente danificado ou aberto, voc\u00ea n\u00e3o aceite a entrega e nos notifique o mais r\u00e1pido poss\u00edvel.<\/p>\n<div class=\"logo-posta\"><img decoding=\"async\" class=\"alignnone size-full wp-image-5757\" src=\"https:\/\/vetomshop.hu\/wp-content\/uploads\/2024\/06\/gls_logo.jpg\" alt=\"\" width=\"197\" \/><br \/>\n<img decoding=\"async\" class=\"alignnone size-full wp-image-5758\" src=\"https:\/\/vetomshop.hu\/wp-content\/uploads\/2024\/06\/mpl_logo.jpg\" alt=\"\" width=\"197\" \/><br \/>\n<img decoding=\"async\" class=\"alignnone size-full wp-image-5760\" src=\"https:\/\/vetomshop.hu\/wp-content\/uploads\/2024\/06\/fox_logo.jpg\" alt=\"\" width=\"197\" \/><br \/>\n<img decoding=\"async\" class=\"alignnone size-full wp-image-5759\" src=\"https:\/\/vetomshop.hu\/wp-content\/uploads\/2024\/06\/packeta_logo.jpg\" alt=\"\" width=\"197\" \/><br \/>\n<img decoding=\"async\" class=\"alignnone size-full wp-image-5759\" src=\"https:\/\/vetomshop.hu\/wp-content\/uploads\/2025\/02\/fedex_logo.jpg\" alt=\"\" width=\"197\" \/><\/div>\n<div id=\"gtx-trans\" style=\"position: absolute; left: 39px; top: 1545.89px;\">\n<div class=\"gtx-trans-icon\"><\/div>\n<\/div>","protected":false},"excerpt":{"rendered":"<p>Szem\u00e9lyes \u00e1tv\u00e9tel 8112, Zichy\u00fajfalu, Kast\u00e9lykert 1 A szem\u00e9lyes \u00e1tv\u00e9tel ideje: kiz\u00e1r\u00f3lag el\u0151zetes egyeztet\u00e9ssel a k\u00f6vetkez\u0151 el\u00e9rhet\u0151s\u00e9geken Telefon:\u00a0+36305573846 Pap Tam\u00e1s Email 1: vetomshop.hu@gmail.com Email 2: infoshop.vetom.magyarorszag@gmail.com vagy orsz\u00e1gszerte a partnereinkt\u0151l, melyeknek el\u00e9rhet\u0151s\u00e9g\u00fck a weboldalunkon is megtal\u00e1lhat\u00f3 Kisz\u00e1ll\u00edt\u00e1s: \u00c1ruh\u00e1zunkban az al\u00e1bbi kisz\u00e1ll\u00edt\u00e1si \u00e9s fizet\u00e9si lehet\u0151s\u00e9gek k\u00f6z\u00fcl v\u00e1laszthat: GLS fut\u00e1rszolg\u00e1lat \u00e9s Foxpost csomagautomata 40.000 Forint rendel\u00e9si \u00e9rt\u00e9k felett [&hellip;]<\/p>\n","protected":false},"author":9,"featured_media":0,"parent":0,"menu_order":0,"comment_status":"closed","ping_status":"closed","template":"","meta":{"footnotes":""},"class_list":["post-5220","page","type-page","status-publish","hentry"],"_links":{"self":[{"href":"https:\/\/vetomshop.hu\/pt\/wp-json\/wp\/v2\/pages\/5220","targetHints":{"allow":["GET"]}}],"collection":[{"href":"https:\/\/vetomshop.hu\/pt\/wp-json\/wp\/v2\/pages"}],"about":[{"href":"https:\/\/vetomshop.hu\/pt\/wp-json\/wp\/v2\/types\/page"}],"author":[{"embeddable":true,"href":"https:\/\/vetomshop.hu\/pt\/wp-json\/wp\/v2\/users\/9"}],"replies":[{"embeddable":true,"href":"https:\/\/vetomshop.hu\/pt\/wp-json\/wp\/v2\/comments?post=5220"}],"version-history":[{"count":8,"href":"https:\/\/vetomshop.hu\/pt\/wp-json\/wp\/v2\/pages\/5220\/revisions"}],"predecessor-version":[{"id":6763,"href":"https:\/\/vetomshop.hu\/pt\/wp-json\/wp\/v2\/pages\/5220\/revisions\/6763"}],"wp:attachment":[{"href":"https:\/\/vetomshop.hu\/pt\/wp-json\/wp\/v2\/media?parent=5220"}],"curies":[{"name":"wp","href":"https:\/\/api.w.org\/{rel}","templated":true}]}}