{"id":225,"date":"2016-09-02T11:41:41","date_gmt":"2016-09-02T09:41:41","guid":{"rendered":"https:\/\/demos.artbees.net\/jupiter\/herse\/?post_type=product&#038;p=225"},"modified":"2026-04-12T08:29:44","modified_gmt":"2026-04-12T06:29:44","slug":"vetom1-1-etrend-kiegeszito","status":"publish","type":"product","link":"https:\/\/vetomshop.hu\/pt\/produto\/vetom1-1-etrend-kiegeszito\/","title":{"rendered":"Probi\u00f3tico Vetom <span style=\"color:red\">1.1<\/span><br> c\u00e1psula <span style=\"color:red\">50 gr\u00e3os<\/span> (suplemento alimentar)"},"content":{"rendered":"<h2>C\u00e1psulas probi\u00f3ticas Vetom 1.1 50 gr\u00e3os (suplemento alimentar)<\/h2>\n<p>Em ess\u00eancia, os probi\u00f3ticos VETOM podem ser usados para qualquer tipo de doen\u00e7a, pois s\u00e3o capazes de resolver problemas s\u00e9rios - restaurando a microflora e otimizando a atividade do sistema imunol\u00f3gico.<\/p>\n<p>Os efeitos ben\u00e9ficos do Vetom 1.1 se devem \u00e0s bact\u00e9rias *Bacillus subtilis* que ele cont\u00e9m. Essas bact\u00e9rias ben\u00e9ficas se multiplicam no intestino grosso e produzem v\u00e1rias enzimas e subst\u00e2ncias biologicamente ativas que:<\/p>\n<p>* Inibe o crescimento de bact\u00e9rias e fungos nocivos,<br \/>\n* Ajudam a quebrar as prote\u00ednas, o amido e as fibras vegetais,<br \/>\n* Suporte ao sistema imunol\u00f3gico,<br \/>\n* Ajuda a desintoxicar o corpo,<br \/>\n* Promove melhor absor\u00e7\u00e3o de nutrientes.<\/p>\n<h2>Uso regular do produto:<\/h2>\n<p>* Restaura o equil\u00edbrio saud\u00e1vel da flora intestinal,<br \/>\n* Melhora a digest\u00e3o,<br \/>\n* Alivia os sintomas da alergia,<br \/>\n* ap\u00f3ia a regenera\u00e7\u00e3o do corpo e a remo\u00e7\u00e3o de c\u00e9lulas doentes,<br \/>\n* Aumenta os efeitos de outros medicamentos e reduz seus efeitos colaterais.<br \/>\n* Protege o corpo em n\u00edvel celular e ajuda a evitar o desenvolvimento de tumores.<\/p>\n<h2>Caracter\u00edsticas:<\/h2>\n<p>* Antibacteriano e antif\u00fangico<br \/>\n* Antiviral, estimulante do sistema imunol\u00f3gico, antitumoral<br \/>\n* Sem efeitos colaterais<br \/>\n* Sem v\u00edcio<br \/>\n* N\u00e3o deve ser tomado em overdose<\/p>\n<h2>Aplicativo:<\/h2>\n<p>O Vetom 1.1 \u00e9 recomendado para melhorar a condi\u00e7\u00e3o do trato gastrointestinal e para restaurar o equil\u00edbrio da flora intestinal.<\/p>\n<h2>Dosagem:<\/h2>\n<p>* Recomenda-se 1 c\u00e1psula 2 a 3 vezes ao dia durante 10 dias, antes, durante ou ap\u00f3s as refei\u00e7\u00f5es, com uma pequena quantidade de l\u00edquido (\u00e1gua, ch\u00e1 ou suco). Monitore a resposta do organismo durante o tratamento e aumente a dose gradualmente, se necess\u00e1rio, at\u00e9 5 a 10 c\u00e1psulas por dia.<\/p>\n<p>* O tratamento pode ser repetido a qualquer momento ap\u00f3s um intervalo de uma a duas semanas. Ocasionalmente, recomenda-se alternar o uso com outros tipos de produtos Vetom para apoiar o corpo inteiro.<\/p>\n<h2>Contra-indica\u00e7\u00f5es:<\/h2>\n<p>* Hipersensibilidade a qualquer um dos ingredientes<br \/>\n* N\u00e3o use com antibi\u00f3ticos ou outros probi\u00f3ticos<br \/>\n* Durante a gravidez e a amamenta\u00e7\u00e3o, somente com aprova\u00e7\u00e3o m\u00e9dica<\/p>\n<h2>Outras informa\u00e7\u00f5es:<\/h2>\n<p>* N\u00e3o afeta a dire\u00e7\u00e3o ou a opera\u00e7\u00e3o de m\u00e1quinas perigosas.<br \/>\n* Armazenamento: em local seco e fresco (m\u00e1x. 30 \u00b0C), fora do alcance de crian\u00e7as<br \/>\n* Garantia: 2 anos a partir da data de fabrica\u00e7\u00e3o<br \/>\n* Embalagem: 10 c\u00e1psulas em blister, 5 pacotes em uma caixa (50 c\u00e1psulas no total)<\/p>\n<h2>Composi\u00e7\u00e3o por c\u00e1psula:<\/h2>\n<p>* Extrato de milho: 133 mg<br \/>\n* Amido de batata: 100 mg<br \/>\n* A\u00e7\u00facar em p\u00f3: 67 mg<br \/>\n* Cepa de Bacillus subtilis: 0,03 mg<\/p>\n<p>Equivalente alternativo em forma de gota: Vetom 1,23 (10 ml)<\/p>\n<p>Local de origem: <strong>R\u00fassia<\/strong><\/p>","protected":false},"excerpt":{"rendered":"<h5>Vetom <span style=\"color: red;\">1.1<\/span> C\u00e1psulas probi\u00f3ticas 50 gr\u00e3os (suplemento alimentar)<\/h5>\n<p>Seus efeitos ben\u00e9ficos se devem \u00e0 a\u00e7\u00e3o das bact\u00e9rias ben\u00e9ficas Bacillus subtilis, que s\u00e3o produzidas principalmente pela multiplica\u00e7\u00e3o no intestino grosso:<\/p>\n<ul class=\"vetom-list\">\n<li>enzimas proteol\u00edticas, amilol\u00edticas e celulol\u00edticas;<\/li>\n<li>interferon a-2 em leuc\u00f3citos humanos;<\/li>\n<li>bacitracina mg, que inibem o crescimento e o desenvolvimento da microflora patog\u00eanica e potencialmente patog\u00eanica;<\/li>\n<li>e outras subst\u00e2ncias biologicamente ativas.<\/li>\n<\/ul>\n<div class=\"plashka\">Como consequ\u00eancia, a composi\u00e7\u00e3o bacteriana do conte\u00fado intestinal \u00e9 transformada na norma de desenvolvimento adequada, as paredes intestinais s\u00e3o limpas de res\u00edduos n\u00e3o digeridos, o que contribui para a remo\u00e7\u00e3o ativa de toxinas do corpo e o transporte desimpedido de nutrientes biologicamente ativos.<\/div>\n<p>A <strong>Vetom <span style=\"color: red;\">1.1<\/span><\/strong> normaliza o metabolismo, a digest\u00e3o e a absor\u00e7\u00e3o de componentes alimentares biologicamente ativos no trato gastrointestinal.<\/p>\n<p>A <strong>Vetom <span style=\"color: red;\">1.1<\/span><\/strong> aumenta a efic\u00e1cia dos medicamentos e reduz seus efeitos colaterais negativos no corpo humano.<\/p>\n<div class=\"plashka\"><strong>Efeitos farmacol\u00f3gicos:<\/strong> imunomodulador, antitumoral, antiviral, antiproliferativo, bactericida, fungicida, anticlam\u00eddia.<\/div>\n<h5>Caracter\u00edsticas:<\/h5>\n<ul class=\"vetom-list\">\n<li>Possui alta atividade antag\u00f4nica contra fungos e bact\u00e9rias patog\u00eanicos e condicionalmente patog\u00eanicos, propriedades antivirais, proteol\u00edticas, amilol\u00edticas e celulol\u00edticas<\/li>\n<li>estimula os fatores celulares e humorais da imunidade<\/li>\n<li>aumenta a resist\u00eancia n\u00e3o espec\u00edfica do corpo<\/li>\n<li>estabiliza a resist\u00eancia al\u00e9rgica<\/li>\n<li>normaliza o metabolismo<\/li>\n<li>estimula os processos de regenera\u00e7\u00e3o, atacando e destruindo c\u00e9lulas cancerosas e doentes<\/li>\n<\/ul>","protected":false},"featured_media":6597,"comment_status":"open","ping_status":"closed","template":"","meta":[],"product_brand":[],"product_cat":[22],"product_tag":[],"class_list":{"0":"post-225","1":"product","2":"type-product","3":"status-publish","4":"has-post-thumbnail","6":"product_cat-vetom-probiotikumok","8":"first","9":"instock","10":"featured","11":"taxable","12":"shipping-taxable","13":"purchasable","14":"product-type-simple"},"_links":{"self":[{"href":"https:\/\/vetomshop.hu\/pt\/wp-json\/wp\/v2\/product\/225","targetHints":{"allow":["GET"]}}],"collection":[{"href":"https:\/\/vetomshop.hu\/pt\/wp-json\/wp\/v2\/product"}],"about":[{"href":"https:\/\/vetomshop.hu\/pt\/wp-json\/wp\/v2\/types\/product"}],"replies":[{"embeddable":true,"href":"https:\/\/vetomshop.hu\/pt\/wp-json\/wp\/v2\/comments?post=225"}],"wp:featuredmedia":[{"embeddable":true,"href":"https:\/\/vetomshop.hu\/pt\/wp-json\/wp\/v2\/media\/6597"}],"wp:attachment":[{"href":"https:\/\/vetomshop.hu\/pt\/wp-json\/wp\/v2\/media?parent=225"}],"wp:term":[{"taxonomy":"product_brand","embeddable":true,"href":"https:\/\/vetomshop.hu\/pt\/wp-json\/wp\/v2\/product_brand?post=225"},{"taxonomy":"product_cat","embeddable":true,"href":"https:\/\/vetomshop.hu\/pt\/wp-json\/wp\/v2\/product_cat?post=225"},{"taxonomy":"product_tag","embeddable":true,"href":"https:\/\/vetomshop.hu\/pt\/wp-json\/wp\/v2\/product_tag?post=225"}],"curies":[{"name":"wp","href":"https:\/\/api.w.org\/{rel}","templated":true}]}}