{"id":2478,"date":"2020-10-20T18:54:23","date_gmt":"2020-10-20T16:54:23","guid":{"rendered":"https:\/\/vetomshop.hu\/?post_type=product&#038;p=2478"},"modified":"2026-04-12T08:28:28","modified_gmt":"2026-04-12T06:28:28","slug":"vetom-2-25-probiotikum-10-ml-csepp","status":"publish","type":"product","link":"https:\/\/vetomshop.hu\/pt\/produto\/vetom-2-25-probiotikum-10-ml-csepp\/","title":{"rendered":"Probi\u00f3tico Vetom <span style=\"color: red\">2.25<\/span><br>queda <span style=\"color: red\">10 ml<\/span> (suplemento alimentar)"},"content":{"rendered":"<h3>Vetom 2.25 gotas probi\u00f3ticas 10 ml (suplemento alimentar)<\/h3>\n<p>Duas cepas de Bacillus amyloliquefaciens (VKPM B-10642 e B-10643)<\/p>\n<p>O Vetom 2.25 \u00e9 um probi\u00f3tico l\u00edquido de base natural desenvolvido para restaurar a flora intestinal, apoiar a sa\u00fade digestiva e aumentar as defesas gerais do corpo. Sua efic\u00e1cia excepcional se deve \u00e0s duas cepas de bact\u00e9rias *Bacillus amyloliquefaciens* que cont\u00e9m.<\/p>\n<h2>Principais efeitos e benef\u00edcios:<\/h2>\n<p>*Efeitos antibacterianos, antivirais, antif\u00fangicos e anticlam\u00eddia<br \/>\n*Ajuda no funcionamento dos intestinos grosso e delgado, restaura a flora intestinal normal<br \/>\n*Apoia o sistema imunol\u00f3gico, tanto em n\u00edvel celular quanto em n\u00edvel de defesa geral<br \/>\n* Normaliza o metabolismo, especialmente o equil\u00edbrio de \u00e1gua e sal<br \/>\n*Efeito desintoxicante, ajuda a eliminar os processos de decomposi\u00e7\u00e3o no intestino<br \/>\n* Reduz os sintomas do mau h\u00e1lito e da transpira\u00e7\u00e3o<br \/>\n*Uso como suplemento para uma variedade de condi\u00e7\u00f5es, como doen\u00e7a hep\u00e1tica, inflama\u00e7\u00e3o do intestino, \u00falceras estomacais, hepatite cr\u00f4nica<br \/>\n*O leuc\u00f3cito humano produz interferon, que protege o corpo contra infec\u00e7\u00f5es virais.<br \/>\n*Sem depend\u00eancia, overdose ou efeitos colaterais<br \/>\n*Para crian\u00e7as e adultos<\/p>\n<h2>Quando seu uso \u00e9 recomendado?<\/h2>\n<p>* Ap\u00f3s o tratamento com antibi\u00f3ticos, para regenerar a flora intestinal<br \/>\n*Para complementar a terapia no caso de c\u00e2ncer<br \/>\n*Dist\u00farbios digestivos, diarreia, constipa\u00e7\u00e3o, dor de est\u00f4mago<br \/>\n*Em estados de imunodefici\u00eancia<br \/>\n*Em caso de odor corporal ou h\u00e1lito desagrad\u00e1vel<br \/>\n*Tratamento adicional para pedras nos rins, doen\u00e7a hep\u00e1tica, problemas gastrointestinais<\/p>\n<h2>\nRecomenda\u00e7\u00e3o de dosagem:<\/h2>\n<p>*Suplemento para adultos e crian\u00e7as: 2 gotas s\u00e3o recomendadas nos primeiros dias, depois a dose pode ser aumentada gradualmente para 4-6 gotas. Observe as rea\u00e7\u00f5es do corpo durante a ingest\u00e3o.<br \/>\n*Para doen\u00e7as comuns: 10 gotas por dia durante 10 dias<br \/>\n* O tratamento pode ser repetido ap\u00f3s 1-2 semanas.<br \/>\n* Recomenda-se us\u00e1-lo alternadamente com outros produtos Vetom (por exemplo, Vetom 1, 3, 4 etc.)<\/p>\n<p>Importante:<br \/>\nN\u00e3o deve ser tomado com outros probi\u00f3ticos ou antibi\u00f3ticos orais, especialmente sulfanilamida, agentes anticancer\u00edgenos.<\/p>\n<h2>Ingredientes:<\/h2>\n<p>* Extrato de milho fermentado com as seguintes cepas bacterianas:<br \/>\n*Bacillus amyloliquefaciens* VKPM B-10642 (DSM 24614)<br \/>\n*Bacillus amyloliquefaciens* VKPM B-10643 (DSM 24615)<br \/>\n* Viveware<\/p>\n<h2>Embalagem e apar\u00eancia:<\/h2>\n<p>* 10 ml de l\u00edquido em um frasco de vidro ou pl\u00e1stico, embalado em uma caixa de papel\u00e3o<br \/>\n* Cor: amarelo claro a marrom escuro<br \/>\n* Cheiro t\u00edpico, \u00e0s vezes pode ocorrer um leve sedimento (n\u00e3o \u00e9 um defeito de qualidade)<\/p>\n<p>*Peso: 0,02 kg<br \/>\n*Dimens\u00f5es: 3 \u00d7 3 \u00d7 7 cm<br \/>\n*Local de trabalho: <strong>R\u00fassia<\/strong><\/p>\n<h2>Condi\u00e7\u00f5es de armazenamento e transporte:<\/h2>\n<p>*Armazenamento: 0-10 \u00b0C, umidade m\u00e1xima 75%<br \/>\n*Pode ser armazenado a 10-30 \u00b0C por at\u00e9 18 dias<br \/>\n*Ap\u00f3s a desmontagem: mantenha refrigerado (0-10 \u00b0C)<\/p>","protected":false},"excerpt":{"rendered":"<h5>Composi\u00e7\u00e3o:<\/h5>\n<p>Bacillus amyloliquefaciens, VKPM B-10642 <strong>(DSM 24614)<\/strong> e VKPM B- 10643 <strong>(DSM 24615)<\/strong> extrato de milho fermentado por bact\u00e9rias de cepas de bacilos, portador.<br \/>\n<strong>Qual \u00e9 a apar\u00eancia do produto: <\/strong>A <strong>Vetom<\/strong> <span style=\"color: red; font-weight: 800;\">2.25<\/span> <strong>Gotas probi\u00f3ticas<\/strong> um l\u00edquido com um odor espec\u00edfico, cuja cor varia de amarelo-claro a marrom-escuro.<\/p>\n<p><strong>Desembalagem:<\/strong>\u00a0 garrafa de vidro ou pl\u00e1stico em uma caixa de papel\u00e3o.<\/p>\n<div class=\"plashka\">A <strong>Vetom<\/strong> <span style=\"color: red; font-weight: 800;\">2.25<\/span> aumenta a efic\u00e1cia dos medicamentos e reduz seus efeitos colaterais negativos no corpo humano.<\/div>\n<h6>Caracter\u00edsticas:<\/h6>\n<ul class=\"vetom-list\">\n<li>estimula os fatores celulares e humorais da imunidade<\/li>\n<li>aumenta a resist\u00eancia n\u00e3o espec\u00edfica do corpo<\/li>\n<li>estabiliza a resist\u00eancia al\u00e9rgica<\/li>\n<li>normaliza o metabolismo<\/li>\n<li>estimula os processos de regenera\u00e7\u00e3o, ataca e destr\u00f3i c\u00e9lulas cancerosas e doentes<\/li>\n<\/ul>\n<div class=\"plashka\">Ele altera a membrana e o metabolismo do esqueleto celular, impedindo o desenvolvimento de c\u00e9lulas cancer\u00edgenas.<\/div>","protected":false},"featured_media":6611,"comment_status":"open","ping_status":"closed","template":"","meta":[],"product_brand":[],"product_cat":[22],"product_tag":[],"class_list":{"0":"post-2478","1":"product","2":"type-product","3":"status-publish","4":"has-post-thumbnail","6":"product_cat-vetom-probiotikumok","8":"first","9":"instock","10":"featured","11":"taxable","12":"shipping-taxable","13":"purchasable","14":"product-type-simple"},"_links":{"self":[{"href":"https:\/\/vetomshop.hu\/pt\/wp-json\/wp\/v2\/product\/2478","targetHints":{"allow":["GET"]}}],"collection":[{"href":"https:\/\/vetomshop.hu\/pt\/wp-json\/wp\/v2\/product"}],"about":[{"href":"https:\/\/vetomshop.hu\/pt\/wp-json\/wp\/v2\/types\/product"}],"replies":[{"embeddable":true,"href":"https:\/\/vetomshop.hu\/pt\/wp-json\/wp\/v2\/comments?post=2478"}],"wp:featuredmedia":[{"embeddable":true,"href":"https:\/\/vetomshop.hu\/pt\/wp-json\/wp\/v2\/media\/6611"}],"wp:attachment":[{"href":"https:\/\/vetomshop.hu\/pt\/wp-json\/wp\/v2\/media?parent=2478"}],"wp:term":[{"taxonomy":"product_brand","embeddable":true,"href":"https:\/\/vetomshop.hu\/pt\/wp-json\/wp\/v2\/product_brand?post=2478"},{"taxonomy":"product_cat","embeddable":true,"href":"https:\/\/vetomshop.hu\/pt\/wp-json\/wp\/v2\/product_cat?post=2478"},{"taxonomy":"product_tag","embeddable":true,"href":"https:\/\/vetomshop.hu\/pt\/wp-json\/wp\/v2\/product_tag?post=2478"}],"curies":[{"name":"wp","href":"https:\/\/api.w.org\/{rel}","templated":true}]}}