{"id":2483,"date":"2020-10-20T19:35:14","date_gmt":"2020-10-20T17:35:14","guid":{"rendered":"https:\/\/vetomshop.hu\/?post_type=product&#038;p=2483"},"modified":"2026-04-12T08:28:16","modified_gmt":"2026-04-12T06:28:16","slug":"vetomgin-8-21","status":"publish","type":"product","link":"https:\/\/vetomshop.hu\/pt\/produto\/vetomgin-8-21\/","title":{"rendered":"Probi\u00f3tico Vetomgin <span style=\"color:red\">8.21<\/span> tablete de champanhe <span style=\"color:red\">15 pe\u00e7as<\/span> (suplemento alimentar)"},"content":{"rendered":"<h2><strong>Vetomgin 8.21 comprimidos efervescentes probi\u00f3ticos 15 (suplemento alimentar)<\/strong><\/h2>\n<p><span style=\"color: #ff0000;\">Composi\u00e7\u00e3o<\/span><\/p>\n<p>1 por\u00e7\u00e3o (1 comprimido efervescente) cont\u00e9m: aditivo: \u0415500 (carbonato de s\u00f3dio) - 1200 \u00b5g \u0415330(barra de lim\u00e3o) - 750 \u00b5g ; culturas probi\u00f3ticas secas de Bacillus subtilis, VKPM B - 10641(DSM 24613),Bacillus amyloliquefaciens, VKPM B - 10642(DSM 24614) , Bacillus amyloliquefaciens, VKPM B - 10643 (DSM 24615) 1\u0445106 KTJ\/g - 50 mg.<\/p>\n<p>Seus efeitos ben\u00e9ficos s\u00e3o devidos \u00e0s propriedades dos constituintes do Vetomgin 8.21. Sob sua a\u00e7\u00e3o, uma composi\u00e7\u00e3o microbiana espec\u00edfica \u00e9 formada no intestino de cada pessoa e o ciclo de Krebs \u00e9 ativado. Esse processo resulta na otimiza\u00e7\u00e3o do funcionamento dos sistemas que protegem o corpo de invasores externos, incluindo microrganismos infecciosos, e otimiza o sistema regulador do corpo, o que garante um suprimento ativo de oxig\u00eanio para as c\u00e9lulas; a forma\u00e7\u00e3o de reservas de energia; a ativa\u00e7\u00e3o da s\u00edntese de mol\u00e9culas essenciais para o corpo: amino\u00e1cidos, carboidratos, \u00e1cidos graxos, etc.<\/p>\n<p>O Vetomgin 8.21 aumenta a efic\u00e1cia dos medicamentos e reduz seus efeitos colaterais negativos no corpo humano.<\/p>\n<h5>Caracter\u00edsticas:<\/h5>\n<ul>\n<li>\u00a0SEM EFEITOS COLATERAIS<\/li>\n<li>\u00a0SEM RESTRI\u00c7\u00c3O DE IDADE<\/li>\n<li>SEM SOBREDOSAGEM<\/li>\n<li>N\u00c3O ADICIONAL<\/li>\n<\/ul>\n<ul class=\"vetom-list\">\n<li>Possui alta atividade antag\u00f4nica contra fungos e bact\u00e9rias patog\u00eanicos e condicionalmente patog\u00eanicos, propriedades antivirais, proteol\u00edticas, amilol\u00edticas e celulol\u00edticas<\/li>\n<li>estimula os fatores celulares e humorais da imunidade<\/li>\n<li>aumenta a resist\u00eancia n\u00e3o espec\u00edfica do corpo<\/li>\n<li>estabiliza a resist\u00eancia al\u00e9rgica<\/li>\n<li>normaliza o metabolismo<\/li>\n<li>estimula os processos de regenera\u00e7\u00e3o, ataca e destr\u00f3i c\u00e9lulas cancerosas e doentes<\/li>\n<\/ul>\n<p><span style=\"color: #ff0000;\">\u00c1rea de uso<\/span><br \/>\nOs microorganismos probi\u00f3ticos s\u00e3o uma fonte complementar para melhorar a qualidade de vida.<br \/>\n<span style=\"color: #ff0000;\">Inscreva-se em<\/span><br \/>\nRecomenda-se 3 comprimidos efervescentes por dia, durante 10 dias, em intervalos regulares.<br \/>\n1 comprimido dissolvido em um copo de \u00e1gua. .<br \/>\nO comprimido n\u00e3o deve ser engolido, mastigado ou chupado.<br \/>\n<span style=\"color: #ff0000;\">Contra-indica\u00e7\u00f5es<\/span><br \/>\nHipersensibilidade a determinados ingredientes do medicamento.<br \/>\nInstru\u00e7\u00f5es especiais<br \/>\nUse durante a gravidez e a amamenta\u00e7\u00e3o somente ap\u00f3s consulta m\u00e9dica. A prepara\u00e7\u00e3o n\u00e3o afeta a capacidade de dirigir ou de operar mecanismos potencialmente perigosos.<br \/>\n<span style=\"color: #ff0000;\">Distribui\u00e7\u00e3o<\/span><br \/>\n15 comprimidos de champanhe de 2 gramas, 3 por comprimido, embalados em uma caixa de papel\u00e3o envolta em papel manteiga. Instru\u00e7\u00f5es de uso inclusas.<br \/>\n<span style=\"color: #ff0000;\">Condi\u00e7\u00f5es de armazenamento<\/span><br \/>\nPode ser armazenado a uma umidade relativa de 75 % abaixo de 30\u00b0C. Manter fora do alcance de crian\u00e7as.<br \/>\n<span style=\"color: #ff0000;\">Prazo de validade<\/span><br \/>\n4 anos a partir da data de fabrica\u00e7\u00e3o. N\u00e3o consumir ap\u00f3s a data de validade.<br \/>\nO Vetomgin 8.21 n\u00e3o \u00e9 um medicamento.<\/p>\n<p><span style=\"color: #0000ff;\">I Buy Probiotics Straight From The Factory At The Best Price , -Premium Quality.<\/span><\/p>\n<h3><strong><span style=\"color: #ff0000;\">Cemmedic Europe Kft \u201eDistribuidor Oficial da Hungria\u201d !<\/span><\/strong><\/h3>","protected":false},"excerpt":{"rendered":"<h5>Composi\u00e7\u00e3o<\/h5>\n<p>1 por\u00e7\u00e3o (<strong>1 comprimido efervescente<\/strong>) cont\u00e9m um aditivo:<\/p>\n<ul>\n<li><strong>\u0415500<\/strong> (carbonato de s\u00f3dio) - 1200 mg<\/li>\n<li><strong>\u0415330<\/strong> (barra de lim\u00e3o) - 750 mg;<\/li>\n<li>culturas probi\u00f3ticas secas <strong>Bacillus subtilis<\/strong>, VKPM B - 10641 (DSM 24613),<\/li>\n<li><strong>Bacillus amyloliquefaciens<\/strong>, VKPM B - 10642 (DSM 24614),<\/li>\n<li><strong>Bacillus amyloliquefaciens<\/strong>, VKPM B - 10643 (DSM 24615) 1X106 KTJ\/g - 50 mg.<\/li>\n<\/ul>\n<p>Os efeitos ben\u00e9ficos do <strong>Vetomgin <span style=\"color:red\">8.21<\/span><\/strong> propriedades dos elementos constituintes. Sob sua influ\u00eancia, a composi\u00e7\u00e3o microbiana espec\u00edfica de cada pessoa \u00e9 formada no intestino e o ciclo de Krebs \u00e9 ativado. Esse processo resulta na otimiza\u00e7\u00e3o dos sistemas que protegem o corpo contra invasores externos, inclusive microrganismos infecciosos, e otimiza o sistema regulador do corpo que garante um suprimento ativo de oxig\u00eanio para as c\u00e9lulas; a forma\u00e7\u00e3o de reservas de energia; a ativa\u00e7\u00e3o da s\u00edntese de mol\u00e9culas essenciais para o corpo: amino\u00e1cidos, carboidratos, \u00e1cidos graxos etc.<\/p>\n<div class=\"plashka\">A <strong>Vetomgin <span style=\"color:red\">8.21<\/span><\/strong> aumenta a efic\u00e1cia dos medicamentos e reduz seus efeitos colaterais negativos no corpo humano.<\/div>\n<h6>Caracter\u00edsticas:<\/h6>\n<ul class=\"vetom-list\">\n<li>Possui alta atividade antag\u00f4nica contra fungos e bact\u00e9rias patog\u00eanicos e condicionalmente patog\u00eanicos, propriedades antivirais, proteol\u00edticas, amilol\u00edticas e celulol\u00edticas<\/li>\n<li>estimula os fatores celulares e humorais da imunidade<\/li>\n<li>aumenta a resist\u00eancia n\u00e3o espec\u00edfica do corpo<\/li>\n<li>estabiliza a resist\u00eancia al\u00e9rgica<\/li>\n<li>normaliza o metabolismo<\/li>\n<li>estimula os processos de regenera\u00e7\u00e3o, atacando e destruindo c\u00e9lulas cancerosas e doentes<\/li>\n<\/ul>\n<div class=\"plashka\"><strong>\u00c1rea de uso<\/strong><br \/>\nOs microorganismos probi\u00f3ticos s\u00e3o uma fonte complementar para melhorar a qualidade de vida.<\/div>","protected":false},"featured_media":5558,"comment_status":"open","ping_status":"closed","template":"","meta":[],"product_brand":[],"product_cat":[22],"product_tag":[],"class_list":{"0":"post-2483","1":"product","2":"type-product","3":"status-publish","4":"has-post-thumbnail","6":"product_cat-vetom-probiotikumok","8":"first","9":"instock","10":"featured","11":"taxable","12":"shipping-taxable","13":"purchasable","14":"product-type-simple"},"_links":{"self":[{"href":"https:\/\/vetomshop.hu\/pt\/wp-json\/wp\/v2\/product\/2483","targetHints":{"allow":["GET"]}}],"collection":[{"href":"https:\/\/vetomshop.hu\/pt\/wp-json\/wp\/v2\/product"}],"about":[{"href":"https:\/\/vetomshop.hu\/pt\/wp-json\/wp\/v2\/types\/product"}],"replies":[{"embeddable":true,"href":"https:\/\/vetomshop.hu\/pt\/wp-json\/wp\/v2\/comments?post=2483"}],"wp:featuredmedia":[{"embeddable":true,"href":"https:\/\/vetomshop.hu\/pt\/wp-json\/wp\/v2\/media\/5558"}],"wp:attachment":[{"href":"https:\/\/vetomshop.hu\/pt\/wp-json\/wp\/v2\/media?parent=2483"}],"wp:term":[{"taxonomy":"product_brand","embeddable":true,"href":"https:\/\/vetomshop.hu\/pt\/wp-json\/wp\/v2\/product_brand?post=2483"},{"taxonomy":"product_cat","embeddable":true,"href":"https:\/\/vetomshop.hu\/pt\/wp-json\/wp\/v2\/product_cat?post=2483"},{"taxonomy":"product_tag","embeddable":true,"href":"https:\/\/vetomshop.hu\/pt\/wp-json\/wp\/v2\/product_tag?post=2483"}],"curies":[{"name":"wp","href":"https:\/\/api.w.org\/{rel}","templated":true}]}}