{"id":2695,"date":"2021-05-05T21:07:43","date_gmt":"2021-05-05T19:07:43","guid":{"rendered":"https:\/\/vetomshop.hu\/?post_type=product&#038;p=2695"},"modified":"2023-02-13T18:43:23","modified_gmt":"2023-02-13T17:43:23","slug":"enterosgel-akcios-csomag-3db","status":"publish","type":"product","link":"https:\/\/vetomshop.hu\/pt\/produto\/enterosgel-akcios-csomag-3db\/","title":{"rendered":"Pacote de oferta especial Enterosgel (3db)"},"content":{"rendered":"<p>De\u00a0<strong>Enterosgel\u00a0<\/strong>remove subst\u00e2ncias prejudiciais ao corpo, mas n\u00e3o absorve os ingredientes ben\u00e9ficos ao corpo. Produto desinfetante, protetor e desintoxicante. \u00c9 uma subst\u00e2ncia org\u00e2nica com propriedades f\u00edsicas e qu\u00edmicas semelhantes \u00e0s do carv\u00e3o e, portanto, \u00e9 ben\u00e9fica para o corpo.<\/p>\n<p>Ele ajuda a desintoxicar e at\u00e9 mesmo a eliminar v\u00edrus, bact\u00e9rias, fungos e parasitas cujos res\u00edduos se escondem e causam sintomas que podem ser muito dif\u00edceis de encontrar.<\/p>\n<p>F\u00e1cil de usar, pode ser misturado com \u00e1gua ou outros l\u00edquidos \/ 1-2 dl\/<br \/>\nPara adultos, uma colher de sopa \/15 g\/ 3 vezes ao dia, uma hora e meia a duas horas antes ou depois da refei\u00e7\u00e3o.<br \/>\nPara crian\u00e7as, uma colher de ch\u00e1 \/5-10 gr\/ 1-3 vezes ao dia.<br \/>\nUso recomendado: 7 a 14 dias.<\/p>","protected":false},"excerpt":{"rendered":"<p>De\u00a0<strong>Enterosgel\u00a0<\/strong>remove subst\u00e2ncias prejudiciais ao corpo, mas n\u00e3o absorve os ingredientes ben\u00e9ficos ao corpo. Produto desinfetante, protetor e desintoxicante. \u00c9 uma subst\u00e2ncia org\u00e2nica com propriedades f\u00edsicas e qu\u00edmicas semelhantes \u00e0s do carv\u00e3o e, portanto, \u00e9 ben\u00e9fica para o corpo.<\/p>\n<p>Ele ajuda a desintoxicar e at\u00e9 mesmo a eliminar v\u00edrus, bact\u00e9rias, fungos e parasitas cujos res\u00edduos se escondem e causam sintomas que podem ser muito dif\u00edceis de encontrar.<\/p>","protected":false},"featured_media":2691,"comment_status":"open","ping_status":"closed","template":"","meta":[],"product_brand":[],"product_cat":[28],"product_tag":[],"class_list":{"0":"post-2695","1":"product","2":"type-product","3":"status-publish","4":"has-post-thumbnail","6":"product_cat-enterosgel","8":"first","9":"instock","10":"sale","11":"taxable","12":"shipping-taxable","13":"purchasable","14":"product-type-simple"},"_links":{"self":[{"href":"https:\/\/vetomshop.hu\/pt\/wp-json\/wp\/v2\/product\/2695","targetHints":{"allow":["GET"]}}],"collection":[{"href":"https:\/\/vetomshop.hu\/pt\/wp-json\/wp\/v2\/product"}],"about":[{"href":"https:\/\/vetomshop.hu\/pt\/wp-json\/wp\/v2\/types\/product"}],"replies":[{"embeddable":true,"href":"https:\/\/vetomshop.hu\/pt\/wp-json\/wp\/v2\/comments?post=2695"}],"wp:featuredmedia":[{"embeddable":true,"href":"https:\/\/vetomshop.hu\/pt\/wp-json\/wp\/v2\/media\/2691"}],"wp:attachment":[{"href":"https:\/\/vetomshop.hu\/pt\/wp-json\/wp\/v2\/media?parent=2695"}],"wp:term":[{"taxonomy":"product_brand","embeddable":true,"href":"https:\/\/vetomshop.hu\/pt\/wp-json\/wp\/v2\/product_brand?post=2695"},{"taxonomy":"product_cat","embeddable":true,"href":"https:\/\/vetomshop.hu\/pt\/wp-json\/wp\/v2\/product_cat?post=2695"},{"taxonomy":"product_tag","embeddable":true,"href":"https:\/\/vetomshop.hu\/pt\/wp-json\/wp\/v2\/product_tag?post=2695"}],"curies":[{"name":"wp","href":"https:\/\/api.w.org\/{rel}","templated":true}]}}