{"id":4392,"date":"2023-08-06T13:27:56","date_gmt":"2023-08-06T11:27:56","guid":{"rendered":"https:\/\/vetomshop.hu\/?post_type=product&#038;p=4392"},"modified":"2026-04-12T08:28:06","modified_gmt":"2026-04-12T06:28:06","slug":"komarov-por-etrend-kiegeszito-40-tasak","status":"publish","type":"product","link":"https:\/\/vetomshop.hu\/pt\/produto\/komarov-por-etrend-kiegeszito-40-tasak\/","title":{"rendered":"Probi\u00f3tico Komarov em p\u00f3 <span style=\"color: red\">40 tassaq<\/span> (suplemento alimentar)"},"content":{"rendered":"<h2><strong>Komarov em p\u00f3 - 40 sach\u00eas (Suplemento diet\u00e9tico)<\/strong><\/h2>\n<p>Probi\u00f3tico natural com vitaminas e spirulina - para apoiar o sistema digestivo e imunol\u00f3gico<\/p>\n<p>O Komarov em p\u00f3 \u00e9 um suplemento alimentar complexo que cont\u00e9m probi\u00f3ticos, fibra alimentar, vitaminas, minerais e espirulina. Seus ingredientes ativos apoiam o equil\u00edbrio da flora intestinal, a desintoxica\u00e7\u00e3o, o metabolismo e fortalecem as defesas do corpo.<\/p>\n<p>&nbsp;<\/p>\n<h2><strong>Ingredientes principais:<\/strong><\/h2>\n<p>*Bacillus subtilis VKPM V-10641 (DSM 24613) - bact\u00e9rias intestinais ben\u00e9ficas<\/p>\n<p>*Spirulina (algas verde-azuladas) - uma fonte natural de vitaminas e prote\u00ednas<\/p>\n<p>*Farelo de trigo - uma fonte de fibra alimentar<\/p>\n<p>*\u00c1cido c\u00edtrico, cloreto de s\u00f3dio - transportadores naturais<\/p>\n<p>&nbsp;<\/p>\n<h2><strong>Tamb\u00e9m inclu\u00eddo no produto:<\/strong><\/h2>\n<p>*Vitaminas: A, B1, B2, B6, B12, B5, B9, biotina<\/p>\n<p>*Minerais: c\u00e1lcio, pot\u00e1ssio, magn\u00e9sio, f\u00f3sforo, ferro, zinco, cobre, mangan\u00eas, sel\u00eanio, molibd\u00eanio<\/p>\n<p>*\u00c1cidos graxos insaturados: \u00e1cido linoleico, \u00e1cido linol\u00eanico, \u00e1cido araquid\u00f4nico<\/p>\n<p>&nbsp;<\/p>\n<h2><strong>Efeitos ben\u00e9ficos:<\/strong><\/h2>\n<p>Ajuda na digest\u00e3o e na melhor absor\u00e7\u00e3o de nutrientes<\/p>\n<p>Apoia o equil\u00edbrio da flora intestinal e tem um efeito desintoxicante<\/p>\n<p>Fortalece o sistema imunol\u00f3gico, aumenta a resist\u00eancia do corpo<\/p>\n<p>Normaliza o metabolismo<\/p>\n<p>Ajuda nos processos de regenera\u00e7\u00e3o e pode contribuir para o combate \u00e0s c\u00e9lulas nocivas<\/p>\n<p>Ativa o ciclo de Krebs (produ\u00e7\u00e3o de energia celular)<\/p>\n<p>Propriedades antibacterianas, antivirais e antif\u00fangicas<\/p>\n<p>&nbsp;<\/p>\n<h2><strong>Recomenda\u00e7\u00e3o de dosagem:<\/strong><\/h2>\n<p>*Para um corpo saud\u00e1vel: no m\u00ednimo 2-3 sach\u00eas por dia durante 10-14 dias Monitore as rea\u00e7\u00f5es do corpo durante o uso e aumente gradualmente a dose, se necess\u00e1rio.<\/p>\n<p>* Para certas doen\u00e7as: 7-10 sach\u00eas por dia durante 10 dias<\/p>\n<p>* 1 por\u00e7\u00e3o = 1 sach\u00ea<\/p>\n<p>* O p\u00f3 deve ser tomado por via oral, recomendado durante ou ap\u00f3s as refei\u00e7\u00f5es. \u00c9 mais conveniente tom\u00e1-lo \u00e0s colheradas misturado com iogurte, creme azedo ou kefir.<\/p>\n<p>&nbsp;<\/p>\n<h2><strong>Informa\u00e7\u00f5es importantes:<\/strong><\/h2>\n<p>*Sem efeitos colaterais, sem overdose, n\u00e3o causa depend\u00eancia<\/p>\n<p>*Sem restri\u00e7\u00f5es de idade<\/p>\n<p>*N\u00e3o deve ser tomado com antibi\u00f3ticos ou outros probi\u00f3ticos<\/p>\n<p>*N\u00e3o recomendado em caso de hipersensibilidade a qualquer um dos ingredientes<\/p>\n<p>&nbsp;<\/p>\n<h2><strong>Distribui\u00e7\u00e3o:<\/strong><\/h2>\n<p>40 sach\u00eas de 2,5 g de p\u00f3, em embalagem laminada<\/p>\n<p>Peso: 0,17 kg<\/p>\n<p>Tamanho: 18 \u00d7 7 \u00d7 7 cm<\/p>\n<p>Local de origem: R\u00fassia<\/p>\n<p>&nbsp;<\/p>\n<h2><strong>Armazenamento:<\/strong><\/h2>\n<p>Armazene em local seco e fresco entre 0-30 \u00b0C, com umidade m\u00e1xima de 75%.<\/p>\n<p>Garantia: 4<strong> anos a partir da data de fabrica\u00e7\u00e3o<\/strong>.<\/p>\n<p>Local de origem : <strong>R\u00fassia<\/strong><\/p>","protected":false},"excerpt":{"rendered":"<h5>Cepa de Bacilus subtilis VKPM V 10 641 (DSM 24613)<\/h5>\n<div class=\"plashka\"><strong>Material vivo:<\/strong> farelo de trigo, cloreto de s\u00f3dio, alga verde-azulada spirulina, \u00e1cido c\u00edtrico.<br \/>\nP\u00f3 embalado em um sach\u00ea de papel laminado de 2,5 g.<\/div>\n<h5>Aplicativo:<\/h5>\n<p>O p\u00f3 Komarov \u00e9 uma subst\u00e2ncia biologicamente ativa que cont\u00e9m micro-organismos probi\u00f3ticos, fibras alimentares, vitaminas (<strong>A, B1, B2, B6, B12, B5, B9, biotina<\/strong>), macro (c\u00e1lcio, magn\u00e9sio, f\u00f3sforo, pot\u00e1ssio) e micronutrientes (ferro, mangan\u00eas, cobre, zinco, molibd\u00eanio, sel\u00eanio), \u00e1cidos graxos insaturados (\u00e1cido linoleico, \u00e1cido linol\u00eanico, \u00e1cido araquid\u00f4nico).<\/p>\n<h6>Caracter\u00edsticas:<\/h6>\n<ul class=\"vetom-list\">\n<li>Possui alta atividade antag\u00f4nica contra fungos e bact\u00e9rias patog\u00eanicos e condicionalmente patog\u00eanicos, propriedades antivirais, proteol\u00edticas, amilol\u00edticas e celulol\u00edticas<\/li>\n<li>estimula os fatores celulares e humorais da imunidade<\/li>\n<li>aumenta a resist\u00eancia n\u00e3o espec\u00edfica do corpo<\/li>\n<li>estabiliza a resist\u00eancia al\u00e9rgica<\/li>\n<li>normaliza o metabolismo<\/li>\n<li>estimula os processos de regenera\u00e7\u00e3o, ataca e destr\u00f3i c\u00e9lulas cancerosas e doentes<\/li>\n<\/ul>","protected":false},"featured_media":5557,"comment_status":"open","ping_status":"closed","template":"","meta":[],"product_brand":[],"product_cat":[22],"product_tag":[],"class_list":{"0":"post-4392","1":"product","2":"type-product","3":"status-publish","4":"has-post-thumbnail","6":"product_cat-vetom-probiotikumok","8":"first","9":"instock","10":"featured","11":"taxable","12":"shipping-taxable","13":"purchasable","14":"product-type-simple"},"_links":{"self":[{"href":"https:\/\/vetomshop.hu\/pt\/wp-json\/wp\/v2\/product\/4392","targetHints":{"allow":["GET"]}}],"collection":[{"href":"https:\/\/vetomshop.hu\/pt\/wp-json\/wp\/v2\/product"}],"about":[{"href":"https:\/\/vetomshop.hu\/pt\/wp-json\/wp\/v2\/types\/product"}],"replies":[{"embeddable":true,"href":"https:\/\/vetomshop.hu\/pt\/wp-json\/wp\/v2\/comments?post=4392"}],"wp:featuredmedia":[{"embeddable":true,"href":"https:\/\/vetomshop.hu\/pt\/wp-json\/wp\/v2\/media\/5557"}],"wp:attachment":[{"href":"https:\/\/vetomshop.hu\/pt\/wp-json\/wp\/v2\/media?parent=4392"}],"wp:term":[{"taxonomy":"product_brand","embeddable":true,"href":"https:\/\/vetomshop.hu\/pt\/wp-json\/wp\/v2\/product_brand?post=4392"},{"taxonomy":"product_cat","embeddable":true,"href":"https:\/\/vetomshop.hu\/pt\/wp-json\/wp\/v2\/product_cat?post=4392"},{"taxonomy":"product_tag","embeddable":true,"href":"https:\/\/vetomshop.hu\/pt\/wp-json\/wp\/v2\/product_tag?post=4392"}],"curies":[{"name":"wp","href":"https:\/\/api.w.org\/{rel}","templated":true}]}}