{"id":443,"date":"2019-11-12T14:57:08","date_gmt":"2019-11-12T13:57:08","guid":{"rendered":"https:\/\/vetomshop.hu\/?post_type=product&#038;p=443"},"modified":"2026-04-12T08:29:34","modified_gmt":"2026-04-12T06:29:34","slug":"vetom-2-etrend-kiegeszito","status":"publish","type":"product","link":"https:\/\/vetomshop.hu\/pt\/produto\/vetom-2-etrend-kiegeszito\/","title":{"rendered":"Probi\u00f3tico Vetom <span style=\"color:red\">2<\/span><br> c\u00e1psula <span style=\"color:red\">50 gr\u00e3os<\/span> (suplemento alimentar)"},"content":{"rendered":"<h2>Vetom 2 c\u00e1psulas probi\u00f3ticas 50 gr\u00e3os (suplemento alimentar)<\/h2>\n<p>Os dois principais ingredientes ativos do Vetom s\u00e3o as cepas bacterianas ben\u00e9ficas de *Bacillus amyloliquefaciens*, que agem principalmente no intestino grosso, onde se multiplicam para produzir v\u00e1rias enzimas (enzimas de degrada\u00e7\u00e3o de prote\u00ednas, amido e fibras) e compostos ativos que:<\/p>\n<p>* Suprimir bact\u00e9rias e fungos nocivos,<br \/>\n* Limpar a parede intestinal de res\u00edduos n\u00e3o digeridos,<br \/>\n* Ajuda a melhorar a absor\u00e7\u00e3o de nutrientes,<br \/>\n* Ajuda a desintoxicar o corpo.<\/p>\n<p>O uso regular do Vetom 2 ajuda a restaurar um equil\u00edbrio saud\u00e1vel da flora intestinal, estimula a digest\u00e3o e melhora a fun\u00e7\u00e3o imunol\u00f3gica. O probi\u00f3tico apoia os processos de regenera\u00e7\u00e3o, ajuda na renova\u00e7\u00e3o celular e pode at\u00e9 mesmo impedir o desenvolvimento de c\u00e9lulas cancer\u00edgenas.<\/p>\n<p>Ele tamb\u00e9m aumenta os efeitos dos medicamentos e reduz os efeitos colaterais.<\/p>\n<h2>Caracter\u00edsticas vantajosas:<\/h2>\n<p>* Forte a\u00e7\u00e3o antibacteriana e antif\u00fangica<br \/>\n* Antiviral, digestivo, estimulante do sistema imunol\u00f3gico<br \/>\n* Prote\u00e7\u00e3o celular e preven\u00e7\u00e3o de tumores<br \/>\n* Normaliza o metabolismo<br \/>\n* Fortalece a resist\u00eancia a alergias<br \/>\n* Regenera o corpo em n\u00edvel celular<br \/>\n* N\u00e3o causa efeitos colaterais, overdose ou depend\u00eancia<br \/>\n* Protege o corpo em n\u00edvel celular e ajuda a evitar o desenvolvimento de tumores.<\/p>\n<h2>Sugest\u00e3o de uso:<\/h2>\n<p>O Vetom 2 \u00e9 recomendado para restaurar o equil\u00edbrio da flora intestinal, apoiar a sa\u00fade intestinal e aumentar a imunidade.<\/p>\n<h2>Dosagem:<\/h2>\n<p>* Recomenda-se 1 c\u00e1psula 2 a 3 vezes ao dia durante 10 dias, antes, durante ou ap\u00f3s as refei\u00e7\u00f5es, com uma pequena quantidade de l\u00edquido (\u00e1gua, ch\u00e1 ou suco). Monitore a resposta do organismo durante o tratamento e aumente a dose gradualmente, se necess\u00e1rio, at\u00e9 5 a 10 c\u00e1psulas por dia.<\/p>\n<p>* O tratamento pode ser repetido ap\u00f3s um intervalo de uma a duas semanas. Ocasionalmente, \u00e9 recomend\u00e1vel mudar para um produto Vetom de numera\u00e7\u00e3o diferente para suporte geral do corpo.<\/p>\n<h2>Contra-indica\u00e7\u00f5es:<\/h2>\n<p>* N\u00e3o recomendado em caso de sensibilidade a qualquer um dos ingredientes.<br \/>\n* Use durante a gravidez e a amamenta\u00e7\u00e3o somente ap\u00f3s orienta\u00e7\u00e3o m\u00e9dica.<br \/>\n* N\u00e3o afeta a dire\u00e7\u00e3o ou a opera\u00e7\u00e3o de m\u00e1quinas perigosas.<\/p>\n<h2>Dosagem e ingredientes:<\/h2>\n<p>* 10 c\u00e1psulas em blister, 5 pacotes em caixa (50 c\u00e1psulas no total)<br \/>\n* Conte\u00fado de 1 c\u00e1psula:<\/p>\n<p>* Extrato de milho - 133 mg<br \/>\n* Amido de batata - 100 mg<br \/>\n* Sacarose (a\u00e7\u00facar de confeiteiro) - 67 mg<br \/>\n* Cultura bacteriana de Bacillus amyloliquefaciens (DSM 24614) e cepas DSM 24615 - 30 mg (1\u00d710\u2079 CFU\/g)<\/p>\n<h2>Mais informa\u00e7\u00f5es:<\/h2>\n<p>* Peso l\u00edquido: 0,1 kg<br \/>\n* Tamanho: 4,5 \u00d7 6,5 \u00d7 8 cm<br \/>\n* Pa\u00eds de origem: R\u00fassia<br \/>\n* Armazenamento: em local fresco e seco (m\u00e1x. 30 \u00b0C), fora do alcance de crian\u00e7as<br \/>\n* Prazo de validade: 2 anos a partir da data de fabrica\u00e7\u00e3o<\/p>\n<p>Equivalente alternativo em forma de gota: Vetom 2,25 (10 ml)<\/p>\n<p>Local de origem : <strong>R\u00fassia<\/strong><\/p>","protected":false},"excerpt":{"rendered":"<h5><strong>Vetom <span style=\"color: red;\">2<\/span><\/strong> C\u00e1psulas probi\u00f3ticas 50 gr\u00e3os (suplemento alimentar)<\/h5>\n<div class=\"plashka\">\n<p>A <strong>Vetom <span style=\"color: red;\">2<\/span><\/strong> normaliza o metabolismo, a digest\u00e3o e a absor\u00e7\u00e3o de componentes alimentares biologicamente ativos no trato gastrointestinal.<\/p>\n<p>A <strong>Vetom <span style=\"color: red;\">2<\/span><\/strong> Os probi\u00f3ticos aumentam a efic\u00e1cia dos medicamentos e reduzem seus efeitos colaterais negativos no corpo humano.<\/p>\n<\/div>\n<p>Efeito ben\u00e9fico sobre o <strong>Bacillus amyloliquefaciens<\/strong> que s\u00e3o produzidos principalmente pela multiplica\u00e7\u00e3o no intestino grosso:<\/p>\n<ul class=\"vetom-list\">\n<li>enzimas proteol\u00edticas, amilol\u00edticas e celulol\u00edticas,<\/li>\n<li>uma subst\u00e2ncia biologicamente ativa que inibe o crescimento e o desenvolvimento da microflora patog\u00eanica e potencialmente patog\u00eanica.<\/li>\n<\/ul>\n<p>Como consequ\u00eancia, a composi\u00e7\u00e3o bacteriana do conte\u00fado intestinal \u00e9 transformada na norma de desenvolvimento adequada, as paredes intestinais s\u00e3o limpas de res\u00edduos n\u00e3o digeridos, o que contribui para a remo\u00e7\u00e3o ativa de toxinas do corpo e o transporte desimpedido de nutrientes biologicamente ativos.<\/p>","protected":false},"featured_media":6598,"comment_status":"open","ping_status":"closed","template":"","meta":[],"product_brand":[],"product_cat":[22],"product_tag":[],"class_list":{"0":"post-443","1":"product","2":"type-product","3":"status-publish","4":"has-post-thumbnail","6":"product_cat-vetom-probiotikumok","8":"first","9":"instock","10":"featured","11":"taxable","12":"shipping-taxable","13":"purchasable","14":"product-type-simple"},"_links":{"self":[{"href":"https:\/\/vetomshop.hu\/pt\/wp-json\/wp\/v2\/product\/443","targetHints":{"allow":["GET"]}}],"collection":[{"href":"https:\/\/vetomshop.hu\/pt\/wp-json\/wp\/v2\/product"}],"about":[{"href":"https:\/\/vetomshop.hu\/pt\/wp-json\/wp\/v2\/types\/product"}],"replies":[{"embeddable":true,"href":"https:\/\/vetomshop.hu\/pt\/wp-json\/wp\/v2\/comments?post=443"}],"wp:featuredmedia":[{"embeddable":true,"href":"https:\/\/vetomshop.hu\/pt\/wp-json\/wp\/v2\/media\/6598"}],"wp:attachment":[{"href":"https:\/\/vetomshop.hu\/pt\/wp-json\/wp\/v2\/media?parent=443"}],"wp:term":[{"taxonomy":"product_brand","embeddable":true,"href":"https:\/\/vetomshop.hu\/pt\/wp-json\/wp\/v2\/product_brand?post=443"},{"taxonomy":"product_cat","embeddable":true,"href":"https:\/\/vetomshop.hu\/pt\/wp-json\/wp\/v2\/product_cat?post=443"},{"taxonomy":"product_tag","embeddable":true,"href":"https:\/\/vetomshop.hu\/pt\/wp-json\/wp\/v2\/product_tag?post=443"}],"curies":[{"name":"wp","href":"https:\/\/api.w.org\/{rel}","templated":true}]}}