{"id":447,"date":"2019-11-12T15:10:57","date_gmt":"2019-11-12T14:10:57","guid":{"rendered":"https:\/\/vetomshop.hu\/?post_type=product&#038;p=447"},"modified":"2026-04-12T08:29:15","modified_gmt":"2026-04-12T06:29:15","slug":"vetom-4-etrend-kiegeszito","status":"publish","type":"product","link":"https:\/\/vetomshop.hu\/pt\/produto\/vetom-4-etrend-kiegeszito\/","title":{"rendered":"Probi\u00f3tico Vetom <span style=\"color:red\">4<\/span><br> c\u00e1psula <span style=\"color:red\">50 gr\u00e3os<\/span> (suplemento alimentar)"},"content":{"rendered":"<p>Vetom 4 c\u00e1psulas probi\u00f3ticas 50 gr\u00e3os (suplemento alimentar com Bacillus amyloliquefaciens)<\/p>\n<p>Seus efeitos ben\u00e9ficos s\u00e3o devidos \u00e0 a\u00e7\u00e3o do Bacillus amyloliquefaciens, que, principalmente ao se multiplicar no intestino delgado, produz: enzimas proteol\u00edticas, amilol\u00edticas, celulol\u00edticas, subst\u00e2ncias biologicamente ativas que inibem o crescimento e o desenvolvimento da microflora patog\u00eanica e potencialmente patog\u00eanica. Como resultado, a composi\u00e7\u00e3o bacteriana do conte\u00fado intestinal \u00e9 transformada na norma de desenvolvimento apropriada, as paredes intestinais s\u00e3o limpas de res\u00edduos n\u00e3o digeridos, o que contribui para a remo\u00e7\u00e3o ativa de toxinas do corpo e o transporte desimpedido de nutrientes biologicamente ativos.<br \/>\nSob a influ\u00eancia do Vetom 4, o metabolismo, a digest\u00e3o e a absor\u00e7\u00e3o de componentes alimentares biologicamente ativos no trato gastrointestinal s\u00e3o normalizados.<br \/>\nO Vetom 1.1 aumenta a efic\u00e1cia dos medicamentos e reduz seus efeitos colaterais negativos no corpo humano.<br \/>\nDosagem recomendada: 1 c\u00e1psula (2*3) por dia durante 10 dias, a ser tomada com ou ap\u00f3s as refei\u00e7\u00f5es, com uma pequena quantidade de \u00e1gua, suco ou ch\u00e1.<br \/>\nO Vetom 4 n\u00e3o \u00e9 viciante.<br \/>\nRecomenda-se repetir as curas ap\u00f3s um intervalo de uma a duas semanas e \u00e9 aconselh\u00e1vel mudar para um produto Vetom com numera\u00e7\u00e3o diferente em intervalos. .<br \/>\nDessa forma, podemos apoiar todo o nosso corpo e tamb\u00e9m o trato intestinal. .<br \/>\nCaracter\u00edsticas:<br \/>\n- Possui alta atividade antag\u00f4nica contra fungos e bact\u00e9rias patog\u00eanicos e condicionalmente patog\u00eanicos, propriedades antivirais, proteol\u00edticas, amilol\u00edticas e celulol\u00edticas<br \/>\n- estimula os fatores celulares e humorais da imunidade<br \/>\n- aumenta a resist\u00eancia n\u00e3o espec\u00edfica do corpo<br \/>\n- estabiliza a resist\u00eancia al\u00e9rgica<br \/>\n- normaliza o metabolismo<br \/>\n- estimula os processos de regenera\u00e7\u00e3o, ataca e destr\u00f3i c\u00e9lulas cancerosas e doentes<br \/>\nEle altera a membrana e o metabolismo do esqueleto celular, impedindo o desenvolvimento de c\u00e9lulas cancer\u00edgenas.<\/p>\n<p>- SEM EFEITOS COLATERAIS<br \/>\n- SEM RESTRI\u00c7\u00c3O DE IDADE<br \/>\n- SEM SOBREDOSAGEM<br \/>\n- N\u00c3O VICIANTE<\/p>\n<p>\u00c1rea de uso<br \/>\nO uso de microrganismos probi\u00f3ticos como aditivo alimentar biologicamente ativo \u00e9 recomendado para o reparo do trato gastrointestinal e a restaura\u00e7\u00e3o da microflora intestinal.<\/p>\n<p>Contra-indica\u00e7\u00f5es<br \/>\nHipersensibilidade a determinados ingredientes do produto.<\/p>\n<p>Instru\u00e7\u00f5es especiais<br \/>\nUse durante a gravidez e a amamenta\u00e7\u00e3o somente ap\u00f3s orienta\u00e7\u00e3o m\u00e9dica. A prepara\u00e7\u00e3o n\u00e3o afeta a capacidade de dirigir ou de operar mecanismos potencialmente perigosos.<br \/>\nDistribui\u00e7\u00e3o<br \/>\n10 c\u00e1psulas de 0,33 g em embalagens blister individuais, 5 embalagens blister em uma caixa de papel\u00e3o. Caixa pl\u00e1stica, peso l\u00edquido: 500 g. Embalado em papel\u00e3o ondulado, peso l\u00edquido: 5 g, 50 c\u00e1psulas em uma caixa de papel\u00e3o.<br \/>\nCondi\u00e7\u00f5es de armazenamento<br \/>\nPode ser armazenado a uma umidade relativa de 75 % abaixo de 30\u00b0C. Manter fora do alcance de crian\u00e7as.<br \/>\nPrazo de validade<br \/>\n2 anos a partir da data de fabrica\u00e7\u00e3o. N\u00e3o consumir ap\u00f3s a data de validade.<br \/>\nComposi\u00e7\u00e3o<br \/>\n1 c\u00e1psula cont\u00e9m: extrato de milho - 133 mg; amido de batata - 100 mg; sacarose (a\u00e7\u00facar em p\u00f3) - 67 mg: probi\u00f3tico seco Bacillus amyloliquefaciens VKPM B - 10643 cultura de cepa bacteriana (DSM 24615), 1\u00d7109 KTJ\/g - 30 mg de unidade formadora de col\u00f4nia.<br \/>\nI Buy Probiotics Straight From The Factory At The Best Price , -Premium Quality.<br \/>\n\u201eCemmedic Europe Kft\u201d Distribuidor oficial dos probi\u00f3ticos Vetom na Hungria!<\/p>","protected":false},"excerpt":{"rendered":"<h5><strong>Vetom <span style=\"color:red\">4<\/span><\/strong> C\u00e1psulas probi\u00f3ticas 50 gr\u00e3os (suplemento alimentar) <strong>Bacillus amyloliquefaciens<\/strong> bact\u00e9rias)<\/h5>\n<div class=\"plashka\">\n<p>A <strong>Vetom <span style=\"color:red\">4<\/span><\/strong> normaliza o metabolismo, a digest\u00e3o e a absor\u00e7\u00e3o de componentes alimentares biologicamente ativos no trato gastrointestinal.<\/p>\n<p>A <strong>Vetom <span style=\"color:red\">4<\/span><\/strong> aumenta a efic\u00e1cia dos medicamentos e reduz seus efeitos colaterais negativos no corpo humano.<\/p>\n<\/div>\n<p>Os efeitos ben\u00e9ficos do <strong>Bacillus amyloliquefaciens<\/strong> que s\u00e3o produzidos principalmente pela multiplica\u00e7\u00e3o no intestino delgado:<\/p>\n<ul class=\"vetom-list\">\n<li>enzimas proteol\u00edticas, amilol\u00edticas e celulol\u00edticas,<\/li>\n<li>subst\u00e2ncias biologicamente ativas que inibem o crescimento e o desenvolvimento da microflora patog\u00eanica e potencialmente patog\u00eanica.<\/li>\n<\/ul>\n<p>Como consequ\u00eancia, a composi\u00e7\u00e3o bacteriana do conte\u00fado intestinal \u00e9 transformada na norma de desenvolvimento adequada, as paredes intestinais s\u00e3o limpas de res\u00edduos n\u00e3o digeridos, o que contribui para a remo\u00e7\u00e3o ativa de toxinas do corpo e o transporte desimpedido de nutrientes biologicamente ativos.<\/p>\n<p><strong>Dosagem:<\/strong> Recomenda-se tomar 1 c\u00e1psula (2*3) diariamente por 10 dias com ou ap\u00f3s as refei\u00e7\u00f5es, com uma pequena quantidade de \u00e1gua, suco ou ch\u00e1.<\/p>\n<div class=\"plashka\">Recomenda-se repetir as curas ap\u00f3s um intervalo de uma a duas semanas e mudar para um produto Vetom com numera\u00e7\u00e3o diferente em intervalos. Dessa forma, podemos apoiar todo o nosso corpo e o sistema intestinal igualmente.<\/div>\n<p>A <strong>Vetom <span style=\"color:red\">4<\/span><\/strong> n\u00e3o \u00e9 viciante.<\/p>","protected":false},"featured_media":6596,"comment_status":"open","ping_status":"closed","template":"","meta":[],"product_brand":[],"product_cat":[22],"product_tag":[],"class_list":{"0":"post-447","1":"product","2":"type-product","3":"status-publish","4":"has-post-thumbnail","6":"product_cat-vetom-probiotikumok","8":"first","9":"instock","10":"featured","11":"taxable","12":"shipping-taxable","13":"purchasable","14":"product-type-simple"},"_links":{"self":[{"href":"https:\/\/vetomshop.hu\/pt\/wp-json\/wp\/v2\/product\/447","targetHints":{"allow":["GET"]}}],"collection":[{"href":"https:\/\/vetomshop.hu\/pt\/wp-json\/wp\/v2\/product"}],"about":[{"href":"https:\/\/vetomshop.hu\/pt\/wp-json\/wp\/v2\/types\/product"}],"replies":[{"embeddable":true,"href":"https:\/\/vetomshop.hu\/pt\/wp-json\/wp\/v2\/comments?post=447"}],"wp:featuredmedia":[{"embeddable":true,"href":"https:\/\/vetomshop.hu\/pt\/wp-json\/wp\/v2\/media\/6596"}],"wp:attachment":[{"href":"https:\/\/vetomshop.hu\/pt\/wp-json\/wp\/v2\/media?parent=447"}],"wp:term":[{"taxonomy":"product_brand","embeddable":true,"href":"https:\/\/vetomshop.hu\/pt\/wp-json\/wp\/v2\/product_brand?post=447"},{"taxonomy":"product_cat","embeddable":true,"href":"https:\/\/vetomshop.hu\/pt\/wp-json\/wp\/v2\/product_cat?post=447"},{"taxonomy":"product_tag","embeddable":true,"href":"https:\/\/vetomshop.hu\/pt\/wp-json\/wp\/v2\/product_tag?post=447"}],"curies":[{"name":"wp","href":"https:\/\/api.w.org\/{rel}","templated":true}]}}