{"id":449,"date":"2019-11-12T15:17:02","date_gmt":"2019-11-12T14:17:02","guid":{"rendered":"https:\/\/vetomshop.hu\/?post_type=product&#038;p=449"},"modified":"2026-04-12T08:29:02","modified_gmt":"2026-04-12T06:29:02","slug":"vetom-1-23-probiotikum-csepp","status":"publish","type":"product","link":"https:\/\/vetomshop.hu\/pt\/produto\/vetom-1-23-probiotikum-csepp\/","title":{"rendered":"Probi\u00f3tico Vetom <span style=\"color: red\">1.23<\/span><br>queda <span style=\"color: red\">10 ml<\/span> (suplemento alimentar)"},"content":{"rendered":"<h3>Vetom Probiotic 1,23 gotas 10 ml (suplemento alimentar)<\/h3>\n<p><strong>Bacillus subtilis com cepas bacterianas ben\u00e9ficas<\/strong><\/p>\n<p>O Vetom 1.23 \u00e9 um probi\u00f3tico l\u00edquido baseado nos efeitos ben\u00e9ficos do Bacillus subtilis VKPM V 10641, uma cepa de bact\u00e9rias que atua principalmente no intestino grosso, onde se multiplica ativamente e produz v\u00e1rias enzimas digestivas e subst\u00e2ncias biologicamente ativas.<\/p>\n<p>&nbsp;<\/p>\n<h2><strong>Esses s\u00e3o os materiais:<\/strong><\/h2>\n<p>* Suprimir o crescimento de bact\u00e9rias e fungos nocivos,<\/p>\n<p>* Ajuda a limpar as paredes intestinais de res\u00edduos n\u00e3o digeridos,<\/p>\n<p>* Auxilia na remo\u00e7\u00e3o de toxinas,<\/p>\n<p>* Promovem a absor\u00e7\u00e3o eficiente de nutrientes, vitaminas e minerais.<\/p>\n<p>&nbsp;<\/p>\n<p>O Vetom 1.23 melhora o equil\u00edbrio \u00e1cido-base do sistema digestivo e otimiza o metabolismo do ferro, do c\u00e1lcio, das prote\u00ednas, das gorduras, dos carboidratos e de outros nutrientes. Isso permite que o corpo se fortale\u00e7a e se regenere naturalmente.<\/p>\n<p>&nbsp;<\/p>\n<h2><strong>Principais benef\u00edcios:<\/strong><\/h2>\n<p>* A\u00e7\u00e3o antibacteriana e antif\u00fangica<\/p>\n<p>* Propriedade antiviral<\/p>\n<p>* Refor\u00e7o imunol\u00f3gico, prote\u00e7\u00e3o celular<\/p>\n<p>* Promove a regenera\u00e7\u00e3o celular<\/p>\n<p>* Inibe a forma\u00e7\u00e3o de c\u00e9lulas anormais, incluindo c\u00e9lulas tumorais.<\/p>\n<p>* N\u00e3o causa efeitos colaterais, depend\u00eancia ou overdose<\/p>\n<p>* Seguro para uso em qualquer idade<\/p>\n<p>&nbsp;<\/p>\n<p>&nbsp;<\/p>\n<h2><strong>Dosagem e m\u00e9todo de administra\u00e7\u00e3o:<\/strong><\/h2>\n<p>*Para uso oral<\/p>\n<p>*Suplemento para adultos e crian\u00e7as: 2 gotas s\u00e3o recomendadas nos primeiros dias, depois a dose pode ser aumentada gradualmente para 4-6 gotas. Observe as rea\u00e7\u00f5es do corpo durante a ingest\u00e3o.<\/p>\n<p>*Para doen\u00e7as comuns: 10 gotas por dia durante 10 dias<\/p>\n<p>*Repeti\u00e7\u00e3o do tratamento: recomendada ap\u00f3s um intervalo de uma a duas semanas<\/p>\n<p>*Sugerimos alternar com outros produtos da Vetom de tempos em tempos para obter um suporte mais amplo para a organiza\u00e7\u00e3o.<\/p>\n<p>&nbsp;<\/p>\n<h2><strong>Quando seu uso \u00e9 recomendado?<\/strong><\/h2>\n<p>* Ap\u00f3s o tratamento com antibi\u00f3ticos, para regenerar a flora intestinal<\/p>\n<p>*Para complementar a terapia no caso de c\u00e2ncer<\/p>\n<p>*Dist\u00farbios digestivos, diarreia, constipa\u00e7\u00e3o, dor de est\u00f4mago<\/p>\n<p>*Em estados de imunodefici\u00eancia<\/p>\n<p>*Em caso de odor corporal ou h\u00e1lito desagrad\u00e1vel<\/p>\n<p>*Tratamento adicional para pedras nos rins, doen\u00e7a hep\u00e1tica, problemas gastrointestinais<\/p>\n<p>Aten\u00e7\u00e3o:<\/p>\n<p>N\u00e3o use com antibi\u00f3ticos orais ou outros probi\u00f3ticos. Pode ser combinado com antibi\u00f3ticos t\u00f3picos.<\/p>\n<p>&nbsp;<\/p>\n<h2><strong>Importante:<\/strong><\/h2>\n<p>N\u00e3o deve ser tomado com outros probi\u00f3ticos ou antibi\u00f3ticos orais, especialmente sulfanilamida, agentes anticancer\u00edgenos.<\/p>\n<p>&nbsp;<\/p>\n<h2><strong>Ingredientes:<\/strong><\/h2>\n<p>* Extrato de milho fermentado com a cepa *Bacillus subtilis* (VKPM V 10641 \/ DSM 24613)<\/p>\n<p>* Cloreto de s\u00f3dio<\/p>\n<p>* Viveware<\/p>\n<p><strong>\u00a0<\/strong><\/p>\n<h2><strong>Distribui\u00e7\u00e3o:<\/strong><\/h2>\n<p>* Frasco conta-gotas de 10 ml ou frasco pl\u00e1stico<\/p>\n<p>* Pode conter sedimentos naturais, o que n\u00e3o \u00e9 um defeito de qualidade<\/p>\n<p>&nbsp;<\/p>\n<h2><strong>K\u00fcllem:<\/strong><\/h2>\n<p>L\u00edquido marrom-amarelado claro com odor caracter\u00edstico<\/p>\n<p>*Peso: 0,02 kg<\/p>\n<p>*Dimens\u00f5es: 3 \u00d7 3 \u00d7 7 cm<\/p>\n<p>*Fornecimento: R\u00fassia<\/p>\n<p>&nbsp;<\/p>\n<h2>Informa\u00e7\u00f5es de armazenamento:<\/h2>\n<p>*Armazenamento: 0-10 \u00b0C a uma umidade relativa de at\u00e9 75%<\/p>\n<p>*Transporte e armazenamento tempor\u00e1rio: 10-30 \u00b0C por no m\u00e1ximo 18 dias<\/p>\n<p>*Ap\u00f3s a desmontagem: armazene em um refrigerador (0-10 \u00b0C)<\/p>","protected":false},"excerpt":{"rendered":"<h5>Inscreva-se em<\/h5>\n<p>A <strong>Vetom 1.23<\/strong> usado como uma fonte suplementar de microrganismos probi\u00f3ticos para melhorar a sa\u00fade do corpo humano. O efeito robusto do <strong>Bacillus subtilis<\/strong> que \u00e9 produzido principalmente pelo intestino grosso:<\/p>\n<ul class=\"vetom-list\">\n<li>enzimas proteol\u00edticas, amilol\u00edticas e celulol\u00edticas;<\/li>\n<li>interferon a-2 de gl\u00f3bulos brancos humanos;<\/li>\n<li>bacitracina e outras subst\u00e2ncias biologicamente ativas para impedir o crescimento significativo da microflora patog\u00eanica ou relativamente patog\u00eanica.<\/li>\n<\/ul>\n<p>Como consequ\u00eancia desse processo, a popula\u00e7\u00e3o bacteriana do trato intestinal \u00e9 transformada at\u00e9 ficar id\u00eantica \u00e0 norma evolutiva, as paredes intestinais s\u00e3o limpas de res\u00edduos alimentares indigestos, o que facilita a elimina\u00e7\u00e3o ativa de subst\u00e2ncias t\u00f3xicas do corpo e o transporte desimpedido de subst\u00e2ncias e nutrientes biologicamente ativos.<\/p>\n<div class=\"plashka\">A <strong>Vetom 1.23<\/strong> normaliza a digest\u00e3o, a absor\u00e7\u00e3o e o metabolismo de ferro, c\u00e1lcio, gorduras, prote\u00ednas, carboidratos, triglicer\u00eddeos, amino\u00e1cidos, dipept\u00eddeos, sais biliares, normaliza o meio \u00e1cido do trato digestivo. O uso do Vetom 1.23 ajuda o corpo a manter a sa\u00fade.<\/div>\n<p>A <strong>Vetom 1.23<\/strong> aumenta a efic\u00e1cia dos medicamentos e reduz seus efeitos colaterais negativos no corpo humano.<\/p>\n<h6>Caracter\u00edsticas:<\/h6>\n<ul class=\"vetom-list\">\n<li>Possui alta atividade antag\u00f4nica contra fungos e bact\u00e9rias patog\u00eanicos e condicionalmente patog\u00eanicos, propriedades antivirais, proteol\u00edticas, amilol\u00edticas e celulol\u00edticas<\/li>\n<li>estimula os fatores celulares e humorais da imunidade<\/li>\n<li>aumenta a resist\u00eancia n\u00e3o espec\u00edfica do corpo<\/li>\n<li>estabiliza a resist\u00eancia al\u00e9rgica<\/li>\n<li>normaliza o metabolismo<\/li>\n<li>estimula os processos de regenera\u00e7\u00e3o, ataca e destr\u00f3i c\u00e9lulas cancerosas e doentes<\/li>\n<\/ul>\n<div class=\"plashka\">Ele altera a membrana e o metabolismo do esqueleto celular, impedindo o desenvolvimento de c\u00e9lulas cancer\u00edgenas.<\/div>","protected":false},"featured_media":6615,"comment_status":"open","ping_status":"closed","template":"","meta":[],"product_brand":[],"product_cat":[22],"product_tag":[],"class_list":{"0":"post-449","1":"product","2":"type-product","3":"status-publish","4":"has-post-thumbnail","6":"product_cat-vetom-probiotikumok","8":"first","9":"instock","10":"featured","11":"taxable","12":"shipping-taxable","13":"purchasable","14":"product-type-simple"},"_links":{"self":[{"href":"https:\/\/vetomshop.hu\/pt\/wp-json\/wp\/v2\/product\/449","targetHints":{"allow":["GET"]}}],"collection":[{"href":"https:\/\/vetomshop.hu\/pt\/wp-json\/wp\/v2\/product"}],"about":[{"href":"https:\/\/vetomshop.hu\/pt\/wp-json\/wp\/v2\/types\/product"}],"replies":[{"embeddable":true,"href":"https:\/\/vetomshop.hu\/pt\/wp-json\/wp\/v2\/comments?post=449"}],"wp:featuredmedia":[{"embeddable":true,"href":"https:\/\/vetomshop.hu\/pt\/wp-json\/wp\/v2\/media\/6615"}],"wp:attachment":[{"href":"https:\/\/vetomshop.hu\/pt\/wp-json\/wp\/v2\/media?parent=449"}],"wp:term":[{"taxonomy":"product_brand","embeddable":true,"href":"https:\/\/vetomshop.hu\/pt\/wp-json\/wp\/v2\/product_brand?post=449"},{"taxonomy":"product_cat","embeddable":true,"href":"https:\/\/vetomshop.hu\/pt\/wp-json\/wp\/v2\/product_cat?post=449"},{"taxonomy":"product_tag","embeddable":true,"href":"https:\/\/vetomshop.hu\/pt\/wp-json\/wp\/v2\/product_tag?post=449"}],"curies":[{"name":"wp","href":"https:\/\/api.w.org\/{rel}","templated":true}]}}