{"id":453,"date":"2019-11-12T15:33:21","date_gmt":"2019-11-12T14:33:21","guid":{"rendered":"https:\/\/vetomshop.hu\/?post_type=product&#038;p=453"},"modified":"2026-04-12T08:28:47","modified_gmt":"2026-04-12T06:28:47","slug":"vetom-3-22-probiotikum-csepp","status":"publish","type":"product","link":"https:\/\/vetomshop.hu\/pt\/produto\/vetom-3-22-probiotikum-csepp\/","title":{"rendered":"Probi\u00f3tico Vetom <span style=\"color: red\">3.22<\/span><br>queda <span style=\"color: red\">10 ml<\/span> (suplemento alimentar)"},"content":{"rendered":"<h3>Vetom 3.22 gotas probi\u00f3ticas (suplemento alimentar)<\/h3>\n<p>O Vetom 4 \u00e9 um probi\u00f3tico natural baseado nos efeitos ben\u00e9ficos do *Bacillus amyloliquefaciens*, uma bact\u00e9ria que se prolifera principalmente no *intestino grosso e delgado*, onde produz v\u00e1rias enzimas (quebra de prote\u00ednas, amido e fibras) e subst\u00e2ncias biologicamente ativas.<\/p>\n<h2>S\u00e3o elas:<\/h2>\n<p>* Inibe o crescimento de bact\u00e9rias e fungos nocivos,<br \/>\n* Ajuda a limpar a parede intestinal de material n\u00e3o digerido,<br \/>\n* Auxilia na absor\u00e7\u00e3o de nutrientes,<br \/>\n* Ajuda a desintoxicar o corpo.<\/p>\n<p>O uso regular de Vetom 4 contribui para uma flora intestinal saud\u00e1vel, melhora a digest\u00e3o e ajuda o corpo a usar nutrientes e energia.<\/p>\n<h2>O Vetom 4<\/h2>\n<p>* Apoia o equil\u00edbrio natural do trato intestinal<br \/>\n* Normaliza a digest\u00e3o e o metabolismo<br \/>\n* Melhora a fun\u00e7\u00e3o do sistema imunol\u00f3gico<br \/>\n* Reduz os efeitos colaterais dos medicamentos<br \/>\n* Protege o corpo em n\u00edvel celular e ajuda a evitar o desenvolvimento de tumores.<\/p>\n<h2>Caracter\u00edsticas vantajosas:<\/h2>\n<p>* A\u00e7\u00e3o antibacteriana e antif\u00fangica<br \/>\n* Antivirais e estimulantes do sistema imunol\u00f3gico<br \/>\n* Apoia a digest\u00e3o por meio de suas propriedades de produ\u00e7\u00e3o de enzimas<br \/>\n* Ajuda na regenera\u00e7\u00e3o celular<br \/>\n* Inibe a forma\u00e7\u00e3o e a prolifera\u00e7\u00e3o de c\u00e9lulas doentes e cancerosas<br \/>\n*Sem depend\u00eancia, overdose ou efeitos colaterais<br \/>\n*Aplic\u00e1vel a todos os adultos (acima de 14 anos)<\/p>\n<h2>\u00c1rea de aplica\u00e7\u00e3o:<\/h2>\n<p>\u00c9 recomendado como um suplemento alimentar biologicamente ativo para apoiar o funcionamento do trato gastrointestinal e restaurar a flora intestinal.<\/p>\n<h2>Dosagem:<\/h2>\n<p>* Recomenda-se 1 c\u00e1psula 2 a 3 vezes ao dia durante 10 dias, antes, durante ou ap\u00f3s as refei\u00e7\u00f5es, com uma pequena quantidade de l\u00edquido (\u00e1gua, ch\u00e1 ou suco). Monitore a resposta do organismo durante o tratamento e aumente a dose gradualmente, se necess\u00e1rio, at\u00e9 5 a 10 c\u00e1psulas por dia.<\/p>\n<p>* O tratamento pode ser repetido a qualquer momento ap\u00f3s um intervalo de uma a duas semanas. Ocasionalmente, recomenda-se alternar o uso com outros tipos de produtos Vetom para apoiar o corpo inteiro.<\/p>\n<h2>Proposta:<\/h2>\n<p>O tratamento deve ser repetido ap\u00f3s um intervalo de uma a duas semanas. Ocasionalmente, \u00e9 aconselh\u00e1vel mudar para outro tipo de produto Vetom para fornecer um suporte amplo ao corpo.<\/p>\n<h2>Informa\u00e7\u00f5es importantes:<\/h2>\n<p>*Contraindica\u00e7\u00e3o: hipersensibilidade a determinados ingredientes<br \/>\n*Gravidez\/amamenta\u00e7\u00e3o: somente com consulta m\u00e9dica<br \/>\n*N\u00e3o afeta a dire\u00e7\u00e3o ou o uso de m\u00e1quinas perigosas<\/p>\n<h2>Outras informa\u00e7\u00f5es:<\/h2>\n<p>* N\u00e3o afeta a dire\u00e7\u00e3o ou a opera\u00e7\u00e3o de m\u00e1quinas perigosas.<br \/>\n* Armazenamento: em local seco e fresco (m\u00e1x. 30 \u00b0C), fora do alcance de crian\u00e7as<br \/>\n* Garantia: 2 anos a partir da data de fabrica\u00e7\u00e3o<br \/>\n* Embalagem: 10 c\u00e1psulas em blister, 5 pacotes em uma caixa (50 c\u00e1psulas no total)<\/p>\n<h2>Condi\u00e7\u00f5es de armazenamento:<\/h2>\n<p>* Local fresco e seco (m\u00e1x. 30 \u00b0C, umidade m\u00e1x. 75%)<br \/>\n* Manter fora do alcance de crian\u00e7as<br \/>\n*Per\u00edodo de garantia:** 2 anos a partir da data de fabrica\u00e7\u00e3o<br \/>\nPa\u00eds de origem: R\u00fassia<\/p>\n<h2>Conte\u00fado de uma c\u00e1psula:<\/h2>\n<p>* Extrato de milho - 133 mg<br \/>\n* Amido de batata - 100 mg<br \/>\n* Sacarose (a\u00e7\u00facar de confeiteiro) - 67 mg<br \/>\n* **Bacillus amyloliquefaciens VKPM B-10643** cepa bacteriana probi\u00f3tica (DSM 24615) - 30 mg (1\u00d710\u2079 CFU\/g)<\/p>\n<p>Equivalente alternativo em forma de gota: Vetom 4.24 (10 ml)<\/p>\n<p>Local de origem : <strong>R\u00fassia<\/strong><\/p>","protected":false},"excerpt":{"rendered":"<h5>Inscreva-se em<\/h5>\n<p>De <strong>Vetom<\/strong> <span style=\"color: red; font-weight: 800;\">3.22<\/span> usado como uma fonte suplementar de microrganismos probi\u00f3ticos para melhorar a sa\u00fade do corpo humano. O efeito robusto do <strong>Bacillus myloliquefaciens<\/strong>, que se reproduz principalmente no c\u00f3lon e produz enzimas proteol\u00edticas, amilol\u00edticas, celulol\u00edticas e outras subst\u00e2ncias biologicamente ativas.<\/p>\n<div class=\"plashka\">Como consequ\u00eancia desse processo, a popula\u00e7\u00e3o bacteriana do trato intestinal \u00e9 transformada at\u00e9 ficar id\u00eantica \u00e0 norma evolutiva, as paredes intestinais s\u00e3o limpas de res\u00edduos alimentares indigestos, o que facilita a elimina\u00e7\u00e3o ativa de subst\u00e2ncias t\u00f3xicas do corpo e o transporte desimpedido de subst\u00e2ncias e nutrientes biologicamente ativos.<\/div>\n<p>A <strong>Vetom<\/strong> <span style=\"color: red; font-weight: 800;\">3.22<\/span> aumenta a efic\u00e1cia dos medicamentos e reduz seus efeitos colaterais negativos no corpo humano.<\/p>\n<h6>Caracter\u00edsticas:<\/h6>\n<ul class=\"vetom-list\">\n<li>Possui alta atividade antag\u00f4nica contra fungos e bact\u00e9rias patog\u00eanicos e condicionalmente patog\u00eanicos, propriedades antivirais, proteol\u00edticas, amilol\u00edticas e celulol\u00edticas<\/li>\n<li>estimula os fatores celulares e humorais da imunidade<\/li>\n<li>aumenta a resist\u00eancia n\u00e3o espec\u00edfica do corpo<\/li>\n<li>estabiliza a resist\u00eancia al\u00e9rgica<\/li>\n<li>normaliza o metabolismo<\/li>\n<li>estimula os processos de regenera\u00e7\u00e3o, atacando e destruindo c\u00e9lulas cancerosas e doentes<\/li>\n<\/ul>\n<div class=\"plashka\">A <strong>Vetom<\/strong> <span style=\"color: red; font-weight: 800;\">3.22<\/span> normaliza a digest\u00e3o, a absor\u00e7\u00e3o e o metabolismo de ferro, c\u00e1lcio, gorduras, prote\u00ednas, carboidratos, triglicer\u00eddeos, amino\u00e1cidos, dipept\u00eddeos, sais biliares e normaliza o meio \u00e1cido do trato digestivo.<\/div>","protected":false},"featured_media":6613,"comment_status":"open","ping_status":"closed","template":"","meta":[],"product_brand":[],"product_cat":[22],"product_tag":[],"class_list":{"0":"post-453","1":"product","2":"type-product","3":"status-publish","4":"has-post-thumbnail","6":"product_cat-vetom-probiotikumok","8":"first","9":"instock","10":"featured","11":"taxable","12":"shipping-taxable","13":"purchasable","14":"product-type-simple"},"_links":{"self":[{"href":"https:\/\/vetomshop.hu\/pt\/wp-json\/wp\/v2\/product\/453","targetHints":{"allow":["GET"]}}],"collection":[{"href":"https:\/\/vetomshop.hu\/pt\/wp-json\/wp\/v2\/product"}],"about":[{"href":"https:\/\/vetomshop.hu\/pt\/wp-json\/wp\/v2\/types\/product"}],"replies":[{"embeddable":true,"href":"https:\/\/vetomshop.hu\/pt\/wp-json\/wp\/v2\/comments?post=453"}],"wp:featuredmedia":[{"embeddable":true,"href":"https:\/\/vetomshop.hu\/pt\/wp-json\/wp\/v2\/media\/6613"}],"wp:attachment":[{"href":"https:\/\/vetomshop.hu\/pt\/wp-json\/wp\/v2\/media?parent=453"}],"wp:term":[{"taxonomy":"product_brand","embeddable":true,"href":"https:\/\/vetomshop.hu\/pt\/wp-json\/wp\/v2\/product_brand?post=453"},{"taxonomy":"product_cat","embeddable":true,"href":"https:\/\/vetomshop.hu\/pt\/wp-json\/wp\/v2\/product_cat?post=453"},{"taxonomy":"product_tag","embeddable":true,"href":"https:\/\/vetomshop.hu\/pt\/wp-json\/wp\/v2\/product_tag?post=453"}],"curies":[{"name":"wp","href":"https:\/\/api.w.org\/{rel}","templated":true}]}}