{"id":4664,"date":"2023-11-11T14:33:45","date_gmt":"2023-11-11T13:33:45","guid":{"rendered":"https:\/\/vetomshop.hu\/termek\/aphrodita-medal\/"},"modified":"2023-11-11T14:33:45","modified_gmt":"2023-11-11T13:33:45","slug":"aphrodita-medal","status":"publish","type":"product","link":"https:\/\/vetomshop.hu\/pt\/produto\/aphrodita-medal\/","title":{"rendered":"Pingente Aphrodite"},"content":{"rendered":"<p><strong>Pingente Aphrodite<\/strong><\/p>\n<p>Gra\u00e7as \u00e0 tecnologia BioTrEM, agora \u00e9 poss\u00edvel criar um padr\u00e3o espectral de natureza espec\u00edfica em um cristal especial. Quando quanta de energia arbitr\u00e1ria - at\u00e9 mesmo calor - entra em contato com a superf\u00edcie do cristal, o gerador emite sinais extremamente fracos do padr\u00e3o espectral gravado nele.<br \/>\nEnquanto isso, a radia\u00e7\u00e3o eletromagn\u00e9tica do pingente interage com o organismo vivo.<\/p>\n<div class=\"su-spoiler su-spoiler-style-defoult su-spoiler-icon-caret su-spoiler-closed\" data-scroll-offset=\"0\" data-anchor-in-url=\"no\"><div class=\"su-spoiler-title\" tabindex=\"0\" role=\"button\"><span class=\"su-spoiler-icon\"><\/span>Todos<\/div><div class=\"su-spoiler-content su-u-clearfix su-u-trim\">\n<p>Os sinais extremamente fracos do pingente APHRODITE estimulam a s\u00edntese de ferom\u00f4nios femininos, as gl\u00e2ndulas especiais do corpo feminino produzem mais intensamente ferom\u00f4nios, androstenol e copulina. Quanto mais ferom\u00f4nios forem produzidos em uma mulher, mais sexualmente atraente ela ser\u00e1 para os homens. O androstenol estimula a comunica\u00e7\u00e3o e faz com que os outros vejam voc\u00ea como mais jovem.<\/p>\n<p>A copulina \u00e9 um horm\u00f4nio feminino respons\u00e1vel pela atratividade sexual.<\/p>\n<p>Ao usar o pingente APHRODITE, a produ\u00e7\u00e3o de ferom\u00f4nios femininos (androstenol e copulina) \u00e9 aumentada, o que, por sua vez, aumenta a produ\u00e7\u00e3o de ferom\u00f4nios:<\/p>\n<ul>\n<li>atrair a aten\u00e7\u00e3o dos homens,<\/li>\n<li>despertar simpatia,<\/li>\n<li>mais f\u00e1cil de conhecer,<\/li>\n<li>obter maior sucesso nos neg\u00f3cios, ganhar mais confian\u00e7a,<\/li>\n<li>eles criam para seu parceiro \u201ea \u00fanica e irresist\u00edvel pessoa\u201d.<\/li>\n<\/ul>\n<p>O androstenol acelera o desenvolvimento da simpatia, desperta um senso de amizade no interlocutor, cria sentimentos rom\u00e2nticos, cria uma aura de juventude e entusiasmo, n\u00e3o importa a sua idade!<\/p>\n<\/div><\/div>","protected":false},"excerpt":{"rendered":"<p>Aphrodita med\u00e1l A BioTrEM-technol\u00f3gi\u00e1nak k\u00f6sz\u00f6nhet\u0151en lehets\u00e9gess\u00e9 v\u00e1lt l\u00e9trehozni a speci\u00e1lis krist\u00e1lyon egy adott term\u00e9szet\u0171 spektr\u00e1lis mint\u00e1t. Amikor tetsz\u0151leges energiakvantumok \u2013 ak\u00e1r h\u0151 &#8211; \u00e9rintkezik a krist\u00e1ly fel\u00fclet\u00e9vel, a gener\u00e1tor a rajta r\u00f6gz\u00edtett spektr\u00e1lis minta extr\u00e9m gyenge jeleit bocs\u00e1jtja ki. Ek\u00f6zben a med\u00e1l elektrom\u00e1gneses sug\u00e1rz\u00e1sa k\u00f6lcs\u00f6nhat\u00e1sba ker\u00fcl az \u00e9l\u0151 szervezettel.<\/p>","protected":false},"featured_media":4663,"comment_status":"open","ping_status":"closed","template":"","meta":[],"product_brand":[],"product_cat":[33,32],"product_tag":[],"class_list":{"0":"post-4664","1":"product","2":"type-product","3":"status-publish","4":"has-post-thumbnail","6":"product_cat-egeszseg-medalok","7":"product_cat-triomed","9":"first","10":"instock","11":"taxable","12":"shipping-taxable","13":"purchasable","14":"product-type-simple"},"_links":{"self":[{"href":"https:\/\/vetomshop.hu\/pt\/wp-json\/wp\/v2\/product\/4664","targetHints":{"allow":["GET"]}}],"collection":[{"href":"https:\/\/vetomshop.hu\/pt\/wp-json\/wp\/v2\/product"}],"about":[{"href":"https:\/\/vetomshop.hu\/pt\/wp-json\/wp\/v2\/types\/product"}],"replies":[{"embeddable":true,"href":"https:\/\/vetomshop.hu\/pt\/wp-json\/wp\/v2\/comments?post=4664"}],"wp:featuredmedia":[{"embeddable":true,"href":"https:\/\/vetomshop.hu\/pt\/wp-json\/wp\/v2\/media\/4663"}],"wp:attachment":[{"href":"https:\/\/vetomshop.hu\/pt\/wp-json\/wp\/v2\/media?parent=4664"}],"wp:term":[{"taxonomy":"product_brand","embeddable":true,"href":"https:\/\/vetomshop.hu\/pt\/wp-json\/wp\/v2\/product_brand?post=4664"},{"taxonomy":"product_cat","embeddable":true,"href":"https:\/\/vetomshop.hu\/pt\/wp-json\/wp\/v2\/product_cat?post=4664"},{"taxonomy":"product_tag","embeddable":true,"href":"https:\/\/vetomshop.hu\/pt\/wp-json\/wp\/v2\/product_tag?post=4664"}],"curies":[{"name":"wp","href":"https:\/\/api.w.org\/{rel}","templated":true}]}}