{"id":4666,"date":"2023-11-11T14:33:45","date_gmt":"2023-11-11T13:33:45","guid":{"rendered":"https:\/\/vetomshop.hu\/termek\/alfa-medal\/"},"modified":"2023-11-11T14:33:45","modified_gmt":"2023-11-11T13:33:45","slug":"alfa-medal","status":"publish","type":"product","link":"https:\/\/vetomshop.hu\/pt\/produto\/alfa-medal\/","title":{"rendered":"Medalha Alfa"},"content":{"rendered":"<h4>Medalha de Sa\u00fade ALFA<\/h4>\n<p><strong>Principais fun\u00e7\u00f5es:<\/strong><\/p>\n<p>\u00c9 uma ferramenta complementar para normalizar o funcionamento da esfera ps\u00edquica e emocional, melhora o humor, a motiva\u00e7\u00e3o e a capacidade de a\u00e7\u00e3o, reduz os efeitos adversos do estresse ps\u00edquico e emocional.<\/p>\n<p><strong>Breve descri\u00e7\u00e3o:<\/strong><\/p>\n<p>O sinal de informa\u00e7\u00e3o registrado no ALFA Health Medallion corresponde \u00e0 vibra\u00e7\u00e3o eletromagn\u00e9tica do centro que regula as esferas ps\u00edquica e emocional.<br \/>\n\u00c9 bem sabido que o estado emocional de uma pessoa, que depende de v\u00e1rios fatores externos e internos, \u00e9 regulado pelo sistema nervoso central.<\/p>\n<div class=\"su-spoiler su-spoiler-style-defoult su-spoiler-icon-caret su-spoiler-closed\" data-scroll-offset=\"0\" data-anchor-in-url=\"no\"><div class=\"su-spoiler-title\" tabindex=\"0\" role=\"button\"><span class=\"su-spoiler-icon\"><\/span>Todos<\/div><div class=\"su-spoiler-content su-u-clearfix su-u-trim\">\nOs primeiros sinais de estresse incluem tens\u00e3o emocional, medos, ansiedade, agita\u00e7\u00e3o e aumento da irritabilidade. Isso pode levar a dist\u00farbios do sono, resultando em fadiga, mau humor geral e fun\u00e7\u00f5es cognitivas prejudicadas (mem\u00f3ria, aten\u00e7\u00e3o, pensamento).<\/p>\n<p>Os dist\u00farbios psicol\u00f3gicos e emocionais prolongados t\u00eam um impacto negativo sobre a condi\u00e7\u00e3o geral e a reatividade do corpo. As pessoas que sofrem de estresse psicol\u00f3gico e emocional cr\u00f4nico t\u00eam maior probabilidade de contrair resfriados, reca\u00eddas de doen\u00e7as cr\u00f4nicas preexistentes (doen\u00e7a card\u00edaca isqu\u00eamica, doen\u00e7as pancre\u00e1ticas, cistite, pielonefrite, adnexite, prostatite etc.).<\/p>\n<p>Os fatores de estresse s\u00e3o a causa de doen\u00e7as psicossom\u00e1ticas cl\u00e1ssicas, como hipertens\u00e3o, asma br\u00f4nquica, \u00falceras g\u00e1stricas, \u00falceras duodenais, doen\u00e7as al\u00e9rgicas da pele (eczema, neurodermatite) e outras, incluindo defici\u00eancia visual e auditiva.<\/p>\n<p><strong>Quando usar a Medalha de Sa\u00fade ALFA?<\/strong><\/p>\n<p>O dispositivo tem um efeito positivo sobre o funcionamento funcional do corpo. Ele pode ser usado como um dispositivo otimizador e corretivo em combina\u00e7\u00e3o com outros m\u00e9todos para prevenir e tratar doen\u00e7as:<\/p>\n<ul>\n<li>agita\u00e7\u00e3o, neurastenia, problemas de adapta\u00e7\u00e3o, acompanhados de um estado emocional desarm\u00f4nico,<\/li>\n<li>um dist\u00farbio funcional do sistema nervoso, acompanhado de fadiga mental, irritabilidade, lentid\u00e3o e perda da qualidade do pensamento,<\/li>\n<li>ins\u00f4nia causada por ataques de p\u00e2nico,<\/li>\n<li>nas fases inicial e de reca\u00edda de doen\u00e7as psicossom\u00e1ticas (asma br\u00f4nquica, s\u00edndrome do intestino sens\u00edvel - SII, doen\u00e7a card\u00edaca isqu\u00eamica, hipertens\u00e3o, doen\u00e7as de pele e outras),<\/li>\n<li>sintomas de estresse psicol\u00f3gico e emocional cr\u00f4nico.<\/li>\n<\/ul>\n<p>Aten\u00e7\u00e3o, importante!<\/p>\n<p>Consulte um m\u00e9dico em caso de perda acentuada de humor, instabilidade emocional e irritabilidade, ins\u00f4nia persistente que n\u00e3o desaparece. Al\u00e9m do tratamento prescrito, use o ALFA Health Pendant em paralelo para fortalecer a efic\u00e1cia do tratamento e as habilidades de reabilita\u00e7\u00e3o do corpo.<br \/>\n<\/div><\/div>","protected":false},"excerpt":{"rendered":"<p>ALFA Eg\u00e9szs\u00e9g Med\u00e1l F\u0151 funkci\u00f3i: Kieg\u00e9sz\u00edt\u0151 eszk\u00f6z a pszich\u00e9s \u00e9s \u00e9rzelmi szf\u00e9ra m\u0171k\u00f6d\u00e9s\u00e9nek normaliz\u00e1l\u00e1s\u00e1ra, hangulatjav\u00edt\u00f3, motiv\u00e1ci\u00f3 \u00e9s cselekv\u0151k\u00e9pess\u00e9g n\u00f6vel\u0151, cs\u00f6kkenti a pszich\u00e9s \u00e9s \u00e9rzelmi stressz \u00e1ldatlan hat\u00e1sait. R\u00f6vid ismertet\u0151: Az inform\u00e1ci\u00f3s jel, mely az ALFA Eg\u00e9szs\u00e9g Med\u00e1lra r\u00f6gz\u00edt\u00e9sre ker\u00fclt, megfelel a pszich\u00e9s \u00e9s \u00e9rzelmi szf\u00e9r\u00e1kat szab\u00e1lyoz\u00f3 k\u00f6zpont elektrom\u00e1gneses rezg\u00e9s\u00e9nek. K\u00f6ztudott, hogy az ember \u00e9rzelmi \u00e1llapota, [&hellip;]<\/p>\n","protected":false},"featured_media":4665,"comment_status":"open","ping_status":"closed","template":"","meta":[],"product_brand":[],"product_cat":[33,32],"product_tag":[],"class_list":{"0":"post-4666","1":"product","2":"type-product","3":"status-publish","4":"has-post-thumbnail","6":"product_cat-egeszseg-medalok","7":"product_cat-triomed","9":"first","10":"instock","11":"taxable","12":"shipping-taxable","13":"purchasable","14":"product-type-simple"},"_links":{"self":[{"href":"https:\/\/vetomshop.hu\/pt\/wp-json\/wp\/v2\/product\/4666","targetHints":{"allow":["GET"]}}],"collection":[{"href":"https:\/\/vetomshop.hu\/pt\/wp-json\/wp\/v2\/product"}],"about":[{"href":"https:\/\/vetomshop.hu\/pt\/wp-json\/wp\/v2\/types\/product"}],"replies":[{"embeddable":true,"href":"https:\/\/vetomshop.hu\/pt\/wp-json\/wp\/v2\/comments?post=4666"}],"wp:featuredmedia":[{"embeddable":true,"href":"https:\/\/vetomshop.hu\/pt\/wp-json\/wp\/v2\/media\/4665"}],"wp:attachment":[{"href":"https:\/\/vetomshop.hu\/pt\/wp-json\/wp\/v2\/media?parent=4666"}],"wp:term":[{"taxonomy":"product_brand","embeddable":true,"href":"https:\/\/vetomshop.hu\/pt\/wp-json\/wp\/v2\/product_brand?post=4666"},{"taxonomy":"product_cat","embeddable":true,"href":"https:\/\/vetomshop.hu\/pt\/wp-json\/wp\/v2\/product_cat?post=4666"},{"taxonomy":"product_tag","embeddable":true,"href":"https:\/\/vetomshop.hu\/pt\/wp-json\/wp\/v2\/product_tag?post=4666"}],"curies":[{"name":"wp","href":"https:\/\/api.w.org\/{rel}","templated":true}]}}