{"id":4670,"date":"2023-11-11T14:33:46","date_gmt":"2023-11-11T13:33:46","guid":{"rendered":"https:\/\/vetomshop.hu\/termek\/antivir-medal\/"},"modified":"2023-11-11T14:33:46","modified_gmt":"2023-11-11T13:33:46","slug":"antivir-medal","status":"publish","type":"product","link":"https:\/\/vetomshop.hu\/pt\/produto\/antivir-medal\/","title":{"rendered":"Medalha Antivir"},"content":{"rendered":"<h4>Medalha Antivir<\/h4>\n<p>A gripe \u00e9 uma doen\u00e7a causada pelo v\u00edrus da gripe, que \u00e9 sempre causada por um tipo de v\u00edrus da gripe. Os v\u00edrus influenza A e B s\u00e3o os dois tipos de v\u00edrus influenza que podem deixar as pessoas doentes em grande n\u00famero. Os v\u00edrus A podem ser divididos em subtipos com base nas prote\u00ednas em sua superf\u00edcie (hemaglutinina - H e neuraminidase - N), dos quais os v\u00edrus H1N1 e H3N2 t\u00eam sido os mais comuns desde 1977. Os v\u00edrus B t\u00eam menor probabilidade de causar doen\u00e7a grave. Os v\u00edrus da influenza mudam e sofrem muta\u00e7\u00f5es rapidamente, dando origem a novos subtipos. A prote\u00e7\u00e3o contra um subtipo oferece pouca ou nenhuma prote\u00e7\u00e3o contra o outro, o que explica as epidemias sazonais que ocorrem todos os anos, geralmente no inverno.<\/p>\n<div class=\"su-spoiler su-spoiler-style-defoult su-spoiler-icon-caret su-spoiler-closed\" data-scroll-offset=\"0\" data-anchor-in-url=\"no\"><div class=\"su-spoiler-title\" tabindex=\"0\" role=\"button\"><span class=\"su-spoiler-icon\"><\/span>Todos<\/div><div class=\"su-spoiler-content su-u-clearfix su-u-trim\">\n<p>Os sintomas da gripe s\u00e3o muito parecidos com os do resfriado comum, mas a doen\u00e7a \u00e9 mais grave. Geralmente est\u00e1 associada a febre alta, dor de cabe\u00e7a, dores musculares, tosse seca, letargia e fraqueza. A dor de garganta \u00e9 rara e apenas 30-50% casos apresentam coriza e congest\u00e3o nasal. As complica\u00e7\u00f5es s\u00e3o particularmente perigosas em crian\u00e7as pequenas, idosos e pessoas com doen\u00e7as cr\u00f4nicas.<\/p>\n<p>Por isso, \u00e9 importante aumentar a resist\u00eancia do corpo.<\/p>\n<p><strong>Para quem ele \u00e9 recomendado?<\/strong><\/p>\n<ul>\n<li>Para todos aqueles que desejam melhorar sua resili\u00eancia,<\/li>\n<li>que est\u00e3o no grupo de risco do v\u00edrus da gripe,<\/li>\n<li>que viajam muito pelo mundo ou usam o transporte p\u00fablico,<\/li>\n<li>eles est\u00e3o constantemente na comunidade, trabalhando com as pessoas.<\/li>\n<\/ul>\n<p><strong>Aten\u00e7\u00e3o, importante!<\/strong><\/p>\n<p>Se voc\u00ea tiver uma infec\u00e7\u00e3o pelo v\u00edrus da gripe, doen\u00e7a, febre ou se n\u00e3o se sentir bem, procure orienta\u00e7\u00e3o m\u00e9dica. Use o Triomed Antiviral Medal junto com o tratamento prescrito.<br \/>\nCrian\u00e7as com menos de 6 anos de idade s\u00f3 devem usar o produto sob a supervis\u00e3o dos pais!<\/p>\n<\/div><\/div>","protected":false},"excerpt":{"rendered":"<p>Antivir Med\u00e1l Az influenza v\u00edrus okozta betegs\u00e9g, k\u00f3rokoz\u00f3ja mindig az influenza v\u00edrus valamelyik fajt\u00e1ja. Az influenza A \u00e9s B az a k\u00e9t t\u00edpusa az influenza v\u00edrusoknak, amely nagysz\u00e1mbanbeteg\u00edthet meg embereket. Az A v\u00edrusokat a fel\u00fclet\u00fck\u00f6n elhelyezked\u0151 feh\u00e9rj\u00e9k (a haemaglutinin -H \u00e9s a neuraminidase \u2013 N) alapj\u00e1n alt\u00edpusokra lehet bontani, ezek k\u00f6z\u00fcl 1977 \u00f3ta t\u00f6bbnyire a [&hellip;]<\/p>\n","protected":false},"featured_media":4669,"comment_status":"open","ping_status":"closed","template":"","meta":[],"product_brand":[],"product_cat":[33,32],"product_tag":[],"class_list":{"0":"post-4670","1":"product","2":"type-product","3":"status-publish","4":"has-post-thumbnail","6":"product_cat-egeszseg-medalok","7":"product_cat-triomed","9":"first","10":"instock","11":"taxable","12":"shipping-taxable","13":"purchasable","14":"product-type-simple"},"_links":{"self":[{"href":"https:\/\/vetomshop.hu\/pt\/wp-json\/wp\/v2\/product\/4670","targetHints":{"allow":["GET"]}}],"collection":[{"href":"https:\/\/vetomshop.hu\/pt\/wp-json\/wp\/v2\/product"}],"about":[{"href":"https:\/\/vetomshop.hu\/pt\/wp-json\/wp\/v2\/types\/product"}],"replies":[{"embeddable":true,"href":"https:\/\/vetomshop.hu\/pt\/wp-json\/wp\/v2\/comments?post=4670"}],"wp:featuredmedia":[{"embeddable":true,"href":"https:\/\/vetomshop.hu\/pt\/wp-json\/wp\/v2\/media\/4669"}],"wp:attachment":[{"href":"https:\/\/vetomshop.hu\/pt\/wp-json\/wp\/v2\/media?parent=4670"}],"wp:term":[{"taxonomy":"product_brand","embeddable":true,"href":"https:\/\/vetomshop.hu\/pt\/wp-json\/wp\/v2\/product_brand?post=4670"},{"taxonomy":"product_cat","embeddable":true,"href":"https:\/\/vetomshop.hu\/pt\/wp-json\/wp\/v2\/product_cat?post=4670"},{"taxonomy":"product_tag","embeddable":true,"href":"https:\/\/vetomshop.hu\/pt\/wp-json\/wp\/v2\/product_tag?post=4670"}],"curies":[{"name":"wp","href":"https:\/\/api.w.org\/{rel}","templated":true}]}}