{"id":4672,"date":"2023-11-11T14:33:46","date_gmt":"2023-11-11T13:33:46","guid":{"rendered":"https:\/\/vetomshop.hu\/termek\/aqua-medal\/"},"modified":"2023-11-11T14:33:46","modified_gmt":"2023-11-11T13:33:46","slug":"aqua-medal","status":"publish","type":"product","link":"https:\/\/vetomshop.hu\/pt\/produto\/aqua-medal\/","title":{"rendered":"Medalha Aqu\u00e1tica"},"content":{"rendered":"<p><strong>Medalha Aqu\u00e1tica<\/strong> - A \u00e1gua vivificante \u00e9 vivificante, revigorante, sustenta e ativa a vida, restaurando a energia vital.<\/p>\n<p>Esse \u00e9 exatamente o objetivo do transportador de informa\u00e7\u00f5es aut\u00f4nomo AQUA -BioTrEM. Gra\u00e7as \u00e0 exclusiva tecnologia BioTrEM, o semicondutor do dispositivo cont\u00e9m informa\u00e7\u00f5es codificadas de natureza din\u00e2mica que permitem a obten\u00e7\u00e3o do efeito listado. Uma propriedade semelhante \u00e9 encontrada em recursos que, infelizmente, est\u00e3o se tornando cada vez mais raros na Terra e que, milagrosamente, preservam sua pureza.<\/p>\n<div class=\"su-spoiler su-spoiler-style-defoult su-spoiler-icon-caret su-spoiler-closed\" data-scroll-offset=\"0\" data-anchor-in-url=\"no\"><div class=\"su-spoiler-title\" tabindex=\"0\" role=\"button\"><span class=\"su-spoiler-icon\"><\/span>Todos<\/div><div class=\"su-spoiler-content su-u-clearfix su-u-trim\">\n<p>O desenvolvimento do dispositivo se tornou necess\u00e1rio devido \u00e0s mudan\u00e7as nas condi\u00e7\u00f5es de nosso tempo. Nos \u00faltimos anos, o setor de sa\u00fade tem se preocupado com o aumento da morbidade e da mortalidade, n\u00e3o apenas entre as crian\u00e7as e os idosos, mas tamb\u00e9m entre a popula\u00e7\u00e3o ativa. Infelizmente, estamos testemunhando um enfraquecimento do sistema imunol\u00f3gico e uma perda de energia vital, que \u00e9 essencial para o combate a doen\u00e7as e para a reabilita\u00e7\u00e3o. Em outras palavras, os programas necess\u00e1rios para a adapta\u00e7\u00e3o a um ambiente alterado e para a autorregenera\u00e7\u00e3o foram danificados ou reorganizados. As crescentes mudan\u00e7as cosmof\u00edsicas exigem uma r\u00e1pida regenera\u00e7\u00e3o e capacidade de recupera\u00e7\u00e3o dos programas gen\u00e9ticos de adapta\u00e7\u00e3o e autocura danificados. Caso contr\u00e1rio, a sobreviv\u00eancia do indiv\u00edduo, e at\u00e9 mesmo de toda a humanidade, pode estar em risco.<\/p>\n<p>\u00c1gua - o ber\u00e7o da vida, que h\u00e1 muito tempo preserva a matriz prim\u00e1ria da vida e a orienta\u00e7\u00e3o de suas varia\u00e7\u00f5es em resposta \u00e0s influ\u00eancias ambientais. A \u00e1gua se adapta e se transforma mais rapidamente em resposta aos impactos e \u00e0s demandas ambientais do que os organismos biol\u00f3gicos, o ambiente biol\u00f3gico. O envelope de \u00e1gua da Terra sempre preservou os programas autorregenerativos originais e seu potencial de realiza\u00e7\u00e3o, que interagiram com o meio aquoso dos organismos para se tornarem operacionais. Ao mesmo tempo, os ecologistas observaram que as propriedades estruturais e informacionais das \u00e1guas naturais que alimentavam o envelope h\u00eddrico da Terra foram comprometidas. Esse dano n\u00e3o se deveu apenas a mudan\u00e7as cosmof\u00edsicas, mas tamb\u00e9m \u00e0s a\u00e7\u00f5es destrutivas da esp\u00e9cie humana. \u00c9 isso que est\u00e1 impedindo a ocorr\u00eancia de mudan\u00e7as evolutivas vitais e a continua\u00e7\u00e3o da vida na Terra.<\/p>\n<p>O complexo campo multiplano do transportador de informa\u00e7\u00f5es AQUA foi projetado como refer\u00eancia para se adaptar \u00e0s novas mudan\u00e7as de alta frequ\u00eancia no ambiente e acionar os programas necess\u00e1rios para a transi\u00e7\u00e3o atrav\u00e9s da \u00e1gua. O dispositivo estrutura o campo da \u00e1gua e a \u00e1gua, em resson\u00e2ncia com o meio aquoso do corpo (sangue, linfa, fluido intercelular, fluido nas c\u00e9lulas), estrutura-o \u201eem sua pr\u00f3pria imagem\u201d. Assim que a regularidade da \u00e1gua interna se eleva acima de 60%, o programa gen\u00e9tico de autorregenera\u00e7\u00e3o do corpo \u00e9 acionado.<br \/>\n<\/div><\/div>","protected":false},"excerpt":{"rendered":"<p>Aqua Med\u00e1l \u2013 az \u00e9letalkot\u00f3 v\u00edz \u00e9letet ad, \u00e9l\u00e9nk\u00edt, \u00e9letmeg\u00f3v\u00f3, valamint aktiv\u00e1l\u00f3, \u00e9letenergi\u00e1t vissza\u00e1ll\u00edt\u00f3 hat\u00e1ssal b\u00edr. \u00c9ppen ezt a c\u00e9lt szolg\u00e1lja az AQUA \u2013BioTrEM \u00f6n\u00e1ll\u00f3 inform\u00e1ci\u00f3hordoz\u00f3 alkalmaz\u00e1sa. Az exkluz\u00edv BioTrEM-technol\u00f3gi\u00e1nak k\u00f6sz\u00f6nhet\u0151en a k\u00e9sz\u00fcl\u00e9k f\u00e9lvezet\u0151je olyan k\u00f3dolt inform\u00e1ci\u00f3t tartalmaz, mely dinamikus term\u00e9szettel b\u00edr \u00e9s seg\u00edts\u00e9g\u00e9vel a felsorolt hat\u00e1s el\u00e9rhet\u0151v\u00e9 v\u00e1lik. Hasonl\u00f3 tulajdons\u00e1ggal rendelkeznek a F\u00f6ld\u00f6n sajnos [&hellip;]<\/p>\n","protected":false},"featured_media":4671,"comment_status":"open","ping_status":"closed","template":"","meta":[],"product_brand":[],"product_cat":[33,32],"product_tag":[],"class_list":{"0":"post-4672","1":"product","2":"type-product","3":"status-publish","4":"has-post-thumbnail","6":"product_cat-egeszseg-medalok","7":"product_cat-triomed","9":"first","10":"instock","11":"taxable","12":"shipping-taxable","13":"purchasable","14":"product-type-simple"},"_links":{"self":[{"href":"https:\/\/vetomshop.hu\/pt\/wp-json\/wp\/v2\/product\/4672","targetHints":{"allow":["GET"]}}],"collection":[{"href":"https:\/\/vetomshop.hu\/pt\/wp-json\/wp\/v2\/product"}],"about":[{"href":"https:\/\/vetomshop.hu\/pt\/wp-json\/wp\/v2\/types\/product"}],"replies":[{"embeddable":true,"href":"https:\/\/vetomshop.hu\/pt\/wp-json\/wp\/v2\/comments?post=4672"}],"wp:featuredmedia":[{"embeddable":true,"href":"https:\/\/vetomshop.hu\/pt\/wp-json\/wp\/v2\/media\/4671"}],"wp:attachment":[{"href":"https:\/\/vetomshop.hu\/pt\/wp-json\/wp\/v2\/media?parent=4672"}],"wp:term":[{"taxonomy":"product_brand","embeddable":true,"href":"https:\/\/vetomshop.hu\/pt\/wp-json\/wp\/v2\/product_brand?post=4672"},{"taxonomy":"product_cat","embeddable":true,"href":"https:\/\/vetomshop.hu\/pt\/wp-json\/wp\/v2\/product_cat?post=4672"},{"taxonomy":"product_tag","embeddable":true,"href":"https:\/\/vetomshop.hu\/pt\/wp-json\/wp\/v2\/product_tag?post=4672"}],"curies":[{"name":"wp","href":"https:\/\/api.w.org\/{rel}","templated":true}]}}