{"id":4674,"date":"2023-11-11T14:33:46","date_gmt":"2023-11-11T13:33:46","guid":{"rendered":"https:\/\/vetomshop.hu\/termek\/artro-medal\/"},"modified":"2026-03-30T09:26:16","modified_gmt":"2026-03-30T07:26:16","slug":"artro-medal","status":"publish","type":"product","link":"https:\/\/vetomshop.hu\/pt\/produto\/artro-medal\/","title":{"rendered":"Pingente Artro"},"content":{"rendered":"<p>O pingente de sa\u00fade \u00abARTRO\u00bb \u00e9 um dispositivo para o ajuste fino biof\u00edsico de processos anti-inflamat\u00f3rios, imunomoduladores, regenerativos e restauradores nos tecidos do sistema de \u00f3rg\u00e3os de apoio e movimento.<\/p>\n<p><strong>Objetivo.<\/strong> Um aux\u00edlio para melhorar a condi\u00e7\u00e3o do sistema de \u00f3rg\u00e3os de apoio e movimento, ativando processos restauradores.<\/p>\n<div class=\"su-spoiler su-spoiler-style-defoult su-spoiler-icon-caret su-spoiler-closed\" data-scroll-offset=\"0\" data-anchor-in-url=\"no\"><div class=\"su-spoiler-title\" tabindex=\"0\" role=\"button\"><span class=\"su-spoiler-icon\"><\/span>Todos<\/div><div class=\"su-spoiler-content su-u-clearfix su-u-trim\">\n<strong>Efeitos:<\/strong><\/p>\n<ul>\n<li>normaliza a circula\u00e7\u00e3o sangu\u00ednea, o estado imunol\u00f3gico e os processos metab\u00f3licos no sistema locomotor, prevenindo o desenvolvimento de doen\u00e7as;<\/li>\n<li>ajuda a melhorar as fun\u00e7\u00f5es do sistema de \u00f3rg\u00e3os de apoio e movimento;<\/li>\n<li>reduz a inflama\u00e7\u00e3o e a congest\u00e3o no sistema musculoesquel\u00e9tico;<\/li>\n<li>ajuda a acelerar os processos de regenera\u00e7\u00e3o e reconstru\u00e7\u00e3o dos tecidos do sistema de \u00f3rg\u00e3os de apoio e mobilidade;<\/li>\n<li>ajuda a eliminar a inflama\u00e7\u00e3o nas articula\u00e7\u00f5es, membranas e bolsas articulares e m\u00fasculos;<\/li>\n<li>ajuda a prevenir ou compensar a deforma\u00e7\u00e3o ou atrofia dos ossos e do complexo m\u00fasculo-articular.<\/li>\n<\/ul>\n<\/div><\/div>","protected":false},"excerpt":{"rendered":"<p>Az \u00abARTRO\u00bb eg\u00e9szs\u00e9g med\u00e1l a t\u00e1maszt\u00e1s \u00e9s mozgat\u00e1s szervrendszer sz\u00f6veteiben l\u00e9v\u0151 gyullad\u00e1selleni, immunmodul\u00e1l\u00f3, regener\u00e1l\u00f3 \u00e9s helyre\u00e1ll\u00edt\u00f3 folyamatok biofizikai finomhangol\u00e1s\u00e1ra szolg\u00e1l\u00f3 eszk\u00f6z. Rendeltet\u00e9se. A t\u00e1maszt\u00e1s \u00e9s mozgat\u00e1s szervrendszer \u00e1llapot\u00e1nak jav\u00edt\u00e1s\u00e1ra, a helyre\u00e1ll\u00edt\u00f3 folyamatok aktiviz\u00e1l\u00e1s\u00e1ra szolg\u00e1l\u00f3 seg\u00e9deszk\u00f6z.<\/p>","protected":false},"featured_media":4673,"comment_status":"open","ping_status":"closed","template":"","meta":[],"product_brand":[],"product_cat":[33,32],"product_tag":[],"class_list":{"0":"post-4674","1":"product","2":"type-product","3":"status-publish","4":"has-post-thumbnail","6":"product_cat-egeszseg-medalok","7":"product_cat-triomed","9":"first","10":"instock","11":"taxable","12":"shipping-taxable","13":"purchasable","14":"product-type-simple"},"_links":{"self":[{"href":"https:\/\/vetomshop.hu\/pt\/wp-json\/wp\/v2\/product\/4674","targetHints":{"allow":["GET"]}}],"collection":[{"href":"https:\/\/vetomshop.hu\/pt\/wp-json\/wp\/v2\/product"}],"about":[{"href":"https:\/\/vetomshop.hu\/pt\/wp-json\/wp\/v2\/types\/product"}],"replies":[{"embeddable":true,"href":"https:\/\/vetomshop.hu\/pt\/wp-json\/wp\/v2\/comments?post=4674"}],"wp:featuredmedia":[{"embeddable":true,"href":"https:\/\/vetomshop.hu\/pt\/wp-json\/wp\/v2\/media\/4673"}],"wp:attachment":[{"href":"https:\/\/vetomshop.hu\/pt\/wp-json\/wp\/v2\/media?parent=4674"}],"wp:term":[{"taxonomy":"product_brand","embeddable":true,"href":"https:\/\/vetomshop.hu\/pt\/wp-json\/wp\/v2\/product_brand?post=4674"},{"taxonomy":"product_cat","embeddable":true,"href":"https:\/\/vetomshop.hu\/pt\/wp-json\/wp\/v2\/product_cat?post=4674"},{"taxonomy":"product_tag","embeddable":true,"href":"https:\/\/vetomshop.hu\/pt\/wp-json\/wp\/v2\/product_tag?post=4674"}],"curies":[{"name":"wp","href":"https:\/\/api.w.org\/{rel}","templated":true}]}}