{"id":4676,"date":"2023-11-11T14:33:47","date_gmt":"2023-11-11T13:33:47","guid":{"rendered":"https:\/\/vetomshop.hu\/termek\/beauty-medal\/"},"modified":"2023-11-11T14:33:47","modified_gmt":"2023-11-11T13:33:47","slug":"beauty-medal","status":"publish","type":"product","link":"https:\/\/vetomshop.hu\/pt\/produto\/beauty-medal\/","title":{"rendered":"Pingente de beleza"},"content":{"rendered":"<h4>Pingente de beleza<\/h4>\n<p>Gra\u00e7as \u00e0 tecnologia BioTrEM, agora \u00e9 poss\u00edvel criar um padr\u00e3o espectral de natureza espec\u00edfica em um cristal especial. Quando quanta de energia arbitr\u00e1ria - at\u00e9 mesmo calor - entra em contato com a superf\u00edcie do cristal, o gerador emite sinais extremamente fracos do padr\u00e3o espectral gravado nele. Enquanto isso, a radia\u00e7\u00e3o eletromagn\u00e9tica do pingente interage com o organismo vivo.<\/p>\n<p>O principal objetivo da Medalha \u201eBEAUTY\u201d \u00e9 restaurar os processos fisiol\u00f3gicos normais nas c\u00e9lulas e nos tecidos da pele, aumentando a resist\u00eancia a fatores ambientais adversos.<\/p>\n<p>Essa ferramenta tem um efeito positivo na pele do rosto e do corpo, nos cabelos e nas unhas.<\/p>\n<div class=\"su-spoiler su-spoiler-style-defoult su-spoiler-icon-caret su-spoiler-closed\" data-scroll-offset=\"0\" data-anchor-in-url=\"no\"><div class=\"su-spoiler-title\" tabindex=\"0\" role=\"button\"><span class=\"su-spoiler-icon\"><\/span>Todos<\/div><div class=\"su-spoiler-content su-u-clearfix su-u-trim\">\nEfeitos:<\/p>\n<ul>\n<li>Ele ajuda a restaurar o metabolismo intracelular danificado da pele.<\/li>\n<li>Ele estimula a produ\u00e7\u00e3o natural de col\u00e1geno e elastina.<\/li>\n<li>Evita o enfraquecimento dos tecidos da pele.<\/li>\n<li>Melhora a microcircula\u00e7\u00e3o e a elasticidade da pele.<\/li>\n<li>Refina e fortalece o tecido da pele.<\/li>\n<li>Retarda o envelhecimento e rejuvenesce a pele.<\/li>\n<li>Melhora a apar\u00eancia e o tom da pele.<\/li>\n<li>Ajuda a fortalecer os cabelos e as unhas.<\/li>\n<\/ul>\n<\/div><\/div>","protected":false},"excerpt":{"rendered":"<p>Beauty Med\u00e1l A BioTrEM-technol\u00f3gi\u00e1nak k\u00f6sz\u00f6nhet\u0151en lehets\u00e9gess\u00e9 v\u00e1lt l\u00e9trehozni a speci\u00e1lis krist\u00e1lyon egy adott term\u00e9szet\u0171 spektr\u00e1lis mint\u00e1t. Amikor tetsz\u0151leges energiakvantumok \u2013 ak\u00e1r h\u0151 &#8211; \u00e9rintkezik a krist\u00e1ly fel\u00fclet\u00e9vel, a gener\u00e1tor a rajta r\u00f6gz\u00edtett spektr\u00e1lis minta extr\u00e9m gyenge jeleit bocs\u00e1jtja ki. Ek\u00f6zben a med\u00e1l elektrom\u00e1gneses sug\u00e1rz\u00e1sa k\u00f6lcs\u00f6nhat\u00e1sba ker\u00fcl az \u00e9l\u0151 szervezettel. A &#8222;BEAUTY&#8221; Med\u00e1l f\u0151 c\u00e9lja a [&hellip;]<\/p>\n","protected":false},"featured_media":4675,"comment_status":"open","ping_status":"closed","template":"","meta":[],"product_brand":[],"product_cat":[33,32],"product_tag":[],"class_list":{"0":"post-4676","1":"product","2":"type-product","3":"status-publish","4":"has-post-thumbnail","6":"product_cat-egeszseg-medalok","7":"product_cat-triomed","9":"first","10":"instock","11":"taxable","12":"shipping-taxable","13":"purchasable","14":"product-type-simple"},"_links":{"self":[{"href":"https:\/\/vetomshop.hu\/pt\/wp-json\/wp\/v2\/product\/4676","targetHints":{"allow":["GET"]}}],"collection":[{"href":"https:\/\/vetomshop.hu\/pt\/wp-json\/wp\/v2\/product"}],"about":[{"href":"https:\/\/vetomshop.hu\/pt\/wp-json\/wp\/v2\/types\/product"}],"replies":[{"embeddable":true,"href":"https:\/\/vetomshop.hu\/pt\/wp-json\/wp\/v2\/comments?post=4676"}],"wp:featuredmedia":[{"embeddable":true,"href":"https:\/\/vetomshop.hu\/pt\/wp-json\/wp\/v2\/media\/4675"}],"wp:attachment":[{"href":"https:\/\/vetomshop.hu\/pt\/wp-json\/wp\/v2\/media?parent=4676"}],"wp:term":[{"taxonomy":"product_brand","embeddable":true,"href":"https:\/\/vetomshop.hu\/pt\/wp-json\/wp\/v2\/product_brand?post=4676"},{"taxonomy":"product_cat","embeddable":true,"href":"https:\/\/vetomshop.hu\/pt\/wp-json\/wp\/v2\/product_cat?post=4676"},{"taxonomy":"product_tag","embeddable":true,"href":"https:\/\/vetomshop.hu\/pt\/wp-json\/wp\/v2\/product_tag?post=4676"}],"curies":[{"name":"wp","href":"https:\/\/api.w.org\/{rel}","templated":true}]}}