{"id":4680,"date":"2023-11-11T14:33:48","date_gmt":"2023-11-11T13:33:48","guid":{"rendered":"https:\/\/vetomshop.hu\/termek\/csontero-medal\/"},"modified":"2023-11-11T14:33:48","modified_gmt":"2023-11-11T13:33:48","slug":"csontero-medal","status":"publish","type":"product","link":"https:\/\/vetomshop.hu\/pt\/produto\/csontero-medal\/","title":{"rendered":"Pingente Bone Power"},"content":{"rendered":"<h4>Medalha de sa\u00fade de energia \u00f3ssea<\/h4>\n<p><strong>Fun\u00e7\u00e3o principal:<\/strong><\/p>\n<p>Ap\u00f3ia a melhoria da condi\u00e7\u00e3o dos tecidos do sistema esquel\u00e9tico.<\/p>\n<p>Para que pode ser usado o Bone Power Health Pendant?<\/p>\n<p>O Bone Tar apoia a ativa\u00e7\u00e3o do sistema de defesa do corpo, o funcionamento normal dos processos fisiol\u00f3gicos do sistema musculoesquel\u00e9tico e pode ajudar a proteger o corpo contra os efeitos de v\u00e1rios fatores negativos:<\/p>\n<div class=\"su-spoiler su-spoiler-style-defoult su-spoiler-icon-caret su-spoiler-closed\" data-scroll-offset=\"0\" data-anchor-in-url=\"no\"><div class=\"su-spoiler-title\" tabindex=\"0\" role=\"button\"><span class=\"su-spoiler-icon\"><\/span>Todos<\/div><div class=\"su-spoiler-content su-u-clearfix su-u-trim\">\n<ul>\n<li>ap\u00f3ia suavemente a a\u00e7\u00e3o dos analg\u00e9sicos,<br \/>\nauxilia na redu\u00e7\u00e3o do incha\u00e7o e do edema nos tecidos,<\/li>\n<li>ap\u00f3ia a normaliza\u00e7\u00e3o dos processos que nutrem os tecidos do sistema esquel\u00e9tico e muscular,<\/li>\n<li>auxilia na neutraliza\u00e7\u00e3o e na remo\u00e7\u00e3o de subst\u00e2ncias t\u00f3xicas dos tecidos do sistema esquel\u00e9tico e muscular,<\/li>\n<li>ap\u00f3ia a regenera\u00e7\u00e3o dos tecidos esquel\u00e9ticos.<\/li>\n<\/div><\/div>\n<\/ul>","protected":false},"excerpt":{"rendered":"<p>Csonter\u0151 Eg\u00e9szs\u00e9g Med\u00e1l F\u0151 funkci\u00f3ja: T\u00e1mogatja a v\u00e1zrendszer sz\u00f6vetei \u00e1llapot\u00e1nak jav\u00edt\u00e1s\u00e1t. Mire alkalmazhat\u00f3 a Csonter\u0151 Eg\u00e9szs\u00e9g Med\u00e1l? A Csonter\u0151 t\u00e1mogatja a szervezet v\u00e9dekez\u0151 rendszer\u00e9nek aktiv\u00e1l\u00e1s\u00e1t, a v\u00e1z- \u00e9s izomrendszer norm\u00e1lisan m\u0171k\u00f6d\u0151 fiziol\u00f3giai folyamatait, seg\u00edthet megv\u00e9deni a szervezetet a k\u00fcl\u00f6nb\u00f6z\u0151 negat\u00edv t\u00e9nyez\u0151k hat\u00e1sai ellen:<\/p>","protected":false},"featured_media":4679,"comment_status":"open","ping_status":"closed","template":"","meta":[],"product_brand":[],"product_cat":[33,32],"product_tag":[],"class_list":{"0":"post-4680","1":"product","2":"type-product","3":"status-publish","4":"has-post-thumbnail","6":"product_cat-egeszseg-medalok","7":"product_cat-triomed","9":"first","10":"instock","11":"taxable","12":"shipping-taxable","13":"purchasable","14":"product-type-simple"},"_links":{"self":[{"href":"https:\/\/vetomshop.hu\/pt\/wp-json\/wp\/v2\/product\/4680","targetHints":{"allow":["GET"]}}],"collection":[{"href":"https:\/\/vetomshop.hu\/pt\/wp-json\/wp\/v2\/product"}],"about":[{"href":"https:\/\/vetomshop.hu\/pt\/wp-json\/wp\/v2\/types\/product"}],"replies":[{"embeddable":true,"href":"https:\/\/vetomshop.hu\/pt\/wp-json\/wp\/v2\/comments?post=4680"}],"wp:featuredmedia":[{"embeddable":true,"href":"https:\/\/vetomshop.hu\/pt\/wp-json\/wp\/v2\/media\/4679"}],"wp:attachment":[{"href":"https:\/\/vetomshop.hu\/pt\/wp-json\/wp\/v2\/media?parent=4680"}],"wp:term":[{"taxonomy":"product_brand","embeddable":true,"href":"https:\/\/vetomshop.hu\/pt\/wp-json\/wp\/v2\/product_brand?post=4680"},{"taxonomy":"product_cat","embeddable":true,"href":"https:\/\/vetomshop.hu\/pt\/wp-json\/wp\/v2\/product_cat?post=4680"},{"taxonomy":"product_tag","embeddable":true,"href":"https:\/\/vetomshop.hu\/pt\/wp-json\/wp\/v2\/product_tag?post=4680"}],"curies":[{"name":"wp","href":"https:\/\/api.w.org\/{rel}","templated":true}]}}